{"id":18762,"date":"2026-04-14T20:27:51","date_gmt":"2026-04-14T18:27:51","guid":{"rendered":"https:\/\/wsparcielaserowe.pl\/?post_type=product&#038;p=18762"},"modified":"2026-04-14T20:30:14","modified_gmt":"2026-04-14T18:30:14","slug":"stanowisko-do-spawania-laserowego","status":"publish","type":"product","link":"https:\/\/wsparcielaserowe.pl\/en\/product\/stanowisko-do-spawania-laserowego\/","title":{"rendered":"Stanowisko do spawania laserowego"},"content":{"rendered":"<p id=\"p-rc_002f3f3acf03c78e-37\" data-path-to-node=\"1\"><span data-path-to-node=\"1,13\"><span class=\"citation-258\">Ca\u0142o\u015b\u0107 jest osadzona w solidnych i stabilnych ramach aluminiowych<\/span><\/span><span data-path-to-node=\"1,15\">. <\/span><span data-path-to-node=\"1,17\"><span class=\"citation-257\">System zaprojektowali\u015bmy do bezpiecznej pracy z laserami o mocach wielu kilowat\u00f3w<\/span><\/span><span data-path-to-node=\"1,19\">. <\/span><strong><span class=\"citation-256\">Produkt spe\u0142nia wszystkie wymogi dla urz\u0105dze\u0144 laserowych klasy 4<\/span><\/strong><span data-path-to-node=\"1,23\">.<\/span><\/p>\n<p id=\"p-rc_002f3f3acf03c78e-38\" data-path-to-node=\"2\"><span data-path-to-node=\"2,1\"><span class=\"citation-255\">Jako baz\u0119 prezentujemy uk\u0142ad o wymiarach 4,6 m x 4,6 m<\/span><\/span><span data-path-to-node=\"2,3\">. <\/span><span data-path-to-node=\"2,5\"><span class=\"citation-254\">Zawiera on wygodne drzwi oraz jedno okna z certyfikowanym filtrem laserowym<\/span><\/span><span data-path-to-node=\"2,7\">. Prosz\u0119 pami\u0119ta\u0107, \u017ce <strong>jest to jedynie przyk\u0142adowy wymiar i konfiguracja stanowiska<\/strong>. Mo\u017cemy stworzy\u0107 indywidualny projekt idealnie dopasowany do Twoich potrzeb i hali.<br \/>\n<\/span><span data-path-to-node=\"2,9\"><span class=\"citation-253\">Materia\u0142 paneli jest antystatyczny, trudnopalny oraz odporny na korozj\u0119<\/span><\/span><span data-path-to-node=\"2,11\">. <\/span><\/p>\n<hr data-path-to-node=\"6\" \/>\n<p id=\"p-rc_002f3f3acf03c78e-39\" data-path-to-node=\"8\"><span data-path-to-node=\"8,1\"><span class=\"citation-249\">Wsparcie Laserowe to Tw\u00f3j zaufany partner w dostarczaniu certyfikowanych system\u00f3w bezpiecze\u0144stwa<\/span><\/span><span data-path-to-node=\"8,3\">. <\/span><span data-path-to-node=\"8,5\"><span class=\"citation-248\">Nasze bariery spe\u0142niaj\u0105 surowe normy europejskie oraz posiadaj\u0105 mi\u0119dzynarodowe uznanie CNAS<\/span><\/span><span data-path-to-node=\"8,7\">. Obs\u0142ugujemy du\u017ce fabryki oraz ma\u0142ych producent\u00f3w i rzemie\u015blnik\u00f3w. Ka\u017cdy projekt traktujemy priorytetowo i dopasowujemy do specyfiki danej bran\u017cy. <\/span><span data-path-to-node=\"8,13\"><span class=\"citation-246\">Wybieraj\u0105c nas, inwestujesz w produkt o wysokiej trwa\u0142o\u015bci i pe\u0142nej niezawodno\u015bci<\/span><\/span><span data-path-to-node=\"8,15\">. Dbamy o to, aby Twoi pracownicy czuli si\u0119 w pe\u0142ni bezpieczni. Oferujemy kompleksowe doradztwo techniczne na ka\u017cdym etapie planowania Twojego warsztatu. Rozumiemy dynamiczny rynek, dlatego stawiamy na modu\u0142owe rozwi\u0105zania u\u0142atwiaj\u0105ce rozw\u00f3j firmy.<\/span><\/p>\n<p data-path-to-node=\"9\">Jako liderzy bran\u017cy \u0142\u0105czymy pasj\u0119 do innowacji z wieloletni\u0105 praktyk\u0105 w serwisowaniu urz\u0105dze\u0144. Nasza wykwalifikowana kadra gwarantuje rzetelne wsparcie oraz najwy\u017csz\u0105 jako\u015b\u0107 monta\u017cu.<\/p>\n<p id=\"p-rc_002f3f3acf03c78e-40\" data-path-to-node=\"12\"><span data-path-to-node=\"12,0\">Zainwestuj w profesjonaln\u0105 ochron\u0119 i podnie\u015b standardy bezpiecze\u0144stwa w swojej firmie. <\/span><span data-path-to-node=\"12,2\"><span class=\"citation-245\">Oferujemy r\u00f3wnie\u017c transport, monta\u017c oraz pod\u0142\u0105czenie system\u00f3w bezpiecze\u0144stwa u klienta<\/span><\/span><span data-path-to-node=\"12,4\">. <\/span><span data-path-to-node=\"12,6\"><span class=\"citation-244\"><a href=\"https:\/\/wsparcielaserowe.pl\/en\/kontakt-wsparcie-laserowe-bialystok\/\">Skontaktuj si\u0119 z nami<\/a> telefonicznie lub meilowo<\/span><\/span><span data-path-to-node=\"12,8\">. Czekamy na Twoje zapytanie, aby przygotowa\u0107 projekt skrojony na miar\u0119 Twoich oczekiwa\u0144. Razem zbudujemy bezpieczn\u0105 i nowoczesn\u0105 przestrze\u0144 do wydajnej obr\u00f3bki metalu.<\/span><\/p>","protected":false},"excerpt":{"rendered":"<p><span data-path-to-node=\"1,1\"><span class=\"citation-261\">Stanowisko do r\u0119cznego spawania laserowego to zaawansowany system ochrony<\/span><\/span><span data-path-to-node=\"1,3\">. <\/span><span data-path-to-node=\"1,5\"><span class=\"citation-260\">Panele ochronne s\u0105 wykonane z opatentowanego materia\u0142u o tr\u00f3jwarstwowej strukturze<\/span><\/span><span data-path-to-node=\"1,7\">. <\/span><span data-path-to-node=\"1,9\"><span class=\"citation-259\">Grubo\u015b\u0107 kompozytu wynosi 4 mm, co gwarantuje najwy\u017csz\u0105 odporno\u015b\u0107 na promieniowanie<\/span><\/span><span data-path-to-node=\"1,11\">.<\/span><\/p>","protected":false},"featured_media":18760,"template":"","meta":[],"product_brand":[],"product_cat":[295,164,131],"product_tag":[],"class_list":{"0":"post-18762","1":"product","2":"type-product","3":"status-publish","4":"has-post-thumbnail","6":"product_cat-ekrany-panele-ochronne-spawanie-laserem","7":"product_cat-srodki-ochrony","8":"product_cat-sklep-spawalniczy-internetowy","10":"first","11":"onbackorder","12":"taxable","13":"shipping-taxable","14":"product-type-simple"},"yoast_head":"<!-- This site is optimized with the Yoast SEO plugin v27.3 - https:\/\/yoast.com\/product\/yoast-seo-wordpress\/ -->\n<title>Stanowisko do spawania laserowego - Wsparcie Laserowe<\/title>\n<meta name=\"description\" content=\"Bezpieczne stanowiska do spawania laserowego na wymiar. Certyfikowane panele 4mm i ochrona klasy 4. Poznaj nasz\u0105 profesjonaln\u0105 obs\u0142ug\u0119!\" \/>\n<meta name=\"robots\" content=\"index, follow, max-snippet:-1, max-image-preview:large, max-video-preview:-1\" \/>\n<link rel=\"canonical\" href=\"https:\/\/wsparcielaserowe.pl\/en\/product\/stanowisko-do-spawania-laserowego\/\" \/>\n<meta property=\"og:locale\" content=\"en_US\" \/>\n<meta property=\"og:type\" content=\"article\" \/>\n<meta property=\"og:title\" content=\"Stanowisko do spawania laserowego - Wsparcie Laserowe\" \/>\n<meta property=\"og:description\" content=\"Bezpieczne stanowiska do spawania laserowego na wymiar. Certyfikowane panele 4mm i ochrona klasy 4. Poznaj nasz\u0105 profesjonaln\u0105 obs\u0142ug\u0119!\" \/>\n<meta property=\"og:url\" content=\"https:\/\/wsparcielaserowe.pl\/en\/product\/stanowisko-do-spawania-laserowego\/\" \/>\n<meta property=\"og:site_name\" content=\"Wsparcie Laserowe\" \/>\n<meta property=\"article:modified_time\" content=\"2026-04-14T18:30:14+00:00\" \/>\n<meta property=\"og:image\" content=\"https:\/\/wsparcielaserowe.pl\/wp-content\/uploads\/2026\/04\/stoisko-spawalnicze-wsparcie-laserowe.webp\" \/>\n\t<meta property=\"og:image:width\" content=\"1200\" \/>\n\t<meta property=\"og:image:height\" content=\"1200\" \/>\n\t<meta property=\"og:image:type\" content=\"image\/webp\" \/>\n<meta name=\"twitter:card\" content=\"summary_large_image\" \/>\n<meta name=\"twitter:label1\" content=\"Est. reading time\" \/>\n\t<meta name=\"twitter:data1\" content=\"2 minutes\" \/>\n<script type=\"application\/ld+json\" class=\"yoast-schema-graph\">{\"@context\":\"https:\\\/\\\/schema.org\",\"@graph\":[{\"@type\":\"WebPage\",\"@id\":\"https:\\\/\\\/wsparcielaserowe.pl\\\/produkt\\\/stanowisko-do-spawania-laserowego\\\/\",\"url\":\"https:\\\/\\\/wsparcielaserowe.pl\\\/produkt\\\/stanowisko-do-spawania-laserowego\\\/\",\"name\":\"Stanowisko do spawania laserowego - Wsparcie Laserowe\",\"isPartOf\":{\"@id\":\"https:\\\/\\\/wsparcielaserowe.pl\\\/#website\"},\"primaryImageOfPage\":{\"@id\":\"https:\\\/\\\/wsparcielaserowe.pl\\\/produkt\\\/stanowisko-do-spawania-laserowego\\\/#primaryimage\"},\"image\":{\"@id\":\"https:\\\/\\\/wsparcielaserowe.pl\\\/produkt\\\/stanowisko-do-spawania-laserowego\\\/#primaryimage\"},\"thumbnailUrl\":\"https:\\\/\\\/wsparcielaserowe.pl\\\/wp-content\\\/uploads\\\/2026\\\/04\\\/stoisko-spawalnicze-wsparcie-laserowe.webp\",\"datePublished\":\"2026-04-14T18:27:51+00:00\",\"dateModified\":\"2026-04-14T18:30:14+00:00\",\"description\":\"Bezpieczne stanowiska do spawania laserowego na wymiar. Certyfikowane panele 4mm i ochrona klasy 4. Poznaj nasz\u0105 profesjonaln\u0105 obs\u0142ug\u0119!\",\"breadcrumb\":{\"@id\":\"https:\\\/\\\/wsparcielaserowe.pl\\\/produkt\\\/stanowisko-do-spawania-laserowego\\\/#breadcrumb\"},\"inLanguage\":\"en-US\",\"potentialAction\":[{\"@type\":\"ReadAction\",\"target\":[\"https:\\\/\\\/wsparcielaserowe.pl\\\/produkt\\\/stanowisko-do-spawania-laserowego\\\/\"]}]},{\"@type\":\"ImageObject\",\"inLanguage\":\"en-US\",\"@id\":\"https:\\\/\\\/wsparcielaserowe.pl\\\/produkt\\\/stanowisko-do-spawania-laserowego\\\/#primaryimage\",\"url\":\"https:\\\/\\\/wsparcielaserowe.pl\\\/wp-content\\\/uploads\\\/2026\\\/04\\\/stoisko-spawalnicze-wsparcie-laserowe.webp\",\"contentUrl\":\"https:\\\/\\\/wsparcielaserowe.pl\\\/wp-content\\\/uploads\\\/2026\\\/04\\\/stoisko-spawalnicze-wsparcie-laserowe.webp\",\"width\":1200,\"height\":1200,\"caption\":\"Przyk\u0142adowe stanowisko laserowe o wymiarach 4,6 na 4,6 metra z drzwiami i oknem ochronnym.\"},{\"@type\":\"BreadcrumbList\",\"@id\":\"https:\\\/\\\/wsparcielaserowe.pl\\\/produkt\\\/stanowisko-do-spawania-laserowego\\\/#breadcrumb\",\"itemListElement\":[{\"@type\":\"ListItem\",\"position\":1,\"name\":\"Strona g\u0142\u00f3wna\",\"item\":\"https:\\\/\\\/wsparcielaserowe.pl\\\/\"},{\"@type\":\"ListItem\",\"position\":2,\"name\":\"Sklep\",\"item\":\"https:\\\/\\\/wsparcielaserowe.pl\\\/sklep-spawalniczy-wsparcie-laserowe\\\/\"},{\"@type\":\"ListItem\",\"position\":3,\"name\":\"Stanowisko do spawania laserowego\"}]},{\"@type\":\"WebSite\",\"@id\":\"https:\\\/\\\/wsparcielaserowe.pl\\\/#website\",\"url\":\"https:\\\/\\\/wsparcielaserowe.pl\\\/\",\"name\":\"Wsparcie Laserowe\",\"description\":\"\",\"potentialAction\":[{\"@type\":\"SearchAction\",\"target\":{\"@type\":\"EntryPoint\",\"urlTemplate\":\"https:\\\/\\\/wsparcielaserowe.pl\\\/?s={search_term_string}\"},\"query-input\":{\"@type\":\"PropertyValueSpecification\",\"valueRequired\":true,\"valueName\":\"search_term_string\"}}],\"inLanguage\":\"en-US\"}]}<\/script>\n<!-- \/ Yoast SEO plugin. -->","yoast_head_json":{"title":"Stanowisko do spawania laserowego - Wsparcie Laserowe","description":"Bezpieczne stanowiska do spawania laserowego na wymiar. Certyfikowane panele 4mm i ochrona klasy 4. Poznaj nasz\u0105 profesjonaln\u0105 obs\u0142ug\u0119!","robots":{"index":"index","follow":"follow","max-snippet":"max-snippet:-1","max-image-preview":"max-image-preview:large","max-video-preview":"max-video-preview:-1"},"canonical":"https:\/\/wsparcielaserowe.pl\/en\/product\/stanowisko-do-spawania-laserowego\/","og_locale":"en_US","og_type":"article","og_title":"Stanowisko do spawania laserowego - Wsparcie Laserowe","og_description":"Bezpieczne stanowiska do spawania laserowego na wymiar. Certyfikowane panele 4mm i ochrona klasy 4. Poznaj nasz\u0105 profesjonaln\u0105 obs\u0142ug\u0119!","og_url":"https:\/\/wsparcielaserowe.pl\/en\/product\/stanowisko-do-spawania-laserowego\/","og_site_name":"Wsparcie Laserowe","article_modified_time":"2026-04-14T18:30:14+00:00","og_image":[{"width":1200,"height":1200,"url":"https:\/\/wsparcielaserowe.pl\/wp-content\/uploads\/2026\/04\/stoisko-spawalnicze-wsparcie-laserowe.webp","type":"image\/webp"}],"twitter_card":"summary_large_image","twitter_misc":{"Est. reading time":"2 minutes"},"schema":{"@context":"https:\/\/schema.org","@graph":[{"@type":"WebPage","@id":"https:\/\/wsparcielaserowe.pl\/produkt\/stanowisko-do-spawania-laserowego\/","url":"https:\/\/wsparcielaserowe.pl\/produkt\/stanowisko-do-spawania-laserowego\/","name":"Stanowisko do spawania laserowego - Wsparcie Laserowe","isPartOf":{"@id":"https:\/\/wsparcielaserowe.pl\/#website"},"primaryImageOfPage":{"@id":"https:\/\/wsparcielaserowe.pl\/produkt\/stanowisko-do-spawania-laserowego\/#primaryimage"},"image":{"@id":"https:\/\/wsparcielaserowe.pl\/produkt\/stanowisko-do-spawania-laserowego\/#primaryimage"},"thumbnailUrl":"https:\/\/wsparcielaserowe.pl\/wp-content\/uploads\/2026\/04\/stoisko-spawalnicze-wsparcie-laserowe.webp","datePublished":"2026-04-14T18:27:51+00:00","dateModified":"2026-04-14T18:30:14+00:00","description":"Bezpieczne stanowiska do spawania laserowego na wymiar. Certyfikowane panele 4mm i ochrona klasy 4. Poznaj nasz\u0105 profesjonaln\u0105 obs\u0142ug\u0119!","breadcrumb":{"@id":"https:\/\/wsparcielaserowe.pl\/produkt\/stanowisko-do-spawania-laserowego\/#breadcrumb"},"inLanguage":"en-US","potentialAction":[{"@type":"ReadAction","target":["https:\/\/wsparcielaserowe.pl\/produkt\/stanowisko-do-spawania-laserowego\/"]}]},{"@type":"ImageObject","inLanguage":"en-US","@id":"https:\/\/wsparcielaserowe.pl\/produkt\/stanowisko-do-spawania-laserowego\/#primaryimage","url":"https:\/\/wsparcielaserowe.pl\/wp-content\/uploads\/2026\/04\/stoisko-spawalnicze-wsparcie-laserowe.webp","contentUrl":"https:\/\/wsparcielaserowe.pl\/wp-content\/uploads\/2026\/04\/stoisko-spawalnicze-wsparcie-laserowe.webp","width":1200,"height":1200,"caption":"Przyk\u0142adowe stanowisko laserowe o wymiarach 4,6 na 4,6 metra z drzwiami i oknem ochronnym."},{"@type":"BreadcrumbList","@id":"https:\/\/wsparcielaserowe.pl\/produkt\/stanowisko-do-spawania-laserowego\/#breadcrumb","itemListElement":[{"@type":"ListItem","position":1,"name":"Strona g\u0142\u00f3wna","item":"https:\/\/wsparcielaserowe.pl\/"},{"@type":"ListItem","position":2,"name":"Sklep","item":"https:\/\/wsparcielaserowe.pl\/sklep-spawalniczy-wsparcie-laserowe\/"},{"@type":"ListItem","position":3,"name":"Stanowisko do spawania laserowego"}]},{"@type":"WebSite","@id":"https:\/\/wsparcielaserowe.pl\/#website","url":"https:\/\/wsparcielaserowe.pl\/","name":"Wsparcie Laserowe","description":"","potentialAction":[{"@type":"SearchAction","target":{"@type":"EntryPoint","urlTemplate":"https:\/\/wsparcielaserowe.pl\/?s={search_term_string}"},"query-input":{"@type":"PropertyValueSpecification","valueRequired":true,"valueName":"search_term_string"}}],"inLanguage":"en-US"}]}},"_links":{"self":[{"href":"https:\/\/wsparcielaserowe.pl\/en\/wp-json\/wp\/v2\/product\/18762","targetHints":{"allow":["GET"]}}],"collection":[{"href":"https:\/\/wsparcielaserowe.pl\/en\/wp-json\/wp\/v2\/product"}],"about":[{"href":"https:\/\/wsparcielaserowe.pl\/en\/wp-json\/wp\/v2\/types\/product"}],"version-history":[{"count":0,"href":"https:\/\/wsparcielaserowe.pl\/en\/wp-json\/wp\/v2\/product\/18762\/revisions"}],"wp:featuredmedia":[{"embeddable":true,"href":"https:\/\/wsparcielaserowe.pl\/en\/wp-json\/wp\/v2\/media\/18760"}],"wp:attachment":[{"href":"https:\/\/wsparcielaserowe.pl\/en\/wp-json\/wp\/v2\/media?parent=18762"}],"wp:term":[{"taxonomy":"product_brand","embeddable":true,"href":"https:\/\/wsparcielaserowe.pl\/en\/wp-json\/wp\/v2\/product_brand?post=18762"},{"taxonomy":"product_cat","embeddable":true,"href":"https:\/\/wsparcielaserowe.pl\/en\/wp-json\/wp\/v2\/product_cat?post=18762"},{"taxonomy":"product_tag","embeddable":true,"href":"https:\/\/wsparcielaserowe.pl\/en\/wp-json\/wp\/v2\/product_tag?post=18762"}],"curies":[{"name":"wp","href":"https:\/\/api.w.org\/{rel}","templated":true}]}}