{"id":18756,"date":"2026-04-14T20:18:20","date_gmt":"2026-04-14T18:18:20","guid":{"rendered":"https:\/\/wsparcielaserowe.pl\/?post_type=product&#038;p=18756"},"modified":"2026-04-14T20:30:21","modified_gmt":"2026-04-14T18:30:21","slug":"ekrany-ochronne-do-spawania-laserowego","status":"publish","type":"product","link":"https:\/\/wsparcielaserowe.pl\/en\/product\/ekrany-ochronne-do-spawania-laserowego\/","title":{"rendered":"Ekrany ochronne do spawania laserowego"},"content":{"rendered":"<p id=\"p-rc_cbaa1451772a0427-27\" data-path-to-node=\"1\"><span data-path-to-node=\"1,9\"><span class=\"citation-169\">Ca\u0142o\u015b\u0107 zosta\u0142a osadzona w solidnych, aluminiowych ramach, kt\u00f3re gwarantuj\u0105 konstrukcji wyj\u0105tkow\u0105 stabilno\u015b\u0107<\/span><\/span><span data-path-to-node=\"1,11\">.<br \/>\n<\/span><span data-path-to-node=\"1,13\"><span class=\"citation-168\">Ekrany charakteryzuj\u0105 si\u0119 wysokim poziomem ochrony<\/span><\/span><span data-path-to-node=\"1,15\">. <\/span><strong><span class=\"citation-167\">Produkt spe\u0142nia wszystkie wymagania dla ochrony laser\u00f3w klasy 4 do d\u0142ugo\u015bci fali 1080 nm<\/span>. <\/strong><span data-path-to-node=\"1,21\"><span class=\"citation-166\">Bariery te wytrzymuj\u0105 ci\u0105g\u0142\u0105 ekspozycj\u0119 o mocy 400 W przez 10 sekund<\/span><\/span><span data-path-to-node=\"1,23\">. <\/span><span data-path-to-node=\"1,25\"><span class=\"citation-165\">Przy mocy 107W ochrona pozostaje skuteczna nawet przez 100 sekund ci\u0105g\u0142ej pracy<\/span><\/span><span data-path-to-node=\"1,27\">.<\/span><\/p>\n<p id=\"p-rc_cbaa1451772a0427-28\" data-path-to-node=\"2\"><span data-path-to-node=\"2,1\"><span class=\"citation-164\">Pojedynczy modu\u0142 bariery ma <strong>szeroko\u015b\u0107 1,54 m oraz wysoko\u015b\u0107 2,14 m<\/strong><\/span><\/span><span data-path-to-node=\"2,3\">. <\/span><span data-path-to-node=\"2,5\"><span class=\"citation-163\">Dzi\u0119ki modu\u0142owej budowie z \u0142atwo\u015bci\u0105 zbudujesz stanowiska w kszta\u0142cie liter \u201eL\u201d, \u201eU\u201d lub pe\u0142ne prostok\u0105ty<\/span><\/span><span data-path-to-node=\"2,7\">. <\/span><span data-path-to-node=\"2,9\"><span class=\"citation-162\">Materia\u0142 wykazuje nisk\u0105 refleksyjno\u015b\u0107 oraz pe\u0142n\u0105 ognioodporno\u015b\u0107 i odporno\u015b\u0107 na wysokie temperatury<\/span><\/span><span data-path-to-node=\"2,11\">. <\/span><span data-path-to-node=\"2,13\"><span class=\"citation-161\">Pow\u0142oka jest antystatyczna, odporna na korozj\u0119, \u015bcieranie oraz uci\u0105\u017cliwe zabrudzenia warsztatowe<\/span><\/span><span data-path-to-node=\"2,15\">. <\/span><span data-path-to-node=\"2,17\"><span class=\"citation-160\">Ekrany montuje si\u0119 bezpo\u015brednio do pod\u0142ogi, a do\u0142\u0105czone k\u00f3\u0142ka pozwalaj\u0105 na ich swobodne przemieszczanie<\/span><\/span><span data-path-to-node=\"2,19\">.<br \/>\n<\/span><span data-path-to-node=\"2,21\"><span class=\"citation-159\">W cenie produktu otrzymasz niezb\u0119dne mocowania, znaki ostrzegawcze oraz profesjonalne elementy jezdne<\/span><\/span><span data-path-to-node=\"2,23\">.<br \/>\n<\/span><span data-path-to-node=\"2,25\"><span class=\"citation-158\">Na specjalne \u017cyczenie mo\u017cemy wyposa\u017cy\u0107 panele w okna bezpiecze\u0144stwa lub dodatkowe drzwi<\/span><\/span><span data-path-to-node=\"2,27\">.<\/span><\/p>\n<p><img fetchpriority=\"high\" decoding=\"async\" class=\"alignnone size-medium wp-image-18760\" src=\"https:\/\/wsparcielaserowe.pl\/wp-content\/uploads\/2026\/04\/stoisko-spawalnicze-wsparcie-laserowe-300x300.webp\" alt=\"Przyk\u0142adowe stanowisko laserowe o wymiarach 4,6 na 4,6 metra z drzwiami i oknem ochronnym.\" width=\"300\" height=\"300\" srcset=\"https:\/\/wsparcielaserowe.pl\/wp-content\/uploads\/2026\/04\/stoisko-spawalnicze-wsparcie-laserowe-300x300.webp 300w, https:\/\/wsparcielaserowe.pl\/wp-content\/uploads\/2026\/04\/stoisko-spawalnicze-wsparcie-laserowe-800x800.webp 800w, https:\/\/wsparcielaserowe.pl\/wp-content\/uploads\/2026\/04\/stoisko-spawalnicze-wsparcie-laserowe-150x150.webp 150w, https:\/\/wsparcielaserowe.pl\/wp-content\/uploads\/2026\/04\/stoisko-spawalnicze-wsparcie-laserowe-768x768.webp 768w, https:\/\/wsparcielaserowe.pl\/wp-content\/uploads\/2026\/04\/stoisko-spawalnicze-wsparcie-laserowe-12x12.webp 12w, https:\/\/wsparcielaserowe.pl\/wp-content\/uploads\/2026\/04\/stoisko-spawalnicze-wsparcie-laserowe-430x430.webp 430w, https:\/\/wsparcielaserowe.pl\/wp-content\/uploads\/2026\/04\/stoisko-spawalnicze-wsparcie-laserowe-700x700.webp 700w, https:\/\/wsparcielaserowe.pl\/wp-content\/uploads\/2026\/04\/stoisko-spawalnicze-wsparcie-laserowe.webp 1200w\" sizes=\"(max-width: 300px) 100vw, 300px\" \/><br \/>\nPrzyk\u0142adowe stanowisko wykonane na zam\u00f3wienie klienta.<\/p>\n<hr data-path-to-node=\"6\" \/>\n<p id=\"p-rc_cbaa1451772a0427-29\" data-path-to-node=\"8\"><span data-path-to-node=\"8,1\"><span class=\"citation-157\">Wsparcie Laserowe to gwarancja bezpiecze\u0144stwa potwierdzona mi\u0119dzynarodowymi certyfikatami CMA oraz CNAS<\/span><\/span><span data-path-to-node=\"8,3\">. <\/span><span data-path-to-node=\"8,5\"><span class=\"citation-156\">Nasze bariery spe\u0142niaj\u0105 rygorystyczne standardy CE i s\u0105 w pe\u0142ni zgodne z wymogami rynku europejskiego<\/span><\/span><span data-path-to-node=\"8,7\">. Obs\u0142ugujemy centra obr\u00f3bki metalu oraz mniejszych producent\u00f3w i pasjonat\u00f3w technologii laserowej. <\/span><span data-path-to-node=\"8,9\"><span class=\"citation-155\">Ka\u017cdy oferowany przez nas ekran jest odporny na starzenie i korozj\u0119<\/span><\/span><span data-path-to-node=\"8,11\">. Stawiamy na produkty, kt\u00f3re realnie chroni\u0105 wzrok i zdrowie operator\u00f3w w wymagaj\u0105cym \u015brodowisku pracy. <\/span><span data-path-to-node=\"8,13\"><span class=\"citation-154\">Wybieraj\u0105c nas, zyskujesz partnera, kt\u00f3ry dba o pe\u0142n\u0105 zgodno\u015b\u0107 Twojego stanowiska z normami IEC i EN<\/span><\/span><span data-path-to-node=\"8,15\">. Nasze systemy s\u0105 \u0142atwe w monta\u017cu, co pozwala na szybk\u0105 reorganizacj\u0119 przestrzeni produkcyjnej. Wsp\u00f3\u0142praca z nami to inwestycja w najwy\u017csz\u0105 jako\u015b\u0107, kt\u00f3rej ufaj\u0105 liderzy bran\u017cy.<\/span><\/p>\n<p data-path-to-node=\"9\">Jako do\u015bwiadczony zesp\u00f3\u0142 specjalist\u00f3w \u0142\u0105czymy praktyczn\u0105 wiedz\u0119 z najwy\u017cszymi standardami obs\u0142ugi klienta. Nasze wieloletnie do\u015bwiadczenie w serwisowaniu maszyn laserowych pozwala nam dobiera\u0107 wy\u0142\u0105cznie najskuteczniejsze systemy ochrony.<\/p>\n<p data-path-to-node=\"12\">Nie zwlekaj z modernizacj\u0105 ochrony w swoim zak\u0142adzie i postaw na sprawdzone bariery panelowe. <a href=\"https:\/\/wsparcielaserowe.pl\/en\/kontakt-wsparcie-laserowe-bialystok\/\">Skontaktuj si\u0119 z nami<\/a>. Ch\u0119tnie odpowiemy na wszystkie pytania techniczne i przygotujemy ofert\u0119 dopasowan\u0105 do Twoich potrzeb.<\/p>","protected":false},"excerpt":{"rendered":"<p><span data-path-to-node=\"1,1\"><span class=\"citation-171\">Profesjonalne ekrany ochronne stworzone z my\u015bl\u0105 o pracy z laserami o bardzo du\u017cych mocach, mierzonych w kilowatach<\/span><\/span><span data-path-to-node=\"1,3\">. <\/span><span data-path-to-node=\"1,5\"><span class=\"citation-170\">Ka\u017cdy panel posiada unikaln\u0105, tr\u00f3jwarstwow\u0105 struktur\u0119 o \u0142\u0105cznej grubo\u015bci 4 mm<\/span><\/span><span data-path-to-node=\"1,7\">.<\/span><\/p>","protected":false},"featured_media":18757,"template":"","meta":[],"product_brand":[],"product_cat":[295,164,131],"product_tag":[292,294,293],"class_list":{"0":"post-18756","1":"product","2":"type-product","3":"status-publish","4":"has-post-thumbnail","6":"product_cat-ekrany-panele-ochronne-spawanie-laserem","7":"product_cat-srodki-ochrony","8":"product_cat-sklep-spawalniczy-internetowy","9":"product_tag-ekran-ochronny","10":"product_tag-modul-ochronny","11":"product_tag-ochrona-przed-laserem","13":"first","14":"onbackorder","15":"taxable","16":"shipping-taxable","17":"product-type-simple"},"yoast_head":"<!-- This site is optimized with the Yoast SEO plugin v27.3 - https:\/\/yoast.com\/product\/yoast-seo-wordpress\/ -->\n<title>Ekrany ochronne do spawania laserowego - Wsparcie Laserowe<\/title>\n<meta name=\"description\" content=\"Certyfikowane ekrany ochronne do spawania laserowego. Tr\u00f3jwarstwowa struktura 4mm, ochrona klasa 4. Sprawd\u017a nasz\u0105 ofert\u0119 i profesjonalny serwis spawalniczy!\" \/>\n<meta name=\"robots\" content=\"index, follow, max-snippet:-1, max-image-preview:large, max-video-preview:-1\" \/>\n<link rel=\"canonical\" href=\"https:\/\/wsparcielaserowe.pl\/en\/product\/ekrany-ochronne-do-spawania-laserowego\/\" \/>\n<meta property=\"og:locale\" content=\"en_US\" \/>\n<meta property=\"og:type\" content=\"article\" \/>\n<meta property=\"og:title\" content=\"Ekrany ochronne do spawania laserowego - Wsparcie Laserowe\" \/>\n<meta property=\"og:description\" content=\"Certyfikowane ekrany ochronne do spawania laserowego. Tr\u00f3jwarstwowa struktura 4mm, ochrona klasa 4. Sprawd\u017a nasz\u0105 ofert\u0119 i profesjonalny serwis spawalniczy!\" \/>\n<meta property=\"og:url\" content=\"https:\/\/wsparcielaserowe.pl\/en\/product\/ekrany-ochronne-do-spawania-laserowego\/\" \/>\n<meta property=\"og:site_name\" content=\"Wsparcie Laserowe\" \/>\n<meta property=\"article:modified_time\" content=\"2026-04-14T18:30:21+00:00\" \/>\n<meta property=\"og:image\" content=\"https:\/\/wsparcielaserowe.pl\/wp-content\/uploads\/2026\/04\/ekran-ochronny-spawanie-laserowe-ochrona-laser-klasy4-wsparcie-laserowe.webp\" \/>\n\t<meta property=\"og:image:width\" content=\"1200\" \/>\n\t<meta property=\"og:image:height\" content=\"1200\" \/>\n\t<meta property=\"og:image:type\" content=\"image\/webp\" \/>\n<meta name=\"twitter:card\" content=\"summary_large_image\" \/>\n<meta name=\"twitter:label1\" content=\"Est. reading time\" \/>\n\t<meta name=\"twitter:data1\" content=\"3 minutes\" \/>\n<script type=\"application\/ld+json\" class=\"yoast-schema-graph\">{\"@context\":\"https:\\\/\\\/schema.org\",\"@graph\":[{\"@type\":\"WebPage\",\"@id\":\"https:\\\/\\\/wsparcielaserowe.pl\\\/produkt\\\/ekrany-ochronne-do-spawania-laserowego\\\/\",\"url\":\"https:\\\/\\\/wsparcielaserowe.pl\\\/produkt\\\/ekrany-ochronne-do-spawania-laserowego\\\/\",\"name\":\"Ekrany ochronne do spawania laserowego - Wsparcie Laserowe\",\"isPartOf\":{\"@id\":\"https:\\\/\\\/wsparcielaserowe.pl\\\/#website\"},\"primaryImageOfPage\":{\"@id\":\"https:\\\/\\\/wsparcielaserowe.pl\\\/produkt\\\/ekrany-ochronne-do-spawania-laserowego\\\/#primaryimage\"},\"image\":{\"@id\":\"https:\\\/\\\/wsparcielaserowe.pl\\\/produkt\\\/ekrany-ochronne-do-spawania-laserowego\\\/#primaryimage\"},\"thumbnailUrl\":\"https:\\\/\\\/wsparcielaserowe.pl\\\/wp-content\\\/uploads\\\/2026\\\/04\\\/ekran-ochronny-spawanie-laserowe-ochrona-laser-klasy4-wsparcie-laserowe.webp\",\"datePublished\":\"2026-04-14T18:18:20+00:00\",\"dateModified\":\"2026-04-14T18:30:21+00:00\",\"description\":\"Certyfikowane ekrany ochronne do spawania laserowego. Tr\u00f3jwarstwowa struktura 4mm, ochrona klasa 4. Sprawd\u017a nasz\u0105 ofert\u0119 i profesjonalny serwis spawalniczy!\",\"breadcrumb\":{\"@id\":\"https:\\\/\\\/wsparcielaserowe.pl\\\/produkt\\\/ekrany-ochronne-do-spawania-laserowego\\\/#breadcrumb\"},\"inLanguage\":\"en-US\",\"potentialAction\":[{\"@type\":\"ReadAction\",\"target\":[\"https:\\\/\\\/wsparcielaserowe.pl\\\/produkt\\\/ekrany-ochronne-do-spawania-laserowego\\\/\"]}]},{\"@type\":\"ImageObject\",\"inLanguage\":\"en-US\",\"@id\":\"https:\\\/\\\/wsparcielaserowe.pl\\\/produkt\\\/ekrany-ochronne-do-spawania-laserowego\\\/#primaryimage\",\"url\":\"https:\\\/\\\/wsparcielaserowe.pl\\\/wp-content\\\/uploads\\\/2026\\\/04\\\/ekran-ochronny-spawanie-laserowe-ochrona-laser-klasy4-wsparcie-laserowe.webp\",\"contentUrl\":\"https:\\\/\\\/wsparcielaserowe.pl\\\/wp-content\\\/uploads\\\/2026\\\/04\\\/ekran-ochronny-spawanie-laserowe-ochrona-laser-klasy4-wsparcie-laserowe.webp\",\"width\":1200,\"height\":1200,\"caption\":\"Solidny ekran ochronny do spawania laserowego o wysoko\u015bci 2,14 m osadzony w aluminiowej ramie.\"},{\"@type\":\"BreadcrumbList\",\"@id\":\"https:\\\/\\\/wsparcielaserowe.pl\\\/produkt\\\/ekrany-ochronne-do-spawania-laserowego\\\/#breadcrumb\",\"itemListElement\":[{\"@type\":\"ListItem\",\"position\":1,\"name\":\"Strona g\u0142\u00f3wna\",\"item\":\"https:\\\/\\\/wsparcielaserowe.pl\\\/\"},{\"@type\":\"ListItem\",\"position\":2,\"name\":\"Sklep\",\"item\":\"https:\\\/\\\/wsparcielaserowe.pl\\\/sklep-spawalniczy-wsparcie-laserowe\\\/\"},{\"@type\":\"ListItem\",\"position\":3,\"name\":\"Ekrany ochronne do spawania laserowego\"}]},{\"@type\":\"WebSite\",\"@id\":\"https:\\\/\\\/wsparcielaserowe.pl\\\/#website\",\"url\":\"https:\\\/\\\/wsparcielaserowe.pl\\\/\",\"name\":\"Wsparcie Laserowe\",\"description\":\"\",\"potentialAction\":[{\"@type\":\"SearchAction\",\"target\":{\"@type\":\"EntryPoint\",\"urlTemplate\":\"https:\\\/\\\/wsparcielaserowe.pl\\\/?s={search_term_string}\"},\"query-input\":{\"@type\":\"PropertyValueSpecification\",\"valueRequired\":true,\"valueName\":\"search_term_string\"}}],\"inLanguage\":\"en-US\"}]}<\/script>\n<!-- \/ Yoast SEO plugin. -->","yoast_head_json":{"title":"Ekrany ochronne do spawania laserowego - Wsparcie Laserowe","description":"Certyfikowane ekrany ochronne do spawania laserowego. Tr\u00f3jwarstwowa struktura 4mm, ochrona klasa 4. Sprawd\u017a nasz\u0105 ofert\u0119 i profesjonalny serwis spawalniczy!","robots":{"index":"index","follow":"follow","max-snippet":"max-snippet:-1","max-image-preview":"max-image-preview:large","max-video-preview":"max-video-preview:-1"},"canonical":"https:\/\/wsparcielaserowe.pl\/en\/product\/ekrany-ochronne-do-spawania-laserowego\/","og_locale":"en_US","og_type":"article","og_title":"Ekrany ochronne do spawania laserowego - Wsparcie Laserowe","og_description":"Certyfikowane ekrany ochronne do spawania laserowego. Tr\u00f3jwarstwowa struktura 4mm, ochrona klasa 4. Sprawd\u017a nasz\u0105 ofert\u0119 i profesjonalny serwis spawalniczy!","og_url":"https:\/\/wsparcielaserowe.pl\/en\/product\/ekrany-ochronne-do-spawania-laserowego\/","og_site_name":"Wsparcie Laserowe","article_modified_time":"2026-04-14T18:30:21+00:00","og_image":[{"width":1200,"height":1200,"url":"https:\/\/wsparcielaserowe.pl\/wp-content\/uploads\/2026\/04\/ekran-ochronny-spawanie-laserowe-ochrona-laser-klasy4-wsparcie-laserowe.webp","type":"image\/webp"}],"twitter_card":"summary_large_image","twitter_misc":{"Est. reading time":"3 minutes"},"schema":{"@context":"https:\/\/schema.org","@graph":[{"@type":"WebPage","@id":"https:\/\/wsparcielaserowe.pl\/produkt\/ekrany-ochronne-do-spawania-laserowego\/","url":"https:\/\/wsparcielaserowe.pl\/produkt\/ekrany-ochronne-do-spawania-laserowego\/","name":"Ekrany ochronne do spawania laserowego - Wsparcie Laserowe","isPartOf":{"@id":"https:\/\/wsparcielaserowe.pl\/#website"},"primaryImageOfPage":{"@id":"https:\/\/wsparcielaserowe.pl\/produkt\/ekrany-ochronne-do-spawania-laserowego\/#primaryimage"},"image":{"@id":"https:\/\/wsparcielaserowe.pl\/produkt\/ekrany-ochronne-do-spawania-laserowego\/#primaryimage"},"thumbnailUrl":"https:\/\/wsparcielaserowe.pl\/wp-content\/uploads\/2026\/04\/ekran-ochronny-spawanie-laserowe-ochrona-laser-klasy4-wsparcie-laserowe.webp","datePublished":"2026-04-14T18:18:20+00:00","dateModified":"2026-04-14T18:30:21+00:00","description":"Certyfikowane ekrany ochronne do spawania laserowego. Tr\u00f3jwarstwowa struktura 4mm, ochrona klasa 4. Sprawd\u017a nasz\u0105 ofert\u0119 i profesjonalny serwis spawalniczy!","breadcrumb":{"@id":"https:\/\/wsparcielaserowe.pl\/produkt\/ekrany-ochronne-do-spawania-laserowego\/#breadcrumb"},"inLanguage":"en-US","potentialAction":[{"@type":"ReadAction","target":["https:\/\/wsparcielaserowe.pl\/produkt\/ekrany-ochronne-do-spawania-laserowego\/"]}]},{"@type":"ImageObject","inLanguage":"en-US","@id":"https:\/\/wsparcielaserowe.pl\/produkt\/ekrany-ochronne-do-spawania-laserowego\/#primaryimage","url":"https:\/\/wsparcielaserowe.pl\/wp-content\/uploads\/2026\/04\/ekran-ochronny-spawanie-laserowe-ochrona-laser-klasy4-wsparcie-laserowe.webp","contentUrl":"https:\/\/wsparcielaserowe.pl\/wp-content\/uploads\/2026\/04\/ekran-ochronny-spawanie-laserowe-ochrona-laser-klasy4-wsparcie-laserowe.webp","width":1200,"height":1200,"caption":"Solidny ekran ochronny do spawania laserowego o wysoko\u015bci 2,14 m osadzony w aluminiowej ramie."},{"@type":"BreadcrumbList","@id":"https:\/\/wsparcielaserowe.pl\/produkt\/ekrany-ochronne-do-spawania-laserowego\/#breadcrumb","itemListElement":[{"@type":"ListItem","position":1,"name":"Strona g\u0142\u00f3wna","item":"https:\/\/wsparcielaserowe.pl\/"},{"@type":"ListItem","position":2,"name":"Sklep","item":"https:\/\/wsparcielaserowe.pl\/sklep-spawalniczy-wsparcie-laserowe\/"},{"@type":"ListItem","position":3,"name":"Ekrany ochronne do spawania laserowego"}]},{"@type":"WebSite","@id":"https:\/\/wsparcielaserowe.pl\/#website","url":"https:\/\/wsparcielaserowe.pl\/","name":"Wsparcie Laserowe","description":"","potentialAction":[{"@type":"SearchAction","target":{"@type":"EntryPoint","urlTemplate":"https:\/\/wsparcielaserowe.pl\/?s={search_term_string}"},"query-input":{"@type":"PropertyValueSpecification","valueRequired":true,"valueName":"search_term_string"}}],"inLanguage":"en-US"}]}},"_links":{"self":[{"href":"https:\/\/wsparcielaserowe.pl\/en\/wp-json\/wp\/v2\/product\/18756","targetHints":{"allow":["GET"]}}],"collection":[{"href":"https:\/\/wsparcielaserowe.pl\/en\/wp-json\/wp\/v2\/product"}],"about":[{"href":"https:\/\/wsparcielaserowe.pl\/en\/wp-json\/wp\/v2\/types\/product"}],"version-history":[{"count":0,"href":"https:\/\/wsparcielaserowe.pl\/en\/wp-json\/wp\/v2\/product\/18756\/revisions"}],"wp:featuredmedia":[{"embeddable":true,"href":"https:\/\/wsparcielaserowe.pl\/en\/wp-json\/wp\/v2\/media\/18757"}],"wp:attachment":[{"href":"https:\/\/wsparcielaserowe.pl\/en\/wp-json\/wp\/v2\/media?parent=18756"}],"wp:term":[{"taxonomy":"product_brand","embeddable":true,"href":"https:\/\/wsparcielaserowe.pl\/en\/wp-json\/wp\/v2\/product_brand?post=18756"},{"taxonomy":"product_cat","embeddable":true,"href":"https:\/\/wsparcielaserowe.pl\/en\/wp-json\/wp\/v2\/product_cat?post=18756"},{"taxonomy":"product_tag","embeddable":true,"href":"https:\/\/wsparcielaserowe.pl\/en\/wp-json\/wp\/v2\/product_tag?post=18756"}],"curies":[{"name":"wp","href":"https:\/\/api.w.org\/{rel}","templated":true}]}}