{"id":18431,"date":"2026-02-21T21:46:07","date_gmt":"2026-02-21T20:46:07","guid":{"rendered":"https:\/\/wsparcielaserowe.pl\/?post_type=product&#038;p=18431"},"modified":"2026-03-22T15:59:50","modified_gmt":"2026-03-22T14:59:50","slug":"rolki-2-0-mm-i-2-5-mm-do-podwojnego-podajnika-spawanie-stali","status":"publish","type":"product","link":"https:\/\/wsparcielaserowe.pl\/en\/product\/rolki-2-0-mm-i-2-5-mm-do-podwojnego-podajnika-spawanie-stali\/","title":{"rendered":"Rolki 2.0 mm i 2.5 mm do podw\u00f3jnego podajnika, spawanie stali"},"content":{"rendered":"<p>Rolki te zosta\u0142y zaprojektowane do pracy w podw\u00f3jnych podajnikach. Solidna konstrukcja z hartowanej stali narz\u0119dziowej oraz precyzyjna kalibracja rowk\u00f3w eliminuj\u0105 ryzyko zacinania si\u0119 spoiwa, co jest krytyczne przy spawaniu element\u00f3w o du\u017cych grubo\u015bciach. To niezb\u0119dny element wyposa\u017cenia dla huty, stoczni czy zak\u0142ad\u00f3w konstrukcji stalowych, korzystaj\u0105cych z du\u017cej mocy system\u00f3w laserowych.<\/p>\n<table data-path-to-node=\"9\">\n<tbody>\n<tr>\n<td><span data-path-to-node=\"9,1,0,0\"><b data-path-to-node=\"9,1,0,0\" data-index-in-node=\"0\">Zastosowanie<\/b><\/span><\/td>\n<td><span data-path-to-node=\"9,1,1,0\">Spawanie laserowe stali<\/span><\/td>\n<\/tr>\n<tr>\n<td><span data-path-to-node=\"9,2,0,0\"><b data-path-to-node=\"9,2,0,0\" data-index-in-node=\"0\">Obs\u0142ugiwane \u015brednice<\/b><\/span><\/td>\n<td><span data-path-to-node=\"9,2,1,0\">2.0 mm \/ 2.5 mm<\/span><\/td>\n<\/tr>\n<tr>\n<td><span data-path-to-node=\"9,3,0,0\"><b data-path-to-node=\"9,3,0,0\" data-index-in-node=\"0\">Typ podawania<\/b><\/span><\/td>\n<td><span data-path-to-node=\"9,3,1,0\">Podw\u00f3jny<\/span><\/td>\n<\/tr>\n<tr>\n<td><span data-path-to-node=\"9,4,0,0\"><b data-path-to-node=\"9,4,0,0\" data-index-in-node=\"0\">Liczba sztuk w zestawie<\/b><\/span><\/td>\n<td><span data-path-to-node=\"9,4,1,0\">2 sztuki (komplet)<\/span><\/td>\n<\/tr>\n<tr>\n<td><span data-path-to-node=\"9,5,0,0\"><b data-path-to-node=\"9,5,0,0\" data-index-in-node=\"0\">Materia\u0142<\/b><\/span><\/td>\n<td><span data-path-to-node=\"9,5,1,0\">Stal o podwy\u017cszonej odporno\u015bci na \u015bcieranie<\/span><\/td>\n<\/tr>\n<\/tbody>\n<\/table>\n<p>Spawanie laserowe przy u\u017cyciu drutu o grubo\u015bci do 2.5 mm pozwala na efektywne \u0142\u0105czenie materia\u0142\u00f3w o znacznych przekrojach przy zachowaniu wysokiej czysto\u015bci i wytrzyma\u0142o\u015bci spoiny. Dzi\u0119ki temu procesy produkcyjne w ci\u0119\u017ckim przemy\u015ble staj\u0105 si\u0119 bardziej wydajne i precyzyjne.<\/p>\n<p>W sprzeda\u017cy posiadamy r\u00f3wnie\u017c rolki na drut <a href=\"https:\/\/wsparcielaserowe.pl\/en\/product\/rolki-0-8-mm-i-1-0-mm-do-stali-podwojnego-podajnika-drutu-komplet\/\">0.8 mm i 1.0 mm<\/a> oraz <a href=\"https:\/\/wsparcielaserowe.pl\/en\/product\/rolki-1-2-mm-i-1-6-mm-do-stali-podwojny-podajnik-komplet\/\">1.2 mm i 1.6mm<\/a>.<\/p>\n<p>Zapewniamy nie tylko dost\u0119p do cz\u0119\u015bci, ale r\u00f3wnie\u017c fachowe doradztwo i kompleksowy <a href=\"https:\/\/wsparcielaserowe.pl\/en\/serwis-czesci\/\"><b data-path-to-node=\"13\" data-index-in-node=\"83\">serwis spawalniczy<\/b><\/a>. Dzi\u0119ki nam Twoja firma zawsze pracuje na najwy\u017cszych obrotach.<\/p>\n<p data-path-to-node=\"17\"><b data-path-to-node=\"17\" data-index-in-node=\"0\">Chcesz upewni\u0107 si\u0119, czy te rolki pasuj\u0105 do Twojego modelu podajnika?<\/b> <a href=\"https:\/\/wsparcielaserowe.pl\/en\/kontakt-wsparcie-laserowe-bialystok\/\"><strong>Skontaktuj si\u0119 z nam<\/strong>i<\/a> \u2013 nasi technicy rozwiej\u0105 Twoje w\u0105tpliwo\u015bci!<\/p>\n<p>Czas wysy\u0142ki: 2 dni robocze<\/p>\n<p>&nbsp;<\/p>\n<p>Wsparcie Laserowe to synonim jako\u015bci i technicznego profesjonalizmu w bran\u017cy laserowej. Jako firma z ugruntowan\u0105 pozycj\u0105, dostarczamy rozwi\u0105zania, kt\u00f3re pomagaj\u0105 naszym klientom realizowa\u0107 najbardziej ambitne projekty in\u017cynieryjne. Nasi specjali\u015bci to eksperci z pasj\u0105, kt\u00f3rzy posiadaj\u0105 udokumentowane do\u015bwiadczenie w serwisowaniu i optymalizacji urz\u0105dze\u0144 spawalniczych u lider\u00f3w rynkowych. Wsp\u00f3\u0142pracuj\u0105c z nami, otrzymuj\u0105 Pa\u0144stwo gwarancj\u0119 stabilno\u015bci procesowej oraz dost\u0119p do najnowocze\u015bniejszej wiedzy z zakresu <b>spawania laserowego<\/b>.<\/p>","protected":false},"excerpt":{"rendered":"<p>Komplet dw\u00f3ch wzmocnionych rolek prowadz\u0105cych do drutu stalowego o \u015brednicach <b>2.0 mm oraz 2.5 mm<\/b> to rozwi\u0105zanie dedykowane do najci\u0119\u017cszych aplikacji spawalniczych.<\/p>","protected":false},"featured_media":18433,"template":"","meta":[],"product_brand":[],"product_cat":[147,285,131],"product_tag":[246,275,273,282],"class_list":{"0":"post-18431","1":"product","2":"type-product","3":"status-publish","4":"has-post-thumbnail","6":"product_cat-czesci-zamienne-do-spawania-laserowego","7":"product_cat-rolki-do-pojedynczego-podwojnego-podajnika-drutu","8":"product_cat-sklep-spawalniczy-internetowy","9":"product_tag-rolki","10":"product_tag-rolki-do-aluminium","11":"product_tag-rolki-na-drut-2-0-i-2-5","12":"product_tag-rolki-podwojny-podajnik","14":"first","15":"instock","16":"taxable","17":"shipping-taxable","18":"purchasable","19":"product-type-simple"},"yoast_head":"<!-- This site is optimized with the Yoast SEO plugin v27.2 - https:\/\/yoast.com\/product\/yoast-seo-wordpress\/ -->\n<title>Rolki 2.0 mm i 2.5 mm do podw\u00f3jnego podajnika, spawanie stali - Wsparcie Laserowe<\/title>\n<meta name=\"description\" content=\"Profesjonalne rolki do podajnik\u00f3w drutu 2.0 i 2.5 mm. Zapewnij p\u0142ynne spawanie stali bez przestoj\u00f3w.\" \/>\n<meta name=\"robots\" content=\"index, follow, max-snippet:-1, max-image-preview:large, max-video-preview:-1\" \/>\n<link rel=\"canonical\" href=\"https:\/\/wsparcielaserowe.pl\/en\/product\/rolki-2-0-mm-i-2-5-mm-do-podwojnego-podajnika-spawanie-stali\/\" \/>\n<meta property=\"og:locale\" content=\"en_US\" \/>\n<meta property=\"og:type\" content=\"article\" \/>\n<meta property=\"og:title\" content=\"Rolki 2.0 mm i 2.5 mm do podw\u00f3jnego podajnika, spawanie stali - Wsparcie Laserowe\" \/>\n<meta property=\"og:description\" content=\"Profesjonalne rolki do podajnik\u00f3w drutu 2.0 i 2.5 mm. Zapewnij p\u0142ynne spawanie stali bez przestoj\u00f3w.\" \/>\n<meta property=\"og:url\" content=\"https:\/\/wsparcielaserowe.pl\/en\/product\/rolki-2-0-mm-i-2-5-mm-do-podwojnego-podajnika-spawanie-stali\/\" \/>\n<meta property=\"og:site_name\" content=\"Wsparcie Laserowe\" \/>\n<meta property=\"article:modified_time\" content=\"2026-03-22T14:59:50+00:00\" \/>\n<meta property=\"og:image\" content=\"https:\/\/wsparcielaserowe.pl\/wp-content\/uploads\/2026\/02\/rolki-do-podwojnego-podajnika-drutu-stali-20-25-wsparcie-laserowe2.jpg\" \/>\n\t<meta property=\"og:image:width\" content=\"1200\" \/>\n\t<meta property=\"og:image:height\" content=\"1200\" \/>\n\t<meta property=\"og:image:type\" content=\"image\/jpeg\" \/>\n<meta name=\"twitter:card\" content=\"summary_large_image\" \/>\n<meta name=\"twitter:label1\" content=\"Est. reading time\" \/>\n\t<meta name=\"twitter:data1\" content=\"2 minutes\" \/>\n<script type=\"application\/ld+json\" class=\"yoast-schema-graph\">{\"@context\":\"https:\/\/schema.org\",\"@graph\":[{\"@type\":\"WebPage\",\"@id\":\"https:\/\/wsparcielaserowe.pl\/produkt\/rolki-2-0-mm-i-2-5-mm-do-podwojnego-podajnika-spawanie-stali\/\",\"url\":\"https:\/\/wsparcielaserowe.pl\/produkt\/rolki-2-0-mm-i-2-5-mm-do-podwojnego-podajnika-spawanie-stali\/\",\"name\":\"Rolki 2.0 mm i 2.5 mm do podw\u00f3jnego podajnika, spawanie stali - Wsparcie Laserowe\",\"isPartOf\":{\"@id\":\"https:\/\/wsparcielaserowe.pl\/#website\"},\"primaryImageOfPage\":{\"@id\":\"https:\/\/wsparcielaserowe.pl\/produkt\/rolki-2-0-mm-i-2-5-mm-do-podwojnego-podajnika-spawanie-stali\/#primaryimage\"},\"image\":{\"@id\":\"https:\/\/wsparcielaserowe.pl\/produkt\/rolki-2-0-mm-i-2-5-mm-do-podwojnego-podajnika-spawanie-stali\/#primaryimage\"},\"thumbnailUrl\":\"https:\/\/wsparcielaserowe.pl\/wp-content\/uploads\/2026\/02\/rolki-do-podwojnego-podajnika-drutu-stali-20-25-wsparcie-laserowe2.jpg\",\"datePublished\":\"2026-02-21T20:46:07+00:00\",\"dateModified\":\"2026-03-22T14:59:50+00:00\",\"description\":\"Profesjonalne rolki do podajnik\u00f3w drutu 2.0 i 2.5 mm. Zapewnij p\u0142ynne spawanie stali bez przestoj\u00f3w.\",\"breadcrumb\":{\"@id\":\"https:\/\/wsparcielaserowe.pl\/produkt\/rolki-2-0-mm-i-2-5-mm-do-podwojnego-podajnika-spawanie-stali\/#breadcrumb\"},\"inLanguage\":\"en-US\",\"potentialAction\":[{\"@type\":\"ReadAction\",\"target\":[\"https:\/\/wsparcielaserowe.pl\/produkt\/rolki-2-0-mm-i-2-5-mm-do-podwojnego-podajnika-spawanie-stali\/\"]}]},{\"@type\":\"ImageObject\",\"inLanguage\":\"en-US\",\"@id\":\"https:\/\/wsparcielaserowe.pl\/produkt\/rolki-2-0-mm-i-2-5-mm-do-podwojnego-podajnika-spawanie-stali\/#primaryimage\",\"url\":\"https:\/\/wsparcielaserowe.pl\/wp-content\/uploads\/2026\/02\/rolki-do-podwojnego-podajnika-drutu-stali-20-25-wsparcie-laserowe2.jpg\",\"contentUrl\":\"https:\/\/wsparcielaserowe.pl\/wp-content\/uploads\/2026\/02\/rolki-do-podwojnego-podajnika-drutu-stali-20-25-wsparcie-laserowe2.jpg\",\"width\":1200,\"height\":1200,\"caption\":\"Rolka podajnika do grubego drutu stalowego 2.0 mm do przemys\u0142owych spawarek laserowych.\"},{\"@type\":\"BreadcrumbList\",\"@id\":\"https:\/\/wsparcielaserowe.pl\/produkt\/rolki-2-0-mm-i-2-5-mm-do-podwojnego-podajnika-spawanie-stali\/#breadcrumb\",\"itemListElement\":[{\"@type\":\"ListItem\",\"position\":1,\"name\":\"Strona g\u0142\u00f3wna\",\"item\":\"https:\/\/wsparcielaserowe.pl\/\"},{\"@type\":\"ListItem\",\"position\":2,\"name\":\"Sklep\",\"item\":\"https:\/\/wsparcielaserowe.pl\/sklep-spawalniczy-wsparcie-laserowe\/\"},{\"@type\":\"ListItem\",\"position\":3,\"name\":\"Rolki 2.0 mm i 2.5 mm do podw\u00f3jnego podajnika, spawanie stali\"}]},{\"@type\":\"WebSite\",\"@id\":\"https:\/\/wsparcielaserowe.pl\/#website\",\"url\":\"https:\/\/wsparcielaserowe.pl\/\",\"name\":\"Wsparcie Laserowe\",\"description\":\"\",\"potentialAction\":[{\"@type\":\"SearchAction\",\"target\":{\"@type\":\"EntryPoint\",\"urlTemplate\":\"https:\/\/wsparcielaserowe.pl\/?s={search_term_string}\"},\"query-input\":{\"@type\":\"PropertyValueSpecification\",\"valueRequired\":true,\"valueName\":\"search_term_string\"}}],\"inLanguage\":\"en-US\"}]}<\/script>\n<!-- \/ Yoast SEO plugin. -->","yoast_head_json":{"title":"Rolki 2.0 mm i 2.5 mm do podw\u00f3jnego podajnika, spawanie stali - Wsparcie Laserowe","description":"Profesjonalne rolki do podajnik\u00f3w drutu 2.0 i 2.5 mm. Zapewnij p\u0142ynne spawanie stali bez przestoj\u00f3w.","robots":{"index":"index","follow":"follow","max-snippet":"max-snippet:-1","max-image-preview":"max-image-preview:large","max-video-preview":"max-video-preview:-1"},"canonical":"https:\/\/wsparcielaserowe.pl\/en\/product\/rolki-2-0-mm-i-2-5-mm-do-podwojnego-podajnika-spawanie-stali\/","og_locale":"en_US","og_type":"article","og_title":"Rolki 2.0 mm i 2.5 mm do podw\u00f3jnego podajnika, spawanie stali - Wsparcie Laserowe","og_description":"Profesjonalne rolki do podajnik\u00f3w drutu 2.0 i 2.5 mm. Zapewnij p\u0142ynne spawanie stali bez przestoj\u00f3w.","og_url":"https:\/\/wsparcielaserowe.pl\/en\/product\/rolki-2-0-mm-i-2-5-mm-do-podwojnego-podajnika-spawanie-stali\/","og_site_name":"Wsparcie Laserowe","article_modified_time":"2026-03-22T14:59:50+00:00","og_image":[{"width":1200,"height":1200,"url":"https:\/\/wsparcielaserowe.pl\/wp-content\/uploads\/2026\/02\/rolki-do-podwojnego-podajnika-drutu-stali-20-25-wsparcie-laserowe2.jpg","type":"image\/jpeg"}],"twitter_card":"summary_large_image","twitter_misc":{"Est. reading time":"2 minutes"},"schema":{"@context":"https:\/\/schema.org","@graph":[{"@type":"WebPage","@id":"https:\/\/wsparcielaserowe.pl\/produkt\/rolki-2-0-mm-i-2-5-mm-do-podwojnego-podajnika-spawanie-stali\/","url":"https:\/\/wsparcielaserowe.pl\/produkt\/rolki-2-0-mm-i-2-5-mm-do-podwojnego-podajnika-spawanie-stali\/","name":"Rolki 2.0 mm i 2.5 mm do podw\u00f3jnego podajnika, spawanie stali - Wsparcie Laserowe","isPartOf":{"@id":"https:\/\/wsparcielaserowe.pl\/#website"},"primaryImageOfPage":{"@id":"https:\/\/wsparcielaserowe.pl\/produkt\/rolki-2-0-mm-i-2-5-mm-do-podwojnego-podajnika-spawanie-stali\/#primaryimage"},"image":{"@id":"https:\/\/wsparcielaserowe.pl\/produkt\/rolki-2-0-mm-i-2-5-mm-do-podwojnego-podajnika-spawanie-stali\/#primaryimage"},"thumbnailUrl":"https:\/\/wsparcielaserowe.pl\/wp-content\/uploads\/2026\/02\/rolki-do-podwojnego-podajnika-drutu-stali-20-25-wsparcie-laserowe2.jpg","datePublished":"2026-02-21T20:46:07+00:00","dateModified":"2026-03-22T14:59:50+00:00","description":"Profesjonalne rolki do podajnik\u00f3w drutu 2.0 i 2.5 mm. Zapewnij p\u0142ynne spawanie stali bez przestoj\u00f3w.","breadcrumb":{"@id":"https:\/\/wsparcielaserowe.pl\/produkt\/rolki-2-0-mm-i-2-5-mm-do-podwojnego-podajnika-spawanie-stali\/#breadcrumb"},"inLanguage":"en-US","potentialAction":[{"@type":"ReadAction","target":["https:\/\/wsparcielaserowe.pl\/produkt\/rolki-2-0-mm-i-2-5-mm-do-podwojnego-podajnika-spawanie-stali\/"]}]},{"@type":"ImageObject","inLanguage":"en-US","@id":"https:\/\/wsparcielaserowe.pl\/produkt\/rolki-2-0-mm-i-2-5-mm-do-podwojnego-podajnika-spawanie-stali\/#primaryimage","url":"https:\/\/wsparcielaserowe.pl\/wp-content\/uploads\/2026\/02\/rolki-do-podwojnego-podajnika-drutu-stali-20-25-wsparcie-laserowe2.jpg","contentUrl":"https:\/\/wsparcielaserowe.pl\/wp-content\/uploads\/2026\/02\/rolki-do-podwojnego-podajnika-drutu-stali-20-25-wsparcie-laserowe2.jpg","width":1200,"height":1200,"caption":"Rolka podajnika do grubego drutu stalowego 2.0 mm do przemys\u0142owych spawarek laserowych."},{"@type":"BreadcrumbList","@id":"https:\/\/wsparcielaserowe.pl\/produkt\/rolki-2-0-mm-i-2-5-mm-do-podwojnego-podajnika-spawanie-stali\/#breadcrumb","itemListElement":[{"@type":"ListItem","position":1,"name":"Strona g\u0142\u00f3wna","item":"https:\/\/wsparcielaserowe.pl\/"},{"@type":"ListItem","position":2,"name":"Sklep","item":"https:\/\/wsparcielaserowe.pl\/sklep-spawalniczy-wsparcie-laserowe\/"},{"@type":"ListItem","position":3,"name":"Rolki 2.0 mm i 2.5 mm do podw\u00f3jnego podajnika, spawanie stali"}]},{"@type":"WebSite","@id":"https:\/\/wsparcielaserowe.pl\/#website","url":"https:\/\/wsparcielaserowe.pl\/","name":"Wsparcie Laserowe","description":"","potentialAction":[{"@type":"SearchAction","target":{"@type":"EntryPoint","urlTemplate":"https:\/\/wsparcielaserowe.pl\/?s={search_term_string}"},"query-input":{"@type":"PropertyValueSpecification","valueRequired":true,"valueName":"search_term_string"}}],"inLanguage":"en-US"}]}},"_links":{"self":[{"href":"https:\/\/wsparcielaserowe.pl\/en\/wp-json\/wp\/v2\/product\/18431","targetHints":{"allow":["GET"]}}],"collection":[{"href":"https:\/\/wsparcielaserowe.pl\/en\/wp-json\/wp\/v2\/product"}],"about":[{"href":"https:\/\/wsparcielaserowe.pl\/en\/wp-json\/wp\/v2\/types\/product"}],"version-history":[{"count":0,"href":"https:\/\/wsparcielaserowe.pl\/en\/wp-json\/wp\/v2\/product\/18431\/revisions"}],"wp:featuredmedia":[{"embeddable":true,"href":"https:\/\/wsparcielaserowe.pl\/en\/wp-json\/wp\/v2\/media\/18433"}],"wp:attachment":[{"href":"https:\/\/wsparcielaserowe.pl\/en\/wp-json\/wp\/v2\/media?parent=18431"}],"wp:term":[{"taxonomy":"product_brand","embeddable":true,"href":"https:\/\/wsparcielaserowe.pl\/en\/wp-json\/wp\/v2\/product_brand?post=18431"},{"taxonomy":"product_cat","embeddable":true,"href":"https:\/\/wsparcielaserowe.pl\/en\/wp-json\/wp\/v2\/product_cat?post=18431"},{"taxonomy":"product_tag","embeddable":true,"href":"https:\/\/wsparcielaserowe.pl\/en\/wp-json\/wp\/v2\/product_tag?post=18431"}],"curies":[{"name":"wp","href":"https:\/\/api.w.org\/{rel}","templated":true}]}}