{"id":18365,"date":"2026-02-15T11:47:43","date_gmt":"2026-02-15T10:47:43","guid":{"rendered":"https:\/\/wsparcielaserowe.pl\/?post_type=product&#038;p=18365"},"modified":"2026-03-22T17:45:13","modified_gmt":"2026-03-22T16:45:13","slug":"rolki-do-spawania-stali-1-2-mm-i-1-6-mm-komplet","status":"publish","type":"product","link":"https:\/\/wsparcielaserowe.pl\/en\/product\/rolki-do-spawania-stali-1-2-mm-i-1-6-mm-komplet\/","title":{"rendered":"Rolki do spawania stali 1.2 mm i 1.6 mm komplet"},"content":{"rendered":"<p data-path-to-node=\"6\">Nasze rolki oferuj\u0105 maksymaln\u0105 trakcj\u0119 bez ryzyka deformacji drutu. Precyzyjne wykonanie minimalizuje \u015bcieranie spoiwa, co bezpo\u015brednio chroni dysze i soczewki Twojej spawarki przed zabrudzeniem.<\/p>\n<table data-path-to-node=\"9\">\n<tbody>\n<tr>\n<td><span data-path-to-node=\"9,1,0,0\"><b data-path-to-node=\"9,1,0,0\" data-index-in-node=\"0\">Zastosowanie<\/b><\/span><\/td>\n<td><span data-path-to-node=\"9,1,1,0\">Spawanie laserowe stali<\/span><\/td>\n<\/tr>\n<tr>\n<td><span data-path-to-node=\"9,2,0,0\"><b data-path-to-node=\"9,2,0,0\" data-index-in-node=\"0\">Obs\u0142ugiwane \u015brednice<\/b><\/span><\/td>\n<td><span data-path-to-node=\"9,2,1,0\">1.2 mm \/ 1.6 mm<\/span><\/td>\n<\/tr>\n<tr>\n<td><span data-path-to-node=\"9,3,0,0\"><b data-path-to-node=\"9,3,0,0\" data-index-in-node=\"0\">Typ podawania<\/b><\/span><\/td>\n<td><span data-path-to-node=\"9,3,1,0\">Pojedyncze<\/span><\/td>\n<\/tr>\n<tr>\n<td><span data-path-to-node=\"9,4,0,0\"><b data-path-to-node=\"9,4,0,0\" data-index-in-node=\"0\">Liczba sztuk w zestawie<\/b><\/span><\/td>\n<td><span data-path-to-node=\"9,4,1,0\">2 sztuki (komplet)<\/span><\/td>\n<\/tr>\n<tr>\n<td><span data-path-to-node=\"9,5,0,0\"><b data-path-to-node=\"9,5,0,0\" data-index-in-node=\"0\">Materia\u0142<\/b><\/span><\/td>\n<td><span data-path-to-node=\"9,5,1,0\">Stal o podwy\u017cszonej odporno\u015bci na \u015bcieranie<\/span><\/td>\n<\/tr>\n<\/tbody>\n<\/table>\n<p>&nbsp;<\/p>\n<p><b data-path-to-node=\"15\" data-index-in-node=\"0\">W naszej sta\u0142ej ofercie znajdziesz rolki na druty o \u015brednicy:<\/b><a href=\"https:\/\/wsparcielaserowe.pl\/en\/product\/rolki-do-spawania-stali-0-8-1-0-mm-komplet\/\"> 0.8 mm i 1.0 mm<\/a> oraz <a href=\"https:\/\/wsparcielaserowe.pl\/en\/product\/rolki-do-spawania-stali-2-0-mm-i-2-5-mm-komplet\/\">2.0 mm i 2.5 mm<\/a>.<\/p>\n<p>Wsparcie Laserowe to nie tylko sklep, to Tw\u00f3j partner i profesjonalny <a href=\"https:\/\/wsparcielaserowe.pl\/en\/serwis-czesci\/\"><b data-path-to-node=\"13\" data-index-in-node=\"122\">serwis spawalniczy<\/b><\/a>.<\/p>\n<p><b data-path-to-node=\"16,0\" data-index-in-node=\"0\">Masz w\u0105tpliwo\u015bci, kt\u00f3re rolki wybra\u0107?<\/b> <a href=\"https:\/\/wsparcielaserowe.pl\/en\/kontakt-wsparcie-laserowe-bialystok\/\">Napisz lub zadzwo\u0144<\/a> \u2013 nasz zesp\u00f3\u0142 ekspert\u00f3w pomo\u017ce Ci w konfiguracji sprz\u0119tu, aby Twoje spawanie laserowe by\u0142o maksymalnie efektywne!<\/p>\n<p>Czas wysy\u0142ki: 2 dni robocze<\/p>","protected":false},"excerpt":{"rendered":"<p><b data-path-to-node=\"12\" data-index-in-node=\"27\">Komplet dw\u00f3ch rolek prowadz\u0105cych<\/b> do podajnik\u00f3w drutu w systemach spawania laserowego. Komplet jest przeznaczony do pracy ze spoiwem ze stali w\u0119glowej nierdzewnej o \u015brednicach <b data-path-to-node=\"12\" data-index-in-node=\"202\">1.2 mm oraz 1.6 mm<\/b>. To idealne rozwi\u0105zanie dla przedsi\u0119biorstw, kt\u00f3re stawiaj\u0105 na wydajno\u015b\u0107 i niezawodno\u015b\u0107 proces\u00f3w produkcyjnych.<\/p>","protected":false},"featured_media":18363,"template":"","meta":[],"product_brand":[],"product_cat":[147,285,131],"product_tag":[246,275,273,274],"class_list":{"0":"post-18365","1":"product","2":"type-product","3":"status-publish","4":"has-post-thumbnail","6":"product_cat-czesci-zamienne-do-spawania-laserowego","7":"product_cat-rolki-do-pojedynczego-podwojnego-podajnika-drutu","8":"product_cat-sklep-spawalniczy-internetowy","9":"product_tag-rolki","10":"product_tag-rolki-do-aluminium","11":"product_tag-rolki-na-drut-2-0-i-2-5","12":"product_tag-rolki-pojedynczy-podajnik","14":"first","15":"instock","16":"taxable","17":"shipping-taxable","18":"purchasable","19":"product-type-simple"},"yoast_head":"<!-- This site is optimized with the Yoast SEO plugin v27.2 - https:\/\/yoast.com\/product\/yoast-seo-wordpress\/ -->\n<title>Rolki do spawania stali 1.2 mm i 1.6 mm komplet - Wsparcie Laserowe<\/title>\n<meta name=\"description\" content=\"Komplet rolek 1.2 i 1.6 mm do stali. Zapewnij precyzyjny posuw drutu i stabilne spawanie bez przestoj\u00f3w. Komplet rolek do podajnika drutu,.\" \/>\n<meta name=\"robots\" content=\"index, follow, max-snippet:-1, max-image-preview:large, max-video-preview:-1\" \/>\n<link rel=\"canonical\" href=\"https:\/\/wsparcielaserowe.pl\/en\/product\/rolki-do-spawania-stali-1-2-mm-i-1-6-mm-komplet\/\" \/>\n<meta property=\"og:locale\" content=\"en_US\" \/>\n<meta property=\"og:type\" content=\"article\" \/>\n<meta property=\"og:title\" content=\"Rolki do spawania stali 1.2 mm i 1.6 mm komplet - Wsparcie Laserowe\" \/>\n<meta property=\"og:description\" content=\"Komplet rolek 1.2 i 1.6 mm do stali. Zapewnij precyzyjny posuw drutu i stabilne spawanie bez przestoj\u00f3w. Komplet rolek do podajnika drutu,.\" \/>\n<meta property=\"og:url\" content=\"https:\/\/wsparcielaserowe.pl\/en\/product\/rolki-do-spawania-stali-1-2-mm-i-1-6-mm-komplet\/\" \/>\n<meta property=\"og:site_name\" content=\"Wsparcie Laserowe\" \/>\n<meta property=\"article:modified_time\" content=\"2026-03-22T16:45:13+00:00\" \/>\n<meta property=\"og:image\" content=\"https:\/\/wsparcielaserowe.pl\/wp-content\/uploads\/2026\/02\/rolki-do-stali-pojedynczy-podajnik-12-16-wsparcie-laserowe.jpg\" \/>\n\t<meta property=\"og:image:width\" content=\"1200\" \/>\n\t<meta property=\"og:image:height\" content=\"1200\" \/>\n\t<meta property=\"og:image:type\" content=\"image\/jpeg\" \/>\n<meta name=\"twitter:card\" content=\"summary_large_image\" \/>\n<meta name=\"twitter:label1\" content=\"Est. reading time\" \/>\n\t<meta name=\"twitter:data1\" content=\"1 minute\" \/>\n<script type=\"application\/ld+json\" class=\"yoast-schema-graph\">{\"@context\":\"https:\/\/schema.org\",\"@graph\":[{\"@type\":\"WebPage\",\"@id\":\"https:\/\/wsparcielaserowe.pl\/produkt\/rolki-do-spawania-stali-1-2-mm-i-1-6-mm-komplet\/\",\"url\":\"https:\/\/wsparcielaserowe.pl\/produkt\/rolki-do-spawania-stali-1-2-mm-i-1-6-mm-komplet\/\",\"name\":\"Rolki do spawania stali 1.2 mm i 1.6 mm komplet - Wsparcie Laserowe\",\"isPartOf\":{\"@id\":\"https:\/\/wsparcielaserowe.pl\/#website\"},\"primaryImageOfPage\":{\"@id\":\"https:\/\/wsparcielaserowe.pl\/produkt\/rolki-do-spawania-stali-1-2-mm-i-1-6-mm-komplet\/#primaryimage\"},\"image\":{\"@id\":\"https:\/\/wsparcielaserowe.pl\/produkt\/rolki-do-spawania-stali-1-2-mm-i-1-6-mm-komplet\/#primaryimage\"},\"thumbnailUrl\":\"https:\/\/wsparcielaserowe.pl\/wp-content\/uploads\/2026\/02\/rolki-do-stali-pojedynczy-podajnik-12-16-wsparcie-laserowe.jpg\",\"datePublished\":\"2026-02-15T10:47:43+00:00\",\"dateModified\":\"2026-03-22T16:45:13+00:00\",\"description\":\"Komplet rolek 1.2 i 1.6 mm do stali. Zapewnij precyzyjny posuw drutu i stabilne spawanie bez przestoj\u00f3w. Komplet rolek do podajnika drutu,.\",\"breadcrumb\":{\"@id\":\"https:\/\/wsparcielaserowe.pl\/produkt\/rolki-do-spawania-stali-1-2-mm-i-1-6-mm-komplet\/#breadcrumb\"},\"inLanguage\":\"en-US\",\"potentialAction\":[{\"@type\":\"ReadAction\",\"target\":[\"https:\/\/wsparcielaserowe.pl\/produkt\/rolki-do-spawania-stali-1-2-mm-i-1-6-mm-komplet\/\"]}]},{\"@type\":\"ImageObject\",\"inLanguage\":\"en-US\",\"@id\":\"https:\/\/wsparcielaserowe.pl\/produkt\/rolki-do-spawania-stali-1-2-mm-i-1-6-mm-komplet\/#primaryimage\",\"url\":\"https:\/\/wsparcielaserowe.pl\/wp-content\/uploads\/2026\/02\/rolki-do-stali-pojedynczy-podajnik-12-16-wsparcie-laserowe.jpg\",\"contentUrl\":\"https:\/\/wsparcielaserowe.pl\/wp-content\/uploads\/2026\/02\/rolki-do-stali-pojedynczy-podajnik-12-16-wsparcie-laserowe.jpg\",\"width\":1200,\"height\":1200,\"caption\":\"Komplet dw\u00f3ch rolek do pojedynczego podawania drutu o \u015brednicach 1.2mm i 1.6mm do spawania stali. Rolki do spawania laserowego. Wsparcie techniczne.\"},{\"@type\":\"BreadcrumbList\",\"@id\":\"https:\/\/wsparcielaserowe.pl\/produkt\/rolki-do-spawania-stali-1-2-mm-i-1-6-mm-komplet\/#breadcrumb\",\"itemListElement\":[{\"@type\":\"ListItem\",\"position\":1,\"name\":\"Strona g\u0142\u00f3wna\",\"item\":\"https:\/\/wsparcielaserowe.pl\/\"},{\"@type\":\"ListItem\",\"position\":2,\"name\":\"Sklep\",\"item\":\"https:\/\/wsparcielaserowe.pl\/sklep-spawalniczy-wsparcie-laserowe\/\"},{\"@type\":\"ListItem\",\"position\":3,\"name\":\"Rolki do spawania stali 1.2 mm i 1.6 mm komplet\"}]},{\"@type\":\"WebSite\",\"@id\":\"https:\/\/wsparcielaserowe.pl\/#website\",\"url\":\"https:\/\/wsparcielaserowe.pl\/\",\"name\":\"Wsparcie Laserowe\",\"description\":\"\",\"potentialAction\":[{\"@type\":\"SearchAction\",\"target\":{\"@type\":\"EntryPoint\",\"urlTemplate\":\"https:\/\/wsparcielaserowe.pl\/?s={search_term_string}\"},\"query-input\":{\"@type\":\"PropertyValueSpecification\",\"valueRequired\":true,\"valueName\":\"search_term_string\"}}],\"inLanguage\":\"en-US\"}]}<\/script>\n<!-- \/ Yoast SEO plugin. -->","yoast_head_json":{"title":"Rolki do spawania stali 1.2 mm i 1.6 mm komplet - Wsparcie Laserowe","description":"Komplet rolek 1.2 i 1.6 mm do stali. Zapewnij precyzyjny posuw drutu i stabilne spawanie bez przestoj\u00f3w. Komplet rolek do podajnika drutu,.","robots":{"index":"index","follow":"follow","max-snippet":"max-snippet:-1","max-image-preview":"max-image-preview:large","max-video-preview":"max-video-preview:-1"},"canonical":"https:\/\/wsparcielaserowe.pl\/en\/product\/rolki-do-spawania-stali-1-2-mm-i-1-6-mm-komplet\/","og_locale":"en_US","og_type":"article","og_title":"Rolki do spawania stali 1.2 mm i 1.6 mm komplet - Wsparcie Laserowe","og_description":"Komplet rolek 1.2 i 1.6 mm do stali. Zapewnij precyzyjny posuw drutu i stabilne spawanie bez przestoj\u00f3w. Komplet rolek do podajnika drutu,.","og_url":"https:\/\/wsparcielaserowe.pl\/en\/product\/rolki-do-spawania-stali-1-2-mm-i-1-6-mm-komplet\/","og_site_name":"Wsparcie Laserowe","article_modified_time":"2026-03-22T16:45:13+00:00","og_image":[{"width":1200,"height":1200,"url":"https:\/\/wsparcielaserowe.pl\/wp-content\/uploads\/2026\/02\/rolki-do-stali-pojedynczy-podajnik-12-16-wsparcie-laserowe.jpg","type":"image\/jpeg"}],"twitter_card":"summary_large_image","twitter_misc":{"Est. reading time":"1 minute"},"schema":{"@context":"https:\/\/schema.org","@graph":[{"@type":"WebPage","@id":"https:\/\/wsparcielaserowe.pl\/produkt\/rolki-do-spawania-stali-1-2-mm-i-1-6-mm-komplet\/","url":"https:\/\/wsparcielaserowe.pl\/produkt\/rolki-do-spawania-stali-1-2-mm-i-1-6-mm-komplet\/","name":"Rolki do spawania stali 1.2 mm i 1.6 mm komplet - Wsparcie Laserowe","isPartOf":{"@id":"https:\/\/wsparcielaserowe.pl\/#website"},"primaryImageOfPage":{"@id":"https:\/\/wsparcielaserowe.pl\/produkt\/rolki-do-spawania-stali-1-2-mm-i-1-6-mm-komplet\/#primaryimage"},"image":{"@id":"https:\/\/wsparcielaserowe.pl\/produkt\/rolki-do-spawania-stali-1-2-mm-i-1-6-mm-komplet\/#primaryimage"},"thumbnailUrl":"https:\/\/wsparcielaserowe.pl\/wp-content\/uploads\/2026\/02\/rolki-do-stali-pojedynczy-podajnik-12-16-wsparcie-laserowe.jpg","datePublished":"2026-02-15T10:47:43+00:00","dateModified":"2026-03-22T16:45:13+00:00","description":"Komplet rolek 1.2 i 1.6 mm do stali. Zapewnij precyzyjny posuw drutu i stabilne spawanie bez przestoj\u00f3w. Komplet rolek do podajnika drutu,.","breadcrumb":{"@id":"https:\/\/wsparcielaserowe.pl\/produkt\/rolki-do-spawania-stali-1-2-mm-i-1-6-mm-komplet\/#breadcrumb"},"inLanguage":"en-US","potentialAction":[{"@type":"ReadAction","target":["https:\/\/wsparcielaserowe.pl\/produkt\/rolki-do-spawania-stali-1-2-mm-i-1-6-mm-komplet\/"]}]},{"@type":"ImageObject","inLanguage":"en-US","@id":"https:\/\/wsparcielaserowe.pl\/produkt\/rolki-do-spawania-stali-1-2-mm-i-1-6-mm-komplet\/#primaryimage","url":"https:\/\/wsparcielaserowe.pl\/wp-content\/uploads\/2026\/02\/rolki-do-stali-pojedynczy-podajnik-12-16-wsparcie-laserowe.jpg","contentUrl":"https:\/\/wsparcielaserowe.pl\/wp-content\/uploads\/2026\/02\/rolki-do-stali-pojedynczy-podajnik-12-16-wsparcie-laserowe.jpg","width":1200,"height":1200,"caption":"Komplet dw\u00f3ch rolek do pojedynczego podawania drutu o \u015brednicach 1.2mm i 1.6mm do spawania stali. Rolki do spawania laserowego. Wsparcie techniczne."},{"@type":"BreadcrumbList","@id":"https:\/\/wsparcielaserowe.pl\/produkt\/rolki-do-spawania-stali-1-2-mm-i-1-6-mm-komplet\/#breadcrumb","itemListElement":[{"@type":"ListItem","position":1,"name":"Strona g\u0142\u00f3wna","item":"https:\/\/wsparcielaserowe.pl\/"},{"@type":"ListItem","position":2,"name":"Sklep","item":"https:\/\/wsparcielaserowe.pl\/sklep-spawalniczy-wsparcie-laserowe\/"},{"@type":"ListItem","position":3,"name":"Rolki do spawania stali 1.2 mm i 1.6 mm komplet"}]},{"@type":"WebSite","@id":"https:\/\/wsparcielaserowe.pl\/#website","url":"https:\/\/wsparcielaserowe.pl\/","name":"Wsparcie Laserowe","description":"","potentialAction":[{"@type":"SearchAction","target":{"@type":"EntryPoint","urlTemplate":"https:\/\/wsparcielaserowe.pl\/?s={search_term_string}"},"query-input":{"@type":"PropertyValueSpecification","valueRequired":true,"valueName":"search_term_string"}}],"inLanguage":"en-US"}]}},"_links":{"self":[{"href":"https:\/\/wsparcielaserowe.pl\/en\/wp-json\/wp\/v2\/product\/18365","targetHints":{"allow":["GET"]}}],"collection":[{"href":"https:\/\/wsparcielaserowe.pl\/en\/wp-json\/wp\/v2\/product"}],"about":[{"href":"https:\/\/wsparcielaserowe.pl\/en\/wp-json\/wp\/v2\/types\/product"}],"version-history":[{"count":0,"href":"https:\/\/wsparcielaserowe.pl\/en\/wp-json\/wp\/v2\/product\/18365\/revisions"}],"wp:featuredmedia":[{"embeddable":true,"href":"https:\/\/wsparcielaserowe.pl\/en\/wp-json\/wp\/v2\/media\/18363"}],"wp:attachment":[{"href":"https:\/\/wsparcielaserowe.pl\/en\/wp-json\/wp\/v2\/media?parent=18365"}],"wp:term":[{"taxonomy":"product_brand","embeddable":true,"href":"https:\/\/wsparcielaserowe.pl\/en\/wp-json\/wp\/v2\/product_brand?post=18365"},{"taxonomy":"product_cat","embeddable":true,"href":"https:\/\/wsparcielaserowe.pl\/en\/wp-json\/wp\/v2\/product_cat?post=18365"},{"taxonomy":"product_tag","embeddable":true,"href":"https:\/\/wsparcielaserowe.pl\/en\/wp-json\/wp\/v2\/product_tag?post=18365"}],"curies":[{"name":"wp","href":"https:\/\/api.w.org\/{rel}","templated":true}]}}