{"id":18340,"date":"2026-02-14T19:29:59","date_gmt":"2026-02-14T18:29:59","guid":{"rendered":"https:\/\/wsparcielaserowe.pl\/?post_type=product&#038;p=18340"},"modified":"2026-03-22T18:14:30","modified_gmt":"2026-03-22T17:14:30","slug":"rolki-do-spawania-aluminium-2-0-mm-i-2-5-mm-komplet","status":"publish","type":"product","link":"https:\/\/wsparcielaserowe.pl\/en\/product\/rolki-do-spawania-aluminium-2-0-mm-i-2-5-mm-komplet\/","title":{"rendered":"Rolki do spawania aluminium 2.0 mm i 2.5 mm komplet"},"content":{"rendered":"<p data-path-to-node=\"6\">W technologii takiej jak <b data-path-to-node=\"6\" data-index-in-node=\"25\">spawanie laserowe<\/b>, stabilno\u015b\u0107 podawania spoiwa bezpo\u015brednio wp\u0142ywa na powtarzalno\u015b\u0107 spoiny. Grubsze druty (2.0-2.5 mm) wymagaj\u0105 wi\u0119kszej si\u0142y prowadzenia, a jednocze\u015bnie wysokiej precyzji, by nie obci\u0105\u017ca\u0107 mechanizmu podajnika. Rolki od <b data-path-to-node=\"6\" data-index-in-node=\"261\">Wsparcia Laserowego<\/b> zapewniaj\u0105 optymaln\u0105 kontrol\u0119 nad drutem, co przek\u0142ada si\u0119 na:<\/p>\n<ul data-path-to-node=\"7\">\n<li>\n<p data-path-to-node=\"7,0,0\"><b data-path-to-node=\"7,0,0\" data-index-in-node=\"0\">Stabilno\u015b\u0107 \u0142uku laserowego:<\/b> r\u00f3wnomierny posuw eliminuje drgania i skoki napi\u0119cia, co gwarantuje g\u0142\u0119boki i estetyczny przetop.<\/p>\n<\/li>\n<li>\n<p data-path-to-node=\"7,1,0\"><b data-path-to-node=\"7,1,0\" data-index-in-node=\"0\">Wydajno\u015b\u0107 w ci\u0119\u017ckich pracach:<\/b> brak po\u015blizg\u00f3w drutu pozwala na p\u0142ynn\u0105 prac\u0119 przy \u0142\u0105czeniu grubych element\u00f3w konstrukcyjnych.<\/p>\n<\/li>\n<li>\n<p data-path-to-node=\"7,2,0\"><b data-path-to-node=\"7,2,0\" data-index-in-node=\"0\">D\u0142u\u017csz\u0105 \u017cywotno\u015b\u0107 sprz\u0119tu:<\/b> precyzyjnie wyprofilowane rowki zmniejszaj\u0105 opory tarcia, chroni\u0105c silnik podajnika przed przedwczesnym zu\u017cyciem.<\/p>\n<\/li>\n<\/ul>\n<table data-path-to-node=\"9\">\n<tbody>\n<tr>\n<td><span data-path-to-node=\"9,1,0,0\"><b data-path-to-node=\"9,1,0,0\" data-index-in-node=\"0\">Zastosowanie<\/b><\/span><\/td>\n<td><span data-path-to-node=\"9,1,1,0\">Spawanie laserowe aluminium<\/span><\/td>\n<\/tr>\n<tr>\n<td><span data-path-to-node=\"9,2,0,0\"><b data-path-to-node=\"9,2,0,0\" data-index-in-node=\"0\">Obs\u0142ugiwane \u015brednice<\/b><\/span><\/td>\n<td><span data-path-to-node=\"9,2,1,0\">2.0 mm \/ 2.5 mm<\/span><\/td>\n<\/tr>\n<tr>\n<td><span data-path-to-node=\"9,3,0,0\"><b data-path-to-node=\"9,3,0,0\" data-index-in-node=\"0\">Typ podawania<\/b><\/span><\/td>\n<td><span data-path-to-node=\"9,3,1,0\">Pojedyncze<\/span><\/td>\n<\/tr>\n<tr>\n<td><span data-path-to-node=\"9,4,0,0\"><b data-path-to-node=\"9,4,0,0\" data-index-in-node=\"0\">Liczba sztuk w zestawie<\/b><\/span><\/td>\n<td><span data-path-to-node=\"9,4,1,0\">2 sztuki (komplet)<\/span><\/td>\n<\/tr>\n<tr>\n<td><span data-path-to-node=\"9,5,0,0\"><b data-path-to-node=\"9,5,0,0\" data-index-in-node=\"0\">Materia\u0142<\/b><\/span><\/td>\n<td><span data-path-to-node=\"9,5,1,0\">Stal o podwy\u017cszonej odporno\u015bci na \u015bcieranie<\/span><\/td>\n<\/tr>\n<\/tbody>\n<\/table>\n<p>Zapewniamy nie tylko dost\u0119p do cz\u0119\u015bci, ale r\u00f3wnie\u017c fachowe doradztwo i kompleksowy <a href=\"https:\/\/wsparcielaserowe.pl\/en\/serwis-czesci\/\"><b data-path-to-node=\"13\" data-index-in-node=\"83\">serwis spawalniczy<\/b><\/a>. Dzi\u0119ki nam Twoja firma zawsze pracuje na najwy\u017cszych obrotach.<\/p>\n<p data-path-to-node=\"17\"><b data-path-to-node=\"17\" data-index-in-node=\"0\">Chcesz upewni\u0107 si\u0119, czy te rolki pasuj\u0105 do Twojego modelu podajnika?<\/b> <a href=\"https:\/\/wsparcielaserowe.pl\/en\/kontakt-wsparcie-laserowe-bialystok\/\"><strong>Skontaktuj si\u0119 z nam<\/strong>i<\/a> \u2013 nasi technicy rozwiej\u0105 Twoje w\u0105tpliwo\u015bci!<\/p>\n<p data-path-to-node=\"17\">W sprzeda\u017cy posiadamy r\u00f3wnie\u017c rolki na drut <a href=\"https:\/\/wsparcielaserowe.pl\/en\/product\/rolki-do-spawania-aluminium-0-8-mm-i-1-0-mm-komplet\/\">0.8 mm i 1.0 mm<\/a> oraz <a href=\"https:\/\/wsparcielaserowe.pl\/en\/product\/komplet-rolek-do-spawania-aluminium-12-mm-i-16-mm\/\">1.2 mm i 1.6mm<\/a>.<\/p>\n<p>Czas wysy\u0142ki: 2 dni robocze<\/p>","protected":false},"excerpt":{"rendered":"<p>Profesjonalny <b data-path-to-node=\"3\" data-index-in-node=\"41\">komplet dw\u00f3ch rolek prowadz\u0105cych<\/b>, dedykowany do zaawansowanych spawarek laserowych obs\u0142uguj\u0105cych grubsze spoiwa. Zestaw zosta\u0142 zaprojektowany do precyzyjnego, pojedynczego podawania drutu o \u015brednicach <b data-path-to-node=\"3\" data-index-in-node=\"242\">2.0 mm oraz 2.5 mm<\/b>. Dzi\u0119ki zastosowaniu wysokiej klasy hartowanych stop\u00f3w, rolki gwarantuj\u0105 stabilny posuw i doskona\u0142\u0105 przyczepno\u015b\u0107, co jest niezb\u0119dne do zachowania ci\u0105g\u0142o\u015bci procesu przy pracy z wi\u0119kszymi \u015brednicami.<\/p>","protected":false},"featured_media":18337,"template":"","meta":[],"product_brand":[],"product_cat":[147,285,131],"product_tag":[246,275,273,274],"class_list":{"0":"post-18340","1":"product","2":"type-product","3":"status-publish","4":"has-post-thumbnail","6":"product_cat-czesci-zamienne-do-spawania-laserowego","7":"product_cat-rolki-do-pojedynczego-podwojnego-podajnika-drutu","8":"product_cat-sklep-spawalniczy-internetowy","9":"product_tag-rolki","10":"product_tag-rolki-do-aluminium","11":"product_tag-rolki-na-drut-2-0-i-2-5","12":"product_tag-rolki-pojedynczy-podajnik","14":"first","15":"instock","16":"taxable","17":"shipping-taxable","18":"purchasable","19":"product-type-simple"},"yoast_head":"<!-- This site is optimized with the Yoast SEO plugin v27.2 - https:\/\/yoast.com\/product\/yoast-seo-wordpress\/ -->\n<title>Rolki do spawania aluminium 2.0 mm i 2.5 mm komplet - Wsparcie Laserowe<\/title>\n<meta name=\"description\" content=\"Komplet rolek do aluminium 2.0-2.5 mm do pojedynczego podajnika drutu. Zapewnij p\u0142ynny posuw bez gniecenia drutu. Zam\u00f3w teraz!\" \/>\n<meta name=\"robots\" content=\"index, follow, max-snippet:-1, max-image-preview:large, max-video-preview:-1\" \/>\n<link rel=\"canonical\" href=\"https:\/\/wsparcielaserowe.pl\/en\/product\/rolki-do-spawania-aluminium-2-0-mm-i-2-5-mm-komplet\/\" \/>\n<meta property=\"og:locale\" content=\"en_US\" \/>\n<meta property=\"og:type\" content=\"article\" \/>\n<meta property=\"og:title\" content=\"Rolki do spawania aluminium 2.0 mm i 2.5 mm komplet - Wsparcie Laserowe\" \/>\n<meta property=\"og:description\" content=\"Komplet rolek do aluminium 2.0-2.5 mm do pojedynczego podajnika drutu. Zapewnij p\u0142ynny posuw bez gniecenia drutu. Zam\u00f3w teraz!\" \/>\n<meta property=\"og:url\" content=\"https:\/\/wsparcielaserowe.pl\/en\/product\/rolki-do-spawania-aluminium-2-0-mm-i-2-5-mm-komplet\/\" \/>\n<meta property=\"og:site_name\" content=\"Wsparcie Laserowe\" \/>\n<meta property=\"article:modified_time\" content=\"2026-03-22T17:14:30+00:00\" \/>\n<meta property=\"og:image\" content=\"https:\/\/wsparcielaserowe.pl\/wp-content\/uploads\/2026\/02\/rolki-do-spawania-aluminium-zestaw20-25-wsparcie-laserowe.jpg\" \/>\n\t<meta property=\"og:image:width\" content=\"1200\" \/>\n\t<meta property=\"og:image:height\" content=\"1200\" \/>\n\t<meta property=\"og:image:type\" content=\"image\/jpeg\" \/>\n<meta name=\"twitter:card\" content=\"summary_large_image\" \/>\n<meta name=\"twitter:label1\" content=\"Est. reading time\" \/>\n\t<meta name=\"twitter:data1\" content=\"2 minutes\" \/>\n<script type=\"application\/ld+json\" class=\"yoast-schema-graph\">{\"@context\":\"https:\/\/schema.org\",\"@graph\":[{\"@type\":\"WebPage\",\"@id\":\"https:\/\/wsparcielaserowe.pl\/produkt\/rolki-do-spawania-aluminium-2-0-mm-i-2-5-mm-komplet\/\",\"url\":\"https:\/\/wsparcielaserowe.pl\/produkt\/rolki-do-spawania-aluminium-2-0-mm-i-2-5-mm-komplet\/\",\"name\":\"Rolki do spawania aluminium 2.0 mm i 2.5 mm komplet - Wsparcie Laserowe\",\"isPartOf\":{\"@id\":\"https:\/\/wsparcielaserowe.pl\/#website\"},\"primaryImageOfPage\":{\"@id\":\"https:\/\/wsparcielaserowe.pl\/produkt\/rolki-do-spawania-aluminium-2-0-mm-i-2-5-mm-komplet\/#primaryimage\"},\"image\":{\"@id\":\"https:\/\/wsparcielaserowe.pl\/produkt\/rolki-do-spawania-aluminium-2-0-mm-i-2-5-mm-komplet\/#primaryimage\"},\"thumbnailUrl\":\"https:\/\/wsparcielaserowe.pl\/wp-content\/uploads\/2026\/02\/rolki-do-spawania-aluminium-zestaw20-25-wsparcie-laserowe.jpg\",\"datePublished\":\"2026-02-14T18:29:59+00:00\",\"dateModified\":\"2026-03-22T17:14:30+00:00\",\"description\":\"Komplet rolek do aluminium 2.0-2.5 mm do pojedynczego podajnika drutu. Zapewnij p\u0142ynny posuw bez gniecenia drutu. Zam\u00f3w teraz!\",\"breadcrumb\":{\"@id\":\"https:\/\/wsparcielaserowe.pl\/produkt\/rolki-do-spawania-aluminium-2-0-mm-i-2-5-mm-komplet\/#breadcrumb\"},\"inLanguage\":\"en-US\",\"potentialAction\":[{\"@type\":\"ReadAction\",\"target\":[\"https:\/\/wsparcielaserowe.pl\/produkt\/rolki-do-spawania-aluminium-2-0-mm-i-2-5-mm-komplet\/\"]}]},{\"@type\":\"ImageObject\",\"inLanguage\":\"en-US\",\"@id\":\"https:\/\/wsparcielaserowe.pl\/produkt\/rolki-do-spawania-aluminium-2-0-mm-i-2-5-mm-komplet\/#primaryimage\",\"url\":\"https:\/\/wsparcielaserowe.pl\/wp-content\/uploads\/2026\/02\/rolki-do-spawania-aluminium-zestaw20-25-wsparcie-laserowe.jpg\",\"contentUrl\":\"https:\/\/wsparcielaserowe.pl\/wp-content\/uploads\/2026\/02\/rolki-do-spawania-aluminium-zestaw20-25-wsparcie-laserowe.jpg\",\"width\":1200,\"height\":1200,\"caption\":\"Rolki do spawania aluminium na drut 2.0 mm i 2.5 mm. Komplet rolek do pojedynczego podajnika drutu. Wsparcie Laserowe\"},{\"@type\":\"BreadcrumbList\",\"@id\":\"https:\/\/wsparcielaserowe.pl\/produkt\/rolki-do-spawania-aluminium-2-0-mm-i-2-5-mm-komplet\/#breadcrumb\",\"itemListElement\":[{\"@type\":\"ListItem\",\"position\":1,\"name\":\"Strona g\u0142\u00f3wna\",\"item\":\"https:\/\/wsparcielaserowe.pl\/\"},{\"@type\":\"ListItem\",\"position\":2,\"name\":\"Sklep\",\"item\":\"https:\/\/wsparcielaserowe.pl\/sklep-spawalniczy-wsparcie-laserowe\/\"},{\"@type\":\"ListItem\",\"position\":3,\"name\":\"Rolki do spawania aluminium 2.0 mm i 2.5 mm komplet\"}]},{\"@type\":\"WebSite\",\"@id\":\"https:\/\/wsparcielaserowe.pl\/#website\",\"url\":\"https:\/\/wsparcielaserowe.pl\/\",\"name\":\"Wsparcie Laserowe\",\"description\":\"\",\"potentialAction\":[{\"@type\":\"SearchAction\",\"target\":{\"@type\":\"EntryPoint\",\"urlTemplate\":\"https:\/\/wsparcielaserowe.pl\/?s={search_term_string}\"},\"query-input\":{\"@type\":\"PropertyValueSpecification\",\"valueRequired\":true,\"valueName\":\"search_term_string\"}}],\"inLanguage\":\"en-US\"}]}<\/script>\n<!-- \/ Yoast SEO plugin. -->","yoast_head_json":{"title":"Rolki do spawania aluminium 2.0 mm i 2.5 mm komplet - Wsparcie Laserowe","description":"Komplet rolek do aluminium 2.0-2.5 mm do pojedynczego podajnika drutu. Zapewnij p\u0142ynny posuw bez gniecenia drutu. Zam\u00f3w teraz!","robots":{"index":"index","follow":"follow","max-snippet":"max-snippet:-1","max-image-preview":"max-image-preview:large","max-video-preview":"max-video-preview:-1"},"canonical":"https:\/\/wsparcielaserowe.pl\/en\/product\/rolki-do-spawania-aluminium-2-0-mm-i-2-5-mm-komplet\/","og_locale":"en_US","og_type":"article","og_title":"Rolki do spawania aluminium 2.0 mm i 2.5 mm komplet - Wsparcie Laserowe","og_description":"Komplet rolek do aluminium 2.0-2.5 mm do pojedynczego podajnika drutu. Zapewnij p\u0142ynny posuw bez gniecenia drutu. Zam\u00f3w teraz!","og_url":"https:\/\/wsparcielaserowe.pl\/en\/product\/rolki-do-spawania-aluminium-2-0-mm-i-2-5-mm-komplet\/","og_site_name":"Wsparcie Laserowe","article_modified_time":"2026-03-22T17:14:30+00:00","og_image":[{"width":1200,"height":1200,"url":"https:\/\/wsparcielaserowe.pl\/wp-content\/uploads\/2026\/02\/rolki-do-spawania-aluminium-zestaw20-25-wsparcie-laserowe.jpg","type":"image\/jpeg"}],"twitter_card":"summary_large_image","twitter_misc":{"Est. reading time":"2 minutes"},"schema":{"@context":"https:\/\/schema.org","@graph":[{"@type":"WebPage","@id":"https:\/\/wsparcielaserowe.pl\/produkt\/rolki-do-spawania-aluminium-2-0-mm-i-2-5-mm-komplet\/","url":"https:\/\/wsparcielaserowe.pl\/produkt\/rolki-do-spawania-aluminium-2-0-mm-i-2-5-mm-komplet\/","name":"Rolki do spawania aluminium 2.0 mm i 2.5 mm komplet - Wsparcie Laserowe","isPartOf":{"@id":"https:\/\/wsparcielaserowe.pl\/#website"},"primaryImageOfPage":{"@id":"https:\/\/wsparcielaserowe.pl\/produkt\/rolki-do-spawania-aluminium-2-0-mm-i-2-5-mm-komplet\/#primaryimage"},"image":{"@id":"https:\/\/wsparcielaserowe.pl\/produkt\/rolki-do-spawania-aluminium-2-0-mm-i-2-5-mm-komplet\/#primaryimage"},"thumbnailUrl":"https:\/\/wsparcielaserowe.pl\/wp-content\/uploads\/2026\/02\/rolki-do-spawania-aluminium-zestaw20-25-wsparcie-laserowe.jpg","datePublished":"2026-02-14T18:29:59+00:00","dateModified":"2026-03-22T17:14:30+00:00","description":"Komplet rolek do aluminium 2.0-2.5 mm do pojedynczego podajnika drutu. Zapewnij p\u0142ynny posuw bez gniecenia drutu. Zam\u00f3w teraz!","breadcrumb":{"@id":"https:\/\/wsparcielaserowe.pl\/produkt\/rolki-do-spawania-aluminium-2-0-mm-i-2-5-mm-komplet\/#breadcrumb"},"inLanguage":"en-US","potentialAction":[{"@type":"ReadAction","target":["https:\/\/wsparcielaserowe.pl\/produkt\/rolki-do-spawania-aluminium-2-0-mm-i-2-5-mm-komplet\/"]}]},{"@type":"ImageObject","inLanguage":"en-US","@id":"https:\/\/wsparcielaserowe.pl\/produkt\/rolki-do-spawania-aluminium-2-0-mm-i-2-5-mm-komplet\/#primaryimage","url":"https:\/\/wsparcielaserowe.pl\/wp-content\/uploads\/2026\/02\/rolki-do-spawania-aluminium-zestaw20-25-wsparcie-laserowe.jpg","contentUrl":"https:\/\/wsparcielaserowe.pl\/wp-content\/uploads\/2026\/02\/rolki-do-spawania-aluminium-zestaw20-25-wsparcie-laserowe.jpg","width":1200,"height":1200,"caption":"Rolki do spawania aluminium na drut 2.0 mm i 2.5 mm. Komplet rolek do pojedynczego podajnika drutu. Wsparcie Laserowe"},{"@type":"BreadcrumbList","@id":"https:\/\/wsparcielaserowe.pl\/produkt\/rolki-do-spawania-aluminium-2-0-mm-i-2-5-mm-komplet\/#breadcrumb","itemListElement":[{"@type":"ListItem","position":1,"name":"Strona g\u0142\u00f3wna","item":"https:\/\/wsparcielaserowe.pl\/"},{"@type":"ListItem","position":2,"name":"Sklep","item":"https:\/\/wsparcielaserowe.pl\/sklep-spawalniczy-wsparcie-laserowe\/"},{"@type":"ListItem","position":3,"name":"Rolki do spawania aluminium 2.0 mm i 2.5 mm komplet"}]},{"@type":"WebSite","@id":"https:\/\/wsparcielaserowe.pl\/#website","url":"https:\/\/wsparcielaserowe.pl\/","name":"Wsparcie Laserowe","description":"","potentialAction":[{"@type":"SearchAction","target":{"@type":"EntryPoint","urlTemplate":"https:\/\/wsparcielaserowe.pl\/?s={search_term_string}"},"query-input":{"@type":"PropertyValueSpecification","valueRequired":true,"valueName":"search_term_string"}}],"inLanguage":"en-US"}]}},"_links":{"self":[{"href":"https:\/\/wsparcielaserowe.pl\/en\/wp-json\/wp\/v2\/product\/18340","targetHints":{"allow":["GET"]}}],"collection":[{"href":"https:\/\/wsparcielaserowe.pl\/en\/wp-json\/wp\/v2\/product"}],"about":[{"href":"https:\/\/wsparcielaserowe.pl\/en\/wp-json\/wp\/v2\/types\/product"}],"version-history":[{"count":0,"href":"https:\/\/wsparcielaserowe.pl\/en\/wp-json\/wp\/v2\/product\/18340\/revisions"}],"wp:featuredmedia":[{"embeddable":true,"href":"https:\/\/wsparcielaserowe.pl\/en\/wp-json\/wp\/v2\/media\/18337"}],"wp:attachment":[{"href":"https:\/\/wsparcielaserowe.pl\/en\/wp-json\/wp\/v2\/media?parent=18340"}],"wp:term":[{"taxonomy":"product_brand","embeddable":true,"href":"https:\/\/wsparcielaserowe.pl\/en\/wp-json\/wp\/v2\/product_brand?post=18340"},{"taxonomy":"product_cat","embeddable":true,"href":"https:\/\/wsparcielaserowe.pl\/en\/wp-json\/wp\/v2\/product_cat?post=18340"},{"taxonomy":"product_tag","embeddable":true,"href":"https:\/\/wsparcielaserowe.pl\/en\/wp-json\/wp\/v2\/product_tag?post=18340"}],"curies":[{"name":"wp","href":"https:\/\/api.w.org\/{rel}","templated":true}]}}