{"id":18313,"date":"2026-01-27T15:12:34","date_gmt":"2026-01-27T14:12:34","guid":{"rendered":"https:\/\/wsparcielaserowe.pl\/?post_type=product&#038;p=18313"},"modified":"2026-03-22T18:26:35","modified_gmt":"2026-03-22T17:26:35","slug":"glowica-do-spawania-laserowego-sup","status":"publish","type":"product","link":"https:\/\/wsparcielaserowe.pl\/en\/product\/glowica-do-spawania-laserowego-sup\/","title":{"rendered":"G\u0142owica do spawania laserowego SUP33T"},"content":{"rendered":"<p>Dzi\u0119ki zastosowaniu specjalnego, <strong>wytrzyma\u0142ego tworzywa<\/strong>, konstrukcja jest <strong>niezwykle por\u0119czna i lekka<\/strong>, co doceni ka\u017cdy operator ceni\u0105cy sobie swobod\u0119 ruch\u00f3w.<\/p>\n<p>Najwi\u0119kszym udogodnieniem jest <strong>mo\u017cliwo\u015b\u0107 zmiany program\u00f3w spawania bezpo\u015brednio za pomoc\u0105 przycisk\u00f3w umieszczonych na samej g\u0142owicy<\/strong> \u2013 nie trzeba ju\u017c odrywa\u0107 si\u0119 od pracy i podchodzi\u0107 do panelu maszyny, aby skorygowa\u0107 ustawienia.<\/p>\n<p>Dodatkowo urz\u0105dzenie to nie s\u0142u\u017cy tylko do \u0142\u0105czenia metalu, poniewa\u017c posiada funkcj\u0119 szerokiego czyszczenia powierzchni a\u017c do 80 mm. Pozwala to b\u0142yskawicznie przygotowa\u0107 materia\u0142 przed spawaniem lub oczy\u015bci\u0107 go po zako\u0144czeniu zadania.<\/p>\n<p>To nowoczesne, jednoosiowe rozwi\u0105zanie \u0142\u0105czy w sobie prostot\u0119 obs\u0142ugi z wielofunkcyjno\u015bci\u0105, sprawiaj\u0105c, \u017ce spawanie laserowe staje si\u0119 szybsze, l\u017cejsze i bardziej efektywne.<\/p>\n<p>Je\u015bli potrzebujesz dodatkowego wsparcia, oferujemy r\u00f3wnie\u017c <b>mo\u017cliwo\u015b\u0107 monta\u017cu u Klienta za dodatkow\u0105 op\u0142at\u0105<\/b>, zapewniaj\u0105c Ci pe\u0142ne wsparcie techniczne od <b>Wsparcie Laserowe<\/b>.<\/p>\n<p><b>Kluczowe cechy:<\/b><\/p>\n<ul>\n<li><b>Wielofunkcyjno\u015b\u0107:<\/b> 4w1 \u2013 spawanie, czyszczenie zdalne, czyszczenie spoin, ci\u0119cie.<\/li>\n<li><b>Uniwersalno\u015b\u0107 mocy:<\/b> kompatybilna ze \u017ar\u00f3d\u0142ami 1kW, 1.5kW, 2kW, 3kW.<\/li>\n<li><b>Precyzyjna kontrola:<\/b> jednoosiowa regulacja \u015brednicy wi\u0105zki od 0,5 do 5mm.<\/li>\n<li><b>Ergonomia:<\/b> lekka i komfortowa konstrukcja.<\/li>\n<li><b>Bezpiecze\u0144stwo:<\/b> automatyczne wy\u0142\u0105czanie wi\u0105zki dla ochrony operatora.<\/li>\n<li><b>Kompleksowy zestaw:<\/b> g\u0142owica i przystawka do czyszczenia zdalnego w komplecie.<\/li>\n<li><b>Wsparcie techniczne:<\/b> instrukta\u017c monta\u017cu w cenie, opcjonalny monta\u017c u Klienta.<\/li>\n<\/ul>\n<p>W naszym sklepie dost\u0119pny jest r\u00f3wnie\u017c <a href=\"https:\/\/wsparcielaserowe.pl\/en\/product\/stojak-na-glowice-do-spawania-laserowego\/\">dedykowany stojak<\/a> montowany do sto\u0142u.<\/p>","protected":false},"excerpt":{"rendered":"<p><strong>G\u0142owica do spawania laserowego SUP33T<\/strong> to najmniejszy i najl\u017cejszy model dost\u0119pny obecnie na rynku. D\u0142o\u0144 i nadgarstek nie m\u0119cz\u0105 si\u0119 nawet przy wielogodzinnym spawaniu.<\/p>","protected":false},"featured_media":18314,"template":"","meta":[],"product_brand":[],"product_cat":[147,212,131],"product_tag":[206,209,211,210,207],"class_list":{"0":"post-18313","1":"product","2":"type-product","3":"status-publish","4":"has-post-thumbnail","6":"product_cat-czesci-zamienne-do-spawania-laserowego","7":"product_cat-glowice","8":"product_cat-sklep-spawalniczy-internetowy","9":"product_tag-akcesoria","10":"product_tag-glowica-do-spawania","11":"product_tag-glowica-do-spawania-laserowego","12":"product_tag-pistolet-do-spawania-laserowego","13":"product_tag-wyposazenie","15":"first","16":"instock","17":"taxable","18":"shipping-taxable","19":"purchasable","20":"product-type-simple"},"yoast_head":"<!-- This site is optimized with the Yoast SEO plugin v27.6 - https:\/\/yoast.com\/product\/yoast-seo-wordpress\/ -->\n<title>G\u0142owica do spawania laserowego SUP33T - Wsparcie Laserowe<\/title>\n<meta name=\"description\" content=\"Postaw na precyzj\u0119 z g\u0142owic\u0105 SUP363T. Lekka, wydajna i niezawodna g\u0142owica do spawania laserowego. Mo\u017cliwo\u015b\u0107 monta\u017cu u klienta. Sprawd\u017a szczeg\u00f3\u0142y.\" \/>\n<meta name=\"robots\" content=\"index, follow, max-snippet:-1, max-image-preview:large, max-video-preview:-1\" \/>\n<link rel=\"canonical\" href=\"https:\/\/wsparcielaserowe.pl\/en\/product\/glowica-do-spawania-laserowego-sup\/\" \/>\n<meta property=\"og:locale\" content=\"en_US\" \/>\n<meta property=\"og:type\" content=\"article\" \/>\n<meta property=\"og:title\" content=\"G\u0142owica do spawania laserowego SUP33T - Wsparcie Laserowe\" \/>\n<meta property=\"og:description\" content=\"Postaw na precyzj\u0119 z g\u0142owic\u0105 SUP363T. Lekka, wydajna i niezawodna g\u0142owica do spawania laserowego. Mo\u017cliwo\u015b\u0107 monta\u017cu u klienta. Sprawd\u017a szczeg\u00f3\u0142y.\" \/>\n<meta property=\"og:url\" content=\"https:\/\/wsparcielaserowe.pl\/en\/product\/glowica-do-spawania-laserowego-sup\/\" \/>\n<meta property=\"og:site_name\" content=\"Wsparcie Laserowe\" \/>\n<meta property=\"article:modified_time\" content=\"2026-03-22T17:26:35+00:00\" \/>\n<meta property=\"og:image\" content=\"https:\/\/wsparcielaserowe.pl\/wp-content\/uploads\/2026\/01\/glowica-spawanie-laserowe-sup33t-wsparcie-laserowe.jpg\" \/>\n\t<meta property=\"og:image:width\" content=\"1200\" \/>\n\t<meta property=\"og:image:height\" content=\"1200\" \/>\n\t<meta property=\"og:image:type\" content=\"image\/jpeg\" \/>\n<meta name=\"twitter:card\" content=\"summary_large_image\" \/>\n<meta name=\"twitter:label1\" content=\"Est. reading time\" \/>\n\t<meta name=\"twitter:data1\" content=\"2 minutes\" \/>\n<script type=\"application\/ld+json\" class=\"yoast-schema-graph\">{\"@context\":\"https:\\\/\\\/schema.org\",\"@graph\":[{\"@type\":\"WebPage\",\"@id\":\"https:\\\/\\\/wsparcielaserowe.pl\\\/produkt\\\/glowica-do-spawania-laserowego-sup\\\/\",\"url\":\"https:\\\/\\\/wsparcielaserowe.pl\\\/produkt\\\/glowica-do-spawania-laserowego-sup\\\/\",\"name\":\"G\u0142owica do spawania laserowego SUP33T - Wsparcie Laserowe\",\"isPartOf\":{\"@id\":\"https:\\\/\\\/wsparcielaserowe.pl\\\/#website\"},\"primaryImageOfPage\":{\"@id\":\"https:\\\/\\\/wsparcielaserowe.pl\\\/produkt\\\/glowica-do-spawania-laserowego-sup\\\/#primaryimage\"},\"image\":{\"@id\":\"https:\\\/\\\/wsparcielaserowe.pl\\\/produkt\\\/glowica-do-spawania-laserowego-sup\\\/#primaryimage\"},\"thumbnailUrl\":\"https:\\\/\\\/wsparcielaserowe.pl\\\/wp-content\\\/uploads\\\/2026\\\/01\\\/glowica-spawanie-laserowe-sup33t-wsparcie-laserowe.jpg\",\"datePublished\":\"2026-01-27T14:12:34+00:00\",\"dateModified\":\"2026-03-22T17:26:35+00:00\",\"description\":\"Postaw na precyzj\u0119 z g\u0142owic\u0105 SUP363T. Lekka, wydajna i niezawodna g\u0142owica do spawania laserowego. Mo\u017cliwo\u015b\u0107 monta\u017cu u klienta. Sprawd\u017a szczeg\u00f3\u0142y.\",\"breadcrumb\":{\"@id\":\"https:\\\/\\\/wsparcielaserowe.pl\\\/produkt\\\/glowica-do-spawania-laserowego-sup\\\/#breadcrumb\"},\"inLanguage\":\"en-US\",\"potentialAction\":[{\"@type\":\"ReadAction\",\"target\":[\"https:\\\/\\\/wsparcielaserowe.pl\\\/produkt\\\/glowica-do-spawania-laserowego-sup\\\/\"]}]},{\"@type\":\"ImageObject\",\"inLanguage\":\"en-US\",\"@id\":\"https:\\\/\\\/wsparcielaserowe.pl\\\/produkt\\\/glowica-do-spawania-laserowego-sup\\\/#primaryimage\",\"url\":\"https:\\\/\\\/wsparcielaserowe.pl\\\/wp-content\\\/uploads\\\/2026\\\/01\\\/glowica-spawanie-laserowe-sup33t-wsparcie-laserowe.jpg\",\"contentUrl\":\"https:\\\/\\\/wsparcielaserowe.pl\\\/wp-content\\\/uploads\\\/2026\\\/01\\\/glowica-spawanie-laserowe-sup33t-wsparcie-laserowe.jpg\",\"width\":1200,\"height\":1200,\"caption\":\"Lekka i por\u0119czna g\u0142owica laserowa SUP33T. Najnowsza g\u0142owica do spawania laserowego. Lekki pistolet do spawania laserem. Polski producent. Wsparcie Laserowe. Serwis spawarek\"},{\"@type\":\"BreadcrumbList\",\"@id\":\"https:\\\/\\\/wsparcielaserowe.pl\\\/produkt\\\/glowica-do-spawania-laserowego-sup\\\/#breadcrumb\",\"itemListElement\":[{\"@type\":\"ListItem\",\"position\":1,\"name\":\"Strona g\u0142\u00f3wna\",\"item\":\"https:\\\/\\\/wsparcielaserowe.pl\\\/\"},{\"@type\":\"ListItem\",\"position\":2,\"name\":\"Sklep\",\"item\":\"https:\\\/\\\/wsparcielaserowe.pl\\\/sklep-spawalniczy-wsparcie-laserowe\\\/\"},{\"@type\":\"ListItem\",\"position\":3,\"name\":\"G\u0142owica do spawania laserowego SUP33T\"}]},{\"@type\":\"WebSite\",\"@id\":\"https:\\\/\\\/wsparcielaserowe.pl\\\/#website\",\"url\":\"https:\\\/\\\/wsparcielaserowe.pl\\\/\",\"name\":\"Wsparcie Laserowe\",\"description\":\"\",\"potentialAction\":[{\"@type\":\"SearchAction\",\"target\":{\"@type\":\"EntryPoint\",\"urlTemplate\":\"https:\\\/\\\/wsparcielaserowe.pl\\\/?s={search_term_string}\"},\"query-input\":{\"@type\":\"PropertyValueSpecification\",\"valueRequired\":true,\"valueName\":\"search_term_string\"}}],\"inLanguage\":\"en-US\"}]}<\/script>\n<!-- \/ Yoast SEO plugin. -->","yoast_head_json":{"title":"G\u0142owica do spawania laserowego SUP33T - Wsparcie Laserowe","description":"Postaw na precyzj\u0119 z g\u0142owic\u0105 SUP363T. Lekka, wydajna i niezawodna g\u0142owica do spawania laserowego. Mo\u017cliwo\u015b\u0107 monta\u017cu u klienta. Sprawd\u017a szczeg\u00f3\u0142y.","robots":{"index":"index","follow":"follow","max-snippet":"max-snippet:-1","max-image-preview":"max-image-preview:large","max-video-preview":"max-video-preview:-1"},"canonical":"https:\/\/wsparcielaserowe.pl\/en\/product\/glowica-do-spawania-laserowego-sup\/","og_locale":"en_US","og_type":"article","og_title":"G\u0142owica do spawania laserowego SUP33T - Wsparcie Laserowe","og_description":"Postaw na precyzj\u0119 z g\u0142owic\u0105 SUP363T. Lekka, wydajna i niezawodna g\u0142owica do spawania laserowego. Mo\u017cliwo\u015b\u0107 monta\u017cu u klienta. Sprawd\u017a szczeg\u00f3\u0142y.","og_url":"https:\/\/wsparcielaserowe.pl\/en\/product\/glowica-do-spawania-laserowego-sup\/","og_site_name":"Wsparcie Laserowe","article_modified_time":"2026-03-22T17:26:35+00:00","og_image":[{"width":1200,"height":1200,"url":"https:\/\/wsparcielaserowe.pl\/wp-content\/uploads\/2026\/01\/glowica-spawanie-laserowe-sup33t-wsparcie-laserowe.jpg","type":"image\/jpeg"}],"twitter_card":"summary_large_image","twitter_misc":{"Est. reading time":"2 minutes"},"schema":{"@context":"https:\/\/schema.org","@graph":[{"@type":"WebPage","@id":"https:\/\/wsparcielaserowe.pl\/produkt\/glowica-do-spawania-laserowego-sup\/","url":"https:\/\/wsparcielaserowe.pl\/produkt\/glowica-do-spawania-laserowego-sup\/","name":"G\u0142owica do spawania laserowego SUP33T - Wsparcie Laserowe","isPartOf":{"@id":"https:\/\/wsparcielaserowe.pl\/#website"},"primaryImageOfPage":{"@id":"https:\/\/wsparcielaserowe.pl\/produkt\/glowica-do-spawania-laserowego-sup\/#primaryimage"},"image":{"@id":"https:\/\/wsparcielaserowe.pl\/produkt\/glowica-do-spawania-laserowego-sup\/#primaryimage"},"thumbnailUrl":"https:\/\/wsparcielaserowe.pl\/wp-content\/uploads\/2026\/01\/glowica-spawanie-laserowe-sup33t-wsparcie-laserowe.jpg","datePublished":"2026-01-27T14:12:34+00:00","dateModified":"2026-03-22T17:26:35+00:00","description":"Postaw na precyzj\u0119 z g\u0142owic\u0105 SUP363T. Lekka, wydajna i niezawodna g\u0142owica do spawania laserowego. Mo\u017cliwo\u015b\u0107 monta\u017cu u klienta. Sprawd\u017a szczeg\u00f3\u0142y.","breadcrumb":{"@id":"https:\/\/wsparcielaserowe.pl\/produkt\/glowica-do-spawania-laserowego-sup\/#breadcrumb"},"inLanguage":"en-US","potentialAction":[{"@type":"ReadAction","target":["https:\/\/wsparcielaserowe.pl\/produkt\/glowica-do-spawania-laserowego-sup\/"]}]},{"@type":"ImageObject","inLanguage":"en-US","@id":"https:\/\/wsparcielaserowe.pl\/produkt\/glowica-do-spawania-laserowego-sup\/#primaryimage","url":"https:\/\/wsparcielaserowe.pl\/wp-content\/uploads\/2026\/01\/glowica-spawanie-laserowe-sup33t-wsparcie-laserowe.jpg","contentUrl":"https:\/\/wsparcielaserowe.pl\/wp-content\/uploads\/2026\/01\/glowica-spawanie-laserowe-sup33t-wsparcie-laserowe.jpg","width":1200,"height":1200,"caption":"Lekka i por\u0119czna g\u0142owica laserowa SUP33T. Najnowsza g\u0142owica do spawania laserowego. Lekki pistolet do spawania laserem. Polski producent. Wsparcie Laserowe. Serwis spawarek"},{"@type":"BreadcrumbList","@id":"https:\/\/wsparcielaserowe.pl\/produkt\/glowica-do-spawania-laserowego-sup\/#breadcrumb","itemListElement":[{"@type":"ListItem","position":1,"name":"Strona g\u0142\u00f3wna","item":"https:\/\/wsparcielaserowe.pl\/"},{"@type":"ListItem","position":2,"name":"Sklep","item":"https:\/\/wsparcielaserowe.pl\/sklep-spawalniczy-wsparcie-laserowe\/"},{"@type":"ListItem","position":3,"name":"G\u0142owica do spawania laserowego SUP33T"}]},{"@type":"WebSite","@id":"https:\/\/wsparcielaserowe.pl\/#website","url":"https:\/\/wsparcielaserowe.pl\/","name":"Wsparcie Laserowe","description":"","potentialAction":[{"@type":"SearchAction","target":{"@type":"EntryPoint","urlTemplate":"https:\/\/wsparcielaserowe.pl\/?s={search_term_string}"},"query-input":{"@type":"PropertyValueSpecification","valueRequired":true,"valueName":"search_term_string"}}],"inLanguage":"en-US"}]}},"_links":{"self":[{"href":"https:\/\/wsparcielaserowe.pl\/en\/wp-json\/wp\/v2\/product\/18313","targetHints":{"allow":["GET"]}}],"collection":[{"href":"https:\/\/wsparcielaserowe.pl\/en\/wp-json\/wp\/v2\/product"}],"about":[{"href":"https:\/\/wsparcielaserowe.pl\/en\/wp-json\/wp\/v2\/types\/product"}],"version-history":[{"count":0,"href":"https:\/\/wsparcielaserowe.pl\/en\/wp-json\/wp\/v2\/product\/18313\/revisions"}],"wp:featuredmedia":[{"embeddable":true,"href":"https:\/\/wsparcielaserowe.pl\/en\/wp-json\/wp\/v2\/media\/18314"}],"wp:attachment":[{"href":"https:\/\/wsparcielaserowe.pl\/en\/wp-json\/wp\/v2\/media?parent=18313"}],"wp:term":[{"taxonomy":"product_brand","embeddable":true,"href":"https:\/\/wsparcielaserowe.pl\/en\/wp-json\/wp\/v2\/product_brand?post=18313"},{"taxonomy":"product_cat","embeddable":true,"href":"https:\/\/wsparcielaserowe.pl\/en\/wp-json\/wp\/v2\/product_cat?post=18313"},{"taxonomy":"product_tag","embeddable":true,"href":"https:\/\/wsparcielaserowe.pl\/en\/wp-json\/wp\/v2\/product_tag?post=18313"}],"curies":[{"name":"wp","href":"https:\/\/api.w.org\/{rel}","templated":true}]}}