{"id":18203,"date":"2025-12-18T13:59:56","date_gmt":"2025-12-18T12:59:56","guid":{"rendered":"https:\/\/wsparcielaserowe.pl\/?post_type=product&#038;p=18203"},"modified":"2026-03-24T15:23:43","modified_gmt":"2026-03-24T14:23:43","slug":"odciag-spawalniczy-freshweld","status":"publish","type":"product","link":"https:\/\/wsparcielaserowe.pl\/en\/product\/odciag-spawalniczy-freshweld\/","title":{"rendered":"Odci\u0105g spawalniczy FRESHWELD"},"content":{"rendered":"<h4 data-path-to-node=\"4\">Dlaczego warto wybra\u0107 model FRESHWELD?<\/h4>\n<ul>\n<li data-path-to-node=\"5,0,0\"><b data-path-to-node=\"5,0,0\" data-index-in-node=\"0\">bezpiecze\u0144stwo przeciwpo\u017carowe:<\/b> zastosowanie metalowej siatki <b data-path-to-node=\"5,0,0\" data-index-in-node=\"62\">MESH<\/b> s\u0142u\u017cy jako skuteczna bariera dla iskier. Minimalizuje to ryzyko zap\u0142onu wk\u0142adu filtracyjnego, co jest kluczowe w intensywnych procesach spawalniczych.<\/li>\n<li data-path-to-node=\"5,1,0\"><b data-path-to-node=\"5,1,0\" data-index-in-node=\"0\">inteligentne monitorowanie:<\/b> wbudowany <b data-path-to-node=\"5,1,0\" data-index-in-node=\"81\">sygna\u0142 \u015bwietlny<\/b> automatycznie poinformuje Ci\u0119 o stopniu nasycenia wk\u0142adu, dbaj\u0105c o sta\u0142\u0105 wydajno\u015b\u0107 odci\u0105gu.<\/li>\n<li data-path-to-node=\"5,2,0\"><b data-path-to-node=\"5,2,0\" data-index-in-node=\"0\">pe\u0142na mobilno\u015b\u0107:<\/b> niewielkie wymiary i skr\u0119tne ko\u0142a pozwalaj\u0105 na b\u0142yskawiczne przemieszczenie urz\u0105dzenia tam, gdzie jest aktualnie potrzebne. Idealne rozwi\u0105zanie do warsztat\u00f3w o zmiennej konfiguracji stanowisk.<\/li>\n<li data-path-to-node=\"5,3,0\"><b data-path-to-node=\"5,3,0\" data-index-in-node=\"0\">zgodno\u015b\u0107 i pewno\u015b\u0107:<\/b> urz\u0105dzenie zosta\u0142o zaprojektowane zgodnie z aktualnymi <b data-path-to-node=\"5,3,0\" data-index-in-node=\"75\">wymogami BHP<\/b>, a <b data-path-to-node=\"5,3,0\" data-index-in-node=\"91\">24-miesi\u0119czna gwarancja<\/b> potwierdza wysok\u0105 jako\u015b\u0107 wykonania i niezawodno\u015b\u0107 podzespo\u0142\u00f3w.<\/li>\n<\/ul>\n<p>Wymiary:<br \/>\nd\u0142ugo\u015b\u0107: 48 cm<br \/>\nszeroko\u015b\u0107: 48 cm<br \/>\nwysoko\u015b\u0107: 80 cm<br \/>\nd\u0142ugo\u015b\u0107 ramienia: 2 m<\/p>\n<p>Max przep\u0142yw powietrza: 850m\u00b3\/h<br \/>\nSkuteczno\u015b\u0107 filtracji: 90%<br \/>\nNapi\u0119cie sieciowe: 230V<br \/>\nMoc silnika: 0,35kW<\/p>\n<p>Odci\u0105g sprzedawany jest z filtrem ze stali czarnej.<\/p>\n<p>Istnieje mo\u017cliwo\u015b\u0107 zam\u00f3wienia filtru do spawania aluminium lub stali nierdzewnej- cena 290z\u0142 netto<\/p>","protected":false},"excerpt":{"rendered":"<p>Profesjonalny odpylacz filtracyjny stworzony z my\u015bl\u0105 o ograniczonej przestrzeni warsztatowej, przy jednoczesnym zachowaniu pe\u0142nej ochrony u\u017cytkownika. Dzi\u0119ki solidnej konstrukcji na ko\u0142ach i precyzyjnemu ramieniu odci\u0105gowemu, urz\u0105dzenie stanowi mobiln\u0105 barier\u0119 skutecznie chroni\u0105c\u0105 zdrowie spawacza.<\/p>","protected":false},"featured_media":18204,"template":"","meta":[],"product_brand":[],"product_cat":[164,249,131],"product_tag":[265,266,267],"class_list":{"0":"post-18203","1":"product","2":"type-product","3":"status-publish","4":"has-post-thumbnail","6":"product_cat-srodki-ochrony","7":"product_cat-dodatkowe-urzadzenia-do-spawania-laserowego","8":"product_cat-sklep-spawalniczy-internetowy","9":"product_tag-odciag","10":"product_tag-odciag-spawalniczy","11":"product_tag-odpylacz-filtracyjny","13":"first","14":"onbackorder","15":"taxable","16":"shipping-taxable","17":"purchasable","18":"product-type-simple"},"yoast_head":"<!-- This site is optimized with the Yoast SEO plugin v27.6 - https:\/\/yoast.com\/product\/yoast-seo-wordpress\/ -->\n<title>Odci\u0105g spawalniczy FRESHWELD - Wsparcie Laserowe<\/title>\n<meta name=\"description\" content=\"Wybierz mobilny odci\u0105g FreshWeld. Skuteczna filtracja dym\u00f3w i ochrona zdrowia podczas spawania laserem. Sprawd\u017a i zam\u00f3w online!\" \/>\n<meta name=\"robots\" content=\"index, follow, max-snippet:-1, max-image-preview:large, max-video-preview:-1\" \/>\n<link rel=\"canonical\" href=\"https:\/\/wsparcielaserowe.pl\/en\/product\/odciag-spawalniczy-freshweld\/\" \/>\n<meta property=\"og:locale\" content=\"en_US\" \/>\n<meta property=\"og:type\" content=\"article\" \/>\n<meta property=\"og:title\" content=\"Odci\u0105g spawalniczy FRESHWELD - Wsparcie Laserowe\" \/>\n<meta property=\"og:description\" content=\"Wybierz mobilny odci\u0105g FreshWeld. Skuteczna filtracja dym\u00f3w i ochrona zdrowia podczas spawania laserem. Sprawd\u017a i zam\u00f3w online!\" \/>\n<meta property=\"og:url\" content=\"https:\/\/wsparcielaserowe.pl\/en\/product\/odciag-spawalniczy-freshweld\/\" \/>\n<meta property=\"og:site_name\" content=\"Wsparcie Laserowe\" \/>\n<meta property=\"article:modified_time\" content=\"2026-03-24T14:23:43+00:00\" \/>\n<meta property=\"og:image\" content=\"https:\/\/wsparcielaserowe.pl\/wp-content\/uploads\/2025\/12\/odciag-spawanie-laserowe-pochlaniacz-pylu-wsparcie-laserowe.jpg\" \/>\n\t<meta property=\"og:image:width\" content=\"1200\" \/>\n\t<meta property=\"og:image:height\" content=\"1200\" \/>\n\t<meta property=\"og:image:type\" content=\"image\/jpeg\" \/>\n<meta name=\"twitter:card\" content=\"summary_large_image\" \/>\n<meta name=\"twitter:label1\" content=\"Est. reading time\" \/>\n\t<meta name=\"twitter:data1\" content=\"2 minutes\" \/>\n<script type=\"application\/ld+json\" class=\"yoast-schema-graph\">{\"@context\":\"https:\\\/\\\/schema.org\",\"@graph\":[{\"@type\":\"WebPage\",\"@id\":\"https:\\\/\\\/wsparcielaserowe.pl\\\/produkt\\\/odciag-spawalniczy-freshweld\\\/\",\"url\":\"https:\\\/\\\/wsparcielaserowe.pl\\\/produkt\\\/odciag-spawalniczy-freshweld\\\/\",\"name\":\"Odci\u0105g spawalniczy FRESHWELD - Wsparcie Laserowe\",\"isPartOf\":{\"@id\":\"https:\\\/\\\/wsparcielaserowe.pl\\\/#website\"},\"primaryImageOfPage\":{\"@id\":\"https:\\\/\\\/wsparcielaserowe.pl\\\/produkt\\\/odciag-spawalniczy-freshweld\\\/#primaryimage\"},\"image\":{\"@id\":\"https:\\\/\\\/wsparcielaserowe.pl\\\/produkt\\\/odciag-spawalniczy-freshweld\\\/#primaryimage\"},\"thumbnailUrl\":\"https:\\\/\\\/wsparcielaserowe.pl\\\/wp-content\\\/uploads\\\/2025\\\/12\\\/odciag-spawanie-laserowe-pochlaniacz-pylu-wsparcie-laserowe.jpg\",\"datePublished\":\"2025-12-18T12:59:56+00:00\",\"dateModified\":\"2026-03-24T14:23:43+00:00\",\"description\":\"Wybierz mobilny odci\u0105g FreshWeld. Skuteczna filtracja dym\u00f3w i ochrona zdrowia podczas spawania laserem. Sprawd\u017a i zam\u00f3w online!\",\"breadcrumb\":{\"@id\":\"https:\\\/\\\/wsparcielaserowe.pl\\\/produkt\\\/odciag-spawalniczy-freshweld\\\/#breadcrumb\"},\"inLanguage\":\"en-US\",\"potentialAction\":[{\"@type\":\"ReadAction\",\"target\":[\"https:\\\/\\\/wsparcielaserowe.pl\\\/produkt\\\/odciag-spawalniczy-freshweld\\\/\"]}]},{\"@type\":\"ImageObject\",\"inLanguage\":\"en-US\",\"@id\":\"https:\\\/\\\/wsparcielaserowe.pl\\\/produkt\\\/odciag-spawalniczy-freshweld\\\/#primaryimage\",\"url\":\"https:\\\/\\\/wsparcielaserowe.pl\\\/wp-content\\\/uploads\\\/2025\\\/12\\\/odciag-spawanie-laserowe-pochlaniacz-pylu-wsparcie-laserowe.jpg\",\"contentUrl\":\"https:\\\/\\\/wsparcielaserowe.pl\\\/wp-content\\\/uploads\\\/2025\\\/12\\\/odciag-spawanie-laserowe-pochlaniacz-pylu-wsparcie-laserowe.jpg\",\"width\":1200,\"height\":1200,\"caption\":\"Mobilny odpylacz filtracyjny FRESHWELD na ko\u0142ach z pojedynczym ramieniem odci\u0105gowym i kompaktow\u0105 obudow\u0105.\"},{\"@type\":\"BreadcrumbList\",\"@id\":\"https:\\\/\\\/wsparcielaserowe.pl\\\/produkt\\\/odciag-spawalniczy-freshweld\\\/#breadcrumb\",\"itemListElement\":[{\"@type\":\"ListItem\",\"position\":1,\"name\":\"Strona g\u0142\u00f3wna\",\"item\":\"https:\\\/\\\/wsparcielaserowe.pl\\\/\"},{\"@type\":\"ListItem\",\"position\":2,\"name\":\"Sklep\",\"item\":\"https:\\\/\\\/wsparcielaserowe.pl\\\/sklep-spawalniczy-wsparcie-laserowe\\\/\"},{\"@type\":\"ListItem\",\"position\":3,\"name\":\"Odci\u0105g spawalniczy FRESHWELD\"}]},{\"@type\":\"WebSite\",\"@id\":\"https:\\\/\\\/wsparcielaserowe.pl\\\/#website\",\"url\":\"https:\\\/\\\/wsparcielaserowe.pl\\\/\",\"name\":\"Wsparcie Laserowe\",\"description\":\"\",\"potentialAction\":[{\"@type\":\"SearchAction\",\"target\":{\"@type\":\"EntryPoint\",\"urlTemplate\":\"https:\\\/\\\/wsparcielaserowe.pl\\\/?s={search_term_string}\"},\"query-input\":{\"@type\":\"PropertyValueSpecification\",\"valueRequired\":true,\"valueName\":\"search_term_string\"}}],\"inLanguage\":\"en-US\"}]}<\/script>\n<!-- \/ Yoast SEO plugin. -->","yoast_head_json":{"title":"Odci\u0105g spawalniczy FRESHWELD - Wsparcie Laserowe","description":"Wybierz mobilny odci\u0105g FreshWeld. Skuteczna filtracja dym\u00f3w i ochrona zdrowia podczas spawania laserem. Sprawd\u017a i zam\u00f3w online!","robots":{"index":"index","follow":"follow","max-snippet":"max-snippet:-1","max-image-preview":"max-image-preview:large","max-video-preview":"max-video-preview:-1"},"canonical":"https:\/\/wsparcielaserowe.pl\/en\/product\/odciag-spawalniczy-freshweld\/","og_locale":"en_US","og_type":"article","og_title":"Odci\u0105g spawalniczy FRESHWELD - Wsparcie Laserowe","og_description":"Wybierz mobilny odci\u0105g FreshWeld. Skuteczna filtracja dym\u00f3w i ochrona zdrowia podczas spawania laserem. Sprawd\u017a i zam\u00f3w online!","og_url":"https:\/\/wsparcielaserowe.pl\/en\/product\/odciag-spawalniczy-freshweld\/","og_site_name":"Wsparcie Laserowe","article_modified_time":"2026-03-24T14:23:43+00:00","og_image":[{"width":1200,"height":1200,"url":"https:\/\/wsparcielaserowe.pl\/wp-content\/uploads\/2025\/12\/odciag-spawanie-laserowe-pochlaniacz-pylu-wsparcie-laserowe.jpg","type":"image\/jpeg"}],"twitter_card":"summary_large_image","twitter_misc":{"Est. reading time":"2 minutes"},"schema":{"@context":"https:\/\/schema.org","@graph":[{"@type":"WebPage","@id":"https:\/\/wsparcielaserowe.pl\/produkt\/odciag-spawalniczy-freshweld\/","url":"https:\/\/wsparcielaserowe.pl\/produkt\/odciag-spawalniczy-freshweld\/","name":"Odci\u0105g spawalniczy FRESHWELD - Wsparcie Laserowe","isPartOf":{"@id":"https:\/\/wsparcielaserowe.pl\/#website"},"primaryImageOfPage":{"@id":"https:\/\/wsparcielaserowe.pl\/produkt\/odciag-spawalniczy-freshweld\/#primaryimage"},"image":{"@id":"https:\/\/wsparcielaserowe.pl\/produkt\/odciag-spawalniczy-freshweld\/#primaryimage"},"thumbnailUrl":"https:\/\/wsparcielaserowe.pl\/wp-content\/uploads\/2025\/12\/odciag-spawanie-laserowe-pochlaniacz-pylu-wsparcie-laserowe.jpg","datePublished":"2025-12-18T12:59:56+00:00","dateModified":"2026-03-24T14:23:43+00:00","description":"Wybierz mobilny odci\u0105g FreshWeld. Skuteczna filtracja dym\u00f3w i ochrona zdrowia podczas spawania laserem. Sprawd\u017a i zam\u00f3w online!","breadcrumb":{"@id":"https:\/\/wsparcielaserowe.pl\/produkt\/odciag-spawalniczy-freshweld\/#breadcrumb"},"inLanguage":"en-US","potentialAction":[{"@type":"ReadAction","target":["https:\/\/wsparcielaserowe.pl\/produkt\/odciag-spawalniczy-freshweld\/"]}]},{"@type":"ImageObject","inLanguage":"en-US","@id":"https:\/\/wsparcielaserowe.pl\/produkt\/odciag-spawalniczy-freshweld\/#primaryimage","url":"https:\/\/wsparcielaserowe.pl\/wp-content\/uploads\/2025\/12\/odciag-spawanie-laserowe-pochlaniacz-pylu-wsparcie-laserowe.jpg","contentUrl":"https:\/\/wsparcielaserowe.pl\/wp-content\/uploads\/2025\/12\/odciag-spawanie-laserowe-pochlaniacz-pylu-wsparcie-laserowe.jpg","width":1200,"height":1200,"caption":"Mobilny odpylacz filtracyjny FRESHWELD na ko\u0142ach z pojedynczym ramieniem odci\u0105gowym i kompaktow\u0105 obudow\u0105."},{"@type":"BreadcrumbList","@id":"https:\/\/wsparcielaserowe.pl\/produkt\/odciag-spawalniczy-freshweld\/#breadcrumb","itemListElement":[{"@type":"ListItem","position":1,"name":"Strona g\u0142\u00f3wna","item":"https:\/\/wsparcielaserowe.pl\/"},{"@type":"ListItem","position":2,"name":"Sklep","item":"https:\/\/wsparcielaserowe.pl\/sklep-spawalniczy-wsparcie-laserowe\/"},{"@type":"ListItem","position":3,"name":"Odci\u0105g spawalniczy FRESHWELD"}]},{"@type":"WebSite","@id":"https:\/\/wsparcielaserowe.pl\/#website","url":"https:\/\/wsparcielaserowe.pl\/","name":"Wsparcie Laserowe","description":"","potentialAction":[{"@type":"SearchAction","target":{"@type":"EntryPoint","urlTemplate":"https:\/\/wsparcielaserowe.pl\/?s={search_term_string}"},"query-input":{"@type":"PropertyValueSpecification","valueRequired":true,"valueName":"search_term_string"}}],"inLanguage":"en-US"}]}},"_links":{"self":[{"href":"https:\/\/wsparcielaserowe.pl\/en\/wp-json\/wp\/v2\/product\/18203","targetHints":{"allow":["GET"]}}],"collection":[{"href":"https:\/\/wsparcielaserowe.pl\/en\/wp-json\/wp\/v2\/product"}],"about":[{"href":"https:\/\/wsparcielaserowe.pl\/en\/wp-json\/wp\/v2\/types\/product"}],"version-history":[{"count":0,"href":"https:\/\/wsparcielaserowe.pl\/en\/wp-json\/wp\/v2\/product\/18203\/revisions"}],"wp:featuredmedia":[{"embeddable":true,"href":"https:\/\/wsparcielaserowe.pl\/en\/wp-json\/wp\/v2\/media\/18204"}],"wp:attachment":[{"href":"https:\/\/wsparcielaserowe.pl\/en\/wp-json\/wp\/v2\/media?parent=18203"}],"wp:term":[{"taxonomy":"product_brand","embeddable":true,"href":"https:\/\/wsparcielaserowe.pl\/en\/wp-json\/wp\/v2\/product_brand?post=18203"},{"taxonomy":"product_cat","embeddable":true,"href":"https:\/\/wsparcielaserowe.pl\/en\/wp-json\/wp\/v2\/product_cat?post=18203"},{"taxonomy":"product_tag","embeddable":true,"href":"https:\/\/wsparcielaserowe.pl\/en\/wp-json\/wp\/v2\/product_tag?post=18203"}],"curies":[{"name":"wp","href":"https:\/\/api.w.org\/{rel}","templated":true}]}}