{"id":18105,"date":"2025-10-16T14:59:08","date_gmt":"2025-10-16T12:59:08","guid":{"rendered":"https:\/\/wsparcielaserowe.pl\/?post_type=product&#038;p=18105"},"modified":"2025-11-12T14:42:52","modified_gmt":"2025-11-12T13:42:52","slug":"wozek-na-spawarke-laserowa-chlodzona-powietrzem-wsparcie-laserowe","status":"publish","type":"product","link":"https:\/\/wsparcielaserowe.pl\/en\/product\/wozek-na-spawarke-laserowa-chlodzona-powietrzem-wsparcie-laserowe\/","title":{"rendered":"W\u00f3zek na spawark\u0119 laserow\u0105 ch\u0142odzon\u0105 powietrzem Wsparcie Laserowe"},"content":{"rendered":"<p>Ten dwupoziomowy w\u00f3zek zosta\u0142 zaprojektowany z my\u015bl\u0105 o ergonomii i optymalnym wykorzystaniu przestrzeni, tak aby kluczowe elementy by\u0142y zawsze pod r\u0119k\u0105 i w bezpiecznym miejscu:<\/p>\n<ul>\n<li><b>Dolny pok\u0142ad:<\/b> Dedykowany do stabilnego i bezpiecznego osadzenia <b>spawarki laserowej<\/b> (najcz\u0119\u015bciej kompaktowych urz\u0105dze\u0144 ch\u0142odzonych powietrzem).<\/li>\n<li><b>G\u00f3rny pok\u0142ad:<\/b> Idealne miejsce na <b>podajnik drutu<\/b>, zapewniaj\u0105ce swobodny i kontrolowany dost\u0119p do drutu spawalniczego podczas pracy.<\/li>\n<\/ul>\n<p>W\u00f3zek wykonany jest z <b>wysokiej jako\u015bci stali w\u0119glowej<\/b>, co gwarantuje jego wyj\u0105tkow\u0105 <b>wytrzyma\u0142o\u015b\u0107, stabilno\u015b\u0107 i odporno\u015b\u0107<\/b> na intensywne u\u017cytkowanie w warunkach warsztatowych. Malowany proszkowo. Solidna konstrukcja to pewno\u015b\u0107, \u017ce sprz\u0119t (nawet ten ci\u0119\u017cszy) jest bezpieczny podczas transportu.<\/p>\n<p>Kluczem do mobilno\u015bci s\u0105 <b>solidne k\u00f3\u0142ka<\/b>, kt\u00f3re pozwalaj\u0105 na \u0142atwe i p\u0142ynne manewrowanie w\u00f3zkiem nawet po nier\u00f3wnych powierzchniach warsztatu.<\/p>\n<p>Wymiary:<br \/>\nd\u0142ugo\u015b\u0107: 88 cm<br \/>\nszeroko\u015b\u0107: 42 cm<br \/>\nwysoko\u015b\u0107 80 cm<\/p>","protected":false},"excerpt":{"rendered":"<p><b>Solidny w\u00f3zek transportowy<\/b> przeznaczony do bezpiecznego i wygodnego przemieszczania Twojej <b>spawarki laserowej ch\u0142odzonej powietrzem<\/b> oraz jej akcesori\u00f3w. To idealne rozwi\u0105zanie, aby zamieni\u0107 stacjonarne urz\u0105dzenie w pe\u0142ni mobilne stanowisko pracy.<\/p>","protected":false},"featured_media":18108,"template":"","meta":[],"product_brand":[],"product_cat":[146,131],"product_tag":[206,205,251,252,207],"class_list":{"0":"post-18105","1":"product","2":"type-product","3":"status-publish","4":"has-post-thumbnail","6":"product_cat-akcesoria-do-spawania-laserowego","7":"product_cat-sklep-spawalniczy-internetowy","8":"product_tag-akcesoria","9":"product_tag-stojak","10":"product_tag-wozek","11":"product_tag-wozek-na-spawarke","12":"product_tag-wyposazenie","14":"first","15":"instock","16":"taxable","17":"shipping-taxable","18":"purchasable","19":"product-type-simple"},"yoast_head":"<!-- This site is optimized with the Yoast SEO plugin v27.2 - https:\/\/yoast.com\/product\/yoast-seo-wordpress\/ -->\n<title>W\u00f3zek na spawark\u0119 laserow\u0105 ch\u0142odzon\u0105 powietrzem Wsparcie Laserowe - Wsparcie Laserowe<\/title>\n<meta name=\"robots\" content=\"index, follow, max-snippet:-1, max-image-preview:large, max-video-preview:-1\" \/>\n<link rel=\"canonical\" href=\"https:\/\/wsparcielaserowe.pl\/en\/product\/wozek-na-spawarke-laserowa-chlodzona-powietrzem-wsparcie-laserowe\/\" \/>\n<meta property=\"og:locale\" content=\"en_US\" \/>\n<meta property=\"og:type\" content=\"article\" \/>\n<meta property=\"og:title\" content=\"W\u00f3zek na spawark\u0119 laserow\u0105 ch\u0142odzon\u0105 powietrzem Wsparcie Laserowe - Wsparcie Laserowe\" \/>\n<meta property=\"og:description\" content=\"Solidny w\u00f3zek transportowy przeznaczony do bezpiecznego i wygodnego przemieszczania Twojej spawarki laserowej ch\u0142odzonej powietrzem oraz jej akcesori\u00f3w. To idealne rozwi\u0105zanie, aby zamieni\u0107 stacjonarne urz\u0105dzenie w pe\u0142ni mobilne stanowisko pracy.\" \/>\n<meta property=\"og:url\" content=\"https:\/\/wsparcielaserowe.pl\/en\/product\/wozek-na-spawarke-laserowa-chlodzona-powietrzem-wsparcie-laserowe\/\" \/>\n<meta property=\"og:site_name\" content=\"Wsparcie Laserowe\" \/>\n<meta property=\"article:modified_time\" content=\"2025-11-12T13:42:52+00:00\" \/>\n<meta property=\"og:image\" content=\"https:\/\/wsparcielaserowe.pl\/wp-content\/uploads\/2025\/10\/stojak-mini-spawarke-bdp-rpoline-mini-wsparcie-laserowe3.jpg\" \/>\n\t<meta property=\"og:image:width\" content=\"1200\" \/>\n\t<meta property=\"og:image:height\" content=\"1200\" \/>\n\t<meta property=\"og:image:type\" content=\"image\/jpeg\" \/>\n<meta name=\"twitter:card\" content=\"summary_large_image\" \/>\n<meta name=\"twitter:label1\" content=\"Est. reading time\" \/>\n\t<meta name=\"twitter:data1\" content=\"1 minute\" \/>\n<script type=\"application\/ld+json\" class=\"yoast-schema-graph\">{\"@context\":\"https:\/\/schema.org\",\"@graph\":[{\"@type\":\"WebPage\",\"@id\":\"https:\/\/wsparcielaserowe.pl\/produkt\/wozek-na-spawarke-laserowa-chlodzona-powietrzem-wsparcie-laserowe\/\",\"url\":\"https:\/\/wsparcielaserowe.pl\/produkt\/wozek-na-spawarke-laserowa-chlodzona-powietrzem-wsparcie-laserowe\/\",\"name\":\"W\u00f3zek na spawark\u0119 laserow\u0105 ch\u0142odzon\u0105 powietrzem Wsparcie Laserowe - Wsparcie Laserowe\",\"isPartOf\":{\"@id\":\"https:\/\/wsparcielaserowe.pl\/#website\"},\"primaryImageOfPage\":{\"@id\":\"https:\/\/wsparcielaserowe.pl\/produkt\/wozek-na-spawarke-laserowa-chlodzona-powietrzem-wsparcie-laserowe\/#primaryimage\"},\"image\":{\"@id\":\"https:\/\/wsparcielaserowe.pl\/produkt\/wozek-na-spawarke-laserowa-chlodzona-powietrzem-wsparcie-laserowe\/#primaryimage\"},\"thumbnailUrl\":\"https:\/\/wsparcielaserowe.pl\/wp-content\/uploads\/2025\/10\/stojak-mini-spawarke-bdp-rpoline-mini-wsparcie-laserowe3.jpg\",\"datePublished\":\"2025-10-16T12:59:08+00:00\",\"dateModified\":\"2025-11-12T13:42:52+00:00\",\"breadcrumb\":{\"@id\":\"https:\/\/wsparcielaserowe.pl\/produkt\/wozek-na-spawarke-laserowa-chlodzona-powietrzem-wsparcie-laserowe\/#breadcrumb\"},\"inLanguage\":\"en-US\",\"potentialAction\":[{\"@type\":\"ReadAction\",\"target\":[\"https:\/\/wsparcielaserowe.pl\/produkt\/wozek-na-spawarke-laserowa-chlodzona-powietrzem-wsparcie-laserowe\/\"]}]},{\"@type\":\"ImageObject\",\"inLanguage\":\"en-US\",\"@id\":\"https:\/\/wsparcielaserowe.pl\/produkt\/wozek-na-spawarke-laserowa-chlodzona-powietrzem-wsparcie-laserowe\/#primaryimage\",\"url\":\"https:\/\/wsparcielaserowe.pl\/wp-content\/uploads\/2025\/10\/stojak-mini-spawarke-bdp-rpoline-mini-wsparcie-laserowe3.jpg\",\"contentUrl\":\"https:\/\/wsparcielaserowe.pl\/wp-content\/uploads\/2025\/10\/stojak-mini-spawarke-bdp-rpoline-mini-wsparcie-laserowe3.jpg\",\"width\":1200,\"height\":1200,\"caption\":\"W\u00f3zek do spawarki laserowej ch\u0142odzonej powietrzem wykonany ze stali w\u0119glowej. Zapewnia mobilno\u015b\u0107 i bezpieczne miejsce na podajnik drutu, od Wsparcie Laserowe.\"},{\"@type\":\"BreadcrumbList\",\"@id\":\"https:\/\/wsparcielaserowe.pl\/produkt\/wozek-na-spawarke-laserowa-chlodzona-powietrzem-wsparcie-laserowe\/#breadcrumb\",\"itemListElement\":[{\"@type\":\"ListItem\",\"position\":1,\"name\":\"Strona g\u0142\u00f3wna\",\"item\":\"https:\/\/wsparcielaserowe.pl\/\"},{\"@type\":\"ListItem\",\"position\":2,\"name\":\"Sklep\",\"item\":\"https:\/\/wsparcielaserowe.pl\/sklep-spawalniczy-wsparcie-laserowe\/\"},{\"@type\":\"ListItem\",\"position\":3,\"name\":\"W\u00f3zek na spawark\u0119 laserow\u0105 ch\u0142odzon\u0105 powietrzem Wsparcie Laserowe\"}]},{\"@type\":\"WebSite\",\"@id\":\"https:\/\/wsparcielaserowe.pl\/#website\",\"url\":\"https:\/\/wsparcielaserowe.pl\/\",\"name\":\"Wsparcie Laserowe\",\"description\":\"\",\"potentialAction\":[{\"@type\":\"SearchAction\",\"target\":{\"@type\":\"EntryPoint\",\"urlTemplate\":\"https:\/\/wsparcielaserowe.pl\/?s={search_term_string}\"},\"query-input\":{\"@type\":\"PropertyValueSpecification\",\"valueRequired\":true,\"valueName\":\"search_term_string\"}}],\"inLanguage\":\"en-US\"}]}<\/script>\n<!-- \/ Yoast SEO plugin. -->","yoast_head_json":{"title":"W\u00f3zek na spawark\u0119 laserow\u0105 ch\u0142odzon\u0105 powietrzem Wsparcie Laserowe - Wsparcie Laserowe","robots":{"index":"index","follow":"follow","max-snippet":"max-snippet:-1","max-image-preview":"max-image-preview:large","max-video-preview":"max-video-preview:-1"},"canonical":"https:\/\/wsparcielaserowe.pl\/en\/product\/wozek-na-spawarke-laserowa-chlodzona-powietrzem-wsparcie-laserowe\/","og_locale":"en_US","og_type":"article","og_title":"W\u00f3zek na spawark\u0119 laserow\u0105 ch\u0142odzon\u0105 powietrzem Wsparcie Laserowe - Wsparcie Laserowe","og_description":"Solidny w\u00f3zek transportowy przeznaczony do bezpiecznego i wygodnego przemieszczania Twojej spawarki laserowej ch\u0142odzonej powietrzem oraz jej akcesori\u00f3w. To idealne rozwi\u0105zanie, aby zamieni\u0107 stacjonarne urz\u0105dzenie w pe\u0142ni mobilne stanowisko pracy.","og_url":"https:\/\/wsparcielaserowe.pl\/en\/product\/wozek-na-spawarke-laserowa-chlodzona-powietrzem-wsparcie-laserowe\/","og_site_name":"Wsparcie Laserowe","article_modified_time":"2025-11-12T13:42:52+00:00","og_image":[{"width":1200,"height":1200,"url":"https:\/\/wsparcielaserowe.pl\/wp-content\/uploads\/2025\/10\/stojak-mini-spawarke-bdp-rpoline-mini-wsparcie-laserowe3.jpg","type":"image\/jpeg"}],"twitter_card":"summary_large_image","twitter_misc":{"Est. reading time":"1 minute"},"schema":{"@context":"https:\/\/schema.org","@graph":[{"@type":"WebPage","@id":"https:\/\/wsparcielaserowe.pl\/produkt\/wozek-na-spawarke-laserowa-chlodzona-powietrzem-wsparcie-laserowe\/","url":"https:\/\/wsparcielaserowe.pl\/produkt\/wozek-na-spawarke-laserowa-chlodzona-powietrzem-wsparcie-laserowe\/","name":"W\u00f3zek na spawark\u0119 laserow\u0105 ch\u0142odzon\u0105 powietrzem Wsparcie Laserowe - Wsparcie Laserowe","isPartOf":{"@id":"https:\/\/wsparcielaserowe.pl\/#website"},"primaryImageOfPage":{"@id":"https:\/\/wsparcielaserowe.pl\/produkt\/wozek-na-spawarke-laserowa-chlodzona-powietrzem-wsparcie-laserowe\/#primaryimage"},"image":{"@id":"https:\/\/wsparcielaserowe.pl\/produkt\/wozek-na-spawarke-laserowa-chlodzona-powietrzem-wsparcie-laserowe\/#primaryimage"},"thumbnailUrl":"https:\/\/wsparcielaserowe.pl\/wp-content\/uploads\/2025\/10\/stojak-mini-spawarke-bdp-rpoline-mini-wsparcie-laserowe3.jpg","datePublished":"2025-10-16T12:59:08+00:00","dateModified":"2025-11-12T13:42:52+00:00","breadcrumb":{"@id":"https:\/\/wsparcielaserowe.pl\/produkt\/wozek-na-spawarke-laserowa-chlodzona-powietrzem-wsparcie-laserowe\/#breadcrumb"},"inLanguage":"en-US","potentialAction":[{"@type":"ReadAction","target":["https:\/\/wsparcielaserowe.pl\/produkt\/wozek-na-spawarke-laserowa-chlodzona-powietrzem-wsparcie-laserowe\/"]}]},{"@type":"ImageObject","inLanguage":"en-US","@id":"https:\/\/wsparcielaserowe.pl\/produkt\/wozek-na-spawarke-laserowa-chlodzona-powietrzem-wsparcie-laserowe\/#primaryimage","url":"https:\/\/wsparcielaserowe.pl\/wp-content\/uploads\/2025\/10\/stojak-mini-spawarke-bdp-rpoline-mini-wsparcie-laserowe3.jpg","contentUrl":"https:\/\/wsparcielaserowe.pl\/wp-content\/uploads\/2025\/10\/stojak-mini-spawarke-bdp-rpoline-mini-wsparcie-laserowe3.jpg","width":1200,"height":1200,"caption":"W\u00f3zek do spawarki laserowej ch\u0142odzonej powietrzem wykonany ze stali w\u0119glowej. Zapewnia mobilno\u015b\u0107 i bezpieczne miejsce na podajnik drutu, od Wsparcie Laserowe."},{"@type":"BreadcrumbList","@id":"https:\/\/wsparcielaserowe.pl\/produkt\/wozek-na-spawarke-laserowa-chlodzona-powietrzem-wsparcie-laserowe\/#breadcrumb","itemListElement":[{"@type":"ListItem","position":1,"name":"Strona g\u0142\u00f3wna","item":"https:\/\/wsparcielaserowe.pl\/"},{"@type":"ListItem","position":2,"name":"Sklep","item":"https:\/\/wsparcielaserowe.pl\/sklep-spawalniczy-wsparcie-laserowe\/"},{"@type":"ListItem","position":3,"name":"W\u00f3zek na spawark\u0119 laserow\u0105 ch\u0142odzon\u0105 powietrzem Wsparcie Laserowe"}]},{"@type":"WebSite","@id":"https:\/\/wsparcielaserowe.pl\/#website","url":"https:\/\/wsparcielaserowe.pl\/","name":"Wsparcie Laserowe","description":"","potentialAction":[{"@type":"SearchAction","target":{"@type":"EntryPoint","urlTemplate":"https:\/\/wsparcielaserowe.pl\/?s={search_term_string}"},"query-input":{"@type":"PropertyValueSpecification","valueRequired":true,"valueName":"search_term_string"}}],"inLanguage":"en-US"}]}},"_links":{"self":[{"href":"https:\/\/wsparcielaserowe.pl\/en\/wp-json\/wp\/v2\/product\/18105","targetHints":{"allow":["GET"]}}],"collection":[{"href":"https:\/\/wsparcielaserowe.pl\/en\/wp-json\/wp\/v2\/product"}],"about":[{"href":"https:\/\/wsparcielaserowe.pl\/en\/wp-json\/wp\/v2\/types\/product"}],"version-history":[{"count":0,"href":"https:\/\/wsparcielaserowe.pl\/en\/wp-json\/wp\/v2\/product\/18105\/revisions"}],"wp:featuredmedia":[{"embeddable":true,"href":"https:\/\/wsparcielaserowe.pl\/en\/wp-json\/wp\/v2\/media\/18108"}],"wp:attachment":[{"href":"https:\/\/wsparcielaserowe.pl\/en\/wp-json\/wp\/v2\/media?parent=18105"}],"wp:term":[{"taxonomy":"product_brand","embeddable":true,"href":"https:\/\/wsparcielaserowe.pl\/en\/wp-json\/wp\/v2\/product_brand?post=18105"},{"taxonomy":"product_cat","embeddable":true,"href":"https:\/\/wsparcielaserowe.pl\/en\/wp-json\/wp\/v2\/product_cat?post=18105"},{"taxonomy":"product_tag","embeddable":true,"href":"https:\/\/wsparcielaserowe.pl\/en\/wp-json\/wp\/v2\/product_tag?post=18105"}],"curies":[{"name":"wp","href":"https:\/\/api.w.org\/{rel}","templated":true}]}}