{"id":18048,"date":"2025-09-25T14:24:37","date_gmt":"2025-09-25T12:24:37","guid":{"rendered":"https:\/\/wsparcielaserowe.pl\/?post_type=product&#038;p=18048"},"modified":"2026-03-11T12:55:51","modified_gmt":"2026-03-11T11:55:51","slug":"generator-azotu-bdp-proline-nitro-15-2","status":"publish","type":"product","link":"https:\/\/wsparcielaserowe.pl\/en\/product\/generator-azotu-bdp-proline-nitro-15-2\/","title":{"rendered":"Generator azotu BDP PROLINE NITRO 15-2"},"content":{"rendered":"<div data-elementor-type=\"wp-post\" data-elementor-id=\"18048\" class=\"elementor elementor-18048\" data-elementor-post-type=\"product\">\n\t\t\t\t<div class=\"wd-negative-gap elementor-element elementor-element-f6ae5c4 wd-section-stretch e-flex e-con-boxed e-con e-parent\" data-id=\"f6ae5c4\" data-element_type=\"container\" data-e-type=\"container\" data-settings=\"{&quot;background_background&quot;:&quot;classic&quot;}\">\n\t\t\t\t\t<div class=\"e-con-inner\">\n\t\t<div class=\"elementor-element elementor-element-e613cf7 e-con-full e-flex e-con e-child\" data-id=\"e613cf7\" data-element_type=\"container\" data-e-type=\"container\">\n\t\t\t\t<div class=\"elementor-element elementor-element-744594c elementor-widget elementor-widget-wd_image_or_svg\" data-id=\"744594c\" data-element_type=\"widget\" data-e-type=\"widget\" data-widget_type=\"wd_image_or_svg.default\">\n\t\t\t\t<div class=\"elementor-widget-container\">\n\t\t\t\t\t\n\t\t<div class=\"wd-image text-left\">\n\t\t\t\t\t\t\t\t<img fetchpriority=\"high\" decoding=\"async\" width=\"1200\" height=\"1200\" src=\"https:\/\/wsparcielaserowe.pl\/wp-content\/uploads\/2025\/09\/generator-azotu-proline-wsparcie-laserowe.jpg\" class=\"attachment-full size-full\" alt=\"Generator azotu do spawania, ci\u0119cia laserem. Proline generator Wsparcie Laserowe Bia\u0142ystok\" srcset=\"https:\/\/wsparcielaserowe.pl\/wp-content\/uploads\/2025\/09\/generator-azotu-proline-wsparcie-laserowe.jpg 1200w, https:\/\/wsparcielaserowe.pl\/wp-content\/uploads\/2025\/09\/generator-azotu-proline-wsparcie-laserowe-300x300.jpg 300w, https:\/\/wsparcielaserowe.pl\/wp-content\/uploads\/2025\/09\/generator-azotu-proline-wsparcie-laserowe-800x800.jpg 800w, https:\/\/wsparcielaserowe.pl\/wp-content\/uploads\/2025\/09\/generator-azotu-proline-wsparcie-laserowe-150x150.jpg 150w, https:\/\/wsparcielaserowe.pl\/wp-content\/uploads\/2025\/09\/generator-azotu-proline-wsparcie-laserowe-768x768.jpg 768w, https:\/\/wsparcielaserowe.pl\/wp-content\/uploads\/2025\/09\/generator-azotu-proline-wsparcie-laserowe-12x12.jpg 12w, https:\/\/wsparcielaserowe.pl\/wp-content\/uploads\/2025\/09\/generator-azotu-proline-wsparcie-laserowe-430x430.jpg 430w, https:\/\/wsparcielaserowe.pl\/wp-content\/uploads\/2025\/09\/generator-azotu-proline-wsparcie-laserowe-700x700.jpg 700w\" sizes=\"(max-width: 1200px) 100vw, 1200px\" \/>\t\t\t\t\t<\/div>\n\n\t\t\t\t\t\t<\/div>\n\t\t\t\t<\/div>\n\t\t\t\t<\/div>\n\t\t<div class=\"elementor-element elementor-element-2862197 e-con-full e-flex e-con e-child\" data-id=\"2862197\" data-element_type=\"container\" data-e-type=\"container\">\n\t\t\t\t<div class=\"elementor-element elementor-element-a70ccdf wd-width-100 elementor-widget elementor-widget-wd_title\" data-id=\"a70ccdf\" data-element_type=\"widget\" data-e-type=\"widget\" data-widget_type=\"wd_title.default\">\n\t\t\t\t<div class=\"elementor-widget-container\">\n\t\t\t\t\t\t\t<div class=\"title-wrapper wd-set-mb reset-last-child wd-title-color-primary wd-title-style-underlined wd-title-size-default text-left\">\n\n\t\t\t\n\t\t\t<div class=\"liner-continer\">\n\t\t\t\t<h4 class=\"woodmart-title-container title wd-fontsize-l\">Zalety<\/h4> \n\t\t\t\t\t\t\t<\/div>\n\n\t\t\t\t\t\t\t<div class=\"title-after_title reset-last-child wd-fontsize-xs\">\n\t\t\t\t\t<ul><li>Oszcz\u0119dno\u015b\u0107 koszt\u00f3w \u2013 znacznie ni\u017csze wydatki w por\u00f3wnaniu z zakupem butli.<\/li><li>Wysoka czysto\u015b\u0107 gazu \u2013 idealny do spawania i ci\u0119cia laserowego wymagaj\u0105cego precyzji.<\/li><li>D\u0142uga \u017cywotno\u015b\u0107 \u2013 minimalna konserwacja, stabilna i bezawaryjna praca.<\/li><li>Wygoda i niezale\u017cno\u015b\u0107 \u2013 produkcja azotu na miejscu, bez czekania na dostawy.<\/li><li>Bezpiecze\u0144stwo \u2013 brak konieczno\u015bci obs\u0142ugi ci\u0119\u017ckich, wysokoci\u015bnieniowych butli.<\/li><li>Pe\u0142na automatyzacja \u2013 zaawansowany system sterowania PLC, szybka reakcja i stabilne parametry.<\/li><li>Mo\u017cliwo\u015b\u0107 dostosowania \u2013 r\u00f3\u017cne modele i konfiguracje dopasowane do potrzeb zak\u0142ad\u00f3w produkcyjnych.<\/li><\/ul>\t\t\t\t<\/div>\n\t\t\t\t\t<\/div>\n\t\t\t\t\t\t<\/div>\n\t\t\t\t<\/div>\n\t\t\t\t<\/div>\n\t\t<div class=\"elementor-element elementor-element-b564b11 e-con-full e-flex e-con e-child\" data-id=\"b564b11\" data-element_type=\"container\" data-e-type=\"container\">\n\t\t\t\t<div class=\"elementor-element elementor-element-d7cfadf elementor-widget elementor-widget-wd_text_block\" data-id=\"d7cfadf\" data-element_type=\"widget\" data-e-type=\"widget\" data-widget_type=\"wd_text_block.default\">\n\t\t\t\t<div class=\"elementor-widget-container\">\n\t\t\t\t\t\t\t<div class=\"wd-text-block reset-last-child text-left\">\n\t\t\t\n\t\t\t<p>Nasz generator azotu, dedykowany do pracy ze spawarkami laserowymi, zapewnia stabilne i wydajne \u017ar\u00f3d\u0142o azotu o wysokiej czysto\u015bci (do 99,99%), co przek\u0142ada si\u0119 na:<\/p><ul><li>perfekcyjn\u0105 ochron\u0119 strefy spawania,<\/li><li>popraw\u0119 jako\u015bci spoiny,<\/li><li>redukcj\u0119 koszt\u00f3w zwi\u0105zanych z zakupem butli azotowych.<\/li><\/ul><p>Nasze generatory charakteryzuj\u0105 si\u0119 niezawodno\u015bci\u0105, energooszcz\u0119dno\u015bci\u0105 i \u0142atw\u0105 obs\u0142ug\u0105, co czyni je idealnym rozwi\u0105zaniem zar\u00f3wno dla ma\u0142ych warsztat\u00f3w, jak i du\u017cych zak\u0142ad\u00f3w produkcyjnych.<\/p>\n\t\t\t\t\t<\/div>\n\t\t\t\t\t\t<\/div>\n\t\t\t\t<\/div>\n\t\t\t\t<\/div>\n\t\t\t\t\t<\/div>\n\t\t\t\t<\/div>\n\t\t<div class=\"wd-negative-gap elementor-element elementor-element-6ed7fec e-flex e-con-boxed e-con e-parent\" data-id=\"6ed7fec\" data-element_type=\"container\" data-e-type=\"container\">\n\t\t\t\t\t<div class=\"e-con-inner\">\n\t\t<div class=\"elementor-element elementor-element-ca8bc6f e-con-full e-flex e-con e-child\" data-id=\"ca8bc6f\" data-element_type=\"container\" data-e-type=\"container\">\n\t\t\t\t<div class=\"elementor-element elementor-element-ca46ecd wd-width-100 elementor-widget elementor-widget-wd_title\" data-id=\"ca46ecd\" data-element_type=\"widget\" data-e-type=\"widget\" data-widget_type=\"wd_title.default\">\n\t\t\t\t<div class=\"elementor-widget-container\">\n\t\t\t\t\t\t\t<div class=\"title-wrapper wd-set-mb reset-last-child wd-title-color-primary wd-title-style-underlined wd-title-size-default text-left\">\n\n\t\t\t\n\t\t\t<div class=\"liner-continer\">\n\t\t\t\t<h4 class=\"woodmart-title-container title wd-fontsize-l\">Generator azotu BDP PROLINE NITRO 15-2<\/h4> \n\t\t\t\t\t\t\t<\/div>\n\n\t\t\t\t\t<\/div>\n\t\t\t\t\t\t<\/div>\n\t\t\t\t<\/div>\n\t\t\t\t<div class=\"elementor-element elementor-element-5dc70c2 elementor-widget elementor-widget-wd_text_block\" data-id=\"5dc70c2\" data-element_type=\"widget\" data-e-type=\"widget\" data-widget_type=\"wd_text_block.default\">\n\t\t\t\t<div class=\"elementor-widget-container\">\n\t\t\t\t\t\t\t<div class=\"wd-text-block reset-last-child text-left\">\n\t\t\t\n\t\t\t<h3 class=\"\" data-start=\"1580\" data-end=\"1604\"><strong data-start=\"1584\" data-end=\"1604\">W\u0142a\u015bciwo\u015bci:<\/strong><\/h3><ul><li data-start=\"1608\" data-end=\"1642\"><strong data-start=\"1608\" data-end=\"1618\">Przep\u0142yw azotu:<\/strong> 1 NM<b>\u00b3<\/b>\/h<\/li><li data-start=\"1645\" data-end=\"1669\"><strong data-start=\"1645\" data-end=\"1660\">Czysto\u015b\u0107 azotu:<\/strong> 99,99%<\/li><li data-start=\"1672\" data-end=\"1715\"><strong data-start=\"1672\" data-end=\"1690\">Ci\u015bnienie na wej\u015bciu:<\/strong> 0,6-0,8 MPa<\/li><li data-start=\"1718\" data-end=\"1849\"><b>Ci\u015bnienie azotu: <\/b>0,5-0,8 mPa<\/li><li data-start=\"1852\" data-end=\"1896\"><strong data-start=\"1852\" data-end=\"1874\">Moc:<\/strong> 15 W<\/li><li data-start=\"1899\" data-end=\"1923\"><strong data-start=\"1899\" data-end=\"1914\">Napi\u0119cie zasilania:<\/strong> AC 220 V<\/li><li data-start=\"1926\" data-end=\"1957\"><strong data-start=\"1926\" data-end=\"1950\">Pob\u00f3r powietrza:<\/strong>1 m<b>\u00b3<\/b>\/min<\/li><li data-start=\"2014\" data-end=\"2042\"><strong data-start=\"2014\" data-end=\"2029\">Ilo\u015b\u0107 obs\u0142ugiwanych spawarek:<\/strong> 1 - 2<\/li><li data-start=\"2113\" data-end=\"2178\"><strong data-start=\"2113\" data-end=\"2125\">Wymiary:<\/strong> 58 \u00d7 59 \u00d7 110 cm (d\u0142ugo\u015b\u0107 \u00d7 szeroko\u015b\u0107 \u00d7 wysoko\u015b\u0107)<\/li><li data-start=\"2202\" data-end=\"2230\"><strong data-start=\"2202\" data-end=\"2216\">Gwarancja:<\/strong> 24 miesi\u0105ce<\/li><\/ul>\n\t\t\t\t\t<\/div>\n\t\t\t\t\t\t<\/div>\n\t\t\t\t<\/div>\n\t\t\t\t<\/div>\n\t\t<div class=\"wd-sticky-container-lg elementor-element elementor-element-b10828c elementor-hidden-phone elementor-hidden-tablet e-con-full e-flex e-con e-child\" data-id=\"b10828c\" data-element_type=\"container\" data-e-type=\"container\">\n\t\t\t\t<div class=\"elementor-element elementor-element-24b8ab9 elementor-widget elementor-widget-wd_accordion\" data-id=\"24b8ab9\" data-element_type=\"widget\" data-e-type=\"widget\" data-widget_type=\"wd_accordion.default\">\n\t\t\t\t<div class=\"elementor-widget-container\">\n\t\t\t\t\t\n\t\t<div class=\"wd-accordion wd-style-default wd-titles-left wd-opener-pos-right wd-opener-style-arrow\" data-state=\"first\">\n\t\t\t\t\t\t\t\n\t\t\t\t<div class=\"wd-accordion-item\">\n\t\t\t\t\t<div class=\"wd-accordion-title wd-active\" data-accordion-index=\"0\">\n\t\t\t\t\t\t<div class=\"wd-accordion-title-text\">\n\t\t\t\t\t\t\t\t\t\t\t\t\t\t<span>\n\t\t\t\t\t\t\t\tO Firmie\t\t\t\t\t\t\t<\/span>\n\t\t\t\t\t\t<\/div>\n\t\t\t\t\t\t<span class=\"wd-accordion-opener\"><\/span>\n\t\t\t\t\t<\/div>\n\n\t\t\t\t\t<div class=\"wd-accordion-content wd-entry-content wd-active\" data-accordion-index=\"0\">\n\t\t\t\t\t\t\t\t\t\t\t\t\t\n\t\t\t\t\t\t\t<p><img decoding=\"async\" class=\"alignnone wp-image-15574\" src=\"https:\/\/wsparcielaserowe.pl\/wp-content\/uploads\/2025\/02\/wlLogo.svg\" alt=\"\" width=\"129\" height=\"48\" \/><\/p><p class=\"\" data-start=\"650\" data-end=\"862\">Nasze spawarki to efekt wieloletniego do\u015bwiadczenia w serwisie i szkoleniach. Nieustannie je udoskonalamy, wdra\u017caj\u0105c rozwi\u0105zania realnie u\u0142atwiaj\u0105ce prac\u0119 operatorom. Wprowadzili\u015bmy ju\u017c ponad 30 innowacji, w tym:<\/p><ul data-start=\"864\" data-end=\"1084\"><li class=\"\" data-start=\"864\" data-end=\"911\"><p class=\"\" data-start=\"866\" data-end=\"911\">usprawnione po\u0142\u0105czenia gazowe i elektryczne<\/p><\/li><li class=\"\" data-start=\"912\" data-end=\"953\"><p class=\"\" data-start=\"914\" data-end=\"953\">system alarmu niskiego ci\u015bnienia gazu<\/p><\/li><li class=\"\" data-start=\"954\" data-end=\"1009\"><p class=\"\" data-start=\"956\" data-end=\"1009\">przystawk\u0119 do czyszczenia szerok\u0105 wi\u0105zk\u0105 (do 80 mm)<\/p><\/li><li class=\"\" data-start=\"1010\" data-end=\"1084\"><p class=\"\" data-start=\"1012\" data-end=\"1084\">zabezpieczenia zgodne z wymogami BHP (kra\u0144c\u00f3wki, lampy sygnalizacyjne)<\/p><\/li><\/ul><p class=\"\" data-start=\"1086\" data-end=\"1123\">Zamawiaj\u0105c u nas maszyn\u0119 otrzymujesz:<\/p><ul data-start=\"1125\" data-end=\"1360\"><li class=\"\" data-start=\"1125\" data-end=\"1194\"><p class=\"\" data-start=\"1127\" data-end=\"1194\">kompletny zestaw gotowy do pracy (w tym \u015brodki ochrony osobistej)<\/p><\/li><li class=\"\" data-start=\"1195\" data-end=\"1231\"><p class=\"\" data-start=\"1197\" data-end=\"1231\">instalacj\u0119 urz\u0105dzenia na miejscu<\/p><\/li><li class=\"\" data-start=\"1232\" data-end=\"1289\"><p class=\"\" data-start=\"1234\" data-end=\"1289\">ca\u0142odniowe szkolenie z obs\u0142ugi i bezpiecze\u0144stwa pracy<\/p><\/li><li class=\"\" data-start=\"1290\" data-end=\"1360\"><p class=\"\" data-start=\"1292\" data-end=\"1360\">brak potrzeby dokupowania dodatkowych element\u00f3w \u2013 wszystko w cenie<\/p><\/li><\/ul>\n\t\t\t\t\t\t\t\t\t\t\t\t\t\t\t\t\t\t<\/div>\n\t\t\t\t<\/div>\n\t\t\t\t\t<\/div>\n\t\t\t\t\t\t<\/div>\n\t\t\t\t<\/div>\n\t\t\t\t<\/div>\n\t\t\t\t\t<\/div>\n\t\t\t\t<\/div>\n\t\t\t\t<\/div>","protected":false},"excerpt":{"rendered":"<p class=\"\" data-start=\"321\" data-end=\"507\"><strong data-start=\"303\" data-end=\"326\">Generator azotu BDP PROLINE NITRO 15-2<\/strong>\u00a0to profesjonalne urz\u0105dzenie przeznaczone do zastosowa\u0144 przemys\u0142owych, w tym do spawania i ci\u0119cia laserowego. Jego g\u0142\u00f3wnym zadaniem jest dostarczanie azotu o wysokiej czysto\u015bci, kt\u00f3ry usuwa tlen ze strefy roboczej, poprawia spawalno\u015b\u0107 i zapobiega ponownej oksydacji materia\u0142u. Dzi\u0119ki temu spoiny i kraw\u0119dzie ci\u0119tych element\u00f3w s\u0105 <strong data-start=\"655\" data-end=\"698\">czyste, trwa\u0142e i pozbawione przebarwie\u0144<\/strong>.<\/p>","protected":false},"featured_media":18074,"template":"","meta":[],"product_brand":[],"product_cat":[249,131],"product_tag":[250],"class_list":{"0":"post-18048","1":"product","2":"type-product","3":"status-publish","4":"has-post-thumbnail","6":"product_cat-dodatkowe-urzadzenia-do-spawania-laserowego","7":"product_cat-sklep-spawalniczy-internetowy","8":"product_tag-urzadzenia","10":"first","11":"instock","12":"taxable","13":"shipping-taxable","14":"purchasable","15":"product-type-simple"},"yoast_head":"<!-- This site is optimized with the Yoast SEO plugin v27.2 - https:\/\/yoast.com\/product\/yoast-seo-wordpress\/ -->\n<title>Generator azotu BDP PROLINE NITRO 15-2 - Wsparcie Laserowe<\/title>\n<meta name=\"robots\" content=\"index, follow, max-snippet:-1, max-image-preview:large, max-video-preview:-1\" \/>\n<link rel=\"canonical\" href=\"https:\/\/wsparcielaserowe.pl\/en\/product\/generator-azotu-bdp-proline-nitro-15-2\/\" \/>\n<meta property=\"og:locale\" content=\"en_US\" \/>\n<meta property=\"og:type\" content=\"article\" \/>\n<meta property=\"og:title\" content=\"Generator azotu BDP PROLINE NITRO 15-2 - Wsparcie Laserowe\" \/>\n<meta property=\"og:description\" content=\"Generator azotu BDP PROLINE NITRO 15-2\u00a0to profesjonalne urz\u0105dzenie przeznaczone do zastosowa\u0144 przemys\u0142owych, w tym do spawania i ci\u0119cia laserowego. Jego g\u0142\u00f3wnym zadaniem jest dostarczanie azotu o wysokiej czysto\u015bci, kt\u00f3ry usuwa tlen ze strefy roboczej, poprawia spawalno\u015b\u0107 i zapobiega ponownej oksydacji materia\u0142u. Dzi\u0119ki temu spoiny i kraw\u0119dzie ci\u0119tych element\u00f3w s\u0105 czyste, trwa\u0142e i pozbawione przebarwie\u0144.\" \/>\n<meta property=\"og:url\" content=\"https:\/\/wsparcielaserowe.pl\/en\/product\/generator-azotu-bdp-proline-nitro-15-2\/\" \/>\n<meta property=\"og:site_name\" content=\"Wsparcie Laserowe\" \/>\n<meta property=\"article:modified_time\" content=\"2026-03-11T11:55:51+00:00\" \/>\n<meta property=\"og:image\" content=\"https:\/\/wsparcielaserowe.pl\/wp-content\/uploads\/2025\/09\/generator-azotu-pro-wsparcie-laserowe-1.jpg\" \/>\n\t<meta property=\"og:image:width\" content=\"1200\" \/>\n\t<meta property=\"og:image:height\" content=\"1200\" \/>\n\t<meta property=\"og:image:type\" content=\"image\/jpeg\" \/>\n<meta name=\"twitter:card\" content=\"summary_large_image\" \/>\n<meta name=\"twitter:label1\" content=\"Est. reading time\" \/>\n\t<meta name=\"twitter:data1\" content=\"3 minutes\" \/>\n<script type=\"application\/ld+json\" class=\"yoast-schema-graph\">{\"@context\":\"https:\/\/schema.org\",\"@graph\":[{\"@type\":\"WebPage\",\"@id\":\"https:\/\/wsparcielaserowe.pl\/produkt\/generator-azotu-bdp-proline-nitro-15-2\/\",\"url\":\"https:\/\/wsparcielaserowe.pl\/produkt\/generator-azotu-bdp-proline-nitro-15-2\/\",\"name\":\"Generator azotu BDP PROLINE NITRO 15-2 - Wsparcie Laserowe\",\"isPartOf\":{\"@id\":\"https:\/\/wsparcielaserowe.pl\/#website\"},\"primaryImageOfPage\":{\"@id\":\"https:\/\/wsparcielaserowe.pl\/produkt\/generator-azotu-bdp-proline-nitro-15-2\/#primaryimage\"},\"image\":{\"@id\":\"https:\/\/wsparcielaserowe.pl\/produkt\/generator-azotu-bdp-proline-nitro-15-2\/#primaryimage\"},\"thumbnailUrl\":\"https:\/\/wsparcielaserowe.pl\/wp-content\/uploads\/2025\/09\/generator-azotu-pro-wsparcie-laserowe-1.jpg\",\"datePublished\":\"2025-09-25T12:24:37+00:00\",\"dateModified\":\"2026-03-11T11:55:51+00:00\",\"breadcrumb\":{\"@id\":\"https:\/\/wsparcielaserowe.pl\/produkt\/generator-azotu-bdp-proline-nitro-15-2\/#breadcrumb\"},\"inLanguage\":\"en-US\",\"potentialAction\":[{\"@type\":\"ReadAction\",\"target\":[\"https:\/\/wsparcielaserowe.pl\/produkt\/generator-azotu-bdp-proline-nitro-15-2\/\"]}]},{\"@type\":\"ImageObject\",\"inLanguage\":\"en-US\",\"@id\":\"https:\/\/wsparcielaserowe.pl\/produkt\/generator-azotu-bdp-proline-nitro-15-2\/#primaryimage\",\"url\":\"https:\/\/wsparcielaserowe.pl\/wp-content\/uploads\/2025\/09\/generator-azotu-pro-wsparcie-laserowe-1.jpg\",\"contentUrl\":\"https:\/\/wsparcielaserowe.pl\/wp-content\/uploads\/2025\/09\/generator-azotu-pro-wsparcie-laserowe-1.jpg\",\"width\":1200,\"height\":1200,\"caption\":\"Profesjonalny generator azotu do spawania i ci\u0119cia laserem. Proline Wsparcie Laserowe\"},{\"@type\":\"BreadcrumbList\",\"@id\":\"https:\/\/wsparcielaserowe.pl\/produkt\/generator-azotu-bdp-proline-nitro-15-2\/#breadcrumb\",\"itemListElement\":[{\"@type\":\"ListItem\",\"position\":1,\"name\":\"Strona g\u0142\u00f3wna\",\"item\":\"https:\/\/wsparcielaserowe.pl\/\"},{\"@type\":\"ListItem\",\"position\":2,\"name\":\"Sklep\",\"item\":\"https:\/\/wsparcielaserowe.pl\/sklep-spawalniczy-wsparcie-laserowe\/\"},{\"@type\":\"ListItem\",\"position\":3,\"name\":\"Generator azotu BDP PROLINE NITRO 15-2\"}]},{\"@type\":\"WebSite\",\"@id\":\"https:\/\/wsparcielaserowe.pl\/#website\",\"url\":\"https:\/\/wsparcielaserowe.pl\/\",\"name\":\"Wsparcie Laserowe\",\"description\":\"\",\"potentialAction\":[{\"@type\":\"SearchAction\",\"target\":{\"@type\":\"EntryPoint\",\"urlTemplate\":\"https:\/\/wsparcielaserowe.pl\/?s={search_term_string}\"},\"query-input\":{\"@type\":\"PropertyValueSpecification\",\"valueRequired\":true,\"valueName\":\"search_term_string\"}}],\"inLanguage\":\"en-US\"}]}<\/script>\n<!-- \/ Yoast SEO plugin. -->","yoast_head_json":{"title":"Generator azotu BDP PROLINE NITRO 15-2 - Wsparcie Laserowe","robots":{"index":"index","follow":"follow","max-snippet":"max-snippet:-1","max-image-preview":"max-image-preview:large","max-video-preview":"max-video-preview:-1"},"canonical":"https:\/\/wsparcielaserowe.pl\/en\/product\/generator-azotu-bdp-proline-nitro-15-2\/","og_locale":"en_US","og_type":"article","og_title":"Generator azotu BDP PROLINE NITRO 15-2 - Wsparcie Laserowe","og_description":"Generator azotu BDP PROLINE NITRO 15-2\u00a0to profesjonalne urz\u0105dzenie przeznaczone do zastosowa\u0144 przemys\u0142owych, w tym do spawania i ci\u0119cia laserowego. Jego g\u0142\u00f3wnym zadaniem jest dostarczanie azotu o wysokiej czysto\u015bci, kt\u00f3ry usuwa tlen ze strefy roboczej, poprawia spawalno\u015b\u0107 i zapobiega ponownej oksydacji materia\u0142u. Dzi\u0119ki temu spoiny i kraw\u0119dzie ci\u0119tych element\u00f3w s\u0105 czyste, trwa\u0142e i pozbawione przebarwie\u0144.","og_url":"https:\/\/wsparcielaserowe.pl\/en\/product\/generator-azotu-bdp-proline-nitro-15-2\/","og_site_name":"Wsparcie Laserowe","article_modified_time":"2026-03-11T11:55:51+00:00","og_image":[{"width":1200,"height":1200,"url":"https:\/\/wsparcielaserowe.pl\/wp-content\/uploads\/2025\/09\/generator-azotu-pro-wsparcie-laserowe-1.jpg","type":"image\/jpeg"}],"twitter_card":"summary_large_image","twitter_misc":{"Est. reading time":"3 minutes"},"schema":{"@context":"https:\/\/schema.org","@graph":[{"@type":"WebPage","@id":"https:\/\/wsparcielaserowe.pl\/produkt\/generator-azotu-bdp-proline-nitro-15-2\/","url":"https:\/\/wsparcielaserowe.pl\/produkt\/generator-azotu-bdp-proline-nitro-15-2\/","name":"Generator azotu BDP PROLINE NITRO 15-2 - Wsparcie Laserowe","isPartOf":{"@id":"https:\/\/wsparcielaserowe.pl\/#website"},"primaryImageOfPage":{"@id":"https:\/\/wsparcielaserowe.pl\/produkt\/generator-azotu-bdp-proline-nitro-15-2\/#primaryimage"},"image":{"@id":"https:\/\/wsparcielaserowe.pl\/produkt\/generator-azotu-bdp-proline-nitro-15-2\/#primaryimage"},"thumbnailUrl":"https:\/\/wsparcielaserowe.pl\/wp-content\/uploads\/2025\/09\/generator-azotu-pro-wsparcie-laserowe-1.jpg","datePublished":"2025-09-25T12:24:37+00:00","dateModified":"2026-03-11T11:55:51+00:00","breadcrumb":{"@id":"https:\/\/wsparcielaserowe.pl\/produkt\/generator-azotu-bdp-proline-nitro-15-2\/#breadcrumb"},"inLanguage":"en-US","potentialAction":[{"@type":"ReadAction","target":["https:\/\/wsparcielaserowe.pl\/produkt\/generator-azotu-bdp-proline-nitro-15-2\/"]}]},{"@type":"ImageObject","inLanguage":"en-US","@id":"https:\/\/wsparcielaserowe.pl\/produkt\/generator-azotu-bdp-proline-nitro-15-2\/#primaryimage","url":"https:\/\/wsparcielaserowe.pl\/wp-content\/uploads\/2025\/09\/generator-azotu-pro-wsparcie-laserowe-1.jpg","contentUrl":"https:\/\/wsparcielaserowe.pl\/wp-content\/uploads\/2025\/09\/generator-azotu-pro-wsparcie-laserowe-1.jpg","width":1200,"height":1200,"caption":"Profesjonalny generator azotu do spawania i ci\u0119cia laserem. Proline Wsparcie Laserowe"},{"@type":"BreadcrumbList","@id":"https:\/\/wsparcielaserowe.pl\/produkt\/generator-azotu-bdp-proline-nitro-15-2\/#breadcrumb","itemListElement":[{"@type":"ListItem","position":1,"name":"Strona g\u0142\u00f3wna","item":"https:\/\/wsparcielaserowe.pl\/"},{"@type":"ListItem","position":2,"name":"Sklep","item":"https:\/\/wsparcielaserowe.pl\/sklep-spawalniczy-wsparcie-laserowe\/"},{"@type":"ListItem","position":3,"name":"Generator azotu BDP PROLINE NITRO 15-2"}]},{"@type":"WebSite","@id":"https:\/\/wsparcielaserowe.pl\/#website","url":"https:\/\/wsparcielaserowe.pl\/","name":"Wsparcie Laserowe","description":"","potentialAction":[{"@type":"SearchAction","target":{"@type":"EntryPoint","urlTemplate":"https:\/\/wsparcielaserowe.pl\/?s={search_term_string}"},"query-input":{"@type":"PropertyValueSpecification","valueRequired":true,"valueName":"search_term_string"}}],"inLanguage":"en-US"}]}},"_links":{"self":[{"href":"https:\/\/wsparcielaserowe.pl\/en\/wp-json\/wp\/v2\/product\/18048","targetHints":{"allow":["GET"]}}],"collection":[{"href":"https:\/\/wsparcielaserowe.pl\/en\/wp-json\/wp\/v2\/product"}],"about":[{"href":"https:\/\/wsparcielaserowe.pl\/en\/wp-json\/wp\/v2\/types\/product"}],"version-history":[{"count":0,"href":"https:\/\/wsparcielaserowe.pl\/en\/wp-json\/wp\/v2\/product\/18048\/revisions"}],"wp:featuredmedia":[{"embeddable":true,"href":"https:\/\/wsparcielaserowe.pl\/en\/wp-json\/wp\/v2\/media\/18074"}],"wp:attachment":[{"href":"https:\/\/wsparcielaserowe.pl\/en\/wp-json\/wp\/v2\/media?parent=18048"}],"wp:term":[{"taxonomy":"product_brand","embeddable":true,"href":"https:\/\/wsparcielaserowe.pl\/en\/wp-json\/wp\/v2\/product_brand?post=18048"},{"taxonomy":"product_cat","embeddable":true,"href":"https:\/\/wsparcielaserowe.pl\/en\/wp-json\/wp\/v2\/product_cat?post=18048"},{"taxonomy":"product_tag","embeddable":true,"href":"https:\/\/wsparcielaserowe.pl\/en\/wp-json\/wp\/v2\/product_tag?post=18048"}],"curies":[{"name":"wp","href":"https:\/\/api.w.org\/{rel}","templated":true}]}}