{"id":17874,"date":"2025-07-10T12:54:51","date_gmt":"2025-07-10T10:54:51","guid":{"rendered":"https:\/\/wsparcielaserowe.pl\/?post_type=product&#038;p=17874"},"modified":"2026-03-11T13:22:27","modified_gmt":"2026-03-11T12:22:27","slug":"dysza-spawalnicza-as16-koncowka-spawalnicza-do-podawania-drutu-o-srednicy-1-6-mm","status":"publish","type":"product","link":"https:\/\/wsparcielaserowe.pl\/en\/product\/dysza-spawalnicza-as16-koncowka-spawalnicza-do-podawania-drutu-o-srednicy-1-6-mm\/","title":{"rendered":"Dysza spawalnicza AS16, ko\u0144c\u00f3wka spawalnicza do podawania drutu o \u015brednicy 1,6 mm"},"content":{"rendered":"<p>Wykonana z trwa\u0142ego mosi\u0105dzu, zapewnia stabilne przewodzenie i odporno\u015b\u0107 na trudne warunki panuj\u0105ce podczas spawania. Regularna wymiana tej dyszy to nie tylko utrzymanie wysokiej jako\u015bci pracy, ale tak\u017ce proaktywne dzia\u0142anie, kt\u00f3re <b>chroni Twoje zaawansowane g\u0142owice<\/b> przed przedwczesnym zu\u017cyciem. Postaw na komponenty, kt\u00f3re wspieraj\u0105 precyzj\u0119 i niezawodno\u015b\u0107, tak jak <b>Wsparcie Laserowe<\/b>.<\/p>\n<p><b>Dost\u0119pne r\u00f3wnie\u017c rozmiary (na \u015brednic\u0119 drutu):<\/b>\u00a01.0mm, 1.2mm, 1.6mm.<\/p>\n<p>&nbsp;<\/p>\n<p>Chcesz zam\u00f3wi\u0107 wi\u0119ksz\u0105 ilo\u015b\u0107- napisz wiadomo\u015b\u0107 na\u00a0 biuro@wsparcielaserowe.pl<\/p>","protected":false},"excerpt":{"rendered":"<p><b>Ko\u0144c\u00f3wka mosi\u0119\u017cna AS16<\/b> jest gwarancj\u0105 optymalnego dopasowania i maksymalnej wydajno\u015bci. Jako kluczowy element odpowiedzialny za podawanie drutu spawalniczego, jej precyzja ma bezpo\u015bredni wp\u0142yw na <b>jako\u015b\u0107 i estetyk\u0119 ka\u017cdej spoiny<\/b>.<\/p>","protected":false},"featured_media":17876,"template":"","meta":[],"product_brand":[],"product_cat":[147,196,131],"product_tag":[192,186,199,200],"class_list":{"0":"post-17874","1":"product","2":"type-product","3":"status-publish","4":"has-post-thumbnail","6":"product_cat-czesci-zamienne-do-spawania-laserowego","7":"product_cat-dysze-koncowki-podawania-drutu-do-spawania-laserowego","8":"product_cat-sklep-spawalniczy-internetowy","9":"product_tag-dysza","10":"product_tag-dysza-spawalnicza","11":"product_tag-dysza-spawalnicza-as16","12":"product_tag-koncowka-do-drutu-a16","14":"first","15":"instock","16":"taxable","17":"shipping-taxable","18":"purchasable","19":"product-type-simple"},"yoast_head":"<!-- This site is optimized with the Yoast SEO plugin v27.3 - https:\/\/yoast.com\/product\/yoast-seo-wordpress\/ -->\n<title>Dysza spawalnicza AS16, ko\u0144c\u00f3wka spawalnicza do podawania drutu o \u015brednicy 1,6 mm - Wsparcie Laserowe<\/title>\n<meta name=\"robots\" content=\"index, follow, max-snippet:-1, max-image-preview:large, max-video-preview:-1\" \/>\n<link rel=\"canonical\" href=\"https:\/\/wsparcielaserowe.pl\/en\/product\/dysza-spawalnicza-as16-koncowka-spawalnicza-do-podawania-drutu-o-srednicy-1-6-mm\/\" \/>\n<meta property=\"og:locale\" content=\"en_US\" \/>\n<meta property=\"og:type\" content=\"article\" \/>\n<meta property=\"og:title\" content=\"Dysza spawalnicza AS16, ko\u0144c\u00f3wka spawalnicza do podawania drutu o \u015brednicy 1,6 mm - Wsparcie Laserowe\" \/>\n<meta property=\"og:description\" content=\"Ko\u0144c\u00f3wka mosi\u0119\u017cna AS16 jest gwarancj\u0105 optymalnego dopasowania i maksymalnej wydajno\u015bci. Jako kluczowy element odpowiedzialny za podawanie drutu spawalniczego, jej precyzja ma bezpo\u015bredni wp\u0142yw na jako\u015b\u0107 i estetyk\u0119 ka\u017cdej spoiny.\" \/>\n<meta property=\"og:url\" content=\"https:\/\/wsparcielaserowe.pl\/en\/product\/dysza-spawalnicza-as16-koncowka-spawalnicza-do-podawania-drutu-o-srednicy-1-6-mm\/\" \/>\n<meta property=\"og:site_name\" content=\"Wsparcie Laserowe\" \/>\n<meta property=\"article:modified_time\" content=\"2026-03-11T12:22:27+00:00\" \/>\n<meta property=\"og:image\" content=\"https:\/\/wsparcielaserowe.pl\/wp-content\/uploads\/2025\/07\/dysza-koncowka-spawalnicza-spawania-laserowego-AS16-drut-1-6mm-wsparcie-laserowe.jpg\" \/>\n\t<meta property=\"og:image:width\" content=\"1200\" \/>\n\t<meta property=\"og:image:height\" content=\"1200\" \/>\n\t<meta property=\"og:image:type\" content=\"image\/jpeg\" \/>\n<meta name=\"twitter:card\" content=\"summary_large_image\" \/>\n<meta name=\"twitter:label1\" content=\"Est. reading time\" \/>\n\t<meta name=\"twitter:data1\" content=\"1 minute\" \/>\n<script type=\"application\/ld+json\" class=\"yoast-schema-graph\">{\"@context\":\"https:\\\/\\\/schema.org\",\"@graph\":[{\"@type\":\"WebPage\",\"@id\":\"https:\\\/\\\/wsparcielaserowe.pl\\\/produkt\\\/dysza-spawalnicza-as16-koncowka-spawalnicza-do-podawania-drutu-o-srednicy-1-6-mm\\\/\",\"url\":\"https:\\\/\\\/wsparcielaserowe.pl\\\/produkt\\\/dysza-spawalnicza-as16-koncowka-spawalnicza-do-podawania-drutu-o-srednicy-1-6-mm\\\/\",\"name\":\"Dysza spawalnicza AS16, ko\u0144c\u00f3wka spawalnicza do podawania drutu o \u015brednicy 1,6 mm - Wsparcie Laserowe\",\"isPartOf\":{\"@id\":\"https:\\\/\\\/wsparcielaserowe.pl\\\/#website\"},\"primaryImageOfPage\":{\"@id\":\"https:\\\/\\\/wsparcielaserowe.pl\\\/produkt\\\/dysza-spawalnicza-as16-koncowka-spawalnicza-do-podawania-drutu-o-srednicy-1-6-mm\\\/#primaryimage\"},\"image\":{\"@id\":\"https:\\\/\\\/wsparcielaserowe.pl\\\/produkt\\\/dysza-spawalnicza-as16-koncowka-spawalnicza-do-podawania-drutu-o-srednicy-1-6-mm\\\/#primaryimage\"},\"thumbnailUrl\":\"https:\\\/\\\/wsparcielaserowe.pl\\\/wp-content\\\/uploads\\\/2025\\\/07\\\/dysza-koncowka-spawalnicza-spawania-laserowego-AS16-drut-1-6mm-wsparcie-laserowe.jpg\",\"datePublished\":\"2025-07-10T10:54:51+00:00\",\"dateModified\":\"2026-03-11T12:22:27+00:00\",\"breadcrumb\":{\"@id\":\"https:\\\/\\\/wsparcielaserowe.pl\\\/produkt\\\/dysza-spawalnicza-as16-koncowka-spawalnicza-do-podawania-drutu-o-srednicy-1-6-mm\\\/#breadcrumb\"},\"inLanguage\":\"en-US\",\"potentialAction\":[{\"@type\":\"ReadAction\",\"target\":[\"https:\\\/\\\/wsparcielaserowe.pl\\\/produkt\\\/dysza-spawalnicza-as16-koncowka-spawalnicza-do-podawania-drutu-o-srednicy-1-6-mm\\\/\"]}]},{\"@type\":\"ImageObject\",\"inLanguage\":\"en-US\",\"@id\":\"https:\\\/\\\/wsparcielaserowe.pl\\\/produkt\\\/dysza-spawalnicza-as16-koncowka-spawalnicza-do-podawania-drutu-o-srednicy-1-6-mm\\\/#primaryimage\",\"url\":\"https:\\\/\\\/wsparcielaserowe.pl\\\/wp-content\\\/uploads\\\/2025\\\/07\\\/dysza-koncowka-spawalnicza-spawania-laserowego-AS16-drut-1-6mm-wsparcie-laserowe.jpg\",\"contentUrl\":\"https:\\\/\\\/wsparcielaserowe.pl\\\/wp-content\\\/uploads\\\/2025\\\/07\\\/dysza-koncowka-spawalnicza-spawania-laserowego-AS16-drut-1-6mm-wsparcie-laserowe.jpg\",\"width\":1200,\"height\":1200,\"caption\":\"Dysza ko\u0144c\u00f3wka mosi\u0119\u017cna AS16 do spawarki laserowej na drut 1.6mm. Precyzyjna dysza spawalnicza od Wsparcie Laserowe.\"},{\"@type\":\"BreadcrumbList\",\"@id\":\"https:\\\/\\\/wsparcielaserowe.pl\\\/produkt\\\/dysza-spawalnicza-as16-koncowka-spawalnicza-do-podawania-drutu-o-srednicy-1-6-mm\\\/#breadcrumb\",\"itemListElement\":[{\"@type\":\"ListItem\",\"position\":1,\"name\":\"Strona g\u0142\u00f3wna\",\"item\":\"https:\\\/\\\/wsparcielaserowe.pl\\\/\"},{\"@type\":\"ListItem\",\"position\":2,\"name\":\"Sklep\",\"item\":\"https:\\\/\\\/wsparcielaserowe.pl\\\/sklep-spawalniczy-wsparcie-laserowe\\\/\"},{\"@type\":\"ListItem\",\"position\":3,\"name\":\"Dysza spawalnicza AS16, ko\u0144c\u00f3wka spawalnicza do podawania drutu o \u015brednicy 1,6 mm\"}]},{\"@type\":\"WebSite\",\"@id\":\"https:\\\/\\\/wsparcielaserowe.pl\\\/#website\",\"url\":\"https:\\\/\\\/wsparcielaserowe.pl\\\/\",\"name\":\"Wsparcie Laserowe\",\"description\":\"\",\"potentialAction\":[{\"@type\":\"SearchAction\",\"target\":{\"@type\":\"EntryPoint\",\"urlTemplate\":\"https:\\\/\\\/wsparcielaserowe.pl\\\/?s={search_term_string}\"},\"query-input\":{\"@type\":\"PropertyValueSpecification\",\"valueRequired\":true,\"valueName\":\"search_term_string\"}}],\"inLanguage\":\"en-US\"}]}<\/script>\n<!-- \/ Yoast SEO plugin. -->","yoast_head_json":{"title":"Dysza spawalnicza AS16, ko\u0144c\u00f3wka spawalnicza do podawania drutu o \u015brednicy 1,6 mm - Wsparcie Laserowe","robots":{"index":"index","follow":"follow","max-snippet":"max-snippet:-1","max-image-preview":"max-image-preview:large","max-video-preview":"max-video-preview:-1"},"canonical":"https:\/\/wsparcielaserowe.pl\/en\/product\/dysza-spawalnicza-as16-koncowka-spawalnicza-do-podawania-drutu-o-srednicy-1-6-mm\/","og_locale":"en_US","og_type":"article","og_title":"Dysza spawalnicza AS16, ko\u0144c\u00f3wka spawalnicza do podawania drutu o \u015brednicy 1,6 mm - Wsparcie Laserowe","og_description":"Ko\u0144c\u00f3wka mosi\u0119\u017cna AS16 jest gwarancj\u0105 optymalnego dopasowania i maksymalnej wydajno\u015bci. Jako kluczowy element odpowiedzialny za podawanie drutu spawalniczego, jej precyzja ma bezpo\u015bredni wp\u0142yw na jako\u015b\u0107 i estetyk\u0119 ka\u017cdej spoiny.","og_url":"https:\/\/wsparcielaserowe.pl\/en\/product\/dysza-spawalnicza-as16-koncowka-spawalnicza-do-podawania-drutu-o-srednicy-1-6-mm\/","og_site_name":"Wsparcie Laserowe","article_modified_time":"2026-03-11T12:22:27+00:00","og_image":[{"width":1200,"height":1200,"url":"https:\/\/wsparcielaserowe.pl\/wp-content\/uploads\/2025\/07\/dysza-koncowka-spawalnicza-spawania-laserowego-AS16-drut-1-6mm-wsparcie-laserowe.jpg","type":"image\/jpeg"}],"twitter_card":"summary_large_image","twitter_misc":{"Est. reading time":"1 minute"},"schema":{"@context":"https:\/\/schema.org","@graph":[{"@type":"WebPage","@id":"https:\/\/wsparcielaserowe.pl\/produkt\/dysza-spawalnicza-as16-koncowka-spawalnicza-do-podawania-drutu-o-srednicy-1-6-mm\/","url":"https:\/\/wsparcielaserowe.pl\/produkt\/dysza-spawalnicza-as16-koncowka-spawalnicza-do-podawania-drutu-o-srednicy-1-6-mm\/","name":"Dysza spawalnicza AS16, ko\u0144c\u00f3wka spawalnicza do podawania drutu o \u015brednicy 1,6 mm - Wsparcie Laserowe","isPartOf":{"@id":"https:\/\/wsparcielaserowe.pl\/#website"},"primaryImageOfPage":{"@id":"https:\/\/wsparcielaserowe.pl\/produkt\/dysza-spawalnicza-as16-koncowka-spawalnicza-do-podawania-drutu-o-srednicy-1-6-mm\/#primaryimage"},"image":{"@id":"https:\/\/wsparcielaserowe.pl\/produkt\/dysza-spawalnicza-as16-koncowka-spawalnicza-do-podawania-drutu-o-srednicy-1-6-mm\/#primaryimage"},"thumbnailUrl":"https:\/\/wsparcielaserowe.pl\/wp-content\/uploads\/2025\/07\/dysza-koncowka-spawalnicza-spawania-laserowego-AS16-drut-1-6mm-wsparcie-laserowe.jpg","datePublished":"2025-07-10T10:54:51+00:00","dateModified":"2026-03-11T12:22:27+00:00","breadcrumb":{"@id":"https:\/\/wsparcielaserowe.pl\/produkt\/dysza-spawalnicza-as16-koncowka-spawalnicza-do-podawania-drutu-o-srednicy-1-6-mm\/#breadcrumb"},"inLanguage":"en-US","potentialAction":[{"@type":"ReadAction","target":["https:\/\/wsparcielaserowe.pl\/produkt\/dysza-spawalnicza-as16-koncowka-spawalnicza-do-podawania-drutu-o-srednicy-1-6-mm\/"]}]},{"@type":"ImageObject","inLanguage":"en-US","@id":"https:\/\/wsparcielaserowe.pl\/produkt\/dysza-spawalnicza-as16-koncowka-spawalnicza-do-podawania-drutu-o-srednicy-1-6-mm\/#primaryimage","url":"https:\/\/wsparcielaserowe.pl\/wp-content\/uploads\/2025\/07\/dysza-koncowka-spawalnicza-spawania-laserowego-AS16-drut-1-6mm-wsparcie-laserowe.jpg","contentUrl":"https:\/\/wsparcielaserowe.pl\/wp-content\/uploads\/2025\/07\/dysza-koncowka-spawalnicza-spawania-laserowego-AS16-drut-1-6mm-wsparcie-laserowe.jpg","width":1200,"height":1200,"caption":"Dysza ko\u0144c\u00f3wka mosi\u0119\u017cna AS16 do spawarki laserowej na drut 1.6mm. Precyzyjna dysza spawalnicza od Wsparcie Laserowe."},{"@type":"BreadcrumbList","@id":"https:\/\/wsparcielaserowe.pl\/produkt\/dysza-spawalnicza-as16-koncowka-spawalnicza-do-podawania-drutu-o-srednicy-1-6-mm\/#breadcrumb","itemListElement":[{"@type":"ListItem","position":1,"name":"Strona g\u0142\u00f3wna","item":"https:\/\/wsparcielaserowe.pl\/"},{"@type":"ListItem","position":2,"name":"Sklep","item":"https:\/\/wsparcielaserowe.pl\/sklep-spawalniczy-wsparcie-laserowe\/"},{"@type":"ListItem","position":3,"name":"Dysza spawalnicza AS16, ko\u0144c\u00f3wka spawalnicza do podawania drutu o \u015brednicy 1,6 mm"}]},{"@type":"WebSite","@id":"https:\/\/wsparcielaserowe.pl\/#website","url":"https:\/\/wsparcielaserowe.pl\/","name":"Wsparcie Laserowe","description":"","potentialAction":[{"@type":"SearchAction","target":{"@type":"EntryPoint","urlTemplate":"https:\/\/wsparcielaserowe.pl\/?s={search_term_string}"},"query-input":{"@type":"PropertyValueSpecification","valueRequired":true,"valueName":"search_term_string"}}],"inLanguage":"en-US"}]}},"_links":{"self":[{"href":"https:\/\/wsparcielaserowe.pl\/en\/wp-json\/wp\/v2\/product\/17874","targetHints":{"allow":["GET"]}}],"collection":[{"href":"https:\/\/wsparcielaserowe.pl\/en\/wp-json\/wp\/v2\/product"}],"about":[{"href":"https:\/\/wsparcielaserowe.pl\/en\/wp-json\/wp\/v2\/types\/product"}],"version-history":[{"count":0,"href":"https:\/\/wsparcielaserowe.pl\/en\/wp-json\/wp\/v2\/product\/17874\/revisions"}],"wp:featuredmedia":[{"embeddable":true,"href":"https:\/\/wsparcielaserowe.pl\/en\/wp-json\/wp\/v2\/media\/17876"}],"wp:attachment":[{"href":"https:\/\/wsparcielaserowe.pl\/en\/wp-json\/wp\/v2\/media?parent=17874"}],"wp:term":[{"taxonomy":"product_brand","embeddable":true,"href":"https:\/\/wsparcielaserowe.pl\/en\/wp-json\/wp\/v2\/product_brand?post=17874"},{"taxonomy":"product_cat","embeddable":true,"href":"https:\/\/wsparcielaserowe.pl\/en\/wp-json\/wp\/v2\/product_cat?post=17874"},{"taxonomy":"product_tag","embeddable":true,"href":"https:\/\/wsparcielaserowe.pl\/en\/wp-json\/wp\/v2\/product_tag?post=17874"}],"curies":[{"name":"wp","href":"https:\/\/api.w.org\/{rel}","templated":true}]}}