{"id":17860,"date":"2025-07-10T10:56:18","date_gmt":"2025-07-10T08:56:18","guid":{"rendered":"https:\/\/wsparcielaserowe.pl\/?post_type=product&#038;p=17860"},"modified":"2026-03-11T13:22:45","modified_gmt":"2026-03-11T12:22:45","slug":"dysza-spawalnicza-as10-koncowka-spawalnicza-do-podawania-drutu-o-srednicy-1mm-kopia","status":"publish","type":"product","link":"https:\/\/wsparcielaserowe.pl\/en\/product\/dysza-spawalnicza-as10-koncowka-spawalnicza-do-podawania-drutu-o-srednicy-1mm-kopia\/","title":{"rendered":"Dysza spawalnicza AS10, ko\u0144c\u00f3wka spawalnicza do podawania drutu o \u015brednicy 1,0mm"},"content":{"rendered":"<p>Mosi\u0119\u017cna konstrukcja gwarantuje <b>wyj\u0105tkow\u0105 trwa\u0142o\u015b\u0107 i odporno\u015b\u0107 na wysokie temperatury<\/b>, chroni\u0105c Twoj\u0105 inwestycj\u0119. Dbaj\u0105c o regularn\u0105 wymian\u0119 dyszy, nie tylko utrzymujesz optymaln\u0105 jako\u015b\u0107 spawu, ale r\u00f3wnie\u017c <b>zabezpieczasz drogie komponenty g\u0142owicy<\/b> przed uszkodzeniami. Wybierz dysz\u0119, kt\u00f3ra sprosta Twoim oczekiwaniom i zapewni bezproblemow\u0105 prac\u0119.<\/p>\n<p><b>Dost\u0119pne r\u00f3wnie\u017c rozmiary (na \u015brednic\u0119 drutu):<\/b>\u00a01.0mm, 1.2mm, 1.6mm.<\/p>\n<p>&nbsp;<\/p>\n<p>Chcesz zam\u00f3wi\u0107 wi\u0119ksz\u0105 ilo\u015b\u0107- napisz wiadomo\u015b\u0107 na\u00a0 biuro@wsparcielaserowe.pl<\/p>","protected":false},"excerpt":{"rendered":"<p><b>Wysokiej jako\u015bci dysza AS10- <\/b>ko\u0144c\u00f3wka mosi\u0119\u017cna do podawania drutu o \u015brednicy 1,0 mm. Ten niewielki, lecz strategiczny komponent, odpowiada za precyzyjne doprowadzenie drutu spawalniczego, co jest fundamentem szybkiego i efektywnego spawania. Zapewnia p\u0142ynny przep\u0142yw drutu, minimalizuj\u0105c ryzyko zaci\u0119\u0107 i nieregularno\u015bci, kt\u00f3re mog\u0142yby spowolni\u0107 Twoj\u0105 prac\u0119.<\/p>","protected":false},"featured_media":17864,"template":"","meta":[],"product_brand":[],"product_cat":[147,196,131],"product_tag":[192,197,186,198],"class_list":{"0":"post-17860","1":"product","2":"type-product","3":"status-publish","4":"has-post-thumbnail","6":"product_cat-czesci-zamienne-do-spawania-laserowego","7":"product_cat-dysze-koncowki-podawania-drutu-do-spawania-laserowego","8":"product_cat-sklep-spawalniczy-internetowy","9":"product_tag-dysza","10":"product_tag-dysza-as10","11":"product_tag-dysza-spawalnicza","12":"product_tag-koncowka-spawalnicza-1mm","14":"first","15":"instock","16":"taxable","17":"shipping-taxable","18":"purchasable","19":"product-type-simple"},"yoast_head":"<!-- This site is optimized with the Yoast SEO plugin v27.3 - https:\/\/yoast.com\/product\/yoast-seo-wordpress\/ -->\n<title>Dysza spawalnicza AS10, ko\u0144c\u00f3wka spawalnicza do podawania drutu o \u015brednicy 1,0mm - Wsparcie Laserowe<\/title>\n<meta name=\"robots\" content=\"index, follow, max-snippet:-1, max-image-preview:large, max-video-preview:-1\" \/>\n<link rel=\"canonical\" href=\"https:\/\/wsparcielaserowe.pl\/en\/product\/dysza-spawalnicza-as10-koncowka-spawalnicza-do-podawania-drutu-o-srednicy-1mm-kopia\/\" \/>\n<meta property=\"og:locale\" content=\"en_US\" \/>\n<meta property=\"og:type\" content=\"article\" \/>\n<meta property=\"og:title\" content=\"Dysza spawalnicza AS10, ko\u0144c\u00f3wka spawalnicza do podawania drutu o \u015brednicy 1,0mm - Wsparcie Laserowe\" \/>\n<meta property=\"og:description\" content=\"Wysokiej jako\u015bci dysza AS10- ko\u0144c\u00f3wka mosi\u0119\u017cna do podawania drutu o \u015brednicy 1,0 mm. Ten niewielki, lecz strategiczny komponent, odpowiada za precyzyjne doprowadzenie drutu spawalniczego, co jest fundamentem szybkiego i efektywnego spawania. Zapewnia p\u0142ynny przep\u0142yw drutu, minimalizuj\u0105c ryzyko zaci\u0119\u0107 i nieregularno\u015bci, kt\u00f3re mog\u0142yby spowolni\u0107 Twoj\u0105 prac\u0119.\" \/>\n<meta property=\"og:url\" content=\"https:\/\/wsparcielaserowe.pl\/en\/product\/dysza-spawalnicza-as10-koncowka-spawalnicza-do-podawania-drutu-o-srednicy-1mm-kopia\/\" \/>\n<meta property=\"og:site_name\" content=\"Wsparcie Laserowe\" \/>\n<meta property=\"article:modified_time\" content=\"2026-03-11T12:22:45+00:00\" \/>\n<meta property=\"og:image\" content=\"https:\/\/wsparcielaserowe.pl\/wp-content\/uploads\/2025\/07\/dysza-koncowka-spawanie-laserem-AS10-drut-1-0-mm-wsparcie-laserowe.jpg\" \/>\n\t<meta property=\"og:image:width\" content=\"1200\" \/>\n\t<meta property=\"og:image:height\" content=\"1200\" \/>\n\t<meta property=\"og:image:type\" content=\"image\/jpeg\" \/>\n<meta name=\"twitter:card\" content=\"summary_large_image\" \/>\n<meta name=\"twitter:label1\" content=\"Est. reading time\" \/>\n\t<meta name=\"twitter:data1\" content=\"1 minute\" \/>\n<script type=\"application\/ld+json\" class=\"yoast-schema-graph\">{\"@context\":\"https:\\\/\\\/schema.org\",\"@graph\":[{\"@type\":\"WebPage\",\"@id\":\"https:\\\/\\\/wsparcielaserowe.pl\\\/produkt\\\/dysza-spawalnicza-as10-koncowka-spawalnicza-do-podawania-drutu-o-srednicy-1mm-kopia\\\/\",\"url\":\"https:\\\/\\\/wsparcielaserowe.pl\\\/produkt\\\/dysza-spawalnicza-as10-koncowka-spawalnicza-do-podawania-drutu-o-srednicy-1mm-kopia\\\/\",\"name\":\"Dysza spawalnicza AS10, ko\u0144c\u00f3wka spawalnicza do podawania drutu o \u015brednicy 1,0mm - Wsparcie Laserowe\",\"isPartOf\":{\"@id\":\"https:\\\/\\\/wsparcielaserowe.pl\\\/#website\"},\"primaryImageOfPage\":{\"@id\":\"https:\\\/\\\/wsparcielaserowe.pl\\\/produkt\\\/dysza-spawalnicza-as10-koncowka-spawalnicza-do-podawania-drutu-o-srednicy-1mm-kopia\\\/#primaryimage\"},\"image\":{\"@id\":\"https:\\\/\\\/wsparcielaserowe.pl\\\/produkt\\\/dysza-spawalnicza-as10-koncowka-spawalnicza-do-podawania-drutu-o-srednicy-1mm-kopia\\\/#primaryimage\"},\"thumbnailUrl\":\"https:\\\/\\\/wsparcielaserowe.pl\\\/wp-content\\\/uploads\\\/2025\\\/07\\\/dysza-koncowka-spawanie-laserem-AS10-drut-1-0-mm-wsparcie-laserowe.jpg\",\"datePublished\":\"2025-07-10T08:56:18+00:00\",\"dateModified\":\"2026-03-11T12:22:45+00:00\",\"breadcrumb\":{\"@id\":\"https:\\\/\\\/wsparcielaserowe.pl\\\/produkt\\\/dysza-spawalnicza-as10-koncowka-spawalnicza-do-podawania-drutu-o-srednicy-1mm-kopia\\\/#breadcrumb\"},\"inLanguage\":\"en-US\",\"potentialAction\":[{\"@type\":\"ReadAction\",\"target\":[\"https:\\\/\\\/wsparcielaserowe.pl\\\/produkt\\\/dysza-spawalnicza-as10-koncowka-spawalnicza-do-podawania-drutu-o-srednicy-1mm-kopia\\\/\"]}]},{\"@type\":\"ImageObject\",\"inLanguage\":\"en-US\",\"@id\":\"https:\\\/\\\/wsparcielaserowe.pl\\\/produkt\\\/dysza-spawalnicza-as10-koncowka-spawalnicza-do-podawania-drutu-o-srednicy-1mm-kopia\\\/#primaryimage\",\"url\":\"https:\\\/\\\/wsparcielaserowe.pl\\\/wp-content\\\/uploads\\\/2025\\\/07\\\/dysza-koncowka-spawanie-laserem-AS10-drut-1-0-mm-wsparcie-laserowe.jpg\",\"contentUrl\":\"https:\\\/\\\/wsparcielaserowe.pl\\\/wp-content\\\/uploads\\\/2025\\\/07\\\/dysza-koncowka-spawanie-laserem-AS10-drut-1-0-mm-wsparcie-laserowe.jpg\",\"width\":1200,\"height\":1200,\"caption\":\"Mosi\u0119\u017cna dysza spawalnicza 1.0mm do prowadzenia drutu. Niezb\u0119dne akcesorium do spawania laserem, dost\u0119pne w Wsparcie Laserowe.\"},{\"@type\":\"BreadcrumbList\",\"@id\":\"https:\\\/\\\/wsparcielaserowe.pl\\\/produkt\\\/dysza-spawalnicza-as10-koncowka-spawalnicza-do-podawania-drutu-o-srednicy-1mm-kopia\\\/#breadcrumb\",\"itemListElement\":[{\"@type\":\"ListItem\",\"position\":1,\"name\":\"Strona g\u0142\u00f3wna\",\"item\":\"https:\\\/\\\/wsparcielaserowe.pl\\\/\"},{\"@type\":\"ListItem\",\"position\":2,\"name\":\"Sklep\",\"item\":\"https:\\\/\\\/wsparcielaserowe.pl\\\/sklep-spawalniczy-wsparcie-laserowe\\\/\"},{\"@type\":\"ListItem\",\"position\":3,\"name\":\"Dysza spawalnicza AS10, ko\u0144c\u00f3wka spawalnicza do podawania drutu o \u015brednicy 1,0mm\"}]},{\"@type\":\"WebSite\",\"@id\":\"https:\\\/\\\/wsparcielaserowe.pl\\\/#website\",\"url\":\"https:\\\/\\\/wsparcielaserowe.pl\\\/\",\"name\":\"Wsparcie Laserowe\",\"description\":\"\",\"potentialAction\":[{\"@type\":\"SearchAction\",\"target\":{\"@type\":\"EntryPoint\",\"urlTemplate\":\"https:\\\/\\\/wsparcielaserowe.pl\\\/?s={search_term_string}\"},\"query-input\":{\"@type\":\"PropertyValueSpecification\",\"valueRequired\":true,\"valueName\":\"search_term_string\"}}],\"inLanguage\":\"en-US\"}]}<\/script>\n<!-- \/ Yoast SEO plugin. -->","yoast_head_json":{"title":"Dysza spawalnicza AS10, ko\u0144c\u00f3wka spawalnicza do podawania drutu o \u015brednicy 1,0mm - Wsparcie Laserowe","robots":{"index":"index","follow":"follow","max-snippet":"max-snippet:-1","max-image-preview":"max-image-preview:large","max-video-preview":"max-video-preview:-1"},"canonical":"https:\/\/wsparcielaserowe.pl\/en\/product\/dysza-spawalnicza-as10-koncowka-spawalnicza-do-podawania-drutu-o-srednicy-1mm-kopia\/","og_locale":"en_US","og_type":"article","og_title":"Dysza spawalnicza AS10, ko\u0144c\u00f3wka spawalnicza do podawania drutu o \u015brednicy 1,0mm - Wsparcie Laserowe","og_description":"Wysokiej jako\u015bci dysza AS10- ko\u0144c\u00f3wka mosi\u0119\u017cna do podawania drutu o \u015brednicy 1,0 mm. Ten niewielki, lecz strategiczny komponent, odpowiada za precyzyjne doprowadzenie drutu spawalniczego, co jest fundamentem szybkiego i efektywnego spawania. Zapewnia p\u0142ynny przep\u0142yw drutu, minimalizuj\u0105c ryzyko zaci\u0119\u0107 i nieregularno\u015bci, kt\u00f3re mog\u0142yby spowolni\u0107 Twoj\u0105 prac\u0119.","og_url":"https:\/\/wsparcielaserowe.pl\/en\/product\/dysza-spawalnicza-as10-koncowka-spawalnicza-do-podawania-drutu-o-srednicy-1mm-kopia\/","og_site_name":"Wsparcie Laserowe","article_modified_time":"2026-03-11T12:22:45+00:00","og_image":[{"width":1200,"height":1200,"url":"https:\/\/wsparcielaserowe.pl\/wp-content\/uploads\/2025\/07\/dysza-koncowka-spawanie-laserem-AS10-drut-1-0-mm-wsparcie-laserowe.jpg","type":"image\/jpeg"}],"twitter_card":"summary_large_image","twitter_misc":{"Est. reading time":"1 minute"},"schema":{"@context":"https:\/\/schema.org","@graph":[{"@type":"WebPage","@id":"https:\/\/wsparcielaserowe.pl\/produkt\/dysza-spawalnicza-as10-koncowka-spawalnicza-do-podawania-drutu-o-srednicy-1mm-kopia\/","url":"https:\/\/wsparcielaserowe.pl\/produkt\/dysza-spawalnicza-as10-koncowka-spawalnicza-do-podawania-drutu-o-srednicy-1mm-kopia\/","name":"Dysza spawalnicza AS10, ko\u0144c\u00f3wka spawalnicza do podawania drutu o \u015brednicy 1,0mm - Wsparcie Laserowe","isPartOf":{"@id":"https:\/\/wsparcielaserowe.pl\/#website"},"primaryImageOfPage":{"@id":"https:\/\/wsparcielaserowe.pl\/produkt\/dysza-spawalnicza-as10-koncowka-spawalnicza-do-podawania-drutu-o-srednicy-1mm-kopia\/#primaryimage"},"image":{"@id":"https:\/\/wsparcielaserowe.pl\/produkt\/dysza-spawalnicza-as10-koncowka-spawalnicza-do-podawania-drutu-o-srednicy-1mm-kopia\/#primaryimage"},"thumbnailUrl":"https:\/\/wsparcielaserowe.pl\/wp-content\/uploads\/2025\/07\/dysza-koncowka-spawanie-laserem-AS10-drut-1-0-mm-wsparcie-laserowe.jpg","datePublished":"2025-07-10T08:56:18+00:00","dateModified":"2026-03-11T12:22:45+00:00","breadcrumb":{"@id":"https:\/\/wsparcielaserowe.pl\/produkt\/dysza-spawalnicza-as10-koncowka-spawalnicza-do-podawania-drutu-o-srednicy-1mm-kopia\/#breadcrumb"},"inLanguage":"en-US","potentialAction":[{"@type":"ReadAction","target":["https:\/\/wsparcielaserowe.pl\/produkt\/dysza-spawalnicza-as10-koncowka-spawalnicza-do-podawania-drutu-o-srednicy-1mm-kopia\/"]}]},{"@type":"ImageObject","inLanguage":"en-US","@id":"https:\/\/wsparcielaserowe.pl\/produkt\/dysza-spawalnicza-as10-koncowka-spawalnicza-do-podawania-drutu-o-srednicy-1mm-kopia\/#primaryimage","url":"https:\/\/wsparcielaserowe.pl\/wp-content\/uploads\/2025\/07\/dysza-koncowka-spawanie-laserem-AS10-drut-1-0-mm-wsparcie-laserowe.jpg","contentUrl":"https:\/\/wsparcielaserowe.pl\/wp-content\/uploads\/2025\/07\/dysza-koncowka-spawanie-laserem-AS10-drut-1-0-mm-wsparcie-laserowe.jpg","width":1200,"height":1200,"caption":"Mosi\u0119\u017cna dysza spawalnicza 1.0mm do prowadzenia drutu. Niezb\u0119dne akcesorium do spawania laserem, dost\u0119pne w Wsparcie Laserowe."},{"@type":"BreadcrumbList","@id":"https:\/\/wsparcielaserowe.pl\/produkt\/dysza-spawalnicza-as10-koncowka-spawalnicza-do-podawania-drutu-o-srednicy-1mm-kopia\/#breadcrumb","itemListElement":[{"@type":"ListItem","position":1,"name":"Strona g\u0142\u00f3wna","item":"https:\/\/wsparcielaserowe.pl\/"},{"@type":"ListItem","position":2,"name":"Sklep","item":"https:\/\/wsparcielaserowe.pl\/sklep-spawalniczy-wsparcie-laserowe\/"},{"@type":"ListItem","position":3,"name":"Dysza spawalnicza AS10, ko\u0144c\u00f3wka spawalnicza do podawania drutu o \u015brednicy 1,0mm"}]},{"@type":"WebSite","@id":"https:\/\/wsparcielaserowe.pl\/#website","url":"https:\/\/wsparcielaserowe.pl\/","name":"Wsparcie Laserowe","description":"","potentialAction":[{"@type":"SearchAction","target":{"@type":"EntryPoint","urlTemplate":"https:\/\/wsparcielaserowe.pl\/?s={search_term_string}"},"query-input":{"@type":"PropertyValueSpecification","valueRequired":true,"valueName":"search_term_string"}}],"inLanguage":"en-US"}]}},"_links":{"self":[{"href":"https:\/\/wsparcielaserowe.pl\/en\/wp-json\/wp\/v2\/product\/17860","targetHints":{"allow":["GET"]}}],"collection":[{"href":"https:\/\/wsparcielaserowe.pl\/en\/wp-json\/wp\/v2\/product"}],"about":[{"href":"https:\/\/wsparcielaserowe.pl\/en\/wp-json\/wp\/v2\/types\/product"}],"version-history":[{"count":0,"href":"https:\/\/wsparcielaserowe.pl\/en\/wp-json\/wp\/v2\/product\/17860\/revisions"}],"wp:featuredmedia":[{"embeddable":true,"href":"https:\/\/wsparcielaserowe.pl\/en\/wp-json\/wp\/v2\/media\/17864"}],"wp:attachment":[{"href":"https:\/\/wsparcielaserowe.pl\/en\/wp-json\/wp\/v2\/media?parent=17860"}],"wp:term":[{"taxonomy":"product_brand","embeddable":true,"href":"https:\/\/wsparcielaserowe.pl\/en\/wp-json\/wp\/v2\/product_brand?post=17860"},{"taxonomy":"product_cat","embeddable":true,"href":"https:\/\/wsparcielaserowe.pl\/en\/wp-json\/wp\/v2\/product_cat?post=17860"},{"taxonomy":"product_tag","embeddable":true,"href":"https:\/\/wsparcielaserowe.pl\/en\/wp-json\/wp\/v2\/product_tag?post=17860"}],"curies":[{"name":"wp","href":"https:\/\/api.w.org\/{rel}","templated":true}]}}