{"id":17853,"date":"2025-07-10T09:59:38","date_gmt":"2025-07-10T07:59:38","guid":{"rendered":"https:\/\/wsparcielaserowe.pl\/?post_type=product&#038;p=17853"},"modified":"2026-03-11T13:22:53","modified_gmt":"2026-03-11T12:22:53","slug":"dysza-spawalnicza-as08-podawanie-drutu-0-8mm","status":"publish","type":"product","link":"https:\/\/wsparcielaserowe.pl\/en\/product\/dysza-spawalnicza-as08-podawanie-drutu-0-8mm\/","title":{"rendered":"Dysza spawalnicza AS08, ko\u0144c\u00f3wka spawalnicza do podawania drutu o \u015brednicy 0,8mm"},"content":{"rendered":"<p>Wykonana z trwa\u0142ego mosi\u0105dzu, dysza nie tylko wytrzymuje trudne warunki pracy, ale tak\u017ce zapewnia optymalne przewodzenie, co jest kluczowe dla efektywnego procesu. Regularna wymiana dyszy to ma\u0142a inwestycja, kt\u00f3ra realnie przek\u0142ada si\u0119 na <b>wyd\u0142u\u017cenie \u017cywotno\u015bci g\u0142owicy<\/b> i <b>minimalizacj\u0119 przestoj\u00f3w<\/b>. Z nami zyskujesz pewno\u015b\u0107, \u017ce Twoje spawanie laserowe jest zawsze na najwy\u017cszym poziomie.<\/p>\n<p><b>Dost\u0119pne r\u00f3wnie\u017c rozmiary (na \u015brednic\u0119 drutu):<\/b>\u00a01.0mm, 1.2mm, 1.6mm.<\/p>\n<p>&nbsp;<\/p>\n<p>Chcesz zam\u00f3wi\u0107 wi\u0119ksz\u0105 ilo\u015b\u0107- napisz wiadomo\u015b\u0107 na\u00a0 biuro@wsparcielaserowe.pl<\/p>","protected":false},"excerpt":{"rendered":"<p><b>Dysza ko\u0144c\u00f3wka mosi\u0119\u017cna AS08 <\/b>do podawania drutu o \u015brednicy 0,8 mm to kluczowy element optyki w g\u0142owicach spawarek laserowych <b>Raytools i Superlaser<\/b>, zaprojektowany, by zapewni\u0107 <b>bezb\u0142\u0119dne i stabilne prowadzenie drutu spawalniczego<\/b>. To w\u0142a\u015bnie od jej jako\u015bci zale\u017cy, czy drut trafi idealnie w punkt, gwarantuj\u0105c <b>powtarzalno\u015b\u0107 i doskona\u0142\u0105 jako\u015b\u0107 spoin<\/b>.<\/p>","protected":false},"featured_media":17854,"template":"","meta":[],"product_brand":[],"product_cat":[147,196,131],"product_tag":[194,192,186,193,195],"class_list":{"0":"post-17853","1":"product","2":"type-product","3":"status-publish","4":"has-post-thumbnail","6":"product_cat-czesci-zamienne-do-spawania-laserowego","7":"product_cat-dysze-koncowki-podawania-drutu-do-spawania-laserowego","8":"product_cat-sklep-spawalniczy-internetowy","9":"product_tag-as08","10":"product_tag-dysza","11":"product_tag-dysza-spawalnicza","12":"product_tag-dysza-spawalnicza-as08","13":"product_tag-koncowka-do-spawania-as08","15":"first","16":"instock","17":"taxable","18":"shipping-taxable","19":"purchasable","20":"product-type-simple"},"yoast_head":"<!-- This site is optimized with the Yoast SEO plugin v27.3 - https:\/\/yoast.com\/product\/yoast-seo-wordpress\/ -->\n<title>Dysza spawalnicza AS08, ko\u0144c\u00f3wka spawalnicza do podawania drutu o \u015brednicy 0,8mm - Wsparcie Laserowe<\/title>\n<meta name=\"robots\" content=\"index, follow, max-snippet:-1, max-image-preview:large, max-video-preview:-1\" \/>\n<link rel=\"canonical\" href=\"https:\/\/wsparcielaserowe.pl\/en\/product\/dysza-spawalnicza-as08-podawanie-drutu-0-8mm\/\" \/>\n<meta property=\"og:locale\" content=\"en_US\" \/>\n<meta property=\"og:type\" content=\"article\" \/>\n<meta property=\"og:title\" content=\"Dysza spawalnicza AS08, ko\u0144c\u00f3wka spawalnicza do podawania drutu o \u015brednicy 0,8mm - Wsparcie Laserowe\" \/>\n<meta property=\"og:description\" content=\"Dysza ko\u0144c\u00f3wka mosi\u0119\u017cna AS08 do podawania drutu o \u015brednicy 0,8 mm to kluczowy element optyki w g\u0142owicach spawarek laserowych Raytools i Superlaser, zaprojektowany, by zapewni\u0107 bezb\u0142\u0119dne i stabilne prowadzenie drutu spawalniczego. To w\u0142a\u015bnie od jej jako\u015bci zale\u017cy, czy drut trafi idealnie w punkt, gwarantuj\u0105c powtarzalno\u015b\u0107 i doskona\u0142\u0105 jako\u015b\u0107 spoin.\" \/>\n<meta property=\"og:url\" content=\"https:\/\/wsparcielaserowe.pl\/en\/product\/dysza-spawalnicza-as08-podawanie-drutu-0-8mm\/\" \/>\n<meta property=\"og:site_name\" content=\"Wsparcie Laserowe\" \/>\n<meta property=\"article:modified_time\" content=\"2026-03-11T12:22:53+00:00\" \/>\n<meta property=\"og:image\" content=\"https:\/\/wsparcielaserowe.pl\/wp-content\/uploads\/2025\/07\/dysza-koncowka-spawalnicza-AS08-drut-0-8-spawanie-laserowe.jpg\" \/>\n\t<meta property=\"og:image:width\" content=\"1200\" \/>\n\t<meta property=\"og:image:height\" content=\"1200\" \/>\n\t<meta property=\"og:image:type\" content=\"image\/jpeg\" \/>\n<meta name=\"twitter:card\" content=\"summary_large_image\" \/>\n<meta name=\"twitter:label1\" content=\"Est. reading time\" \/>\n\t<meta name=\"twitter:data1\" content=\"1 minute\" \/>\n<script type=\"application\/ld+json\" class=\"yoast-schema-graph\">{\"@context\":\"https:\\\/\\\/schema.org\",\"@graph\":[{\"@type\":\"WebPage\",\"@id\":\"https:\\\/\\\/wsparcielaserowe.pl\\\/produkt\\\/dysza-spawalnicza-as08-podawanie-drutu-0-8mm\\\/\",\"url\":\"https:\\\/\\\/wsparcielaserowe.pl\\\/produkt\\\/dysza-spawalnicza-as08-podawanie-drutu-0-8mm\\\/\",\"name\":\"Dysza spawalnicza AS08, ko\u0144c\u00f3wka spawalnicza do podawania drutu o \u015brednicy 0,8mm - Wsparcie Laserowe\",\"isPartOf\":{\"@id\":\"https:\\\/\\\/wsparcielaserowe.pl\\\/#website\"},\"primaryImageOfPage\":{\"@id\":\"https:\\\/\\\/wsparcielaserowe.pl\\\/produkt\\\/dysza-spawalnicza-as08-podawanie-drutu-0-8mm\\\/#primaryimage\"},\"image\":{\"@id\":\"https:\\\/\\\/wsparcielaserowe.pl\\\/produkt\\\/dysza-spawalnicza-as08-podawanie-drutu-0-8mm\\\/#primaryimage\"},\"thumbnailUrl\":\"https:\\\/\\\/wsparcielaserowe.pl\\\/wp-content\\\/uploads\\\/2025\\\/07\\\/dysza-koncowka-spawalnicza-AS08-drut-0-8-spawanie-laserowe.jpg\",\"datePublished\":\"2025-07-10T07:59:38+00:00\",\"dateModified\":\"2026-03-11T12:22:53+00:00\",\"breadcrumb\":{\"@id\":\"https:\\\/\\\/wsparcielaserowe.pl\\\/produkt\\\/dysza-spawalnicza-as08-podawanie-drutu-0-8mm\\\/#breadcrumb\"},\"inLanguage\":\"en-US\",\"potentialAction\":[{\"@type\":\"ReadAction\",\"target\":[\"https:\\\/\\\/wsparcielaserowe.pl\\\/produkt\\\/dysza-spawalnicza-as08-podawanie-drutu-0-8mm\\\/\"]}]},{\"@type\":\"ImageObject\",\"inLanguage\":\"en-US\",\"@id\":\"https:\\\/\\\/wsparcielaserowe.pl\\\/produkt\\\/dysza-spawalnicza-as08-podawanie-drutu-0-8mm\\\/#primaryimage\",\"url\":\"https:\\\/\\\/wsparcielaserowe.pl\\\/wp-content\\\/uploads\\\/2025\\\/07\\\/dysza-koncowka-spawalnicza-AS08-drut-0-8-spawanie-laserowe.jpg\",\"contentUrl\":\"https:\\\/\\\/wsparcielaserowe.pl\\\/wp-content\\\/uploads\\\/2025\\\/07\\\/dysza-koncowka-spawalnicza-AS08-drut-0-8-spawanie-laserowe.jpg\",\"width\":1200,\"height\":1200,\"caption\":\"Mosi\u0119\u017cna dysza spawalnicza AS08 do drutu 0.8mm do g\u0142owicy Raytools Superlaser. Niezb\u0119dne akcesorium do spawania laserem, dost\u0119pne w Wsparcie Laserowe.\"},{\"@type\":\"BreadcrumbList\",\"@id\":\"https:\\\/\\\/wsparcielaserowe.pl\\\/produkt\\\/dysza-spawalnicza-as08-podawanie-drutu-0-8mm\\\/#breadcrumb\",\"itemListElement\":[{\"@type\":\"ListItem\",\"position\":1,\"name\":\"Strona g\u0142\u00f3wna\",\"item\":\"https:\\\/\\\/wsparcielaserowe.pl\\\/\"},{\"@type\":\"ListItem\",\"position\":2,\"name\":\"Sklep\",\"item\":\"https:\\\/\\\/wsparcielaserowe.pl\\\/sklep-spawalniczy-wsparcie-laserowe\\\/\"},{\"@type\":\"ListItem\",\"position\":3,\"name\":\"Dysza spawalnicza AS08, ko\u0144c\u00f3wka spawalnicza do podawania drutu o \u015brednicy 0,8mm\"}]},{\"@type\":\"WebSite\",\"@id\":\"https:\\\/\\\/wsparcielaserowe.pl\\\/#website\",\"url\":\"https:\\\/\\\/wsparcielaserowe.pl\\\/\",\"name\":\"Wsparcie Laserowe\",\"description\":\"\",\"potentialAction\":[{\"@type\":\"SearchAction\",\"target\":{\"@type\":\"EntryPoint\",\"urlTemplate\":\"https:\\\/\\\/wsparcielaserowe.pl\\\/?s={search_term_string}\"},\"query-input\":{\"@type\":\"PropertyValueSpecification\",\"valueRequired\":true,\"valueName\":\"search_term_string\"}}],\"inLanguage\":\"en-US\"}]}<\/script>\n<!-- \/ Yoast SEO plugin. -->","yoast_head_json":{"title":"Dysza spawalnicza AS08, ko\u0144c\u00f3wka spawalnicza do podawania drutu o \u015brednicy 0,8mm - Wsparcie Laserowe","robots":{"index":"index","follow":"follow","max-snippet":"max-snippet:-1","max-image-preview":"max-image-preview:large","max-video-preview":"max-video-preview:-1"},"canonical":"https:\/\/wsparcielaserowe.pl\/en\/product\/dysza-spawalnicza-as08-podawanie-drutu-0-8mm\/","og_locale":"en_US","og_type":"article","og_title":"Dysza spawalnicza AS08, ko\u0144c\u00f3wka spawalnicza do podawania drutu o \u015brednicy 0,8mm - Wsparcie Laserowe","og_description":"Dysza ko\u0144c\u00f3wka mosi\u0119\u017cna AS08 do podawania drutu o \u015brednicy 0,8 mm to kluczowy element optyki w g\u0142owicach spawarek laserowych Raytools i Superlaser, zaprojektowany, by zapewni\u0107 bezb\u0142\u0119dne i stabilne prowadzenie drutu spawalniczego. To w\u0142a\u015bnie od jej jako\u015bci zale\u017cy, czy drut trafi idealnie w punkt, gwarantuj\u0105c powtarzalno\u015b\u0107 i doskona\u0142\u0105 jako\u015b\u0107 spoin.","og_url":"https:\/\/wsparcielaserowe.pl\/en\/product\/dysza-spawalnicza-as08-podawanie-drutu-0-8mm\/","og_site_name":"Wsparcie Laserowe","article_modified_time":"2026-03-11T12:22:53+00:00","og_image":[{"width":1200,"height":1200,"url":"https:\/\/wsparcielaserowe.pl\/wp-content\/uploads\/2025\/07\/dysza-koncowka-spawalnicza-AS08-drut-0-8-spawanie-laserowe.jpg","type":"image\/jpeg"}],"twitter_card":"summary_large_image","twitter_misc":{"Est. reading time":"1 minute"},"schema":{"@context":"https:\/\/schema.org","@graph":[{"@type":"WebPage","@id":"https:\/\/wsparcielaserowe.pl\/produkt\/dysza-spawalnicza-as08-podawanie-drutu-0-8mm\/","url":"https:\/\/wsparcielaserowe.pl\/produkt\/dysza-spawalnicza-as08-podawanie-drutu-0-8mm\/","name":"Dysza spawalnicza AS08, ko\u0144c\u00f3wka spawalnicza do podawania drutu o \u015brednicy 0,8mm - Wsparcie Laserowe","isPartOf":{"@id":"https:\/\/wsparcielaserowe.pl\/#website"},"primaryImageOfPage":{"@id":"https:\/\/wsparcielaserowe.pl\/produkt\/dysza-spawalnicza-as08-podawanie-drutu-0-8mm\/#primaryimage"},"image":{"@id":"https:\/\/wsparcielaserowe.pl\/produkt\/dysza-spawalnicza-as08-podawanie-drutu-0-8mm\/#primaryimage"},"thumbnailUrl":"https:\/\/wsparcielaserowe.pl\/wp-content\/uploads\/2025\/07\/dysza-koncowka-spawalnicza-AS08-drut-0-8-spawanie-laserowe.jpg","datePublished":"2025-07-10T07:59:38+00:00","dateModified":"2026-03-11T12:22:53+00:00","breadcrumb":{"@id":"https:\/\/wsparcielaserowe.pl\/produkt\/dysza-spawalnicza-as08-podawanie-drutu-0-8mm\/#breadcrumb"},"inLanguage":"en-US","potentialAction":[{"@type":"ReadAction","target":["https:\/\/wsparcielaserowe.pl\/produkt\/dysza-spawalnicza-as08-podawanie-drutu-0-8mm\/"]}]},{"@type":"ImageObject","inLanguage":"en-US","@id":"https:\/\/wsparcielaserowe.pl\/produkt\/dysza-spawalnicza-as08-podawanie-drutu-0-8mm\/#primaryimage","url":"https:\/\/wsparcielaserowe.pl\/wp-content\/uploads\/2025\/07\/dysza-koncowka-spawalnicza-AS08-drut-0-8-spawanie-laserowe.jpg","contentUrl":"https:\/\/wsparcielaserowe.pl\/wp-content\/uploads\/2025\/07\/dysza-koncowka-spawalnicza-AS08-drut-0-8-spawanie-laserowe.jpg","width":1200,"height":1200,"caption":"Mosi\u0119\u017cna dysza spawalnicza AS08 do drutu 0.8mm do g\u0142owicy Raytools Superlaser. Niezb\u0119dne akcesorium do spawania laserem, dost\u0119pne w Wsparcie Laserowe."},{"@type":"BreadcrumbList","@id":"https:\/\/wsparcielaserowe.pl\/produkt\/dysza-spawalnicza-as08-podawanie-drutu-0-8mm\/#breadcrumb","itemListElement":[{"@type":"ListItem","position":1,"name":"Strona g\u0142\u00f3wna","item":"https:\/\/wsparcielaserowe.pl\/"},{"@type":"ListItem","position":2,"name":"Sklep","item":"https:\/\/wsparcielaserowe.pl\/sklep-spawalniczy-wsparcie-laserowe\/"},{"@type":"ListItem","position":3,"name":"Dysza spawalnicza AS08, ko\u0144c\u00f3wka spawalnicza do podawania drutu o \u015brednicy 0,8mm"}]},{"@type":"WebSite","@id":"https:\/\/wsparcielaserowe.pl\/#website","url":"https:\/\/wsparcielaserowe.pl\/","name":"Wsparcie Laserowe","description":"","potentialAction":[{"@type":"SearchAction","target":{"@type":"EntryPoint","urlTemplate":"https:\/\/wsparcielaserowe.pl\/?s={search_term_string}"},"query-input":{"@type":"PropertyValueSpecification","valueRequired":true,"valueName":"search_term_string"}}],"inLanguage":"en-US"}]}},"_links":{"self":[{"href":"https:\/\/wsparcielaserowe.pl\/en\/wp-json\/wp\/v2\/product\/17853","targetHints":{"allow":["GET"]}}],"collection":[{"href":"https:\/\/wsparcielaserowe.pl\/en\/wp-json\/wp\/v2\/product"}],"about":[{"href":"https:\/\/wsparcielaserowe.pl\/en\/wp-json\/wp\/v2\/types\/product"}],"version-history":[{"count":0,"href":"https:\/\/wsparcielaserowe.pl\/en\/wp-json\/wp\/v2\/product\/17853\/revisions"}],"wp:featuredmedia":[{"embeddable":true,"href":"https:\/\/wsparcielaserowe.pl\/en\/wp-json\/wp\/v2\/media\/17854"}],"wp:attachment":[{"href":"https:\/\/wsparcielaserowe.pl\/en\/wp-json\/wp\/v2\/media?parent=17853"}],"wp:term":[{"taxonomy":"product_brand","embeddable":true,"href":"https:\/\/wsparcielaserowe.pl\/en\/wp-json\/wp\/v2\/product_brand?post=17853"},{"taxonomy":"product_cat","embeddable":true,"href":"https:\/\/wsparcielaserowe.pl\/en\/wp-json\/wp\/v2\/product_cat?post=17853"},{"taxonomy":"product_tag","embeddable":true,"href":"https:\/\/wsparcielaserowe.pl\/en\/wp-json\/wp\/v2\/product_tag?post=17853"}],"curies":[{"name":"wp","href":"https:\/\/api.w.org\/{rel}","templated":true}]}}