{"id":17742,"date":"2025-06-27T14:54:35","date_gmt":"2025-06-27T12:54:35","guid":{"rendered":"https:\/\/wsparcielaserowe.pl\/?post_type=product&#038;p=17742"},"modified":"2026-03-11T13:31:52","modified_gmt":"2026-03-11T12:31:52","slug":"soczewka-refleksyjna-33x16-2x1-6mm-lusterko-czesc-optyki-w-glowicy-spawarki-laserowej-wraz-z-mocowaniem","status":"publish","type":"product","link":"https:\/\/wsparcielaserowe.pl\/en\/product\/soczewka-refleksyjna-33x16-2x1-6mm-lusterko-czesc-optyki-w-glowicy-spawarki-laserowej-wraz-z-mocowaniem\/","title":{"rendered":"Soczewka refleksyjna 33mm x 16,2mm x 2mm ; lusterko, cz\u0119\u015b\u0107 optyki w g\u0142owicy spawarki laserowej wraz z mocowaniem"},"content":{"rendered":"<p>Wydajno\u015b\u0107 i precyzja spawarki laserowej zale\u017c\u0105 od idealnie funkcjonuj\u0105cej optyki. <b>Soczewka refleksyjna (lusterko)<\/b> odgrywa w niej kluczow\u0105 rol\u0119, odpowiadaj\u0105c za precyzyjne odbicie i ukierunkowanie wi\u0105zki laserowej. To dzi\u0119ki niej wi\u0105zka trafia w odpowiednie miejsce z optymaln\u0105 moc\u0105, gwarantuj\u0105c najwy\u017csz\u0105 jako\u015b\u0107 spoin.<\/p>\n<p><b>Kluczowe cechy:<\/b><\/p>\n<ul>\n<li><b>Wymiary:<\/b> 33mm x 16,2mm x 2mm<\/li>\n<li><b>Du\u017ca powierzchnia:<\/b> optymalna do szerokiego zakresu zastosowa\u0144.<\/li>\n<li><b>Wysoka odbiciowo\u015b\u0107:<\/b> maksymalizuje moc lasera na obrabianym materiale.<\/li>\n<li><b>Komplet z mocowaniem:<\/b> upraszcza instalacj\u0119 i gwarantuje pewne osadzenie.<\/li>\n<\/ul>\n<p>W naszym sklepie dost\u0119pne s\u0105 r\u00f3wnie\u017c lusterka o wymiarach:<br \/>\n<a href=\"https:\/\/wsparcielaserowe.pl\/en\/product\/soczewka-refleksyjna-20x15x16mm-lusterko-spawanie-laserowe\/\">20mm x 15,2mm x 1,6mm<\/a><br \/>\n<a href=\"https:\/\/wsparcielaserowe.pl\/en\/product\/soczewka-refleksyjna-30mm-x-14mm-x-2mm-lusterko-czesc-optyki-w-glowicy-spawarki-laserowej-wraz-z-mocowaniem\/\">30mm x 14mm x 2 mm<\/a><\/p>\n<p>Nie pozw\u00f3l, by zu\u017cyte lusterko wp\u0142yn\u0119\u0142o na Twoj\u0105 prac\u0119. Postaw na jako\u015b\u0107 i do\u015bwiadczenie Wsparcie Laserowe.<\/p>","protected":false},"excerpt":{"rendered":"<p>Nasza <b>soczewka refleksyjna o wymiarach 33mm x 16,2mm x 2mm<\/b>, dostarczana <b>w komplecie z mocowaniem<\/b>, jest idealnym rozwi\u0105zaniem dla wymagaj\u0105cych zastosowa\u0144. Jej du\u017ca powierzchnia i precyzyjne wykonanie zapewniaj\u0105 <b>minimalne straty energii wi\u0105zki<\/b> oraz <b>niezachwian\u0105 stabilno\u015b\u0107 optyczn\u0105<\/b>. Inwestycja w ten komponent to pewno\u015b\u0107, \u017ce Twoja spawarka pracuje z pe\u0142n\u0105 wydajno\u015bci\u0105, a ka\u017cdy spaw jest idealny.<\/p>","protected":false},"featured_media":17744,"template":"","meta":[],"product_brand":[],"product_cat":[147,174,131],"product_tag":[183,184,178,182],"class_list":{"0":"post-17742","1":"product","2":"type-product","3":"status-publish","4":"has-post-thumbnail","6":"product_cat-czesci-zamienne-do-spawania-laserowego","7":"product_cat-optyka-wymienna-do-glowic-swiatlowodow-spawarek-czyszczarek-wycinarek-laserowych","8":"product_cat-sklep-spawalniczy-internetowy","9":"product_tag-lusterko","10":"product_tag-lusterko-do-spawarki","11":"product_tag-soczewka","12":"product_tag-soczewka-refleksyjna","14":"first","15":"instock","16":"taxable","17":"shipping-taxable","18":"purchasable","19":"product-type-simple"},"yoast_head":"<!-- This site is optimized with the Yoast SEO plugin v27.2 - https:\/\/yoast.com\/product\/yoast-seo-wordpress\/ -->\n<title>Soczewka refleksyjna 33mm x 16,2mm x 2mm ; lusterko, cz\u0119\u015b\u0107 optyki w g\u0142owicy spawarki laserowej wraz z mocowaniem - Wsparcie Laserowe<\/title>\n<meta name=\"robots\" content=\"index, follow, max-snippet:-1, max-image-preview:large, max-video-preview:-1\" \/>\n<link rel=\"canonical\" href=\"https:\/\/wsparcielaserowe.pl\/en\/product\/soczewka-refleksyjna-33x16-2x1-6mm-lusterko-czesc-optyki-w-glowicy-spawarki-laserowej-wraz-z-mocowaniem\/\" \/>\n<meta property=\"og:locale\" content=\"en_US\" \/>\n<meta property=\"og:type\" content=\"article\" \/>\n<meta property=\"og:title\" content=\"Soczewka refleksyjna 33mm x 16,2mm x 2mm ; lusterko, cz\u0119\u015b\u0107 optyki w g\u0142owicy spawarki laserowej wraz z mocowaniem - Wsparcie Laserowe\" \/>\n<meta property=\"og:description\" content=\"Nasza soczewka refleksyjna o wymiarach 33mm x 16,2mm x 2mm, dostarczana w komplecie z mocowaniem, jest idealnym rozwi\u0105zaniem dla wymagaj\u0105cych zastosowa\u0144. Jej du\u017ca powierzchnia i precyzyjne wykonanie zapewniaj\u0105 minimalne straty energii wi\u0105zki oraz niezachwian\u0105 stabilno\u015b\u0107 optyczn\u0105. Inwestycja w ten komponent to pewno\u015b\u0107, \u017ce Twoja spawarka pracuje z pe\u0142n\u0105 wydajno\u015bci\u0105, a ka\u017cdy spaw jest idealny.\" \/>\n<meta property=\"og:url\" content=\"https:\/\/wsparcielaserowe.pl\/en\/product\/soczewka-refleksyjna-33x16-2x1-6mm-lusterko-czesc-optyki-w-glowicy-spawarki-laserowej-wraz-z-mocowaniem\/\" \/>\n<meta property=\"og:site_name\" content=\"Wsparcie Laserowe\" \/>\n<meta property=\"article:modified_time\" content=\"2026-03-11T12:31:52+00:00\" \/>\n<meta property=\"og:image\" content=\"https:\/\/wsparcielaserowe.pl\/wp-content\/uploads\/2025\/06\/soczewka-refleksyjna-lusterko-spawarki-laserowej-33x162x2-wsparcie-laserowe2.jpg\" \/>\n\t<meta property=\"og:image:width\" content=\"1200\" \/>\n\t<meta property=\"og:image:height\" content=\"1200\" \/>\n\t<meta property=\"og:image:type\" content=\"image\/jpeg\" \/>\n<meta name=\"twitter:card\" content=\"summary_large_image\" \/>\n<meta name=\"twitter:label1\" content=\"Est. reading time\" \/>\n\t<meta name=\"twitter:data1\" content=\"1 minute\" \/>\n<script type=\"application\/ld+json\" class=\"yoast-schema-graph\">{\"@context\":\"https:\/\/schema.org\",\"@graph\":[{\"@type\":\"WebPage\",\"@id\":\"https:\/\/wsparcielaserowe.pl\/produkt\/soczewka-refleksyjna-33x16-2x1-6mm-lusterko-czesc-optyki-w-glowicy-spawarki-laserowej-wraz-z-mocowaniem\/\",\"url\":\"https:\/\/wsparcielaserowe.pl\/produkt\/soczewka-refleksyjna-33x16-2x1-6mm-lusterko-czesc-optyki-w-glowicy-spawarki-laserowej-wraz-z-mocowaniem\/\",\"name\":\"Soczewka refleksyjna 33mm x 16,2mm x 2mm ; lusterko, cz\u0119\u015b\u0107 optyki w g\u0142owicy spawarki laserowej wraz z mocowaniem - Wsparcie Laserowe\",\"isPartOf\":{\"@id\":\"https:\/\/wsparcielaserowe.pl\/#website\"},\"primaryImageOfPage\":{\"@id\":\"https:\/\/wsparcielaserowe.pl\/produkt\/soczewka-refleksyjna-33x16-2x1-6mm-lusterko-czesc-optyki-w-glowicy-spawarki-laserowej-wraz-z-mocowaniem\/#primaryimage\"},\"image\":{\"@id\":\"https:\/\/wsparcielaserowe.pl\/produkt\/soczewka-refleksyjna-33x16-2x1-6mm-lusterko-czesc-optyki-w-glowicy-spawarki-laserowej-wraz-z-mocowaniem\/#primaryimage\"},\"thumbnailUrl\":\"https:\/\/wsparcielaserowe.pl\/wp-content\/uploads\/2025\/06\/soczewka-refleksyjna-lusterko-spawarki-laserowej-33x162x2-wsparcie-laserowe2.jpg\",\"datePublished\":\"2025-06-27T12:54:35+00:00\",\"dateModified\":\"2026-03-11T12:31:52+00:00\",\"breadcrumb\":{\"@id\":\"https:\/\/wsparcielaserowe.pl\/produkt\/soczewka-refleksyjna-33x16-2x1-6mm-lusterko-czesc-optyki-w-glowicy-spawarki-laserowej-wraz-z-mocowaniem\/#breadcrumb\"},\"inLanguage\":\"en-US\",\"potentialAction\":[{\"@type\":\"ReadAction\",\"target\":[\"https:\/\/wsparcielaserowe.pl\/produkt\/soczewka-refleksyjna-33x16-2x1-6mm-lusterko-czesc-optyki-w-glowicy-spawarki-laserowej-wraz-z-mocowaniem\/\"]}]},{\"@type\":\"ImageObject\",\"inLanguage\":\"en-US\",\"@id\":\"https:\/\/wsparcielaserowe.pl\/produkt\/soczewka-refleksyjna-33x16-2x1-6mm-lusterko-czesc-optyki-w-glowicy-spawarki-laserowej-wraz-z-mocowaniem\/#primaryimage\",\"url\":\"https:\/\/wsparcielaserowe.pl\/wp-content\/uploads\/2025\/06\/soczewka-refleksyjna-lusterko-spawarki-laserowej-33x162x2-wsparcie-laserowe2.jpg\",\"contentUrl\":\"https:\/\/wsparcielaserowe.pl\/wp-content\/uploads\/2025\/06\/soczewka-refleksyjna-lusterko-spawarki-laserowej-33x162x2-wsparcie-laserowe2.jpg\",\"width\":1200,\"height\":1200,\"caption\":\"Szkie\u0142ko refleksyjne 33x16,2x2mm z mocowaniem, kluczowe dla spawania laserem. Cz\u0119\u015b\u0107 optyki laserowej dost\u0119pna w Wsparcie Laserowe.\"},{\"@type\":\"BreadcrumbList\",\"@id\":\"https:\/\/wsparcielaserowe.pl\/produkt\/soczewka-refleksyjna-33x16-2x1-6mm-lusterko-czesc-optyki-w-glowicy-spawarki-laserowej-wraz-z-mocowaniem\/#breadcrumb\",\"itemListElement\":[{\"@type\":\"ListItem\",\"position\":1,\"name\":\"Strona g\u0142\u00f3wna\",\"item\":\"https:\/\/wsparcielaserowe.pl\/\"},{\"@type\":\"ListItem\",\"position\":2,\"name\":\"Sklep\",\"item\":\"https:\/\/wsparcielaserowe.pl\/sklep-spawalniczy-wsparcie-laserowe\/\"},{\"@type\":\"ListItem\",\"position\":3,\"name\":\"Soczewka refleksyjna 33mm x 16,2mm x 2mm ; lusterko, cz\u0119\u015b\u0107 optyki w g\u0142owicy spawarki laserowej wraz z mocowaniem\"}]},{\"@type\":\"WebSite\",\"@id\":\"https:\/\/wsparcielaserowe.pl\/#website\",\"url\":\"https:\/\/wsparcielaserowe.pl\/\",\"name\":\"Wsparcie Laserowe\",\"description\":\"\",\"potentialAction\":[{\"@type\":\"SearchAction\",\"target\":{\"@type\":\"EntryPoint\",\"urlTemplate\":\"https:\/\/wsparcielaserowe.pl\/?s={search_term_string}\"},\"query-input\":{\"@type\":\"PropertyValueSpecification\",\"valueRequired\":true,\"valueName\":\"search_term_string\"}}],\"inLanguage\":\"en-US\"}]}<\/script>\n<!-- \/ Yoast SEO plugin. -->","yoast_head_json":{"title":"Soczewka refleksyjna 33mm x 16,2mm x 2mm ; lusterko, cz\u0119\u015b\u0107 optyki w g\u0142owicy spawarki laserowej wraz z mocowaniem - Wsparcie Laserowe","robots":{"index":"index","follow":"follow","max-snippet":"max-snippet:-1","max-image-preview":"max-image-preview:large","max-video-preview":"max-video-preview:-1"},"canonical":"https:\/\/wsparcielaserowe.pl\/en\/product\/soczewka-refleksyjna-33x16-2x1-6mm-lusterko-czesc-optyki-w-glowicy-spawarki-laserowej-wraz-z-mocowaniem\/","og_locale":"en_US","og_type":"article","og_title":"Soczewka refleksyjna 33mm x 16,2mm x 2mm ; lusterko, cz\u0119\u015b\u0107 optyki w g\u0142owicy spawarki laserowej wraz z mocowaniem - Wsparcie Laserowe","og_description":"Nasza soczewka refleksyjna o wymiarach 33mm x 16,2mm x 2mm, dostarczana w komplecie z mocowaniem, jest idealnym rozwi\u0105zaniem dla wymagaj\u0105cych zastosowa\u0144. Jej du\u017ca powierzchnia i precyzyjne wykonanie zapewniaj\u0105 minimalne straty energii wi\u0105zki oraz niezachwian\u0105 stabilno\u015b\u0107 optyczn\u0105. Inwestycja w ten komponent to pewno\u015b\u0107, \u017ce Twoja spawarka pracuje z pe\u0142n\u0105 wydajno\u015bci\u0105, a ka\u017cdy spaw jest idealny.","og_url":"https:\/\/wsparcielaserowe.pl\/en\/product\/soczewka-refleksyjna-33x16-2x1-6mm-lusterko-czesc-optyki-w-glowicy-spawarki-laserowej-wraz-z-mocowaniem\/","og_site_name":"Wsparcie Laserowe","article_modified_time":"2026-03-11T12:31:52+00:00","og_image":[{"width":1200,"height":1200,"url":"https:\/\/wsparcielaserowe.pl\/wp-content\/uploads\/2025\/06\/soczewka-refleksyjna-lusterko-spawarki-laserowej-33x162x2-wsparcie-laserowe2.jpg","type":"image\/jpeg"}],"twitter_card":"summary_large_image","twitter_misc":{"Est. reading time":"1 minute"},"schema":{"@context":"https:\/\/schema.org","@graph":[{"@type":"WebPage","@id":"https:\/\/wsparcielaserowe.pl\/produkt\/soczewka-refleksyjna-33x16-2x1-6mm-lusterko-czesc-optyki-w-glowicy-spawarki-laserowej-wraz-z-mocowaniem\/","url":"https:\/\/wsparcielaserowe.pl\/produkt\/soczewka-refleksyjna-33x16-2x1-6mm-lusterko-czesc-optyki-w-glowicy-spawarki-laserowej-wraz-z-mocowaniem\/","name":"Soczewka refleksyjna 33mm x 16,2mm x 2mm ; lusterko, cz\u0119\u015b\u0107 optyki w g\u0142owicy spawarki laserowej wraz z mocowaniem - Wsparcie Laserowe","isPartOf":{"@id":"https:\/\/wsparcielaserowe.pl\/#website"},"primaryImageOfPage":{"@id":"https:\/\/wsparcielaserowe.pl\/produkt\/soczewka-refleksyjna-33x16-2x1-6mm-lusterko-czesc-optyki-w-glowicy-spawarki-laserowej-wraz-z-mocowaniem\/#primaryimage"},"image":{"@id":"https:\/\/wsparcielaserowe.pl\/produkt\/soczewka-refleksyjna-33x16-2x1-6mm-lusterko-czesc-optyki-w-glowicy-spawarki-laserowej-wraz-z-mocowaniem\/#primaryimage"},"thumbnailUrl":"https:\/\/wsparcielaserowe.pl\/wp-content\/uploads\/2025\/06\/soczewka-refleksyjna-lusterko-spawarki-laserowej-33x162x2-wsparcie-laserowe2.jpg","datePublished":"2025-06-27T12:54:35+00:00","dateModified":"2026-03-11T12:31:52+00:00","breadcrumb":{"@id":"https:\/\/wsparcielaserowe.pl\/produkt\/soczewka-refleksyjna-33x16-2x1-6mm-lusterko-czesc-optyki-w-glowicy-spawarki-laserowej-wraz-z-mocowaniem\/#breadcrumb"},"inLanguage":"en-US","potentialAction":[{"@type":"ReadAction","target":["https:\/\/wsparcielaserowe.pl\/produkt\/soczewka-refleksyjna-33x16-2x1-6mm-lusterko-czesc-optyki-w-glowicy-spawarki-laserowej-wraz-z-mocowaniem\/"]}]},{"@type":"ImageObject","inLanguage":"en-US","@id":"https:\/\/wsparcielaserowe.pl\/produkt\/soczewka-refleksyjna-33x16-2x1-6mm-lusterko-czesc-optyki-w-glowicy-spawarki-laserowej-wraz-z-mocowaniem\/#primaryimage","url":"https:\/\/wsparcielaserowe.pl\/wp-content\/uploads\/2025\/06\/soczewka-refleksyjna-lusterko-spawarki-laserowej-33x162x2-wsparcie-laserowe2.jpg","contentUrl":"https:\/\/wsparcielaserowe.pl\/wp-content\/uploads\/2025\/06\/soczewka-refleksyjna-lusterko-spawarki-laserowej-33x162x2-wsparcie-laserowe2.jpg","width":1200,"height":1200,"caption":"Szkie\u0142ko refleksyjne 33x16,2x2mm z mocowaniem, kluczowe dla spawania laserem. Cz\u0119\u015b\u0107 optyki laserowej dost\u0119pna w Wsparcie Laserowe."},{"@type":"BreadcrumbList","@id":"https:\/\/wsparcielaserowe.pl\/produkt\/soczewka-refleksyjna-33x16-2x1-6mm-lusterko-czesc-optyki-w-glowicy-spawarki-laserowej-wraz-z-mocowaniem\/#breadcrumb","itemListElement":[{"@type":"ListItem","position":1,"name":"Strona g\u0142\u00f3wna","item":"https:\/\/wsparcielaserowe.pl\/"},{"@type":"ListItem","position":2,"name":"Sklep","item":"https:\/\/wsparcielaserowe.pl\/sklep-spawalniczy-wsparcie-laserowe\/"},{"@type":"ListItem","position":3,"name":"Soczewka refleksyjna 33mm x 16,2mm x 2mm ; lusterko, cz\u0119\u015b\u0107 optyki w g\u0142owicy spawarki laserowej wraz z mocowaniem"}]},{"@type":"WebSite","@id":"https:\/\/wsparcielaserowe.pl\/#website","url":"https:\/\/wsparcielaserowe.pl\/","name":"Wsparcie Laserowe","description":"","potentialAction":[{"@type":"SearchAction","target":{"@type":"EntryPoint","urlTemplate":"https:\/\/wsparcielaserowe.pl\/?s={search_term_string}"},"query-input":{"@type":"PropertyValueSpecification","valueRequired":true,"valueName":"search_term_string"}}],"inLanguage":"en-US"}]}},"_links":{"self":[{"href":"https:\/\/wsparcielaserowe.pl\/en\/wp-json\/wp\/v2\/product\/17742","targetHints":{"allow":["GET"]}}],"collection":[{"href":"https:\/\/wsparcielaserowe.pl\/en\/wp-json\/wp\/v2\/product"}],"about":[{"href":"https:\/\/wsparcielaserowe.pl\/en\/wp-json\/wp\/v2\/types\/product"}],"version-history":[{"count":0,"href":"https:\/\/wsparcielaserowe.pl\/en\/wp-json\/wp\/v2\/product\/17742\/revisions"}],"wp:featuredmedia":[{"embeddable":true,"href":"https:\/\/wsparcielaserowe.pl\/en\/wp-json\/wp\/v2\/media\/17744"}],"wp:attachment":[{"href":"https:\/\/wsparcielaserowe.pl\/en\/wp-json\/wp\/v2\/media?parent=17742"}],"wp:term":[{"taxonomy":"product_brand","embeddable":true,"href":"https:\/\/wsparcielaserowe.pl\/en\/wp-json\/wp\/v2\/product_brand?post=17742"},{"taxonomy":"product_cat","embeddable":true,"href":"https:\/\/wsparcielaserowe.pl\/en\/wp-json\/wp\/v2\/product_cat?post=17742"},{"taxonomy":"product_tag","embeddable":true,"href":"https:\/\/wsparcielaserowe.pl\/en\/wp-json\/wp\/v2\/product_tag?post=17742"}],"curies":[{"name":"wp","href":"https:\/\/api.w.org\/{rel}","templated":true}]}}