{"id":17708,"date":"2025-06-26T12:46:34","date_gmt":"2025-06-26T10:46:34","guid":{"rendered":"https:\/\/wsparcielaserowe.pl\/?post_type=product&#038;p=17708"},"modified":"2026-03-11T13:33:02","modified_gmt":"2026-03-11T12:33:02","slug":"soczewka-kolimacyjna-20mm-x-5mm-f60-kolimacja-optyka-glowicy-spawarki-laserowej","status":"publish","type":"product","link":"https:\/\/wsparcielaserowe.pl\/en\/product\/soczewka-kolimacyjna-20mm-x-5mm-f60-kolimacja-optyka-glowicy-spawarki-laserowej\/","title":{"rendered":"Soczewka kolimacyjna 20mm x 5mm-F60 kolimacja optyka g\u0142owicy spawarki laserowej"},"content":{"rendered":"<p>Z biegiem czasu, nawet najlepiej chroniona optyka mo\u017ce ulec zu\u017cyciu, zabrudzeniu lub mikrouszkodzeniom, co bezpo\u015brednio wp\u0142ywa na jako\u015b\u0107 wi\u0105zki laserowej. Niewyra\u017ane, niestabilne lub os\u0142abione spawanie cz\u0119sto jest sygna\u0142em, \u017ce czas na wymian\u0119 kluczowych element\u00f3w optycznych. Inwestycja w now\u0105, precyzyjn\u0105 soczewk\u0119 kolimacyjn\u0105 to:<\/p>\n<ul>\n<li><b>Przywr\u00f3cenie optymalnej jako\u015bci spawu:<\/b> Idealnie skorygowana wi\u0105zka to mocny, powtarzalny i precyzyjny spaw.<\/li>\n<li><b>Wyd\u0142u\u017cenie \u017cywotno\u015bci g\u0142owicy:<\/b> Poprawnie dzia\u0142aj\u0105ca optyka zmniejsza obci\u0105\u017cenie pozosta\u0142ych komponent\u00f3w.<\/li>\n<li><b>Zwi\u0119kszenie efektywno\u015bci energetycznej:<\/b> Mniejsze straty wi\u0105zki to lepsze wykorzystanie mocy lasera.<\/li>\n<li><b>Minimalizacja przestoj\u00f3w:<\/b> Regularna konserwacja i wymiana zu\u017cytych cz\u0119\u015bci to podstawa ci\u0105g\u0142ej pracy.<\/li>\n<\/ul>\n<p><b>Parametry soczewki:<\/b><\/p>\n<ul>\n<li><b>\u015arednica:<\/b> 20mm<\/li>\n<li><b>Grubo\u015b\u0107:<\/b> 5mm<\/li>\n<li><b>Ogniskowa (F):<\/b> 60mm (odpowiada za odpowiednie uformowanie wi\u0105zki)<\/li>\n<\/ul>\n<p>&nbsp;<\/p>\n<p><a href=\"https:\/\/wsparcielaserowe.pl\/en\/product\/soczewka-kolimacyjna-16mm-x-5mm-f60-kolimacja-optyka-glowicy-spawarki-laserowej\/\">Tu<\/a> dost\u0119pna jest soczewka <strong>16mm x 5mm-F60<\/strong><\/p>\n<p>W profesjonalnym spawaniu laserowym liczy si\u0119 precyzja, a za ni\u0105 w du\u017cej mierze odpowiada <b>optyka w g\u0142owicy<\/b>. Jednym z jej najwa\u017cniejszych element\u00f3w jest <b>soczewka kolimacyjna<\/b>. To ona odpowiada za przekszta\u0142cenie rozbie\u017cnej wi\u0105zki \u015bwiat\u0142a emitowanej przez \u015bwiat\u0142ow\u00f3d w r\u00f3wnoleg\u0142\u0105, precyzyjn\u0105 wi\u0105zk\u0119, kt\u00f3ra trafia do soczewki skupiaj\u0105cej. Bez niej nie by\u0142oby mowy o stabilnym i wysokiej jako\u015bci spawaniu.<\/p>\n<p>Zaufaj <b>Wsparcie Laserowe<\/b> \u2013 dostarczamy komponenty optyczne, kt\u00f3re testujemy w warunkach przemys\u0142owych, zapewniaj\u0105c Ci pewno\u015b\u0107 i niezawodno\u015b\u0107. Postaw na jako\u015b\u0107 i ciesz si\u0119 precyzyjnym spawaniem bez kompromis\u00f3w.<\/p>","protected":false},"excerpt":{"rendered":"<p><strong>S<\/strong><b>oczewka kolimacyjna o \u015brednicy 20mm i grubo\u015bci 5mm (F60)<\/b> to kluczowa cz\u0119\u015b\u0107 optyki, zaprojektowana, by zapewni\u0107 maksymaln\u0105 efektywno\u015b\u0107 i niezawodno\u015b\u0107 Twojej spawarki laserowej. Wykonana z wysokiej jako\u015bci materia\u0142\u00f3w optycznych, gwarantuje <b>optymaln\u0105 transmisj\u0119 wi\u0105zki laserowej<\/b> oraz <b>minimalne straty energii<\/b>, co przek\u0142ada si\u0119 na <b>wy\u017csz\u0105 jako\u015b\u0107 spawu i wi\u0119ksz\u0105 wydajno\u015b\u0107 pracy<\/b>.<\/p>","protected":false},"featured_media":17712,"template":"","meta":[],"product_brand":[],"product_cat":[147,174,131],"product_tag":[178,236,179,180],"class_list":{"0":"post-17708","1":"product","2":"type-product","3":"status-publish","4":"has-post-thumbnail","6":"product_cat-czesci-zamienne-do-spawania-laserowego","7":"product_cat-optyka-wymienna-do-glowic-swiatlowodow-spawarek-czyszczarek-wycinarek-laserowych","8":"product_cat-sklep-spawalniczy-internetowy","9":"product_tag-soczewka","10":"product_tag-soczewka-20x5","11":"product_tag-soczewka-kolimacyjna","12":"product_tag-spawanie-laserowe","14":"first","15":"instock","16":"taxable","17":"shipping-taxable","18":"purchasable","19":"product-type-simple"},"yoast_head":"<!-- This site is optimized with the Yoast SEO plugin v27.2 - https:\/\/yoast.com\/product\/yoast-seo-wordpress\/ -->\n<title>Soczewka kolimacyjna 20mm x 5mm-F60 kolimacja optyka g\u0142owicy spawarki laserowej - Wsparcie Laserowe<\/title>\n<meta name=\"robots\" content=\"index, follow, max-snippet:-1, max-image-preview:large, max-video-preview:-1\" \/>\n<link rel=\"canonical\" href=\"https:\/\/wsparcielaserowe.pl\/en\/product\/soczewka-kolimacyjna-20mm-x-5mm-f60-kolimacja-optyka-glowicy-spawarki-laserowej\/\" \/>\n<meta property=\"og:locale\" content=\"en_US\" \/>\n<meta property=\"og:type\" content=\"article\" \/>\n<meta property=\"og:title\" content=\"Soczewka kolimacyjna 20mm x 5mm-F60 kolimacja optyka g\u0142owicy spawarki laserowej - Wsparcie Laserowe\" \/>\n<meta property=\"og:description\" content=\"Soczewka kolimacyjna o \u015brednicy 20mm i grubo\u015bci 5mm (F60) to kluczowa cz\u0119\u015b\u0107 optyki, zaprojektowana, by zapewni\u0107 maksymaln\u0105 efektywno\u015b\u0107 i niezawodno\u015b\u0107 Twojej spawarki laserowej. Wykonana z wysokiej jako\u015bci materia\u0142\u00f3w optycznych, gwarantuje optymaln\u0105 transmisj\u0119 wi\u0105zki laserowej oraz minimalne straty energii, co przek\u0142ada si\u0119 na wy\u017csz\u0105 jako\u015b\u0107 spawu i wi\u0119ksz\u0105 wydajno\u015b\u0107 pracy.\" \/>\n<meta property=\"og:url\" content=\"https:\/\/wsparcielaserowe.pl\/en\/product\/soczewka-kolimacyjna-20mm-x-5mm-f60-kolimacja-optyka-glowicy-spawarki-laserowej\/\" \/>\n<meta property=\"og:site_name\" content=\"Wsparcie Laserowe\" \/>\n<meta property=\"article:modified_time\" content=\"2026-03-11T12:33:02+00:00\" \/>\n<meta property=\"og:image\" content=\"https:\/\/wsparcielaserowe.pl\/wp-content\/uploads\/2025\/06\/soczewka-kolimacyjna-sr20-gr5-f60-wsparcie-laserowe.jpg\" \/>\n\t<meta property=\"og:image:width\" content=\"1200\" \/>\n\t<meta property=\"og:image:height\" content=\"1200\" \/>\n\t<meta property=\"og:image:type\" content=\"image\/jpeg\" \/>\n<meta name=\"twitter:card\" content=\"summary_large_image\" \/>\n<meta name=\"twitter:label1\" content=\"Est. reading time\" \/>\n\t<meta name=\"twitter:data1\" content=\"2 minutes\" \/>\n<script type=\"application\/ld+json\" class=\"yoast-schema-graph\">{\"@context\":\"https:\/\/schema.org\",\"@graph\":[{\"@type\":\"WebPage\",\"@id\":\"https:\/\/wsparcielaserowe.pl\/produkt\/soczewka-kolimacyjna-20mm-x-5mm-f60-kolimacja-optyka-glowicy-spawarki-laserowej\/\",\"url\":\"https:\/\/wsparcielaserowe.pl\/produkt\/soczewka-kolimacyjna-20mm-x-5mm-f60-kolimacja-optyka-glowicy-spawarki-laserowej\/\",\"name\":\"Soczewka kolimacyjna 20mm x 5mm-F60 kolimacja optyka g\u0142owicy spawarki laserowej - Wsparcie Laserowe\",\"isPartOf\":{\"@id\":\"https:\/\/wsparcielaserowe.pl\/#website\"},\"primaryImageOfPage\":{\"@id\":\"https:\/\/wsparcielaserowe.pl\/produkt\/soczewka-kolimacyjna-20mm-x-5mm-f60-kolimacja-optyka-glowicy-spawarki-laserowej\/#primaryimage\"},\"image\":{\"@id\":\"https:\/\/wsparcielaserowe.pl\/produkt\/soczewka-kolimacyjna-20mm-x-5mm-f60-kolimacja-optyka-glowicy-spawarki-laserowej\/#primaryimage\"},\"thumbnailUrl\":\"https:\/\/wsparcielaserowe.pl\/wp-content\/uploads\/2025\/06\/soczewka-kolimacyjna-sr20-gr5-f60-wsparcie-laserowe.jpg\",\"datePublished\":\"2025-06-26T10:46:34+00:00\",\"dateModified\":\"2026-03-11T12:33:02+00:00\",\"breadcrumb\":{\"@id\":\"https:\/\/wsparcielaserowe.pl\/produkt\/soczewka-kolimacyjna-20mm-x-5mm-f60-kolimacja-optyka-glowicy-spawarki-laserowej\/#breadcrumb\"},\"inLanguage\":\"en-US\",\"potentialAction\":[{\"@type\":\"ReadAction\",\"target\":[\"https:\/\/wsparcielaserowe.pl\/produkt\/soczewka-kolimacyjna-20mm-x-5mm-f60-kolimacja-optyka-glowicy-spawarki-laserowej\/\"]}]},{\"@type\":\"ImageObject\",\"inLanguage\":\"en-US\",\"@id\":\"https:\/\/wsparcielaserowe.pl\/produkt\/soczewka-kolimacyjna-20mm-x-5mm-f60-kolimacja-optyka-glowicy-spawarki-laserowej\/#primaryimage\",\"url\":\"https:\/\/wsparcielaserowe.pl\/wp-content\/uploads\/2025\/06\/soczewka-kolimacyjna-sr20-gr5-f60-wsparcie-laserowe.jpg\",\"contentUrl\":\"https:\/\/wsparcielaserowe.pl\/wp-content\/uploads\/2025\/06\/soczewka-kolimacyjna-sr20-gr5-f60-wsparcie-laserowe.jpg\",\"width\":1200,\"height\":1200,\"caption\":\"Soczewka kolimacyjna do spawarki laserowej 20x5mm F60. Wysokiej jako\u015bci optyka laserowa od Wsparcie Laserowe, niezb\u0119dna do precyzyjnego spawania laserem.\"},{\"@type\":\"BreadcrumbList\",\"@id\":\"https:\/\/wsparcielaserowe.pl\/produkt\/soczewka-kolimacyjna-20mm-x-5mm-f60-kolimacja-optyka-glowicy-spawarki-laserowej\/#breadcrumb\",\"itemListElement\":[{\"@type\":\"ListItem\",\"position\":1,\"name\":\"Strona g\u0142\u00f3wna\",\"item\":\"https:\/\/wsparcielaserowe.pl\/\"},{\"@type\":\"ListItem\",\"position\":2,\"name\":\"Sklep\",\"item\":\"https:\/\/wsparcielaserowe.pl\/sklep-spawalniczy-wsparcie-laserowe\/\"},{\"@type\":\"ListItem\",\"position\":3,\"name\":\"Soczewka kolimacyjna 20mm x 5mm-F60 kolimacja optyka g\u0142owicy spawarki laserowej\"}]},{\"@type\":\"WebSite\",\"@id\":\"https:\/\/wsparcielaserowe.pl\/#website\",\"url\":\"https:\/\/wsparcielaserowe.pl\/\",\"name\":\"Wsparcie Laserowe\",\"description\":\"\",\"potentialAction\":[{\"@type\":\"SearchAction\",\"target\":{\"@type\":\"EntryPoint\",\"urlTemplate\":\"https:\/\/wsparcielaserowe.pl\/?s={search_term_string}\"},\"query-input\":{\"@type\":\"PropertyValueSpecification\",\"valueRequired\":true,\"valueName\":\"search_term_string\"}}],\"inLanguage\":\"en-US\"}]}<\/script>\n<!-- \/ Yoast SEO plugin. -->","yoast_head_json":{"title":"Soczewka kolimacyjna 20mm x 5mm-F60 kolimacja optyka g\u0142owicy spawarki laserowej - Wsparcie Laserowe","robots":{"index":"index","follow":"follow","max-snippet":"max-snippet:-1","max-image-preview":"max-image-preview:large","max-video-preview":"max-video-preview:-1"},"canonical":"https:\/\/wsparcielaserowe.pl\/en\/product\/soczewka-kolimacyjna-20mm-x-5mm-f60-kolimacja-optyka-glowicy-spawarki-laserowej\/","og_locale":"en_US","og_type":"article","og_title":"Soczewka kolimacyjna 20mm x 5mm-F60 kolimacja optyka g\u0142owicy spawarki laserowej - Wsparcie Laserowe","og_description":"Soczewka kolimacyjna o \u015brednicy 20mm i grubo\u015bci 5mm (F60) to kluczowa cz\u0119\u015b\u0107 optyki, zaprojektowana, by zapewni\u0107 maksymaln\u0105 efektywno\u015b\u0107 i niezawodno\u015b\u0107 Twojej spawarki laserowej. Wykonana z wysokiej jako\u015bci materia\u0142\u00f3w optycznych, gwarantuje optymaln\u0105 transmisj\u0119 wi\u0105zki laserowej oraz minimalne straty energii, co przek\u0142ada si\u0119 na wy\u017csz\u0105 jako\u015b\u0107 spawu i wi\u0119ksz\u0105 wydajno\u015b\u0107 pracy.","og_url":"https:\/\/wsparcielaserowe.pl\/en\/product\/soczewka-kolimacyjna-20mm-x-5mm-f60-kolimacja-optyka-glowicy-spawarki-laserowej\/","og_site_name":"Wsparcie Laserowe","article_modified_time":"2026-03-11T12:33:02+00:00","og_image":[{"width":1200,"height":1200,"url":"https:\/\/wsparcielaserowe.pl\/wp-content\/uploads\/2025\/06\/soczewka-kolimacyjna-sr20-gr5-f60-wsparcie-laserowe.jpg","type":"image\/jpeg"}],"twitter_card":"summary_large_image","twitter_misc":{"Est. reading time":"2 minutes"},"schema":{"@context":"https:\/\/schema.org","@graph":[{"@type":"WebPage","@id":"https:\/\/wsparcielaserowe.pl\/produkt\/soczewka-kolimacyjna-20mm-x-5mm-f60-kolimacja-optyka-glowicy-spawarki-laserowej\/","url":"https:\/\/wsparcielaserowe.pl\/produkt\/soczewka-kolimacyjna-20mm-x-5mm-f60-kolimacja-optyka-glowicy-spawarki-laserowej\/","name":"Soczewka kolimacyjna 20mm x 5mm-F60 kolimacja optyka g\u0142owicy spawarki laserowej - Wsparcie Laserowe","isPartOf":{"@id":"https:\/\/wsparcielaserowe.pl\/#website"},"primaryImageOfPage":{"@id":"https:\/\/wsparcielaserowe.pl\/produkt\/soczewka-kolimacyjna-20mm-x-5mm-f60-kolimacja-optyka-glowicy-spawarki-laserowej\/#primaryimage"},"image":{"@id":"https:\/\/wsparcielaserowe.pl\/produkt\/soczewka-kolimacyjna-20mm-x-5mm-f60-kolimacja-optyka-glowicy-spawarki-laserowej\/#primaryimage"},"thumbnailUrl":"https:\/\/wsparcielaserowe.pl\/wp-content\/uploads\/2025\/06\/soczewka-kolimacyjna-sr20-gr5-f60-wsparcie-laserowe.jpg","datePublished":"2025-06-26T10:46:34+00:00","dateModified":"2026-03-11T12:33:02+00:00","breadcrumb":{"@id":"https:\/\/wsparcielaserowe.pl\/produkt\/soczewka-kolimacyjna-20mm-x-5mm-f60-kolimacja-optyka-glowicy-spawarki-laserowej\/#breadcrumb"},"inLanguage":"en-US","potentialAction":[{"@type":"ReadAction","target":["https:\/\/wsparcielaserowe.pl\/produkt\/soczewka-kolimacyjna-20mm-x-5mm-f60-kolimacja-optyka-glowicy-spawarki-laserowej\/"]}]},{"@type":"ImageObject","inLanguage":"en-US","@id":"https:\/\/wsparcielaserowe.pl\/produkt\/soczewka-kolimacyjna-20mm-x-5mm-f60-kolimacja-optyka-glowicy-spawarki-laserowej\/#primaryimage","url":"https:\/\/wsparcielaserowe.pl\/wp-content\/uploads\/2025\/06\/soczewka-kolimacyjna-sr20-gr5-f60-wsparcie-laserowe.jpg","contentUrl":"https:\/\/wsparcielaserowe.pl\/wp-content\/uploads\/2025\/06\/soczewka-kolimacyjna-sr20-gr5-f60-wsparcie-laserowe.jpg","width":1200,"height":1200,"caption":"Soczewka kolimacyjna do spawarki laserowej 20x5mm F60. Wysokiej jako\u015bci optyka laserowa od Wsparcie Laserowe, niezb\u0119dna do precyzyjnego spawania laserem."},{"@type":"BreadcrumbList","@id":"https:\/\/wsparcielaserowe.pl\/produkt\/soczewka-kolimacyjna-20mm-x-5mm-f60-kolimacja-optyka-glowicy-spawarki-laserowej\/#breadcrumb","itemListElement":[{"@type":"ListItem","position":1,"name":"Strona g\u0142\u00f3wna","item":"https:\/\/wsparcielaserowe.pl\/"},{"@type":"ListItem","position":2,"name":"Sklep","item":"https:\/\/wsparcielaserowe.pl\/sklep-spawalniczy-wsparcie-laserowe\/"},{"@type":"ListItem","position":3,"name":"Soczewka kolimacyjna 20mm x 5mm-F60 kolimacja optyka g\u0142owicy spawarki laserowej"}]},{"@type":"WebSite","@id":"https:\/\/wsparcielaserowe.pl\/#website","url":"https:\/\/wsparcielaserowe.pl\/","name":"Wsparcie Laserowe","description":"","potentialAction":[{"@type":"SearchAction","target":{"@type":"EntryPoint","urlTemplate":"https:\/\/wsparcielaserowe.pl\/?s={search_term_string}"},"query-input":{"@type":"PropertyValueSpecification","valueRequired":true,"valueName":"search_term_string"}}],"inLanguage":"en-US"}]}},"_links":{"self":[{"href":"https:\/\/wsparcielaserowe.pl\/en\/wp-json\/wp\/v2\/product\/17708","targetHints":{"allow":["GET"]}}],"collection":[{"href":"https:\/\/wsparcielaserowe.pl\/en\/wp-json\/wp\/v2\/product"}],"about":[{"href":"https:\/\/wsparcielaserowe.pl\/en\/wp-json\/wp\/v2\/types\/product"}],"version-history":[{"count":0,"href":"https:\/\/wsparcielaserowe.pl\/en\/wp-json\/wp\/v2\/product\/17708\/revisions"}],"wp:featuredmedia":[{"embeddable":true,"href":"https:\/\/wsparcielaserowe.pl\/en\/wp-json\/wp\/v2\/media\/17712"}],"wp:attachment":[{"href":"https:\/\/wsparcielaserowe.pl\/en\/wp-json\/wp\/v2\/media?parent=17708"}],"wp:term":[{"taxonomy":"product_brand","embeddable":true,"href":"https:\/\/wsparcielaserowe.pl\/en\/wp-json\/wp\/v2\/product_brand?post=17708"},{"taxonomy":"product_cat","embeddable":true,"href":"https:\/\/wsparcielaserowe.pl\/en\/wp-json\/wp\/v2\/product_cat?post=17708"},{"taxonomy":"product_tag","embeddable":true,"href":"https:\/\/wsparcielaserowe.pl\/en\/wp-json\/wp\/v2\/product_tag?post=17708"}],"curies":[{"name":"wp","href":"https:\/\/api.w.org\/{rel}","templated":true}]}}