{"id":17704,"date":"2025-06-25T14:47:09","date_gmt":"2025-06-25T12:47:09","guid":{"rendered":"https:\/\/wsparcielaserowe.pl\/?post_type=product&#038;p=17704"},"modified":"2026-03-11T13:33:53","modified_gmt":"2026-03-11T12:33:53","slug":"szkielko-ochronne-18-2-mm-soczewka-ochronna-do-spawania-laserowego","status":"publish","type":"product","link":"https:\/\/wsparcielaserowe.pl\/en\/product\/szkielko-ochronne-18-2-mm-soczewka-ochronna-do-spawania-laserowego\/","title":{"rendered":"Szk\u0142o ochronne 18&#215;2 mm soczewka ochronna do spawania laserowego"},"content":{"rendered":"<p>Wykonane z precyzj\u0105, zapewniaj\u0105 optymalne przej\u015bcie wi\u0105zki laserowej, bez wp\u0142ywu na jako\u015b\u0107 spawu. Postaw na sprawdzone rozwi\u0105zania i uniknij kosztownych przestoj\u00f3w.<\/p>\n<p>&nbsp;<\/p>\n<p><strong>Na tej stronie zamawiasz soczewk\u0119 o wymiarach: 18mm x 2mm (\u015brednica 18mm, grubo\u015b\u0107 2mm).<\/strong><\/p>\n<p>W naszym sklepie dost\u0119pne s\u0105 r\u00f3wnie\u017c szk\u0142a o wymiarach:<br \/>\n<a href=\"https:\/\/wsparcielaserowe.pl\/en\/product\/szklo-ochronne-20x2-soczewka-spawanie-laserowe\/\">20mm x 2mm<\/a> (\u015brednica 20mm, grubo\u015b\u0107 2mm)<br \/>\n<a href=\"https:\/\/wsparcielaserowe.pl\/en\/product\/szklo-ochronne-20x3-mm-soczewka-ochronna-do-spawania-laserowego-kopia\/\">20mm x 3mm<\/a> (\u015brednica 20mm, grubo\u015b\u0107 3mm)<\/p>\n<p>&nbsp;<\/p>\n<p>Nie ryzykuj spadku wydajno\u015bci i drogich napraw. Zabezpiecz swoj\u0105 inwestycj\u0119 sprawdzonymi szk\u0142ami ochronnymi od Wsparcie Laserowe.<\/p>","protected":false},"excerpt":{"rendered":"<p>Nasze <strong>soczewki ochronne 18&#215;2 mm<\/strong> to proste, ale niezb\u0119dne akcesorium, kt\u00f3re skutecznie chroni drogie wewn\u0119trzne soczewki przed uszkodzeniami mechanicznymi, zabrudzeniami i odpryskami spawalniczymi. Ich regularna wymiana gwarantuje nieprzerwan\u0105, wysok\u0105 jako\u015b\u0107 pracy i znacznie wyd\u0142u\u017ca \u017cywotno\u015b\u0107 g\u0142owicy.<\/p>","protected":false},"featured_media":17697,"template":"","meta":[],"product_brand":[],"product_cat":[147,174,131],"product_tag":[176,177,235,175],"class_list":{"0":"post-17704","1":"product","2":"type-product","3":"status-publish","4":"has-post-thumbnail","6":"product_cat-czesci-zamienne-do-spawania-laserowego","7":"product_cat-optyka-wymienna-do-glowic-swiatlowodow-spawarek-czyszczarek-wycinarek-laserowych","8":"product_cat-sklep-spawalniczy-internetowy","9":"product_tag-soczewka-ochronna","10":"product_tag-szkielko-ochronne","11":"product_tag-szklo-18x2","12":"product_tag-szklo-ochronne","14":"first","15":"instock","16":"taxable","17":"shipping-taxable","18":"purchasable","19":"product-type-simple"},"yoast_head":"<!-- This site is optimized with the Yoast SEO plugin v27.2 - https:\/\/yoast.com\/product\/yoast-seo-wordpress\/ -->\n<title>Szk\u0142o ochronne 18x2 mm soczewka ochronna do spawania laserowego - Wsparcie Laserowe<\/title>\n<meta name=\"robots\" content=\"index, follow, max-snippet:-1, max-image-preview:large, max-video-preview:-1\" \/>\n<link rel=\"canonical\" href=\"https:\/\/wsparcielaserowe.pl\/en\/product\/szkielko-ochronne-18-2-mm-soczewka-ochronna-do-spawania-laserowego\/\" \/>\n<meta property=\"og:locale\" content=\"en_US\" \/>\n<meta property=\"og:type\" content=\"article\" \/>\n<meta property=\"og:title\" content=\"Szk\u0142o ochronne 18x2 mm soczewka ochronna do spawania laserowego - Wsparcie Laserowe\" \/>\n<meta property=\"og:description\" content=\"Nasze soczewki ochronne 18x2 mm to proste, ale niezb\u0119dne akcesorium, kt\u00f3re skutecznie chroni drogie wewn\u0119trzne soczewki przed uszkodzeniami mechanicznymi, zabrudzeniami i odpryskami spawalniczymi. Ich regularna wymiana gwarantuje nieprzerwan\u0105, wysok\u0105 jako\u015b\u0107 pracy i znacznie wyd\u0142u\u017ca \u017cywotno\u015b\u0107 g\u0142owicy.\" \/>\n<meta property=\"og:url\" content=\"https:\/\/wsparcielaserowe.pl\/en\/product\/szkielko-ochronne-18-2-mm-soczewka-ochronna-do-spawania-laserowego\/\" \/>\n<meta property=\"og:site_name\" content=\"Wsparcie Laserowe\" \/>\n<meta property=\"article:modified_time\" content=\"2026-03-11T12:33:53+00:00\" \/>\n<meta property=\"og:image\" content=\"https:\/\/wsparcielaserowe.pl\/wp-content\/uploads\/2025\/06\/szkielko-ochronne-18-2-spawanie-laserowe-szkielko-wsparcie-laserowe.jpg\" \/>\n\t<meta property=\"og:image:width\" content=\"1200\" \/>\n\t<meta property=\"og:image:height\" content=\"1200\" \/>\n\t<meta property=\"og:image:type\" content=\"image\/jpeg\" \/>\n<meta name=\"twitter:card\" content=\"summary_large_image\" \/>\n<meta name=\"twitter:label1\" content=\"Est. reading time\" \/>\n\t<meta name=\"twitter:data1\" content=\"1 minute\" \/>\n<script type=\"application\/ld+json\" class=\"yoast-schema-graph\">{\"@context\":\"https:\/\/schema.org\",\"@graph\":[{\"@type\":\"WebPage\",\"@id\":\"https:\/\/wsparcielaserowe.pl\/produkt\/szkielko-ochronne-18-2-mm-soczewka-ochronna-do-spawania-laserowego\/\",\"url\":\"https:\/\/wsparcielaserowe.pl\/produkt\/szkielko-ochronne-18-2-mm-soczewka-ochronna-do-spawania-laserowego\/\",\"name\":\"Szk\u0142o ochronne 18x2 mm soczewka ochronna do spawania laserowego - Wsparcie Laserowe\",\"isPartOf\":{\"@id\":\"https:\/\/wsparcielaserowe.pl\/#website\"},\"primaryImageOfPage\":{\"@id\":\"https:\/\/wsparcielaserowe.pl\/produkt\/szkielko-ochronne-18-2-mm-soczewka-ochronna-do-spawania-laserowego\/#primaryimage\"},\"image\":{\"@id\":\"https:\/\/wsparcielaserowe.pl\/produkt\/szkielko-ochronne-18-2-mm-soczewka-ochronna-do-spawania-laserowego\/#primaryimage\"},\"thumbnailUrl\":\"https:\/\/wsparcielaserowe.pl\/wp-content\/uploads\/2025\/06\/szkielko-ochronne-18-2-spawanie-laserowe-szkielko-wsparcie-laserowe.jpg\",\"datePublished\":\"2025-06-25T12:47:09+00:00\",\"dateModified\":\"2026-03-11T12:33:53+00:00\",\"breadcrumb\":{\"@id\":\"https:\/\/wsparcielaserowe.pl\/produkt\/szkielko-ochronne-18-2-mm-soczewka-ochronna-do-spawania-laserowego\/#breadcrumb\"},\"inLanguage\":\"en-US\",\"potentialAction\":[{\"@type\":\"ReadAction\",\"target\":[\"https:\/\/wsparcielaserowe.pl\/produkt\/szkielko-ochronne-18-2-mm-soczewka-ochronna-do-spawania-laserowego\/\"]}]},{\"@type\":\"ImageObject\",\"inLanguage\":\"en-US\",\"@id\":\"https:\/\/wsparcielaserowe.pl\/produkt\/szkielko-ochronne-18-2-mm-soczewka-ochronna-do-spawania-laserowego\/#primaryimage\",\"url\":\"https:\/\/wsparcielaserowe.pl\/wp-content\/uploads\/2025\/06\/szkielko-ochronne-18-2-spawanie-laserowe-szkielko-wsparcie-laserowe.jpg\",\"contentUrl\":\"https:\/\/wsparcielaserowe.pl\/wp-content\/uploads\/2025\/06\/szkielko-ochronne-18-2-spawanie-laserowe-szkielko-wsparcie-laserowe.jpg\",\"width\":1200,\"height\":1200,\"caption\":\"Kompaktowe szk\u0142o ochronne 18x2 mm do spawarki laserowej. Wysokiej jako\u015bci szkie\u0142ko ochronne do lasera od Wsparcie Laserowe, chroni\u0105ce optyk\u0119 przed uszkodzeniami.\"},{\"@type\":\"BreadcrumbList\",\"@id\":\"https:\/\/wsparcielaserowe.pl\/produkt\/szkielko-ochronne-18-2-mm-soczewka-ochronna-do-spawania-laserowego\/#breadcrumb\",\"itemListElement\":[{\"@type\":\"ListItem\",\"position\":1,\"name\":\"Strona g\u0142\u00f3wna\",\"item\":\"https:\/\/wsparcielaserowe.pl\/\"},{\"@type\":\"ListItem\",\"position\":2,\"name\":\"Sklep\",\"item\":\"https:\/\/wsparcielaserowe.pl\/sklep-spawalniczy-wsparcie-laserowe\/\"},{\"@type\":\"ListItem\",\"position\":3,\"name\":\"Szk\u0142o ochronne 18&#215;2 mm soczewka ochronna do spawania laserowego\"}]},{\"@type\":\"WebSite\",\"@id\":\"https:\/\/wsparcielaserowe.pl\/#website\",\"url\":\"https:\/\/wsparcielaserowe.pl\/\",\"name\":\"Wsparcie Laserowe\",\"description\":\"\",\"potentialAction\":[{\"@type\":\"SearchAction\",\"target\":{\"@type\":\"EntryPoint\",\"urlTemplate\":\"https:\/\/wsparcielaserowe.pl\/?s={search_term_string}\"},\"query-input\":{\"@type\":\"PropertyValueSpecification\",\"valueRequired\":true,\"valueName\":\"search_term_string\"}}],\"inLanguage\":\"en-US\"}]}<\/script>\n<!-- \/ Yoast SEO plugin. -->","yoast_head_json":{"title":"Szk\u0142o ochronne 18x2 mm soczewka ochronna do spawania laserowego - Wsparcie Laserowe","robots":{"index":"index","follow":"follow","max-snippet":"max-snippet:-1","max-image-preview":"max-image-preview:large","max-video-preview":"max-video-preview:-1"},"canonical":"https:\/\/wsparcielaserowe.pl\/en\/product\/szkielko-ochronne-18-2-mm-soczewka-ochronna-do-spawania-laserowego\/","og_locale":"en_US","og_type":"article","og_title":"Szk\u0142o ochronne 18x2 mm soczewka ochronna do spawania laserowego - Wsparcie Laserowe","og_description":"Nasze soczewki ochronne 18x2 mm to proste, ale niezb\u0119dne akcesorium, kt\u00f3re skutecznie chroni drogie wewn\u0119trzne soczewki przed uszkodzeniami mechanicznymi, zabrudzeniami i odpryskami spawalniczymi. Ich regularna wymiana gwarantuje nieprzerwan\u0105, wysok\u0105 jako\u015b\u0107 pracy i znacznie wyd\u0142u\u017ca \u017cywotno\u015b\u0107 g\u0142owicy.","og_url":"https:\/\/wsparcielaserowe.pl\/en\/product\/szkielko-ochronne-18-2-mm-soczewka-ochronna-do-spawania-laserowego\/","og_site_name":"Wsparcie Laserowe","article_modified_time":"2026-03-11T12:33:53+00:00","og_image":[{"width":1200,"height":1200,"url":"https:\/\/wsparcielaserowe.pl\/wp-content\/uploads\/2025\/06\/szkielko-ochronne-18-2-spawanie-laserowe-szkielko-wsparcie-laserowe.jpg","type":"image\/jpeg"}],"twitter_card":"summary_large_image","twitter_misc":{"Est. reading time":"1 minute"},"schema":{"@context":"https:\/\/schema.org","@graph":[{"@type":"WebPage","@id":"https:\/\/wsparcielaserowe.pl\/produkt\/szkielko-ochronne-18-2-mm-soczewka-ochronna-do-spawania-laserowego\/","url":"https:\/\/wsparcielaserowe.pl\/produkt\/szkielko-ochronne-18-2-mm-soczewka-ochronna-do-spawania-laserowego\/","name":"Szk\u0142o ochronne 18x2 mm soczewka ochronna do spawania laserowego - Wsparcie Laserowe","isPartOf":{"@id":"https:\/\/wsparcielaserowe.pl\/#website"},"primaryImageOfPage":{"@id":"https:\/\/wsparcielaserowe.pl\/produkt\/szkielko-ochronne-18-2-mm-soczewka-ochronna-do-spawania-laserowego\/#primaryimage"},"image":{"@id":"https:\/\/wsparcielaserowe.pl\/produkt\/szkielko-ochronne-18-2-mm-soczewka-ochronna-do-spawania-laserowego\/#primaryimage"},"thumbnailUrl":"https:\/\/wsparcielaserowe.pl\/wp-content\/uploads\/2025\/06\/szkielko-ochronne-18-2-spawanie-laserowe-szkielko-wsparcie-laserowe.jpg","datePublished":"2025-06-25T12:47:09+00:00","dateModified":"2026-03-11T12:33:53+00:00","breadcrumb":{"@id":"https:\/\/wsparcielaserowe.pl\/produkt\/szkielko-ochronne-18-2-mm-soczewka-ochronna-do-spawania-laserowego\/#breadcrumb"},"inLanguage":"en-US","potentialAction":[{"@type":"ReadAction","target":["https:\/\/wsparcielaserowe.pl\/produkt\/szkielko-ochronne-18-2-mm-soczewka-ochronna-do-spawania-laserowego\/"]}]},{"@type":"ImageObject","inLanguage":"en-US","@id":"https:\/\/wsparcielaserowe.pl\/produkt\/szkielko-ochronne-18-2-mm-soczewka-ochronna-do-spawania-laserowego\/#primaryimage","url":"https:\/\/wsparcielaserowe.pl\/wp-content\/uploads\/2025\/06\/szkielko-ochronne-18-2-spawanie-laserowe-szkielko-wsparcie-laserowe.jpg","contentUrl":"https:\/\/wsparcielaserowe.pl\/wp-content\/uploads\/2025\/06\/szkielko-ochronne-18-2-spawanie-laserowe-szkielko-wsparcie-laserowe.jpg","width":1200,"height":1200,"caption":"Kompaktowe szk\u0142o ochronne 18x2 mm do spawarki laserowej. Wysokiej jako\u015bci szkie\u0142ko ochronne do lasera od Wsparcie Laserowe, chroni\u0105ce optyk\u0119 przed uszkodzeniami."},{"@type":"BreadcrumbList","@id":"https:\/\/wsparcielaserowe.pl\/produkt\/szkielko-ochronne-18-2-mm-soczewka-ochronna-do-spawania-laserowego\/#breadcrumb","itemListElement":[{"@type":"ListItem","position":1,"name":"Strona g\u0142\u00f3wna","item":"https:\/\/wsparcielaserowe.pl\/"},{"@type":"ListItem","position":2,"name":"Sklep","item":"https:\/\/wsparcielaserowe.pl\/sklep-spawalniczy-wsparcie-laserowe\/"},{"@type":"ListItem","position":3,"name":"Szk\u0142o ochronne 18&#215;2 mm soczewka ochronna do spawania laserowego"}]},{"@type":"WebSite","@id":"https:\/\/wsparcielaserowe.pl\/#website","url":"https:\/\/wsparcielaserowe.pl\/","name":"Wsparcie Laserowe","description":"","potentialAction":[{"@type":"SearchAction","target":{"@type":"EntryPoint","urlTemplate":"https:\/\/wsparcielaserowe.pl\/?s={search_term_string}"},"query-input":{"@type":"PropertyValueSpecification","valueRequired":true,"valueName":"search_term_string"}}],"inLanguage":"en-US"}]}},"_links":{"self":[{"href":"https:\/\/wsparcielaserowe.pl\/en\/wp-json\/wp\/v2\/product\/17704","targetHints":{"allow":["GET"]}}],"collection":[{"href":"https:\/\/wsparcielaserowe.pl\/en\/wp-json\/wp\/v2\/product"}],"about":[{"href":"https:\/\/wsparcielaserowe.pl\/en\/wp-json\/wp\/v2\/types\/product"}],"version-history":[{"count":0,"href":"https:\/\/wsparcielaserowe.pl\/en\/wp-json\/wp\/v2\/product\/17704\/revisions"}],"wp:featuredmedia":[{"embeddable":true,"href":"https:\/\/wsparcielaserowe.pl\/en\/wp-json\/wp\/v2\/media\/17697"}],"wp:attachment":[{"href":"https:\/\/wsparcielaserowe.pl\/en\/wp-json\/wp\/v2\/media?parent=17704"}],"wp:term":[{"taxonomy":"product_brand","embeddable":true,"href":"https:\/\/wsparcielaserowe.pl\/en\/wp-json\/wp\/v2\/product_brand?post=17704"},{"taxonomy":"product_cat","embeddable":true,"href":"https:\/\/wsparcielaserowe.pl\/en\/wp-json\/wp\/v2\/product_cat?post=17704"},{"taxonomy":"product_tag","embeddable":true,"href":"https:\/\/wsparcielaserowe.pl\/en\/wp-json\/wp\/v2\/product_tag?post=17704"}],"curies":[{"name":"wp","href":"https:\/\/api.w.org\/{rel}","templated":true}]}}