{"id":4439,"date":"2021-10-12T16:27:24","date_gmt":"2021-10-12T16:27:24","guid":{"rendered":"http:\/\/dummy.xtemos.com\/woodmart2\/elementor\/?page_id=4439"},"modified":"2026-04-22T15:48:35","modified_gmt":"2026-04-22T13:48:35","slug":"kontakt-wsparcie-laserowe","status":"publish","type":"page","link":"https:\/\/wsparcielaserowe.pl\/en\/kontakt-wsparcie-laserowe\/","title":{"rendered":"Kontakt"},"content":{"rendered":"<div data-elementor-type=\"wp-page\" data-elementor-id=\"4439\" class=\"elementor elementor-4439\" data-elementor-post-type=\"page\">\n\t\t\t\t<div class=\"wd-negative-gap elementor-element elementor-element-5afe6ec e-flex e-con-boxed e-con e-parent\" data-id=\"5afe6ec\" data-element_type=\"container\" data-e-type=\"container\">\n\t\t\t\t\t<div class=\"e-con-inner\">\n\t\t\t\t<div class=\"elementor-element elementor-element-46f72eb elementor-widget elementor-widget-wd_text_block\" data-id=\"46f72eb\" data-element_type=\"widget\" data-e-type=\"widget\" data-widget_type=\"wd_text_block.default\">\n\t\t\t\t<div class=\"elementor-widget-container\">\n\t\t\t\t\t\t\t<div class=\"wd-text-block reset-last-child text-left\">\n\t\t\t\n\t\t\t<h2 style=\"text-align: center;\" data-start=\"122\" data-end=\"146\">Skontaktuj si\u0119 z nami<\/h2><p style=\"text-align: center;\" data-start=\"148\" data-end=\"318\">Masz pytania? Chcesz um\u00f3wi\u0107 pokaz, szkolenie lub doradzi\u0107 si\u0119 w sprawie spawarki laserowej?<br data-start=\"239\" data-end=\"242\" \/>Zadzwo\u0144, napisz lub wpadnij do nas \u2013 pomo\u017cemy bez owijania i bez zobowi\u0105za\u0144.<\/p><p style=\"text-align: center;\" data-start=\"320\" data-end=\"411\"><strong data-start=\"320\" data-end=\"341\">Wsparcie Laserowe sp. z o. o.<\/strong><br data-start=\"341\" data-end=\"344\" \/>\ud83d\udccd Bia\u0142ystok, ul. Kombatant\u00f3w 7 lok. 4<br \/><br \/><u>Szkolenia, pokazy, sprzeda\u017c maszyn<\/u>:<br \/>+48 534 677 340<br \/>m.fiedorczuk@wsparcielaserowe.pl<br \/><br \/><span style=\"text-decoration: underline;\">Sprzeda\u017c cz\u0119\u015bci i akcesori\u00f3w<\/span>:<br \/>+48 730 600 544<br \/>damian@wsparcielaserowe.pl<br \/><br \/><span style=\"text-decoration: underline;\">Serwis<\/span>:<br \/>+48 530 577 421<br \/>serwis@wsparcielaserowe.pl<br \/><br \/><span style=\"text-decoration: underline;\">Biuro<\/span>:<br \/>+48 532 577 467<br \/>biuro@wsparcielaserowe.pl<\/p><p style=\"text-align: center;\" data-start=\"413\" data-end=\"530\">Dzia\u0142amy na terenie ca\u0142ej Polski \u2013 dojedziemy tam, gdzie nas potrzebujesz.<br data-start=\"487\" data-end=\"490\" \/><strong data-start=\"490\" data-end=\"530\">Odpowiadamy szybko. Lubimy konkrety.<\/strong><\/p>\n\t\t\t\t\t<\/div>\n\t\t\t\t\t\t<\/div>\n\t\t\t\t<\/div>\n\t\t\t\t\t<\/div>\n\t\t\t\t<\/div>\n\t\t<div class=\"elementor-element elementor-element-68d0e93 wd-section-stretch-content e-flex e-con-boxed e-con e-parent\" data-id=\"68d0e93\" data-element_type=\"container\" data-e-type=\"container\">\n\t\t\t\t\t<div class=\"e-con-inner\">\n\t\t\t\t<div class=\"elementor-element elementor-element-7c85ce9 elementor-widget elementor-widget-google_maps\" data-id=\"7c85ce9\" data-element_type=\"widget\" data-e-type=\"widget\" data-widget_type=\"google_maps.default\">\n\t\t\t\t<div class=\"elementor-widget-container\">\n\t\t\t\t\t\t\t<div class=\"elementor-custom-embed\">\n\t\t\t<iframe loading=\"lazy\"\n\t\t\t\t\tsrc=\"https:\/\/maps.google.com\/maps?q=Wsparcie%20Laserowe&#038;t=m&#038;z=11&#038;output=embed&#038;iwloc=near\"\n\t\t\t\t\ttitle=\"Wsparcie Laserowe\"\n\t\t\t\t\taria-label=\"Wsparcie Laserowe\"\n\t\t\t><\/iframe>\n\t\t<\/div>\n\t\t\t\t\t\t<\/div>\n\t\t\t\t<\/div>\n\t\t\t\t\t<\/div>\n\t\t\t\t<\/div>\n\t\t\t\t<\/div>","protected":false},"excerpt":{"rendered":"<p>Skontaktuj si\u0119 z nami Masz pytania? Chcesz um\u00f3wi\u0107 pokaz, szkolenie lub doradzi\u0107 si\u0119 w sprawie spawarki laserowej?Zadzwo\u0144, napisz lub wpadnij<\/p>","protected":false},"author":3,"featured_media":0,"parent":0,"menu_order":0,"comment_status":"closed","ping_status":"closed","template":"","meta":{"footnotes":""},"class_list":["post-4439","page","type-page","status-publish","hentry"],"yoast_head":"<!-- This site is optimized with the Yoast SEO plugin v27.4 - https:\/\/yoast.com\/product\/yoast-seo-wordpress\/ -->\n<title>Kontakt - Wsparcie Laserowe<\/title>\n<meta name=\"robots\" content=\"index, follow, max-snippet:-1, max-image-preview:large, max-video-preview:-1\" \/>\n<link rel=\"canonical\" href=\"https:\/\/wsparcielaserowe.pl\/en\/kontakt-wsparcie-laserowe\/\" \/>\n<meta property=\"og:locale\" content=\"en_US\" \/>\n<meta property=\"og:type\" content=\"article\" \/>\n<meta property=\"og:title\" content=\"Kontakt - Wsparcie Laserowe\" \/>\n<meta property=\"og:description\" content=\"Skontaktuj si\u0119 z nami Masz pytania? Chcesz um\u00f3wi\u0107 pokaz, szkolenie lub doradzi\u0107 si\u0119 w sprawie spawarki laserowej?Zadzwo\u0144, napisz lub wpadnij\" \/>\n<meta property=\"og:url\" content=\"https:\/\/wsparcielaserowe.pl\/en\/kontakt-wsparcie-laserowe\/\" \/>\n<meta property=\"og:site_name\" content=\"Wsparcie Laserowe\" \/>\n<meta property=\"article:modified_time\" content=\"2026-04-22T13:48:35+00:00\" \/>\n<meta name=\"twitter:card\" content=\"summary_large_image\" \/>\n<meta name=\"twitter:label1\" content=\"Est. reading time\" \/>\n\t<meta name=\"twitter:data1\" content=\"1 minute\" \/>\n<script type=\"application\/ld+json\" class=\"yoast-schema-graph\">{\"@context\":\"https:\\\/\\\/schema.org\",\"@graph\":[{\"@type\":\"WebPage\",\"@id\":\"https:\\\/\\\/wsparcielaserowe.pl\\\/kontakt-wsparcie-laserowe\\\/\",\"url\":\"https:\\\/\\\/wsparcielaserowe.pl\\\/kontakt-wsparcie-laserowe\\\/\",\"name\":\"Kontakt - Wsparcie Laserowe\",\"isPartOf\":{\"@id\":\"https:\\\/\\\/wsparcielaserowe.pl\\\/#website\"},\"datePublished\":\"2021-10-12T16:27:24+00:00\",\"dateModified\":\"2026-04-22T13:48:35+00:00\",\"breadcrumb\":{\"@id\":\"https:\\\/\\\/wsparcielaserowe.pl\\\/kontakt-wsparcie-laserowe\\\/#breadcrumb\"},\"inLanguage\":\"en-US\",\"potentialAction\":[{\"@type\":\"ReadAction\",\"target\":[\"https:\\\/\\\/wsparcielaserowe.pl\\\/kontakt-wsparcie-laserowe\\\/\"]}]},{\"@type\":\"BreadcrumbList\",\"@id\":\"https:\\\/\\\/wsparcielaserowe.pl\\\/kontakt-wsparcie-laserowe\\\/#breadcrumb\",\"itemListElement\":[{\"@type\":\"ListItem\",\"position\":1,\"name\":\"Strona g\u0142\u00f3wna\",\"item\":\"https:\\\/\\\/wsparcielaserowe.pl\\\/\"},{\"@type\":\"ListItem\",\"position\":2,\"name\":\"Kontakt\"}]},{\"@type\":\"WebSite\",\"@id\":\"https:\\\/\\\/wsparcielaserowe.pl\\\/#website\",\"url\":\"https:\\\/\\\/wsparcielaserowe.pl\\\/\",\"name\":\"Wsparcie Laserowe\",\"description\":\"\",\"potentialAction\":[{\"@type\":\"SearchAction\",\"target\":{\"@type\":\"EntryPoint\",\"urlTemplate\":\"https:\\\/\\\/wsparcielaserowe.pl\\\/?s={search_term_string}\"},\"query-input\":{\"@type\":\"PropertyValueSpecification\",\"valueRequired\":true,\"valueName\":\"search_term_string\"}}],\"inLanguage\":\"en-US\"}]}<\/script>\n<!-- \/ Yoast SEO plugin. -->","yoast_head_json":{"title":"Kontakt - Wsparcie Laserowe","robots":{"index":"index","follow":"follow","max-snippet":"max-snippet:-1","max-image-preview":"max-image-preview:large","max-video-preview":"max-video-preview:-1"},"canonical":"https:\/\/wsparcielaserowe.pl\/en\/kontakt-wsparcie-laserowe\/","og_locale":"en_US","og_type":"article","og_title":"Kontakt - Wsparcie Laserowe","og_description":"Skontaktuj si\u0119 z nami Masz pytania? Chcesz um\u00f3wi\u0107 pokaz, szkolenie lub doradzi\u0107 si\u0119 w sprawie spawarki laserowej?Zadzwo\u0144, napisz lub wpadnij","og_url":"https:\/\/wsparcielaserowe.pl\/en\/kontakt-wsparcie-laserowe\/","og_site_name":"Wsparcie Laserowe","article_modified_time":"2026-04-22T13:48:35+00:00","twitter_card":"summary_large_image","twitter_misc":{"Est. reading time":"1 minute"},"schema":{"@context":"https:\/\/schema.org","@graph":[{"@type":"WebPage","@id":"https:\/\/wsparcielaserowe.pl\/kontakt-wsparcie-laserowe\/","url":"https:\/\/wsparcielaserowe.pl\/kontakt-wsparcie-laserowe\/","name":"Kontakt - Wsparcie Laserowe","isPartOf":{"@id":"https:\/\/wsparcielaserowe.pl\/#website"},"datePublished":"2021-10-12T16:27:24+00:00","dateModified":"2026-04-22T13:48:35+00:00","breadcrumb":{"@id":"https:\/\/wsparcielaserowe.pl\/kontakt-wsparcie-laserowe\/#breadcrumb"},"inLanguage":"en-US","potentialAction":[{"@type":"ReadAction","target":["https:\/\/wsparcielaserowe.pl\/kontakt-wsparcie-laserowe\/"]}]},{"@type":"BreadcrumbList","@id":"https:\/\/wsparcielaserowe.pl\/kontakt-wsparcie-laserowe\/#breadcrumb","itemListElement":[{"@type":"ListItem","position":1,"name":"Strona g\u0142\u00f3wna","item":"https:\/\/wsparcielaserowe.pl\/"},{"@type":"ListItem","position":2,"name":"Kontakt"}]},{"@type":"WebSite","@id":"https:\/\/wsparcielaserowe.pl\/#website","url":"https:\/\/wsparcielaserowe.pl\/","name":"Wsparcie Laserowe","description":"","potentialAction":[{"@type":"SearchAction","target":{"@type":"EntryPoint","urlTemplate":"https:\/\/wsparcielaserowe.pl\/?s={search_term_string}"},"query-input":{"@type":"PropertyValueSpecification","valueRequired":true,"valueName":"search_term_string"}}],"inLanguage":"en-US"}]}},"_links":{"self":[{"href":"https:\/\/wsparcielaserowe.pl\/en\/wp-json\/wp\/v2\/pages\/4439","targetHints":{"allow":["GET"]}}],"collection":[{"href":"https:\/\/wsparcielaserowe.pl\/en\/wp-json\/wp\/v2\/pages"}],"about":[{"href":"https:\/\/wsparcielaserowe.pl\/en\/wp-json\/wp\/v2\/types\/page"}],"author":[{"embeddable":true,"href":"https:\/\/wsparcielaserowe.pl\/en\/wp-json\/wp\/v2\/users\/3"}],"replies":[{"embeddable":true,"href":"https:\/\/wsparcielaserowe.pl\/en\/wp-json\/wp\/v2\/comments?post=4439"}],"version-history":[{"count":0,"href":"https:\/\/wsparcielaserowe.pl\/en\/wp-json\/wp\/v2\/pages\/4439\/revisions"}],"wp:attachment":[{"href":"https:\/\/wsparcielaserowe.pl\/en\/wp-json\/wp\/v2\/media?parent=4439"}],"curies":[{"name":"wp","href":"https:\/\/api.w.org\/{rel}","templated":true}]}}