{"id":19065,"date":"2026-05-07T11:38:24","date_gmt":"2026-05-07T09:38:24","guid":{"rendered":"https:\/\/wsparcielaserowe.pl\/?page_id=19065"},"modified":"2026-05-07T12:24:57","modified_gmt":"2026-05-07T10:24:57","slug":"wsparcie-pomiarowe","status":"publish","type":"page","link":"https:\/\/wsparcielaserowe.pl\/en\/wsparcie-pomiarowe\/","title":{"rendered":"Wsparcie Pomiarowe &#8211; skanery 3D"},"content":{"rendered":"<div data-elementor-type=\"wp-page\" data-elementor-id=\"19065\" class=\"elementor elementor-19065\" data-elementor-post-type=\"page\">\n\t\t\t\t<div class=\"elementor-element elementor-element-1be61ed4 e-con-full e-flex e-con e-parent\" data-id=\"1be61ed4\" data-element_type=\"container\" data-e-type=\"container\">\n\t\t\t\t<div class=\"elementor-element elementor-element-49c18663 color-scheme-inherit text-left elementor-widget elementor-widget-text-editor\" data-id=\"49c18663\" data-element_type=\"widget\" data-e-type=\"widget\" data-widget_type=\"text-editor.default\">\n\t\t\t\t<div class=\"elementor-widget-container\">\n\t\t\t\t\t\t\t\t\t<p><img fetchpriority=\"high\" decoding=\"async\" class=\"wp-image-19068 aligncenter\" src=\"https:\/\/wsparcielaserowe.pl\/wp-content\/uploads\/2026\/05\/logo-wsparcie-pomiarowe-czarne-1-235x300.webp\" alt=\"Wsparcie Pomiarowe - skanery 3D. Sprzeda\u017c, serwis, wypo\u017cyczenie skaner\u00f3w 3D\" width=\"259\" height=\"331\" srcset=\"https:\/\/wsparcielaserowe.pl\/wp-content\/uploads\/2026\/05\/logo-wsparcie-pomiarowe-czarne-1-235x300.webp 235w, https:\/\/wsparcielaserowe.pl\/wp-content\/uploads\/2026\/05\/logo-wsparcie-pomiarowe-czarne-1-628x800.webp 628w, https:\/\/wsparcielaserowe.pl\/wp-content\/uploads\/2026\/05\/logo-wsparcie-pomiarowe-czarne-1-9x12.webp 9w, https:\/\/wsparcielaserowe.pl\/wp-content\/uploads\/2026\/05\/logo-wsparcie-pomiarowe-czarne-1-430x548.webp 430w, https:\/\/wsparcielaserowe.pl\/wp-content\/uploads\/2026\/05\/logo-wsparcie-pomiarowe-czarne-1-700x892.webp 700w, https:\/\/wsparcielaserowe.pl\/wp-content\/uploads\/2026\/05\/logo-wsparcie-pomiarowe-czarne-1-150x191.webp 150w, https:\/\/wsparcielaserowe.pl\/wp-content\/uploads\/2026\/05\/logo-wsparcie-pomiarowe-czarne-1.webp 706w\" sizes=\"(max-width: 259px) 100vw, 259px\" \/><\/p><h1 data-path-to-node=\"3\">Wsparcie Pomiarowe &#8211; Tw\u00f3j dostawca technologii 3D<\/h1><p data-path-to-node=\"4\">W <b data-path-to-node=\"4\" data-index-in-node=\"2\">Wsparcie Pomiarowe<\/b> dostarczamy najbardziej zaawansowane rozwi\u0105zania w dziedzinie skanowania 3D. Specjalizujemy si\u0119 w sprzeda\u017cy i serwisie system\u00f3w pomiarowych, kt\u00f3re rewolucjonizuj\u0105 prac\u0119 w przemy\u015ble, architekturze oraz in\u017cynierii. Nie tylko sprzedajemy sprz\u0119t &#8211; zapewniamy pe\u0142ne wdro\u017cenie, profesjonalny serwis oraz wsparcie merytoryczne.<\/p><h2 data-path-to-node=\"5\">Co oferujemy?<\/h2><h3 data-path-to-node=\"6\">Sprzeda\u017c Profesjonalnych Skaner\u00f3w 3D<\/h3><p><img decoding=\"async\" class=\"size-medium wp-image-19075 alignright\" src=\"https:\/\/wsparcielaserowe.pl\/wp-content\/uploads\/2026\/05\/skaner-3d-proline-mega-scan-300x300.png\" alt=\"Skanery 3D - Wsparcie Pomiarowe. Sprzeda\u017c, serwis, konsultacje, wypo\u017cyczenie, pokazy.\" width=\"300\" height=\"300\" srcset=\"https:\/\/wsparcielaserowe.pl\/wp-content\/uploads\/2026\/05\/skaner-3d-proline-mega-scan-300x300.png 300w, https:\/\/wsparcielaserowe.pl\/wp-content\/uploads\/2026\/05\/skaner-3d-proline-mega-scan-800x800.png 800w, https:\/\/wsparcielaserowe.pl\/wp-content\/uploads\/2026\/05\/skaner-3d-proline-mega-scan-150x150.png 150w, https:\/\/wsparcielaserowe.pl\/wp-content\/uploads\/2026\/05\/skaner-3d-proline-mega-scan-768x768.png 768w, https:\/\/wsparcielaserowe.pl\/wp-content\/uploads\/2026\/05\/skaner-3d-proline-mega-scan-12x12.png 12w, https:\/\/wsparcielaserowe.pl\/wp-content\/uploads\/2026\/05\/skaner-3d-proline-mega-scan-430x430.png 430w, https:\/\/wsparcielaserowe.pl\/wp-content\/uploads\/2026\/05\/skaner-3d-proline-mega-scan-700x700.png 700w, https:\/\/wsparcielaserowe.pl\/wp-content\/uploads\/2026\/05\/skaner-3d-proline-mega-scan.png 1000w\" sizes=\"(max-width: 300px) 100vw, 300px\" \/><\/p><p data-path-to-node=\"7\"><span data-path-to-node=\"7,0\">Oferujemy starannie wyselekcjonowane urz\u0105dzenia serii <b data-path-to-node=\"7,0\" data-index-in-node=\"54\">BDP ProLine<\/b>, kt\u00f3re \u0142\u0105cz\u0105\u00a0w sobie mobilno\u015b\u0107 z najwy\u017csz\u0105 precyzj\u0105 pomiarow\u0105. <\/span><span data-path-to-node=\"7,2\"><span class=\"citation-209\">Ka\u017cdy zakupiony u nas skaner przemys\u0142owy dostarczany jest z certyfikatem metrologicznym zgodnym z norm\u0105 ISO 17025<\/span><\/span><span data-path-to-node=\"7,4\">.<\/span><\/p><h3 data-path-to-node=\"8\">Wynajem i pokazy<\/h3><p data-path-to-node=\"9\">Chcesz sprawdzi\u0107, jak skaner poradzi sobie w Twoich warunkach pracy? Oferujemy:<\/p><ul data-path-to-node=\"10\"><li><p data-path-to-node=\"10,0,0\"><b data-path-to-node=\"10,0,0\" data-index-in-node=\"0\">Odp\u0142atne wypo\u017cyczenie sprz\u0119tu<\/b>, aby\u015b m\u00f3g\u0142 samodzielnie zrealizowa\u0107 projekt i oceni\u0107 mo\u017cliwo\u015bci urz\u0105dzenia.<\/p><\/li><li><p data-path-to-node=\"10,1,0\"><b data-path-to-node=\"10,1,0\" data-index-in-node=\"0\">Prezentacje u klienta<\/b> &#8211; przyje\u017cd\u017camy na miejsce, aby pokaza\u0107 skaner w akcji na Twoich detalach lub obiektach.<\/p><\/li><\/ul><h3 data-path-to-node=\"11\">Serwis i wsparcie techniczne<\/h3><p data-path-to-node=\"12\">Zapewniamy ci\u0105g\u0142o\u015b\u0107 pracy Twojej firmy. Nasz serwis dba o kalibracj\u0119, aktualizacje oraz naprawy gwarancyjne i pogwarancyjne zakupionych u nas urz\u0105dze\u0144.<\/p>\t\t\t\t\t\t\t\t<\/div>\n\t\t\t\t<\/div>\n\t\t\t\t<div class=\"elementor-element elementor-element-a2126de color-scheme-inherit text-left elementor-widget elementor-widget-text-editor\" data-id=\"a2126de\" data-element_type=\"widget\" data-e-type=\"widget\" data-widget_type=\"text-editor.default\">\n\t\t\t\t<div class=\"elementor-widget-container\">\n\t\t\t\t\t\t\t\t\t<p>\u00a0<\/p><hr \/><h2 style=\"text-align: center;\" data-path-to-node=\"14\">Poznaj nasze modele<\/h2><p>Dostarczamy rozwi\u0105zania dopasowane do skali Twojego projektu \u2013 od mikroskopijnych detali maszynowych po wielkogabarytowe hale produkcyjne.<\/p><h3 data-path-to-node=\"7\">BDP ProLine Micro Scan &#8211; precyzyjne skanowanie przemys\u0142owe (Metrologiczne)<\/h3><p data-path-to-node=\"8\"><span data-path-to-node=\"8,1\"><span class=\"citation-179\"><img decoding=\"async\" class=\"alignleft wp-image-19071 size-medium\" src=\"https:\/\/wsparcielaserowe.pl\/wp-content\/uploads\/2026\/05\/BDP-ProLine-Micro-Scan-Wsparcie-Pomiarowe-300x300.png\" alt=\"Skaner 3D BDP ProLine Micro Scan\" width=\"300\" height=\"300\" srcset=\"https:\/\/wsparcielaserowe.pl\/wp-content\/uploads\/2026\/05\/BDP-ProLine-Micro-Scan-Wsparcie-Pomiarowe-300x300.png 300w, https:\/\/wsparcielaserowe.pl\/wp-content\/uploads\/2026\/05\/BDP-ProLine-Micro-Scan-Wsparcie-Pomiarowe-800x800.png 800w, https:\/\/wsparcielaserowe.pl\/wp-content\/uploads\/2026\/05\/BDP-ProLine-Micro-Scan-Wsparcie-Pomiarowe-150x150.png 150w, https:\/\/wsparcielaserowe.pl\/wp-content\/uploads\/2026\/05\/BDP-ProLine-Micro-Scan-Wsparcie-Pomiarowe-768x768.png 768w, https:\/\/wsparcielaserowe.pl\/wp-content\/uploads\/2026\/05\/BDP-ProLine-Micro-Scan-Wsparcie-Pomiarowe-12x12.png 12w, https:\/\/wsparcielaserowe.pl\/wp-content\/uploads\/2026\/05\/BDP-ProLine-Micro-Scan-Wsparcie-Pomiarowe-430x430.png 430w, https:\/\/wsparcielaserowe.pl\/wp-content\/uploads\/2026\/05\/BDP-ProLine-Micro-Scan-Wsparcie-Pomiarowe-700x700.png 700w, https:\/\/wsparcielaserowe.pl\/wp-content\/uploads\/2026\/05\/BDP-ProLine-Micro-Scan-Wsparcie-Pomiarowe.png 1000w\" sizes=\"(max-width: 300px) 100vw, 300px\" \/>Dzi\u0119ki systemowi <\/span><b data-path-to-node=\"8,1\" data-index-in-node=\"17\"><span class=\"citation-179\">BDP ProLine Micro Scan<\/span><\/b><span class=\"citation-179\"> wprowadzamy now\u0105 er\u0119 w pomiarach<\/span><\/span><span data-path-to-node=\"8,3\">. To rozwi\u0105zanie idealne dla bran\u017c wymagaj\u0105cych najwy\u017cszej dok\u0142adno\u015bci.<\/span><\/p><ul><li data-path-to-node=\"9,0,1\"><span data-path-to-node=\"9,0,1,0\"><b data-path-to-node=\"9,0,1,0\" data-index-in-node=\"0\"><span class=\"citation-178\">Skanowanie bez znacznik\u00f3w:<\/span><\/b><span class=\"citation-178\"> zaawansowany system \u015bledzenia optycznego eliminuje konieczno\u015b\u0107 naklejania punkt\u00f3w referencyjnych na obiekty<\/span><\/span><span data-path-to-node=\"9,0,1,2\">.<\/span><\/li><li><p data-path-to-node=\"9,1,1\"><span data-path-to-node=\"9,1,1,0\"><b data-path-to-node=\"9,1,1,0\" data-index-in-node=\"0\"><span class=\"citation-177\">Dok\u0142adno\u015b\u0107 klasy przemys\u0142owej:<\/span><\/b><span class=\"citation-177\"> gwarantujemy precyzj\u0119 pojedynczej klatki do 0,03 mm oraz dok\u0142adno\u015b\u0107 obj\u0119to\u015bciow\u0105 0,1 mm<\/span><\/span><span data-path-to-node=\"9,1,1,2\">.<\/span><\/p><\/li><li><p data-path-to-node=\"9,2,1\"><span data-path-to-node=\"9,2,1,0\"><b data-path-to-node=\"9,2,1,0\" data-index-in-node=\"0\"><span class=\"citation-176\">Certyfikowana jako\u015b\u0107:<\/span><\/b><span class=\"citation-176\"> urz\u0105dzenie posiada certyfikat metrologiczny zgodny z norm\u0105 ISO 17025<\/span><\/span><span data-path-to-node=\"9,2,1,2\">.<\/span><\/p><\/li><li><p id=\"p-rc_7a912224ad3267f9-79\" data-path-to-node=\"9,3,1\"><span data-path-to-node=\"9,3,1,0\"><b data-path-to-node=\"9,3,1,0\" data-index-in-node=\"0\"><span class=\"citation-175\">Zastosowanie:<\/span><\/b><span class=\"citation-175\"> kontrola jako\u015bci, in\u017cynieria odwrotna, skanowanie cz\u0119\u015bci do druku 3D oraz przyrz\u0105d\u00f3w spawalniczych<\/span><\/span><span data-path-to-node=\"9,3,1,2\">.<\/span><\/p><\/li><\/ul><h3 data-path-to-node=\"18\">BDP ProLine Mega Scan &#8211; pot\u0119ga rozdzielczo\u015bci 16K<\/h3><p><img loading=\"lazy\" decoding=\"async\" class=\"alignright wp-image-19070 size-medium\" src=\"https:\/\/wsparcielaserowe.pl\/wp-content\/uploads\/2026\/05\/BDP-ProLine-Mega-Scan-300x300.png\" alt=\"Skaner 3D - BDP ProLine Mega Scan\" width=\"300\" height=\"300\" srcset=\"https:\/\/wsparcielaserowe.pl\/wp-content\/uploads\/2026\/05\/BDP-ProLine-Mega-Scan-300x300.png 300w, https:\/\/wsparcielaserowe.pl\/wp-content\/uploads\/2026\/05\/BDP-ProLine-Mega-Scan-800x800.png 800w, https:\/\/wsparcielaserowe.pl\/wp-content\/uploads\/2026\/05\/BDP-ProLine-Mega-Scan-150x150.png 150w, https:\/\/wsparcielaserowe.pl\/wp-content\/uploads\/2026\/05\/BDP-ProLine-Mega-Scan-768x768.png 768w, https:\/\/wsparcielaserowe.pl\/wp-content\/uploads\/2026\/05\/BDP-ProLine-Mega-Scan-12x12.png 12w, https:\/\/wsparcielaserowe.pl\/wp-content\/uploads\/2026\/05\/BDP-ProLine-Mega-Scan-430x430.png 430w, https:\/\/wsparcielaserowe.pl\/wp-content\/uploads\/2026\/05\/BDP-ProLine-Mega-Scan-700x700.png 700w, https:\/\/wsparcielaserowe.pl\/wp-content\/uploads\/2026\/05\/BDP-ProLine-Mega-Scan.png 1512w\" sizes=\"(max-width: 300px) 100vw, 300px\" \/><span data-path-to-node=\"11,1\"><span class=\"citation-174\">Dzi\u0119ki systemowi <\/span><b data-path-to-node=\"11,1\" data-index-in-node=\"11\"><span class=\"citation-174\">BDP ProLine Mega Scan<\/span><\/b><span class=\"citation-174\"> przenosimy architektur\u0119 i nieruchomo\u015bci w wymiar 16K<\/span><\/span><span data-path-to-node=\"11,3\">.<\/span><\/p><ul><li data-path-to-node=\"12,0,1\"><span data-path-to-node=\"12,0,1,0\"><b data-path-to-node=\"12,0,1,0\" data-index-in-node=\"0\"><span class=\"citation-173\">Niesamowita szczeg\u00f3\u0142owo\u015b\u0107:<\/span><\/b><span class=\"citation-173\"> rejestrujemy panoramy o rozdzielczo\u015bci 134 MP, co zapewnia krystalicznie czysty obraz nawet w trudnym o\u015bwietleniu (technologia HDR)<\/span><\/span><span data-path-to-node=\"12,0,1,2\">.<\/span><\/li><li><p data-path-to-node=\"12,1,1\"><span data-path-to-node=\"12,1,1,0\"><b data-path-to-node=\"12,1,1,0\" data-index-in-node=\"0\"><span class=\"citation-172\">B\u0142yskawiczny LiDAR:<\/span><\/b><span class=\"citation-172\"> zintegrowany dalmierz laserowy pozwala tworzy\u0107 chmury punkt\u00f3w z zasi\u0119giem do 25 metr\u00f3w<\/span><\/span><span data-path-to-node=\"12,1,1,2\">.<\/span><\/p><\/li><li><p data-path-to-node=\"12,2,1\"><span data-path-to-node=\"12,2,1,0\"><b data-path-to-node=\"12,2,1,0\" data-index-in-node=\"0\"><span class=\"citation-171\">Automatyzacja dokumentacji:<\/span><\/b><span class=\"citation-171\"> dzi\u0119ki wsparciu AI system automatycznie generuje rzuty 2D (Floor Plans) oraz modele CAD<\/span><\/span><span data-path-to-node=\"12,2,1,2\">.<\/span><\/p><\/li><li><p id=\"p-rc_7a912224ad3267f9-84\" data-path-to-node=\"12,3,1\"><span data-path-to-node=\"12,3,1,0\"><b data-path-to-node=\"12,3,1,0\" data-index-in-node=\"0\"><span class=\"citation-170\">Zastosowanie:<\/span><\/b><span class=\"citation-170\"> architektura (AEC), stolarstwo, obr\u00f3t nieruchomo\u015bciami, turystyka oraz digitalizacja zabytk\u00f3w<\/span><\/span><span data-path-to-node=\"12,3,1,2\">.<\/span><\/p><\/li><\/ul><hr data-path-to-node=\"21\" \/><h2 data-path-to-node=\"22\">Dlaczego warto nam zaufa\u0107?<\/h2><ul data-path-to-node=\"23\"><li><p id=\"p-rc_dd248ef8fe4afe32-99\" data-path-to-node=\"23,0,1\"><span data-path-to-node=\"23,0,1,0\"><b data-path-to-node=\"23,0,1,0\" data-index-in-node=\"0\"><span class=\"citation-199\">Mobilno\u015b\u0107:<\/span><\/b><span class=\"citation-199\"> nasze urz\u0105dzenia s\u0105 lekkie (Mega Scan wa\u017cy tylko 2,66 kg) i bezprzewodowe, co gwarantuje pe\u0142n\u0105 swobod\u0119 pracy<\/span><\/span><span data-path-to-node=\"23,0,1,2\">.<\/span><\/p><\/li><li><p id=\"p-rc_dd248ef8fe4afe32-100\" data-path-to-node=\"23,1,1\"><span data-path-to-node=\"23,1,1,0\"><b data-path-to-node=\"23,1,1,0\" data-index-in-node=\"0\"><span class=\"citation-198\">Gotowo\u015b\u0107 do pracy:<\/span><\/b><span class=\"citation-198\"> b\u0142yskawiczna konfiguracja pozwala na rozpocz\u0119cie pomiar\u00f3w w kilka minut od uruchomienia<\/span><\/span><span data-path-to-node=\"23,1,1,2\">.<\/span><\/p><\/li><li><p id=\"p-rc_dd248ef8fe4afe32-101\" data-path-to-node=\"23,2,1\"><span data-path-to-node=\"23,2,1,0\"><b data-path-to-node=\"23,2,1,0\" data-index-in-node=\"0\"><span class=\"citation-197\">Stabilno\u015b\u0107:<\/span><\/b><span class=\"citation-197\"> inteligentne algorytmy automatycznie eliminuj\u0105 b\u0142\u0119dy wynikaj\u0105ce z drga\u0144 r\u0105k operatora<\/span><\/span><span data-path-to-node=\"23,2,1,2\">.<\/span><\/p><div class=\"source-inline-chip-container ng-star-inserted\">\u00a0<\/div><\/li><\/ul><h2 data-path-to-node=\"24\">Skontaktuj si\u0119 z nami<\/h2><p data-path-to-node=\"25\">Um\u00f3w si\u0119 na pokaz w Twojej firmie lub zapytaj o warunki wynajmu skanera.<\/p><p id=\"p-rc_dd248ef8fe4afe32-102\" data-path-to-node=\"26\"><span data-path-to-node=\"26,1\"><span class=\"citation-196\">\ud83d\udce7 <\/span><b data-path-to-node=\"26,1\" data-index-in-node=\"3\"><span class=\"citation-196\">Email:<\/span><\/b><span class=\"citation-196\"> bartosz@wsparciepomiarowe.pl <br \/><\/span><\/span><span data-path-to-node=\"26,4\"><span class=\"citation-195\">\ud83d\udcde <\/span><b data-path-to-node=\"26,4\" data-index-in-node=\"3\"><span class=\"citation-195\">Tel:<\/span><\/b><span class=\"citation-195\"> +48 798 404 790<\/span><\/span><\/p>\t\t\t\t\t\t\t\t<\/div>\n\t\t\t\t<\/div>\n\t\t\t\t<\/div>\n\t\t\t\t<\/div>","protected":false},"excerpt":{"rendered":"<p>Wsparcie Pomiarowe &#8211; Tw\u00f3j dostawca technologii 3D W Wsparcie Pomiarowe dostarczamy najbardziej zaawansowane rozwi\u0105zania w dziedzinie skanowania 3D. Specjalizujemy si\u0119<\/p>","protected":false},"author":5,"featured_media":0,"parent":0,"menu_order":0,"comment_status":"closed","ping_status":"closed","template":"","meta":{"footnotes":""},"class_list":["post-19065","page","type-page","status-publish","hentry"],"yoast_head":"<!-- This site is optimized with the Yoast SEO plugin v27.6 - https:\/\/yoast.com\/product\/yoast-seo-wordpress\/ -->\n<title>Wsparcie Pomiarowe - skanery 3D - Wsparcie Laserowe<\/title>\n<meta name=\"description\" content=\"Poznaj Wsparcie Laserowe \u2013 ekspert\u00f3w od spawarek i czyszczarek laserowych BDP. Zapewniamy profesjonalny serwis, szkolenia i doradztwo.\" \/>\n<meta name=\"robots\" content=\"index, follow, max-snippet:-1, max-image-preview:large, max-video-preview:-1\" \/>\n<link rel=\"canonical\" href=\"https:\/\/wsparcielaserowe.pl\/en\/wsparcie-pomiarowe\/\" \/>\n<meta property=\"og:locale\" content=\"en_US\" \/>\n<meta property=\"og:type\" content=\"article\" \/>\n<meta property=\"og:title\" content=\"Wsparcie Pomiarowe - skanery 3D - Wsparcie Laserowe\" \/>\n<meta property=\"og:description\" content=\"Poznaj Wsparcie Laserowe \u2013 ekspert\u00f3w od spawarek i czyszczarek laserowych BDP. Zapewniamy profesjonalny serwis, szkolenia i doradztwo.\" \/>\n<meta property=\"og:url\" content=\"https:\/\/wsparcielaserowe.pl\/en\/wsparcie-pomiarowe\/\" \/>\n<meta property=\"og:site_name\" content=\"Wsparcie Laserowe\" \/>\n<meta property=\"article:modified_time\" content=\"2026-05-07T10:24:57+00:00\" \/>\n<meta property=\"og:image\" content=\"https:\/\/wsparcielaserowe.pl\/wp-content\/uploads\/2026\/05\/logo-wsparcie-pomiarowe-czarne-1.webp\" \/>\n\t<meta property=\"og:image:width\" content=\"706\" \/>\n\t<meta property=\"og:image:height\" content=\"900\" \/>\n\t<meta property=\"og:image:type\" content=\"image\/webp\" \/>\n<meta name=\"twitter:card\" content=\"summary_large_image\" \/>\n<meta name=\"twitter:label1\" content=\"Est. reading time\" \/>\n\t<meta name=\"twitter:data1\" content=\"4 minutes\" \/>\n<script type=\"application\/ld+json\" class=\"yoast-schema-graph\">{\"@context\":\"https:\\\/\\\/schema.org\",\"@graph\":[{\"@type\":\"WebPage\",\"@id\":\"https:\\\/\\\/wsparcielaserowe.pl\\\/wsparcie-pomiarowe\\\/\",\"url\":\"https:\\\/\\\/wsparcielaserowe.pl\\\/wsparcie-pomiarowe\\\/\",\"name\":\"Wsparcie Pomiarowe - skanery 3D - Wsparcie Laserowe\",\"isPartOf\":{\"@id\":\"https:\\\/\\\/wsparcielaserowe.pl\\\/#website\"},\"primaryImageOfPage\":{\"@id\":\"https:\\\/\\\/wsparcielaserowe.pl\\\/wsparcie-pomiarowe\\\/#primaryimage\"},\"image\":{\"@id\":\"https:\\\/\\\/wsparcielaserowe.pl\\\/wsparcie-pomiarowe\\\/#primaryimage\"},\"thumbnailUrl\":\"https:\\\/\\\/wsparcielaserowe.pl\\\/wp-content\\\/uploads\\\/2026\\\/05\\\/logo-wsparcie-pomiarowe-czarne-1-235x300.webp\",\"datePublished\":\"2026-05-07T09:38:24+00:00\",\"dateModified\":\"2026-05-07T10:24:57+00:00\",\"description\":\"Poznaj Wsparcie Laserowe \u2013 ekspert\u00f3w od spawarek i czyszczarek laserowych BDP. Zapewniamy profesjonalny serwis, szkolenia i doradztwo.\",\"breadcrumb\":{\"@id\":\"https:\\\/\\\/wsparcielaserowe.pl\\\/wsparcie-pomiarowe\\\/#breadcrumb\"},\"inLanguage\":\"en-US\",\"potentialAction\":[{\"@type\":\"ReadAction\",\"target\":[\"https:\\\/\\\/wsparcielaserowe.pl\\\/wsparcie-pomiarowe\\\/\"]}]},{\"@type\":\"ImageObject\",\"inLanguage\":\"en-US\",\"@id\":\"https:\\\/\\\/wsparcielaserowe.pl\\\/wsparcie-pomiarowe\\\/#primaryimage\",\"url\":\"https:\\\/\\\/wsparcielaserowe.pl\\\/wp-content\\\/uploads\\\/2026\\\/05\\\/logo-wsparcie-pomiarowe-czarne-1-235x300.webp\",\"contentUrl\":\"https:\\\/\\\/wsparcielaserowe.pl\\\/wp-content\\\/uploads\\\/2026\\\/05\\\/logo-wsparcie-pomiarowe-czarne-1-235x300.webp\"},{\"@type\":\"BreadcrumbList\",\"@id\":\"https:\\\/\\\/wsparcielaserowe.pl\\\/wsparcie-pomiarowe\\\/#breadcrumb\",\"itemListElement\":[{\"@type\":\"ListItem\",\"position\":1,\"name\":\"Strona g\u0142\u00f3wna\",\"item\":\"https:\\\/\\\/wsparcielaserowe.pl\\\/\"},{\"@type\":\"ListItem\",\"position\":2,\"name\":\"Wsparcie Pomiarowe &#8211; skanery 3D\"}]},{\"@type\":\"WebSite\",\"@id\":\"https:\\\/\\\/wsparcielaserowe.pl\\\/#website\",\"url\":\"https:\\\/\\\/wsparcielaserowe.pl\\\/\",\"name\":\"Wsparcie Laserowe\",\"description\":\"\",\"potentialAction\":[{\"@type\":\"SearchAction\",\"target\":{\"@type\":\"EntryPoint\",\"urlTemplate\":\"https:\\\/\\\/wsparcielaserowe.pl\\\/?s={search_term_string}\"},\"query-input\":{\"@type\":\"PropertyValueSpecification\",\"valueRequired\":true,\"valueName\":\"search_term_string\"}}],\"inLanguage\":\"en-US\"}]}<\/script>\n<!-- \/ Yoast SEO plugin. -->","yoast_head_json":{"title":"Wsparcie Pomiarowe - skanery 3D - Wsparcie Laserowe","description":"Poznaj Wsparcie Laserowe \u2013 ekspert\u00f3w od spawarek i czyszczarek laserowych BDP. Zapewniamy profesjonalny serwis, szkolenia i doradztwo.","robots":{"index":"index","follow":"follow","max-snippet":"max-snippet:-1","max-image-preview":"max-image-preview:large","max-video-preview":"max-video-preview:-1"},"canonical":"https:\/\/wsparcielaserowe.pl\/en\/wsparcie-pomiarowe\/","og_locale":"en_US","og_type":"article","og_title":"Wsparcie Pomiarowe - skanery 3D - Wsparcie Laserowe","og_description":"Poznaj Wsparcie Laserowe \u2013 ekspert\u00f3w od spawarek i czyszczarek laserowych BDP. Zapewniamy profesjonalny serwis, szkolenia i doradztwo.","og_url":"https:\/\/wsparcielaserowe.pl\/en\/wsparcie-pomiarowe\/","og_site_name":"Wsparcie Laserowe","article_modified_time":"2026-05-07T10:24:57+00:00","og_image":[{"width":706,"height":900,"url":"https:\/\/wsparcielaserowe.pl\/wp-content\/uploads\/2026\/05\/logo-wsparcie-pomiarowe-czarne-1.webp","type":"image\/webp"}],"twitter_card":"summary_large_image","twitter_misc":{"Est. reading time":"4 minutes"},"schema":{"@context":"https:\/\/schema.org","@graph":[{"@type":"WebPage","@id":"https:\/\/wsparcielaserowe.pl\/wsparcie-pomiarowe\/","url":"https:\/\/wsparcielaserowe.pl\/wsparcie-pomiarowe\/","name":"Wsparcie Pomiarowe - skanery 3D - Wsparcie Laserowe","isPartOf":{"@id":"https:\/\/wsparcielaserowe.pl\/#website"},"primaryImageOfPage":{"@id":"https:\/\/wsparcielaserowe.pl\/wsparcie-pomiarowe\/#primaryimage"},"image":{"@id":"https:\/\/wsparcielaserowe.pl\/wsparcie-pomiarowe\/#primaryimage"},"thumbnailUrl":"https:\/\/wsparcielaserowe.pl\/wp-content\/uploads\/2026\/05\/logo-wsparcie-pomiarowe-czarne-1-235x300.webp","datePublished":"2026-05-07T09:38:24+00:00","dateModified":"2026-05-07T10:24:57+00:00","description":"Poznaj Wsparcie Laserowe \u2013 ekspert\u00f3w od spawarek i czyszczarek laserowych BDP. Zapewniamy profesjonalny serwis, szkolenia i doradztwo.","breadcrumb":{"@id":"https:\/\/wsparcielaserowe.pl\/wsparcie-pomiarowe\/#breadcrumb"},"inLanguage":"en-US","potentialAction":[{"@type":"ReadAction","target":["https:\/\/wsparcielaserowe.pl\/wsparcie-pomiarowe\/"]}]},{"@type":"ImageObject","inLanguage":"en-US","@id":"https:\/\/wsparcielaserowe.pl\/wsparcie-pomiarowe\/#primaryimage","url":"https:\/\/wsparcielaserowe.pl\/wp-content\/uploads\/2026\/05\/logo-wsparcie-pomiarowe-czarne-1-235x300.webp","contentUrl":"https:\/\/wsparcielaserowe.pl\/wp-content\/uploads\/2026\/05\/logo-wsparcie-pomiarowe-czarne-1-235x300.webp"},{"@type":"BreadcrumbList","@id":"https:\/\/wsparcielaserowe.pl\/wsparcie-pomiarowe\/#breadcrumb","itemListElement":[{"@type":"ListItem","position":1,"name":"Strona g\u0142\u00f3wna","item":"https:\/\/wsparcielaserowe.pl\/"},{"@type":"ListItem","position":2,"name":"Wsparcie Pomiarowe &#8211; skanery 3D"}]},{"@type":"WebSite","@id":"https:\/\/wsparcielaserowe.pl\/#website","url":"https:\/\/wsparcielaserowe.pl\/","name":"Wsparcie Laserowe","description":"","potentialAction":[{"@type":"SearchAction","target":{"@type":"EntryPoint","urlTemplate":"https:\/\/wsparcielaserowe.pl\/?s={search_term_string}"},"query-input":{"@type":"PropertyValueSpecification","valueRequired":true,"valueName":"search_term_string"}}],"inLanguage":"en-US"}]}},"_links":{"self":[{"href":"https:\/\/wsparcielaserowe.pl\/en\/wp-json\/wp\/v2\/pages\/19065","targetHints":{"allow":["GET"]}}],"collection":[{"href":"https:\/\/wsparcielaserowe.pl\/en\/wp-json\/wp\/v2\/pages"}],"about":[{"href":"https:\/\/wsparcielaserowe.pl\/en\/wp-json\/wp\/v2\/types\/page"}],"author":[{"embeddable":true,"href":"https:\/\/wsparcielaserowe.pl\/en\/wp-json\/wp\/v2\/users\/5"}],"replies":[{"embeddable":true,"href":"https:\/\/wsparcielaserowe.pl\/en\/wp-json\/wp\/v2\/comments?post=19065"}],"version-history":[{"count":0,"href":"https:\/\/wsparcielaserowe.pl\/en\/wp-json\/wp\/v2\/pages\/19065\/revisions"}],"wp:attachment":[{"href":"https:\/\/wsparcielaserowe.pl\/en\/wp-json\/wp\/v2\/media?parent=19065"}],"curies":[{"name":"wp","href":"https:\/\/api.w.org\/{rel}","templated":true}]}}