{"id":17507,"date":"2025-06-13T13:52:53","date_gmt":"2025-06-13T11:52:53","guid":{"rendered":"https:\/\/wsparcielaserowe.pl\/?page_id=17507"},"modified":"2026-04-22T13:49:02","modified_gmt":"2026-04-22T11:49:02","slug":"szkolenia-i-kursy-certyfikat-tuv","status":"publish","type":"page","link":"https:\/\/wsparcielaserowe.pl\/en\/szkolenia-i-kursy-certyfikat-tuv\/","title":{"rendered":"Szkolenia i kursy"},"content":{"rendered":"<div data-elementor-type=\"wp-page\" data-elementor-id=\"17507\" class=\"elementor elementor-17507\" data-elementor-post-type=\"page\">\n\t\t\t\t\t\t<section class=\"wd-negative-gap elementor-section elementor-top-section elementor-element elementor-element-c0ba096 elementor-section-content-middle elementor-section-boxed elementor-section-height-default elementor-section-height-default\" data-id=\"c0ba096\" data-element_type=\"section\" data-e-type=\"section\">\n\t\t\t\t\t\t<div class=\"elementor-container elementor-column-gap-extended\">\n\t\t\t\t\t<div class=\"elementor-column elementor-col-50 elementor-top-column elementor-element elementor-element-6856b513\" data-id=\"6856b513\" data-element_type=\"column\" data-e-type=\"column\">\n\t\t\t<div class=\"elementor-widget-wrap elementor-element-populated\">\n\t\t\t\t\t\t<div class=\"elementor-element elementor-element-d0ae164 elementor-widget elementor-widget-wd_image_or_svg\" data-id=\"d0ae164\" data-element_type=\"widget\" data-e-type=\"widget\" data-widget_type=\"wd_image_or_svg.default\">\n\t\t\t\t<div class=\"elementor-widget-container\">\n\t\t\t\t\t\n\t\t<div class=\"wd-image text-left\">\n\t\t\t\t\t\t\t\t<img fetchpriority=\"high\" decoding=\"async\" width=\"680\" height=\"440\" src=\"https:\/\/wsparcielaserowe.pl\/wp-content\/uploads\/2025\/03\/Tuv-WL.jpg\" class=\"attachment-full size-full\" alt=\"Wsparcie Laserowe organizuje szkolenia w ca\u0142ej Polsce zako\u0144czone egzaminem i wydaniem certyfikatu T\u00dcV Th\u00fcringen \u2013 uznawanego w ca\u0142ej Unii Europejskiej.\" srcset=\"https:\/\/wsparcielaserowe.pl\/wp-content\/uploads\/2025\/03\/Tuv-WL.jpg 680w, https:\/\/wsparcielaserowe.pl\/wp-content\/uploads\/2025\/03\/Tuv-WL-430x278.jpg 430w, https:\/\/wsparcielaserowe.pl\/wp-content\/uploads\/2025\/03\/Tuv-WL-150x97.jpg 150w, https:\/\/wsparcielaserowe.pl\/wp-content\/uploads\/2025\/03\/Tuv-WL-400x259.jpg 400w\" sizes=\"(max-width: 680px) 100vw, 680px\" \/>\t\t\t\t\t<\/div>\n\n\t\t\t\t\t\t<\/div>\n\t\t\t\t<\/div>\n\t\t\t\t\t<\/div>\n\t\t<\/div>\n\t\t\t\t<div class=\"elementor-column elementor-col-50 elementor-top-column elementor-element elementor-element-3eafa471\" data-id=\"3eafa471\" data-element_type=\"column\" data-e-type=\"column\">\n\t\t\t<div class=\"elementor-widget-wrap elementor-element-populated\">\n\t\t\t\t\t\t<div class=\"elementor-element elementor-element-1958530a wd-width-100 elementor-widget elementor-widget-wd_title\" data-id=\"1958530a\" data-element_type=\"widget\" data-e-type=\"widget\" data-widget_type=\"wd_title.default\">\n\t\t\t\t<div class=\"elementor-widget-container\">\n\t\t\t\t\t\t\t<div class=\"title-wrapper wd-set-mb reset-last-child wd-title-color-default wd-title-style-default wd-title-size-default text-left\">\n\n\t\t\t\n\t\t\t<div class=\"liner-continer\">\n\t\t\t\t<h4 class=\"woodmart-title-container title wd-fontsize-l\">Szukasz szkolenia lub certyfikowanego kursu ze spawania laserowego?<\/h4> \n\t\t\t\t\t\t\t<\/div>\n\n\t\t\t\t\t<\/div>\n\t\t\t\t\t\t<\/div>\n\t\t\t\t<\/div>\n\t\t\t\t<div class=\"elementor-element elementor-element-26f05863 elementor-widget elementor-widget-wd_text_block\" data-id=\"26f05863\" data-element_type=\"widget\" data-e-type=\"widget\" data-widget_type=\"wd_text_block.default\">\n\t\t\t\t<div class=\"elementor-widget-container\">\n\t\t\t\t\t\t\t<div class=\"wd-text-block reset-last-child text-left\">\n\t\t\t\n\t\t\t<p class=\"\" data-start=\"218\" data-end=\"443\"><strong>Chcesz wprowadzi\u0107 technologi\u0119 spawania laserowego do swojej firmy?<\/strong><\/p><p class=\"\" data-start=\"218\" data-end=\"443\">A mo\u017ce dopiero zaczynasz i szukasz sposobu na zdobycie nowego, cenionego zawodu?<\/p><p class=\"\" data-start=\"218\" data-end=\"443\">U nas znajdziesz kompleksowe <strong>szkolenia i kursy certyfikowane ze spawania laserowego<\/strong> \u2013 niezale\u017cnie od poziomu zaawansowania.<\/p>\n\t\t\t\t\t<\/div>\n\t\t\t\t\t\t<\/div>\n\t\t\t\t<\/div>\n\t\t\t\t\t<\/div>\n\t\t<\/div>\n\t\t\t\t\t<\/div>\n\t\t<\/section>\n\t\t\t\t<section class=\"wd-negative-gap elementor-section elementor-top-section elementor-element elementor-element-73c0c8fa elementor-section-content-middle elementor-reverse-tablet elementor-reverse-mobile elementor-section-boxed elementor-section-height-default elementor-section-height-default\" data-id=\"73c0c8fa\" data-element_type=\"section\" data-e-type=\"section\">\n\t\t\t\t\t\t<div class=\"elementor-container elementor-column-gap-extended\">\n\t\t\t\t\t<div class=\"elementor-column elementor-col-50 elementor-top-column elementor-element elementor-element-4d3c026f\" data-id=\"4d3c026f\" data-element_type=\"column\" data-e-type=\"column\">\n\t\t\t<div class=\"elementor-widget-wrap elementor-element-populated\">\n\t\t\t\t\t\t<div class=\"elementor-element elementor-element-7cff3cf4 wd-width-100 elementor-widget elementor-widget-wd_title\" data-id=\"7cff3cf4\" data-element_type=\"widget\" data-e-type=\"widget\" data-widget_type=\"wd_title.default\">\n\t\t\t\t<div class=\"elementor-widget-container\">\n\t\t\t\t\t\t\t<div class=\"title-wrapper wd-set-mb reset-last-child wd-title-color-default wd-title-style-default wd-title-size-default text-left\">\n\n\t\t\t\n\t\t\t<div class=\"liner-continer\">\n\t\t\t\t<h4 class=\"woodmart-title-container title wd-fontsize-l\">Dla firm: uprawnienia zawodowe i certyfikacja technologii<\/h4> \n\t\t\t\t\t\t\t<\/div>\n\n\t\t\t\t\t<\/div>\n\t\t\t\t\t\t<\/div>\n\t\t\t\t<\/div>\n\t\t\t\t<div class=\"elementor-element elementor-element-643b6b3 elementor-widget elementor-widget-wd_text_block\" data-id=\"643b6b3\" data-element_type=\"widget\" data-e-type=\"widget\" data-widget_type=\"wd_text_block.default\">\n\t\t\t\t<div class=\"elementor-widget-container\">\n\t\t\t\t\t\t\t<div class=\"wd-text-block reset-last-child text-left\">\n\t\t\t\n\t\t\t<p class=\"\" data-start=\"907\" data-end=\"1104\">Twoi pracownicy potrzebuj\u0105 <strong data-start=\"934\" data-end=\"976\">oficjalnego potwierdzenia umiej\u0119tno\u015bci<\/strong>?<br data-start=\"977\" data-end=\"980\" \/>Organizujemy szkolenia zako\u0144czone egzaminem i wydaniem <strong data-start=\"1035\" data-end=\"1064\">certyfikatu T\u00dcV Th\u00fcringen<\/strong> \u2013 uznawanego w ca\u0142ej Unii Europejskiej.<\/p><p>Od grudnia 2023 r. <strong>posiadamy status akredytowanego o\u015brodka szkoleniowego<\/strong> z uprawnieniami do organizacji kurs\u00f3w i egzamin\u00f3w zgodnie z norm\u0105 PN-EN ISO 9606. To dla nas wa\u017cny krok, kt\u00f3ry potwierdza <strong>jako\u015b\u0107 prowadzonych przez nas szkole\u0144<\/strong> i podej\u015bcie do rozwoju bran\u017cy spawania laserowego.<\/p><p class=\"\" data-start=\"907\" data-end=\"1104\">Jako pierwszy w Polsce o\u015brodek specjalizuj\u0105cy si\u0119 w r\u0119cznym<strong> spawaniu laserowym<\/strong>, oferujemy szkolenia dla firm, kt\u00f3re chc\u0105:<\/p><ul><li>wdro\u017cy\u0107 certyfikowan\u0105 technologi\u0119 spawania laserowego (WPQR \/ WPS),<\/li><li>przeszkoli\u0107 pracownik\u00f3w i uzyska\u0107 uprawnienia zawodowe,<\/li><li>przygotowa\u0107 si\u0119 do przetarg\u00f3w i audyt\u00f3w.<\/li><\/ul><p>Pomagamy krok po kroku:<\/p><ul><li>przygotowujemy pe\u0142n\u0105 dokumentacj\u0119,<\/li><li>przeprowadzamy pr\u00f3by i badania z\u0142\u0105czy,<\/li><li>wsp\u00f3\u0142pracujemy z jednostkami certyfikuj\u0105cymi (T\u00dcV Th\u00fcringen),<\/li><li>wdra\u017camy technologi\u0119 w Twoim zak\u0142adzie.<\/li><\/ul><p><strong>Nie musisz zna\u0107 procedur \u2013 zajmujemy si\u0119 wszystkim od A do Z.<\/strong><\/p>\n\t\t\t\t\t<\/div>\n\t\t\t\t\t\t<\/div>\n\t\t\t\t<\/div>\n\t\t\t\t\t<\/div>\n\t\t<\/div>\n\t\t\t\t<div class=\"elementor-column elementor-col-50 elementor-top-column elementor-element elementor-element-3fba5484\" data-id=\"3fba5484\" data-element_type=\"column\" data-e-type=\"column\">\n\t\t\t<div class=\"elementor-widget-wrap elementor-element-populated\">\n\t\t\t\t\t\t<div class=\"elementor-element elementor-element-4f2ee6a4 elementor-widget elementor-widget-wd_image_or_svg\" data-id=\"4f2ee6a4\" data-element_type=\"widget\" data-e-type=\"widget\" data-widget_type=\"wd_image_or_svg.default\">\n\t\t\t\t<div class=\"elementor-widget-container\">\n\t\t\t\t\t\n\t\t<div class=\"wd-image text-left\">\n\t\t\t\t\t\t\t\t<img decoding=\"async\" width=\"768\" height=\"1086\" src=\"https:\/\/wsparcielaserowe.pl\/wp-content\/uploads\/2026\/03\/zaswiadczenie-TUV-Wsparcie-Laserowe-768x1086.jpg\" class=\"attachment-medium_large size-medium_large\" alt=\"Akredytowany o\u015brodek szkoleniowy ze spawania laserowego. Spawanie laserem szkolenia. czyszczenie laserowe szkolenia. Wsparcie Laserowe, szkolenia ze spawania laserowego u klienta.\" srcset=\"https:\/\/wsparcielaserowe.pl\/wp-content\/uploads\/2026\/03\/zaswiadczenie-TUV-Wsparcie-Laserowe-768x1086.jpg 768w, https:\/\/wsparcielaserowe.pl\/wp-content\/uploads\/2026\/03\/zaswiadczenie-TUV-Wsparcie-Laserowe-212x300.jpg 212w, https:\/\/wsparcielaserowe.pl\/wp-content\/uploads\/2026\/03\/zaswiadczenie-TUV-Wsparcie-Laserowe-566x800.jpg 566w, https:\/\/wsparcielaserowe.pl\/wp-content\/uploads\/2026\/03\/zaswiadczenie-TUV-Wsparcie-Laserowe-1086x1536.jpg 1086w, https:\/\/wsparcielaserowe.pl\/wp-content\/uploads\/2026\/03\/zaswiadczenie-TUV-Wsparcie-Laserowe-1448x2048.jpg 1448w, https:\/\/wsparcielaserowe.pl\/wp-content\/uploads\/2026\/03\/zaswiadczenie-TUV-Wsparcie-Laserowe-8x12.jpg 8w, https:\/\/wsparcielaserowe.pl\/wp-content\/uploads\/2026\/03\/zaswiadczenie-TUV-Wsparcie-Laserowe-430x608.jpg 430w, https:\/\/wsparcielaserowe.pl\/wp-content\/uploads\/2026\/03\/zaswiadczenie-TUV-Wsparcie-Laserowe-700x990.jpg 700w, https:\/\/wsparcielaserowe.pl\/wp-content\/uploads\/2026\/03\/zaswiadczenie-TUV-Wsparcie-Laserowe-150x212.jpg 150w, https:\/\/wsparcielaserowe.pl\/wp-content\/uploads\/2026\/03\/zaswiadczenie-TUV-Wsparcie-Laserowe.jpg 1500w\" sizes=\"(max-width: 768px) 100vw, 768px\" \/>\t\t\t\t\t<\/div>\n\n\t\t\t\t\t\t<\/div>\n\t\t\t\t<\/div>\n\t\t\t\t\t<\/div>\n\t\t<\/div>\n\t\t\t\t\t<\/div>\n\t\t<\/section>\n\t\t\t\t<section class=\"wd-negative-gap elementor-section elementor-top-section elementor-element elementor-element-4dcaaefa elementor-section-content-middle elementor-section-boxed elementor-section-height-default elementor-section-height-default\" data-id=\"4dcaaefa\" data-element_type=\"section\" data-e-type=\"section\">\n\t\t\t\t\t\t<div class=\"elementor-container elementor-column-gap-extended\">\n\t\t\t\t\t<div class=\"elementor-column elementor-col-50 elementor-top-column elementor-element elementor-element-157d00bd\" data-id=\"157d00bd\" data-element_type=\"column\" data-e-type=\"column\">\n\t\t\t<div class=\"elementor-widget-wrap elementor-element-populated\">\n\t\t\t\t\t\t<div class=\"elementor-element elementor-element-66e63219 wd-width-100 elementor-widget elementor-widget-wd_video\" data-id=\"66e63219\" data-element_type=\"widget\" data-e-type=\"widget\" data-widget_type=\"wd_video.default\">\n\t\t\t\t<div class=\"elementor-widget-container\">\n\t\t\t\t\t\n\t\t<div class=\"wd-el-video wd-action-without wd-video-hosted wd-with-aspect-ratio\">\n\t\t\t\t\t\t\t<video src=\"https:\/\/wsparcielaserowe.pl\/wp-content\/uploads\/2025\/05\/Projekt-bez-nazwy.mp4\" playsinline loop muted controls autoplay><\/video>\t\t\t\n\t\t\t\n\t\t\t\n\t\t\t\t\t<\/div>\n\t\t\t\t\t\t<\/div>\n\t\t\t\t<\/div>\n\t\t\t\t\t<\/div>\n\t\t<\/div>\n\t\t\t\t<div class=\"elementor-column elementor-col-50 elementor-top-column elementor-element elementor-element-7653108b\" data-id=\"7653108b\" data-element_type=\"column\" data-e-type=\"column\">\n\t\t\t<div class=\"elementor-widget-wrap elementor-element-populated\">\n\t\t\t\t\t\t<div class=\"elementor-element elementor-element-2b22a877 wd-width-100 elementor-widget elementor-widget-wd_title\" data-id=\"2b22a877\" data-element_type=\"widget\" data-e-type=\"widget\" data-widget_type=\"wd_title.default\">\n\t\t\t\t<div class=\"elementor-widget-container\">\n\t\t\t\t\t\t\t<div class=\"title-wrapper wd-set-mb reset-last-child wd-title-color-default wd-title-style-default wd-title-size-default text-left\">\n\n\t\t\t\n\t\t\t<div class=\"liner-continer\">\n\t\t\t\t<h4 class=\"woodmart-title-container title wd-fontsize-l\">Dla os\u00f3b indywidualnych: nowy zaw\u00f3d, nowe mo\u017cliwo\u015bci<\/h4> \n\t\t\t\t\t\t\t<\/div>\n\n\t\t\t\t\t<\/div>\n\t\t\t\t\t\t<\/div>\n\t\t\t\t<\/div>\n\t\t\t\t<div class=\"elementor-element elementor-element-25b2a976 elementor-widget elementor-widget-wd_text_block\" data-id=\"25b2a976\" data-element_type=\"widget\" data-e-type=\"widget\" data-widget_type=\"wd_text_block.default\">\n\t\t\t\t<div class=\"elementor-widget-container\">\n\t\t\t\t\t\t\t<div class=\"wd-text-block reset-last-child text-left\">\n\t\t\t\n\t\t\t<p>Prowadzimy te\u017c <strong>szkolenia ze spawania laserowego<\/strong> dla os\u00f3b prywatnych, kt\u00f3re:<\/p><ul><li>chc\u0105 zdoby\u0107 nowy zaw\u00f3d i certyfikat uznawany w UE,<\/li><li>planuj\u0105 przebran\u017cowienie i szukaj\u0105 konkretnego, technicznego kierunku,<\/li><li>interesuj\u0105 si\u0119 nowoczesn\u0105 technologi\u0105 i chc\u0105 nauczy\u0107 si\u0119 pracy na laserze.<\/li><\/ul><p>Zaczynasz od zera? Nie szkodzi \u2013 <strong>szkolimy od podstaw<\/strong>, bez presji i w kameralnych grupach. Zawsze stawiamy na praktyk\u0119 i bezpiecze\u0144stwo. Po kursie <strong>otrzymujesz certyfikat T\u00dcV Th\u00fcringen<\/strong>, uznawany w ca\u0142ej Unii Europejskiej.<\/p><p>Co zyskujesz?<\/p><ul><li>wiedz\u0119 i praktyk\u0119 pod okiem do\u015bwiadczonych trener\u00f3w,<\/li><li>ca\u0142odniowe, intensywne szkolenie zako\u0144czone egzaminem,<\/li><li>certyfikat potwierdzaj\u0105cy kwalifikacje,<\/li><li>pomoc przy wdro\u017ceniu technologii w Twojej firmie.<\/li><\/ul>\n\t\t\t\t\t<\/div>\n\t\t\t\t\t\t<\/div>\n\t\t\t\t<\/div>\n\t\t\t\t\t<\/div>\n\t\t<\/div>\n\t\t\t\t\t<\/div>\n\t\t<\/section>\n\t\t<div class=\"wd-negative-gap elementor-element elementor-element-7d268ab e-flex e-con-boxed e-con e-parent\" data-id=\"7d268ab\" data-element_type=\"container\" data-e-type=\"container\">\n\t\t\t\t\t<div class=\"e-con-inner\">\n\t\t\t\t<div class=\"elementor-element elementor-element-2d80c85 elementor-widget elementor-widget-wd_text_block\" data-id=\"2d80c85\" data-element_type=\"widget\" data-e-type=\"widget\" data-widget_type=\"wd_text_block.default\">\n\t\t\t\t<div class=\"elementor-widget-container\">\n\t\t\t\t\t\t\t<div class=\"wd-text-block reset-last-child text-left\">\n\t\t\t\n\t\t\t<p style=\"text-align: center;\"><strong>Szkolenia prowadzimy w naszym o\u015brodku w Bia\u0142ymstoku lub z dojazdem do Twojej firmy \u2013 w ca\u0142ej Polsce.<\/strong><\/p><p style=\"text-align: center;\">Chcesz wiedzie\u0107, jaki wariant szkolenia b\u0119dzie najlepszy?<br \/><a href=\"https:\/\/wsparcielaserowe.pl\/en\/kontakt-wsparcie-laserowe-bialystok\/\">Zadzwo\u0144 lub napisz do nas<\/a>, doradzimy i zaproponujemy konkretny plan dzia\u0142ania.<\/p><p style=\"text-align: center;\"><strong>+48 534 677 340<\/strong><br \/><strong>biuro@wsparcielaserowe.pl<\/strong><\/p>\n\t\t\t\t\t<\/div>\n\t\t\t\t\t\t<\/div>\n\t\t\t\t<\/div>\n\t\t\t\t\t<\/div>\n\t\t\t\t<\/div>\n\t\t\t\t<\/div>","protected":false},"excerpt":{"rendered":"<p>Szukasz szkolenia lub certyfikowanego kursu ze spawania laserowego? Chcesz wprowadzi\u0107 technologi\u0119 spawania laserowego do swojej firmy? A mo\u017ce dopiero zaczynasz<\/p>","protected":false},"author":5,"featured_media":0,"parent":0,"menu_order":0,"comment_status":"closed","ping_status":"closed","template":"elementor_header_footer","meta":{"footnotes":""},"class_list":["post-17507","page","type-page","status-publish","hentry"],"yoast_head":"<!-- This site is optimized with the Yoast SEO plugin v27.5 - https:\/\/yoast.com\/product\/yoast-seo-wordpress\/ -->\n<title>Szkolenia i kursy ze spawania laserem - Wsparcie Laserowe<\/title>\n<meta name=\"description\" content=\"Zdob\u0105d\u017a certyfikat TUV na profesjonalnym kursie spawania laserowego. Szkolenia praktyczne dla firm i operator\u00f3w. Podnie\u015b swoje kwalifikacje z nami.\" \/>\n<meta name=\"robots\" content=\"index, follow, max-snippet:-1, max-image-preview:large, max-video-preview:-1\" \/>\n<link rel=\"canonical\" href=\"https:\/\/wsparcielaserowe.pl\/en\/szkolenia-i-kursy-certyfikat-tuv\/\" \/>\n<meta property=\"og:locale\" content=\"en_US\" \/>\n<meta property=\"og:type\" content=\"article\" \/>\n<meta property=\"og:title\" content=\"Szkolenia i kursy ze spawania laserem - Wsparcie Laserowe\" \/>\n<meta property=\"og:description\" content=\"Zdob\u0105d\u017a certyfikat TUV na profesjonalnym kursie spawania laserowego. Szkolenia praktyczne dla firm i operator\u00f3w. Podnie\u015b swoje kwalifikacje z nami.\" \/>\n<meta property=\"og:url\" content=\"https:\/\/wsparcielaserowe.pl\/en\/szkolenia-i-kursy-certyfikat-tuv\/\" \/>\n<meta property=\"og:site_name\" content=\"Wsparcie Laserowe\" \/>\n<meta property=\"article:modified_time\" content=\"2026-04-22T11:49:02+00:00\" \/>\n<meta property=\"og:image\" content=\"https:\/\/wsparcielaserowe.pl\/wp-content\/uploads\/2025\/03\/Tuv-WL.jpg\" \/>\n<meta name=\"twitter:card\" content=\"summary_large_image\" \/>\n<meta name=\"twitter:label1\" content=\"Est. reading time\" \/>\n\t<meta name=\"twitter:data1\" content=\"3 minutes\" \/>\n<script type=\"application\/ld+json\" class=\"yoast-schema-graph\">{\"@context\":\"https:\\\/\\\/schema.org\",\"@graph\":[{\"@type\":\"WebPage\",\"@id\":\"https:\\\/\\\/wsparcielaserowe.pl\\\/szkolenia-i-kursy-certyfikat-tuv\\\/\",\"url\":\"https:\\\/\\\/wsparcielaserowe.pl\\\/szkolenia-i-kursy-certyfikat-tuv\\\/\",\"name\":\"Szkolenia i kursy ze spawania laserem - Wsparcie Laserowe\",\"isPartOf\":{\"@id\":\"https:\\\/\\\/wsparcielaserowe.pl\\\/#website\"},\"primaryImageOfPage\":{\"@id\":\"https:\\\/\\\/wsparcielaserowe.pl\\\/szkolenia-i-kursy-certyfikat-tuv\\\/#primaryimage\"},\"image\":{\"@id\":\"https:\\\/\\\/wsparcielaserowe.pl\\\/szkolenia-i-kursy-certyfikat-tuv\\\/#primaryimage\"},\"thumbnailUrl\":\"https:\\\/\\\/wsparcielaserowe.pl\\\/wp-content\\\/uploads\\\/2025\\\/03\\\/Tuv-WL.jpg\",\"datePublished\":\"2025-06-13T11:52:53+00:00\",\"dateModified\":\"2026-04-22T11:49:02+00:00\",\"description\":\"Zdob\u0105d\u017a certyfikat TUV na profesjonalnym kursie spawania laserowego. Szkolenia praktyczne dla firm i operator\u00f3w. Podnie\u015b swoje kwalifikacje z nami.\",\"breadcrumb\":{\"@id\":\"https:\\\/\\\/wsparcielaserowe.pl\\\/szkolenia-i-kursy-certyfikat-tuv\\\/#breadcrumb\"},\"inLanguage\":\"en-US\",\"potentialAction\":[{\"@type\":\"ReadAction\",\"target\":[\"https:\\\/\\\/wsparcielaserowe.pl\\\/szkolenia-i-kursy-certyfikat-tuv\\\/\"]}]},{\"@type\":\"ImageObject\",\"inLanguage\":\"en-US\",\"@id\":\"https:\\\/\\\/wsparcielaserowe.pl\\\/szkolenia-i-kursy-certyfikat-tuv\\\/#primaryimage\",\"url\":\"https:\\\/\\\/wsparcielaserowe.pl\\\/wp-content\\\/uploads\\\/2025\\\/03\\\/Tuv-WL.jpg\",\"contentUrl\":\"https:\\\/\\\/wsparcielaserowe.pl\\\/wp-content\\\/uploads\\\/2025\\\/03\\\/Tuv-WL.jpg\"},{\"@type\":\"BreadcrumbList\",\"@id\":\"https:\\\/\\\/wsparcielaserowe.pl\\\/szkolenia-i-kursy-certyfikat-tuv\\\/#breadcrumb\",\"itemListElement\":[{\"@type\":\"ListItem\",\"position\":1,\"name\":\"Strona g\u0142\u00f3wna\",\"item\":\"https:\\\/\\\/wsparcielaserowe.pl\\\/\"},{\"@type\":\"ListItem\",\"position\":2,\"name\":\"Szkolenia i kursy\"}]},{\"@type\":\"WebSite\",\"@id\":\"https:\\\/\\\/wsparcielaserowe.pl\\\/#website\",\"url\":\"https:\\\/\\\/wsparcielaserowe.pl\\\/\",\"name\":\"Wsparcie Laserowe\",\"description\":\"\",\"potentialAction\":[{\"@type\":\"SearchAction\",\"target\":{\"@type\":\"EntryPoint\",\"urlTemplate\":\"https:\\\/\\\/wsparcielaserowe.pl\\\/?s={search_term_string}\"},\"query-input\":{\"@type\":\"PropertyValueSpecification\",\"valueRequired\":true,\"valueName\":\"search_term_string\"}}],\"inLanguage\":\"en-US\"}]}<\/script>\n<!-- \/ Yoast SEO plugin. -->","yoast_head_json":{"title":"Szkolenia i kursy ze spawania laserem - Wsparcie Laserowe","description":"Zdob\u0105d\u017a certyfikat TUV na profesjonalnym kursie spawania laserowego. Szkolenia praktyczne dla firm i operator\u00f3w. Podnie\u015b swoje kwalifikacje z nami.","robots":{"index":"index","follow":"follow","max-snippet":"max-snippet:-1","max-image-preview":"max-image-preview:large","max-video-preview":"max-video-preview:-1"},"canonical":"https:\/\/wsparcielaserowe.pl\/en\/szkolenia-i-kursy-certyfikat-tuv\/","og_locale":"en_US","og_type":"article","og_title":"Szkolenia i kursy ze spawania laserem - Wsparcie Laserowe","og_description":"Zdob\u0105d\u017a certyfikat TUV na profesjonalnym kursie spawania laserowego. Szkolenia praktyczne dla firm i operator\u00f3w. Podnie\u015b swoje kwalifikacje z nami.","og_url":"https:\/\/wsparcielaserowe.pl\/en\/szkolenia-i-kursy-certyfikat-tuv\/","og_site_name":"Wsparcie Laserowe","article_modified_time":"2026-04-22T11:49:02+00:00","og_image":[{"url":"https:\/\/wsparcielaserowe.pl\/wp-content\/uploads\/2025\/03\/Tuv-WL.jpg","type":"","width":"","height":""}],"twitter_card":"summary_large_image","twitter_misc":{"Est. reading time":"3 minutes"},"schema":{"@context":"https:\/\/schema.org","@graph":[{"@type":"WebPage","@id":"https:\/\/wsparcielaserowe.pl\/szkolenia-i-kursy-certyfikat-tuv\/","url":"https:\/\/wsparcielaserowe.pl\/szkolenia-i-kursy-certyfikat-tuv\/","name":"Szkolenia i kursy ze spawania laserem - Wsparcie Laserowe","isPartOf":{"@id":"https:\/\/wsparcielaserowe.pl\/#website"},"primaryImageOfPage":{"@id":"https:\/\/wsparcielaserowe.pl\/szkolenia-i-kursy-certyfikat-tuv\/#primaryimage"},"image":{"@id":"https:\/\/wsparcielaserowe.pl\/szkolenia-i-kursy-certyfikat-tuv\/#primaryimage"},"thumbnailUrl":"https:\/\/wsparcielaserowe.pl\/wp-content\/uploads\/2025\/03\/Tuv-WL.jpg","datePublished":"2025-06-13T11:52:53+00:00","dateModified":"2026-04-22T11:49:02+00:00","description":"Zdob\u0105d\u017a certyfikat TUV na profesjonalnym kursie spawania laserowego. Szkolenia praktyczne dla firm i operator\u00f3w. Podnie\u015b swoje kwalifikacje z nami.","breadcrumb":{"@id":"https:\/\/wsparcielaserowe.pl\/szkolenia-i-kursy-certyfikat-tuv\/#breadcrumb"},"inLanguage":"en-US","potentialAction":[{"@type":"ReadAction","target":["https:\/\/wsparcielaserowe.pl\/szkolenia-i-kursy-certyfikat-tuv\/"]}]},{"@type":"ImageObject","inLanguage":"en-US","@id":"https:\/\/wsparcielaserowe.pl\/szkolenia-i-kursy-certyfikat-tuv\/#primaryimage","url":"https:\/\/wsparcielaserowe.pl\/wp-content\/uploads\/2025\/03\/Tuv-WL.jpg","contentUrl":"https:\/\/wsparcielaserowe.pl\/wp-content\/uploads\/2025\/03\/Tuv-WL.jpg"},{"@type":"BreadcrumbList","@id":"https:\/\/wsparcielaserowe.pl\/szkolenia-i-kursy-certyfikat-tuv\/#breadcrumb","itemListElement":[{"@type":"ListItem","position":1,"name":"Strona g\u0142\u00f3wna","item":"https:\/\/wsparcielaserowe.pl\/"},{"@type":"ListItem","position":2,"name":"Szkolenia i kursy"}]},{"@type":"WebSite","@id":"https:\/\/wsparcielaserowe.pl\/#website","url":"https:\/\/wsparcielaserowe.pl\/","name":"Wsparcie Laserowe","description":"","potentialAction":[{"@type":"SearchAction","target":{"@type":"EntryPoint","urlTemplate":"https:\/\/wsparcielaserowe.pl\/?s={search_term_string}"},"query-input":{"@type":"PropertyValueSpecification","valueRequired":true,"valueName":"search_term_string"}}],"inLanguage":"en-US"}]}},"_links":{"self":[{"href":"https:\/\/wsparcielaserowe.pl\/en\/wp-json\/wp\/v2\/pages\/17507","targetHints":{"allow":["GET"]}}],"collection":[{"href":"https:\/\/wsparcielaserowe.pl\/en\/wp-json\/wp\/v2\/pages"}],"about":[{"href":"https:\/\/wsparcielaserowe.pl\/en\/wp-json\/wp\/v2\/types\/page"}],"author":[{"embeddable":true,"href":"https:\/\/wsparcielaserowe.pl\/en\/wp-json\/wp\/v2\/users\/5"}],"replies":[{"embeddable":true,"href":"https:\/\/wsparcielaserowe.pl\/en\/wp-json\/wp\/v2\/comments?post=17507"}],"version-history":[{"count":0,"href":"https:\/\/wsparcielaserowe.pl\/en\/wp-json\/wp\/v2\/pages\/17507\/revisions"}],"wp:attachment":[{"href":"https:\/\/wsparcielaserowe.pl\/en\/wp-json\/wp\/v2\/media?parent=17507"}],"curies":[{"name":"wp","href":"https:\/\/api.w.org\/{rel}","templated":true}]}}