{"id":16458,"date":"2025-05-01T07:20:02","date_gmt":"2025-05-01T05:20:02","guid":{"rendered":"https:\/\/wsparcielaserowe.pl\/?page_id=16458"},"modified":"2026-03-28T18:08:48","modified_gmt":"2026-03-28T17:08:48","slug":"spawarki-czyszczarki-laserowe-wsparcie-laserowe","status":"publish","type":"page","link":"https:\/\/wsparcielaserowe.pl\/en\/spawarki-czyszczarki-laserowe-wsparcie-laserowe\/","title":{"rendered":"Maszyny"},"content":{"rendered":"<div data-elementor-type=\"wp-page\" data-elementor-id=\"16458\" class=\"elementor elementor-16458\" data-elementor-post-type=\"page\">\n\t\t\t\t\t\t<section class=\"wd-negative-gap elementor-section elementor-top-section elementor-element elementor-element-6f87bbe7 elementor-section-boxed elementor-section-height-default elementor-section-height-default\" data-id=\"6f87bbe7\" data-element_type=\"section\" data-e-type=\"section\">\n\t\t\t\t\t\t<div class=\"elementor-container elementor-column-gap-default\">\n\t\t\t\t\t<div class=\"elementor-column elementor-col-100 elementor-top-column elementor-element elementor-element-715b506a\" data-id=\"715b506a\" data-element_type=\"column\" data-e-type=\"column\">\n\t\t\t<div class=\"elementor-widget-wrap elementor-element-populated\">\n\t\t\t\t\t\t<div class=\"elementor-element elementor-element-7305d2bd wd-width-100 elementor-widget elementor-widget-wd_title\" data-id=\"7305d2bd\" data-element_type=\"widget\" data-e-type=\"widget\" data-widget_type=\"wd_title.default\">\n\t\t\t\t<div class=\"elementor-widget-container\">\n\t\t\t\t\t\t\t<div class=\"title-wrapper wd-set-mb reset-last-child wd-title-color-default wd-title-style-default wd-title-size-small text-center\">\n\n\t\t\t\n\t\t\t<div class=\"liner-continer\">\n\t\t\t\t<h4 class=\"woodmart-title-container title wd-fontsize-m\">Urz\u0105dzenia laserowe klasy premium \u2013 spawarki i czyszczarki Wsparcie Laserowe<\/h4> \n\t\t\t\t\t\t\t<\/div>\n\n\t\t\t\t\t<\/div>\n\t\t\t\t\t\t<\/div>\n\t\t\t\t<\/div>\n\t\t\t\t<div class=\"elementor-element elementor-element-4e74e57b elementor-widget elementor-widget-wd_text_block\" data-id=\"4e74e57b\" data-element_type=\"widget\" data-e-type=\"widget\" data-widget_type=\"wd_text_block.default\">\n\t\t\t\t<div class=\"elementor-widget-container\">\n\t\t\t\t\t\t\t<div class=\"wd-text-block reset-last-child text-center\">\n\t\t\t\n\t\t\t<p class=\"\" data-start=\"351\" data-end=\"693\">Poznaj nasz\u0105 lini\u0119 nowoczesnych spawarek i czyszczarek laserowych \u2013 zaprojektowanych z my\u015bl\u0105 o niezawodno\u015bci, komforcie pracy i najwy\u017cszych standardach bezpiecze\u0144stwa. Urz\u0105dzenia Wsparcie Laserowe to efekt ponad 30 udoskonale\u0144, realnych test\u00f3w u klient\u00f3w i do\u015bwiadczenia serwisowego. Wybierz moc, mobilno\u015b\u0107 i jako\u015b\u0107, na kt\u00f3rej mo\u017cesz polega\u0107.<\/p>\n\t\t\t\t\t<\/div>\n\t\t\t\t\t\t<\/div>\n\t\t\t\t<\/div>\n\t\t\t\t<section class=\"wd-negative-gap elementor-section elementor-inner-section elementor-element elementor-element-2bf64be elementor-section-boxed elementor-section-height-default elementor-section-height-default\" data-id=\"2bf64be\" data-element_type=\"section\" data-e-type=\"section\">\n\t\t\t\t\t\t<div class=\"elementor-container elementor-column-gap-default\">\n\t\t\t\t\t<div class=\"elementor-column elementor-col-50 elementor-inner-column elementor-element elementor-element-22e0fbdf\" data-id=\"22e0fbdf\" data-element_type=\"column\" data-e-type=\"column\">\n\t\t\t<div class=\"elementor-widget-wrap elementor-element-populated\">\n\t\t\t\t\t\t<div class=\"elementor-element elementor-element-64fc5563 elementor-widget elementor-widget-wd_infobox\" data-id=\"64fc5563\" data-element_type=\"widget\" data-e-type=\"widget\" data-widget_type=\"wd_infobox.default\">\n\t\t\t\t<div class=\"elementor-widget-container\">\n\t\t\t\t\t\t\t<div class=\"info-box-wrapper\">\n\t\t\t<div class=\"wd-info-box text-center box-icon-align-top box-style-base color-scheme-\">\n\t\t\t\t\t\t\t\t\t<div class=\"box-icon-wrapper  box-with-icon box-icon-simple\">\n\t\t\t\t\t\t<div class=\"info-box-icon\">\n\t\t\t\t\t\t\t\t\t\t\t\t\t\t\t<img fetchpriority=\"high\" decoding=\"async\" width=\"300\" height=\"300\" src=\"https:\/\/wsparcielaserowe.pl\/wp-content\/uploads\/2025\/05\/spawarka-laserowa-2000W-chlodzona-ciecza-polski-producent-wsparcie-laserowe2-300x300.jpg\" class=\"attachment-medium size-medium\" alt=\"Spawarka laserowa 2000 W umo\u017cliwiaj\u0105ca pe\u0142ny przetop do 6 mm. Urz\u0105dzenie obs\u0142uguje najnowsz\u0105 g\u0142owic\u0119 z funkcj\u0105 czyszczenia szerokopasmowego do 80 mm. Ca\u0142o\u015b\u0107 obj\u0119ta 24-miesi\u0119czn\u0105 gwarancj\u0105, \u0142\u0105cz\u0105ca nowoczesny design z wysok\u0105 wydajno\u015bci\u0105.\" srcset=\"https:\/\/wsparcielaserowe.pl\/wp-content\/uploads\/2025\/05\/spawarka-laserowa-2000W-chlodzona-ciecza-polski-producent-wsparcie-laserowe2-300x300.jpg 300w, https:\/\/wsparcielaserowe.pl\/wp-content\/uploads\/2025\/05\/spawarka-laserowa-2000W-chlodzona-ciecza-polski-producent-wsparcie-laserowe2-800x800.jpg 800w, https:\/\/wsparcielaserowe.pl\/wp-content\/uploads\/2025\/05\/spawarka-laserowa-2000W-chlodzona-ciecza-polski-producent-wsparcie-laserowe2-150x150.jpg 150w, https:\/\/wsparcielaserowe.pl\/wp-content\/uploads\/2025\/05\/spawarka-laserowa-2000W-chlodzona-ciecza-polski-producent-wsparcie-laserowe2-768x768.jpg 768w, https:\/\/wsparcielaserowe.pl\/wp-content\/uploads\/2025\/05\/spawarka-laserowa-2000W-chlodzona-ciecza-polski-producent-wsparcie-laserowe2-12x12.jpg 12w, https:\/\/wsparcielaserowe.pl\/wp-content\/uploads\/2025\/05\/spawarka-laserowa-2000W-chlodzona-ciecza-polski-producent-wsparcie-laserowe2-430x430.jpg 430w, https:\/\/wsparcielaserowe.pl\/wp-content\/uploads\/2025\/05\/spawarka-laserowa-2000W-chlodzona-ciecza-polski-producent-wsparcie-laserowe2-700x700.jpg 700w, https:\/\/wsparcielaserowe.pl\/wp-content\/uploads\/2025\/05\/spawarka-laserowa-2000W-chlodzona-ciecza-polski-producent-wsparcie-laserowe2.jpg 1200w\" sizes=\"(max-width: 300px) 100vw, 300px\" \/>\t\t\t\t\t\t\t\t\t\t\t\t\t<\/div>\n\t\t\t\t\t<\/div>\n\t\t\t\t\n\t\t\t\t<div class=\"info-box-content\">\n\t\t\t\t\t\t\t\t\t\t\t\n\t\t\t\t\t\t<div class=\"info-box-subtitle subtitle-style-default wd-fontsize-xs\"\n\t\t\t\t\t\t\t  data-elementor-setting-key=\"subtitle\">\n\t\t\t\t\t\t\tSPAWARKI LASEROWE\t\t\t\t\t\t<\/div>\n\t\t\t\t\t\n\t\t\t\t\t\t\t\t\t\t\t<h4\t\t\t\t\t\tclass=\"info-box-title title box-title-style-default wd-fontsize-m\" data-elementor-setting-key=\"title\">\n\t\t\t\t\t\t\t\t CH\u0141ODZONE CIECZ\u0104\t\t\t\t\t\t<\/h4>\n\t\t\t\t\t\n\t\t\t\t\t<div class=\"info-box-inner reset-last-child\"data-elementor-setting-key=\"content\"><p class=\"\" data-start=\"110\" data-end=\"225\">Wydajne spawarki do pracy stacjonarnej. Pe\u0142ny przetop nawet do 8 mm i ch\u0142odzenie wodne dla maksymalnej stabilno\u015bci.<\/p>\n<\/div>\n\n\t\t\t\t\t\t\t\t\t<\/div>\n\n\t\t\t\t\t\t\t\t\t<a href=\"https:\/\/wsparcielaserowe.pl\/en\/product-category\/spawarki-laserowe-chlodzone-ciecza-wsparcie-laserowe\/\" class=\"wd-info-box-link wd-fill\" aria-label=\"Infobox link\"><\/a>\n\t\t\t\t\t\t\t<\/div>\n\t\t<\/div>\n\t\t\t\t\t\t<\/div>\n\t\t\t\t<\/div>\n\t\t\t\t\t<\/div>\n\t\t<\/div>\n\t\t\t\t<div class=\"elementor-column elementor-col-50 elementor-inner-column elementor-element elementor-element-68014c6a\" data-id=\"68014c6a\" data-element_type=\"column\" data-e-type=\"column\">\n\t\t\t<div class=\"elementor-widget-wrap elementor-element-populated\">\n\t\t\t\t\t\t<div class=\"elementor-element elementor-element-e82e3cd elementor-widget elementor-widget-wd_infobox\" data-id=\"e82e3cd\" data-element_type=\"widget\" data-e-type=\"widget\" data-widget_type=\"wd_infobox.default\">\n\t\t\t\t<div class=\"elementor-widget-container\">\n\t\t\t\t\t\t\t<div class=\"info-box-wrapper\">\n\t\t\t<div class=\"wd-info-box text-center box-icon-align-top box-style-base color-scheme-\">\n\t\t\t\t\t\t\t\t\t<div class=\"box-icon-wrapper  box-with-icon box-icon-simple\">\n\t\t\t\t\t\t<div class=\"info-box-icon\">\n\t\t\t\t\t\t\t\t\t\t\t\t\t\t\t<img decoding=\"async\" width=\"300\" height=\"300\" src=\"https:\/\/wsparcielaserowe.pl\/wp-content\/uploads\/2025\/06\/spawarka-laserowa-chlodzona-powietrzem-wsparcie-laserowe-300x300.jpg\" class=\"attachment-medium size-medium\" alt=\"spawarka laserowa ch\u0142odzona powietrzem\" srcset=\"https:\/\/wsparcielaserowe.pl\/wp-content\/uploads\/2025\/06\/spawarka-laserowa-chlodzona-powietrzem-wsparcie-laserowe-300x300.jpg 300w, https:\/\/wsparcielaserowe.pl\/wp-content\/uploads\/2025\/06\/spawarka-laserowa-chlodzona-powietrzem-wsparcie-laserowe-800x800.jpg 800w, https:\/\/wsparcielaserowe.pl\/wp-content\/uploads\/2025\/06\/spawarka-laserowa-chlodzona-powietrzem-wsparcie-laserowe-150x150.jpg 150w, https:\/\/wsparcielaserowe.pl\/wp-content\/uploads\/2025\/06\/spawarka-laserowa-chlodzona-powietrzem-wsparcie-laserowe-768x768.jpg 768w, https:\/\/wsparcielaserowe.pl\/wp-content\/uploads\/2025\/06\/spawarka-laserowa-chlodzona-powietrzem-wsparcie-laserowe-12x12.jpg 12w, https:\/\/wsparcielaserowe.pl\/wp-content\/uploads\/2025\/06\/spawarka-laserowa-chlodzona-powietrzem-wsparcie-laserowe-430x430.jpg 430w, https:\/\/wsparcielaserowe.pl\/wp-content\/uploads\/2025\/06\/spawarka-laserowa-chlodzona-powietrzem-wsparcie-laserowe-700x700.jpg 700w, https:\/\/wsparcielaserowe.pl\/wp-content\/uploads\/2025\/06\/spawarka-laserowa-chlodzona-powietrzem-wsparcie-laserowe.jpg 1200w\" sizes=\"(max-width: 300px) 100vw, 300px\" \/>\t\t\t\t\t\t\t\t\t\t\t\t\t<\/div>\n\t\t\t\t\t<\/div>\n\t\t\t\t\n\t\t\t\t<div class=\"info-box-content\">\n\t\t\t\t\t\t\t\t\t\t\t\n\t\t\t\t\t\t<div class=\"info-box-subtitle subtitle-style-default wd-fontsize-xs\"\n\t\t\t\t\t\t\t  data-elementor-setting-key=\"subtitle\">\n\t\t\t\t\t\t\tSPAWARKI LASEROWE\t\t\t\t\t\t<\/div>\n\t\t\t\t\t\n\t\t\t\t\t\t\t\t\t\t\t<h4\t\t\t\t\t\tclass=\"info-box-title title box-title-style-default wd-fontsize-m\" data-elementor-setting-key=\"title\">\n\t\t\t\t\t\t\t\t CH\u0141ODZONE POWIETRZEM\t\t\t\t\t\t<\/h4>\n\t\t\t\t\t\n\t\t\t\t\t<div class=\"info-box-inner reset-last-child\"data-elementor-setting-key=\"content\"><p class=\"\" data-start=\"283\" data-end=\"381\">Kompaktowe, mobilne spawarki idealne do pracy w terenie. Lekka konstrukcja i moc do 6 mm przetopu.<\/p>\n<\/div>\n\n\t\t\t\t\t\t\t\t\t<\/div>\n\n\t\t\t\t\t\t\t\t\t<a href=\"https:\/\/wsparcielaserowe.pl\/en\/product-category\/spawarki-laserowe-chlodzone-powietrzem\/\" class=\"wd-info-box-link wd-fill\" aria-label=\"Infobox link\"><\/a>\n\t\t\t\t\t\t\t<\/div>\n\t\t<\/div>\n\t\t\t\t\t\t<\/div>\n\t\t\t\t<\/div>\n\t\t\t\t\t<\/div>\n\t\t<\/div>\n\t\t\t\t\t<\/div>\n\t\t<\/section>\n\t\t\t\t<section class=\"wd-negative-gap elementor-section elementor-inner-section elementor-element elementor-element-8667a19 elementor-section-boxed elementor-section-height-default elementor-section-height-default\" data-id=\"8667a19\" data-element_type=\"section\" data-e-type=\"section\">\n\t\t\t\t\t\t<div class=\"elementor-container elementor-column-gap-default\">\n\t\t\t\t\t<div class=\"elementor-column elementor-col-50 elementor-inner-column elementor-element elementor-element-f897bc7\" data-id=\"f897bc7\" data-element_type=\"column\" data-e-type=\"column\">\n\t\t\t<div class=\"elementor-widget-wrap elementor-element-populated\">\n\t\t\t\t\t\t<div class=\"elementor-element elementor-element-6227223 elementor-widget elementor-widget-wd_infobox\" data-id=\"6227223\" data-element_type=\"widget\" data-e-type=\"widget\" data-widget_type=\"wd_infobox.default\">\n\t\t\t\t<div class=\"elementor-widget-container\">\n\t\t\t\t\t\t\t<div class=\"info-box-wrapper\">\n\t\t\t<div class=\"wd-info-box text-center box-icon-align-top box-style-base color-scheme-\">\n\t\t\t\t\t\t\t\t\t<div class=\"box-icon-wrapper  box-with-icon box-icon-simple\">\n\t\t\t\t\t\t<div class=\"info-box-icon\">\n\t\t\t\t\t\t\t\t\t\t\t\t\t\t\t<img decoding=\"async\" width=\"300\" height=\"300\" src=\"https:\/\/wsparcielaserowe.pl\/wp-content\/uploads\/2025\/06\/czyszczarka-laserowa-chlodzona-ciecza-wsparcie-laserowe-300x300.jpg\" class=\"attachment-medium size-medium\" alt=\"Czyszczarka laserowa Wsparcie Laserowe Bia\u0142ystok. Laser do czyszczenia rdzy.\" srcset=\"https:\/\/wsparcielaserowe.pl\/wp-content\/uploads\/2025\/06\/czyszczarka-laserowa-chlodzona-ciecza-wsparcie-laserowe-300x300.jpg 300w, https:\/\/wsparcielaserowe.pl\/wp-content\/uploads\/2025\/06\/czyszczarka-laserowa-chlodzona-ciecza-wsparcie-laserowe-800x800.jpg 800w, https:\/\/wsparcielaserowe.pl\/wp-content\/uploads\/2025\/06\/czyszczarka-laserowa-chlodzona-ciecza-wsparcie-laserowe-150x150.jpg 150w, https:\/\/wsparcielaserowe.pl\/wp-content\/uploads\/2025\/06\/czyszczarka-laserowa-chlodzona-ciecza-wsparcie-laserowe-768x768.jpg 768w, https:\/\/wsparcielaserowe.pl\/wp-content\/uploads\/2025\/06\/czyszczarka-laserowa-chlodzona-ciecza-wsparcie-laserowe-12x12.jpg 12w, https:\/\/wsparcielaserowe.pl\/wp-content\/uploads\/2025\/06\/czyszczarka-laserowa-chlodzona-ciecza-wsparcie-laserowe-430x430.jpg 430w, https:\/\/wsparcielaserowe.pl\/wp-content\/uploads\/2025\/06\/czyszczarka-laserowa-chlodzona-ciecza-wsparcie-laserowe-700x700.jpg 700w, https:\/\/wsparcielaserowe.pl\/wp-content\/uploads\/2025\/06\/czyszczarka-laserowa-chlodzona-ciecza-wsparcie-laserowe.jpg 1200w\" sizes=\"(max-width: 300px) 100vw, 300px\" \/>\t\t\t\t\t\t\t\t\t\t\t\t\t<\/div>\n\t\t\t\t\t<\/div>\n\t\t\t\t\n\t\t\t\t<div class=\"info-box-content\">\n\t\t\t\t\t\t\t\t\t\t\t\n\t\t\t\t\t\t<div class=\"info-box-subtitle subtitle-style-default wd-fontsize-xs\"\n\t\t\t\t\t\t\t  data-elementor-setting-key=\"subtitle\">\n\t\t\t\t\t\t\tCZYSZCZARKI LASEROWE\t\t\t\t\t\t<\/div>\n\t\t\t\t\t\n\t\t\t\t\t\t\t\t\t\t\t<h4\t\t\t\t\t\tclass=\"info-box-title title box-title-style-default wd-fontsize-m\" data-elementor-setting-key=\"title\">\n\t\t\t\t\t\t\t\t CH\u0141ODZONE CIECZ\u0104\t\t\t\t\t\t<\/h4>\n\t\t\t\t\t\n\t\t\t\t\t<div class=\"info-box-inner reset-last-child\"data-elementor-setting-key=\"content\"><p class=\"\" data-start=\"152\" data-end=\"254\">Wydajne urz\u0105dzenia do intensywnego czyszczenia metalu. Bez chemii, bez przegrzewania, bez kompromis\u00f3w.<\/p>\n<\/div>\n\n\t\t\t\t\t\t\t\t\t<\/div>\n\n\t\t\t\t\t\t\t\t\t<a href=\"https:\/\/wsparcielaserowe.pl\/en\/product-category\/czyszczarki-laserowe-chlodzone-ciecza-wsparcie-laserowe\/\" class=\"wd-info-box-link wd-fill\" aria-label=\"Infobox link\"><\/a>\n\t\t\t\t\t\t\t<\/div>\n\t\t<\/div>\n\t\t\t\t\t\t<\/div>\n\t\t\t\t<\/div>\n\t\t\t\t\t<\/div>\n\t\t<\/div>\n\t\t\t\t<div class=\"elementor-column elementor-col-50 elementor-inner-column elementor-element elementor-element-3c0fb94\" data-id=\"3c0fb94\" data-element_type=\"column\" data-e-type=\"column\">\n\t\t\t<div class=\"elementor-widget-wrap elementor-element-populated\">\n\t\t\t\t\t\t<div class=\"elementor-element elementor-element-61d8327 elementor-widget elementor-widget-wd_infobox\" data-id=\"61d8327\" data-element_type=\"widget\" data-e-type=\"widget\" data-widget_type=\"wd_infobox.default\">\n\t\t\t\t<div class=\"elementor-widget-container\">\n\t\t\t\t\t\t\t<div class=\"info-box-wrapper\">\n\t\t\t<div class=\"wd-info-box text-center box-icon-align-top box-style-base color-scheme-\">\n\t\t\t\t\t\t\t\t\t<div class=\"box-icon-wrapper  box-with-icon box-icon-simple\">\n\t\t\t\t\t\t<div class=\"info-box-icon\">\n\t\t\t\t\t\t\t\t\t\t\t\t\t\t\t<img loading=\"lazy\" decoding=\"async\" width=\"300\" height=\"300\" src=\"https:\/\/wsparcielaserowe.pl\/wp-content\/uploads\/2025\/06\/czyszczarka-laserowa-chlodzona-powietrzem-wsparcie-laserowe-300x300.jpg\" class=\"attachment-medium size-medium\" alt=\"czyszczarka laserowa\" srcset=\"https:\/\/wsparcielaserowe.pl\/wp-content\/uploads\/2025\/06\/czyszczarka-laserowa-chlodzona-powietrzem-wsparcie-laserowe-300x300.jpg 300w, https:\/\/wsparcielaserowe.pl\/wp-content\/uploads\/2025\/06\/czyszczarka-laserowa-chlodzona-powietrzem-wsparcie-laserowe-800x800.jpg 800w, https:\/\/wsparcielaserowe.pl\/wp-content\/uploads\/2025\/06\/czyszczarka-laserowa-chlodzona-powietrzem-wsparcie-laserowe-150x150.jpg 150w, https:\/\/wsparcielaserowe.pl\/wp-content\/uploads\/2025\/06\/czyszczarka-laserowa-chlodzona-powietrzem-wsparcie-laserowe-768x768.jpg 768w, https:\/\/wsparcielaserowe.pl\/wp-content\/uploads\/2025\/06\/czyszczarka-laserowa-chlodzona-powietrzem-wsparcie-laserowe-12x12.jpg 12w, https:\/\/wsparcielaserowe.pl\/wp-content\/uploads\/2025\/06\/czyszczarka-laserowa-chlodzona-powietrzem-wsparcie-laserowe-430x430.jpg 430w, https:\/\/wsparcielaserowe.pl\/wp-content\/uploads\/2025\/06\/czyszczarka-laserowa-chlodzona-powietrzem-wsparcie-laserowe-700x700.jpg 700w, https:\/\/wsparcielaserowe.pl\/wp-content\/uploads\/2025\/06\/czyszczarka-laserowa-chlodzona-powietrzem-wsparcie-laserowe.jpg 1200w\" sizes=\"(max-width: 300px) 100vw, 300px\" \/>\t\t\t\t\t\t\t\t\t\t\t\t\t<\/div>\n\t\t\t\t\t<\/div>\n\t\t\t\t\n\t\t\t\t<div class=\"info-box-content\">\n\t\t\t\t\t\t\t\t\t\t\t\n\t\t\t\t\t\t<div class=\"info-box-subtitle subtitle-style-default wd-fontsize-xs\"\n\t\t\t\t\t\t\t  data-elementor-setting-key=\"subtitle\">\n\t\t\t\t\t\t\tCZYSZCZARKI LASEROWE\t\t\t\t\t\t<\/div>\n\t\t\t\t\t\n\t\t\t\t\t\t\t\t\t\t\t<h4\t\t\t\t\t\tclass=\"info-box-title title box-title-style-default wd-fontsize-m\" data-elementor-setting-key=\"title\">\n\t\t\t\t\t\t\t\t CH\u0141ODZONE POWIETRZEM\t\t\t\t\t\t<\/h4>\n\t\t\t\t\t\n\t\t\t\t\t<div class=\"info-box-inner reset-last-child\"data-elementor-setting-key=\"content\"><p class=\"\" data-start=\"315\" data-end=\"415\">Lekka, mobilna czyszczarka do pracy w terenie. Szybko usuwa rdz\u0119, farb\u0119 i zanieczyszczenia z metalu.<\/p>\n<\/div>\n\n\t\t\t\t\t\t\t\t\t<\/div>\n\n\t\t\t\t\t\t\t\t\t<a href=\"https:\/\/wsparcielaserowe.pl\/en\/product-category\/czyszczarki-laserowe-chlodzone-powietrzem\/\" class=\"wd-info-box-link wd-fill\" aria-label=\"Infobox link\"><\/a>\n\t\t\t\t\t\t\t<\/div>\n\t\t<\/div>\n\t\t\t\t\t\t<\/div>\n\t\t\t\t<\/div>\n\t\t\t\t\t<\/div>\n\t\t<\/div>\n\t\t\t\t\t<\/div>\n\t\t<\/section>\n\t\t\t\t\t<\/div>\n\t\t<\/div>\n\t\t\t\t\t<\/div>\n\t\t<\/section>\n\t\t\t\t<\/div>","protected":false},"excerpt":{"rendered":"<p>Urz\u0105dzenia laserowe klasy premium \u2013 spawarki i czyszczarki Wsparcie Laserowe &nbsp; Poznaj nasz\u0105 lini\u0119 nowoczesnych spawarek i czyszczarek laserowych \u2013<\/p>","protected":false},"author":3,"featured_media":0,"parent":0,"menu_order":0,"comment_status":"closed","ping_status":"closed","template":"elementor_header_footer","meta":{"footnotes":""},"class_list":["post-16458","page","type-page","status-publish","hentry"],"yoast_head":"<!-- This site is optimized with the Yoast SEO plugin v27.5 - https:\/\/yoast.com\/product\/yoast-seo-wordpress\/ -->\n<title>Spawarki i czyszczarki laserowe - Wsparcie Laserowe<\/title>\n<meta name=\"description\" content=\"Poznaj niezawodne spawarki laserowe, czyszczarki i wycinarki. Oferujemy markowe maszyny do metalu z pe\u0142nym wsparciem i szkoleniem. Wybierz jako\u015b\u0107 dla firmy!\" \/>\n<meta name=\"robots\" content=\"index, follow, max-snippet:-1, max-image-preview:large, max-video-preview:-1\" \/>\n<link rel=\"canonical\" href=\"https:\/\/wsparcielaserowe.pl\/en\/spawarki-czyszczarki-laserowe-wsparcie-laserowe\/\" \/>\n<meta property=\"og:locale\" content=\"en_US\" \/>\n<meta property=\"og:type\" content=\"article\" \/>\n<meta property=\"og:title\" content=\"Spawarki i czyszczarki laserowe - Wsparcie Laserowe\" \/>\n<meta property=\"og:description\" content=\"Poznaj niezawodne spawarki laserowe, czyszczarki i wycinarki. Oferujemy markowe maszyny do metalu z pe\u0142nym wsparciem i szkoleniem. Wybierz jako\u015b\u0107 dla firmy!\" \/>\n<meta property=\"og:url\" content=\"https:\/\/wsparcielaserowe.pl\/en\/spawarki-czyszczarki-laserowe-wsparcie-laserowe\/\" \/>\n<meta property=\"og:site_name\" content=\"Wsparcie Laserowe\" \/>\n<meta property=\"article:modified_time\" content=\"2026-03-28T17:08:48+00:00\" \/>\n<meta property=\"og:image\" content=\"https:\/\/wsparcielaserowe.pl\/wp-content\/uploads\/2025\/05\/spawarka-laserowa-2000W-chlodzona-ciecza-polski-producent-wsparcie-laserowe2-300x300.jpg\" \/>\n<meta name=\"twitter:card\" content=\"summary_large_image\" \/>\n<meta name=\"twitter:label1\" content=\"Est. reading time\" \/>\n\t<meta name=\"twitter:data1\" content=\"2 minutes\" \/>\n<script type=\"application\/ld+json\" class=\"yoast-schema-graph\">{\"@context\":\"https:\\\/\\\/schema.org\",\"@graph\":[{\"@type\":\"WebPage\",\"@id\":\"https:\\\/\\\/wsparcielaserowe.pl\\\/spawarki-czyszczarki-laserowe-wsparcie-laserowe\\\/\",\"url\":\"https:\\\/\\\/wsparcielaserowe.pl\\\/spawarki-czyszczarki-laserowe-wsparcie-laserowe\\\/\",\"name\":\"Spawarki i czyszczarki laserowe - Wsparcie Laserowe\",\"isPartOf\":{\"@id\":\"https:\\\/\\\/wsparcielaserowe.pl\\\/#website\"},\"primaryImageOfPage\":{\"@id\":\"https:\\\/\\\/wsparcielaserowe.pl\\\/spawarki-czyszczarki-laserowe-wsparcie-laserowe\\\/#primaryimage\"},\"image\":{\"@id\":\"https:\\\/\\\/wsparcielaserowe.pl\\\/spawarki-czyszczarki-laserowe-wsparcie-laserowe\\\/#primaryimage\"},\"thumbnailUrl\":\"https:\\\/\\\/wsparcielaserowe.pl\\\/wp-content\\\/uploads\\\/2025\\\/05\\\/spawarka-laserowa-2000W-chlodzona-ciecza-polski-producent-wsparcie-laserowe2-300x300.jpg\",\"datePublished\":\"2025-05-01T05:20:02+00:00\",\"dateModified\":\"2026-03-28T17:08:48+00:00\",\"description\":\"Poznaj niezawodne spawarki laserowe, czyszczarki i wycinarki. Oferujemy markowe maszyny do metalu z pe\u0142nym wsparciem i szkoleniem. Wybierz jako\u015b\u0107 dla firmy!\",\"breadcrumb\":{\"@id\":\"https:\\\/\\\/wsparcielaserowe.pl\\\/spawarki-czyszczarki-laserowe-wsparcie-laserowe\\\/#breadcrumb\"},\"inLanguage\":\"en-US\",\"potentialAction\":[{\"@type\":\"ReadAction\",\"target\":[\"https:\\\/\\\/wsparcielaserowe.pl\\\/spawarki-czyszczarki-laserowe-wsparcie-laserowe\\\/\"]}]},{\"@type\":\"ImageObject\",\"inLanguage\":\"en-US\",\"@id\":\"https:\\\/\\\/wsparcielaserowe.pl\\\/spawarki-czyszczarki-laserowe-wsparcie-laserowe\\\/#primaryimage\",\"url\":\"https:\\\/\\\/wsparcielaserowe.pl\\\/wp-content\\\/uploads\\\/2025\\\/05\\\/spawarka-laserowa-2000W-chlodzona-ciecza-polski-producent-wsparcie-laserowe2-300x300.jpg\",\"contentUrl\":\"https:\\\/\\\/wsparcielaserowe.pl\\\/wp-content\\\/uploads\\\/2025\\\/05\\\/spawarka-laserowa-2000W-chlodzona-ciecza-polski-producent-wsparcie-laserowe2-300x300.jpg\"},{\"@type\":\"BreadcrumbList\",\"@id\":\"https:\\\/\\\/wsparcielaserowe.pl\\\/spawarki-czyszczarki-laserowe-wsparcie-laserowe\\\/#breadcrumb\",\"itemListElement\":[{\"@type\":\"ListItem\",\"position\":1,\"name\":\"Strona g\u0142\u00f3wna\",\"item\":\"https:\\\/\\\/wsparcielaserowe.pl\\\/\"},{\"@type\":\"ListItem\",\"position\":2,\"name\":\"Maszyny\"}]},{\"@type\":\"WebSite\",\"@id\":\"https:\\\/\\\/wsparcielaserowe.pl\\\/#website\",\"url\":\"https:\\\/\\\/wsparcielaserowe.pl\\\/\",\"name\":\"Wsparcie Laserowe\",\"description\":\"\",\"potentialAction\":[{\"@type\":\"SearchAction\",\"target\":{\"@type\":\"EntryPoint\",\"urlTemplate\":\"https:\\\/\\\/wsparcielaserowe.pl\\\/?s={search_term_string}\"},\"query-input\":{\"@type\":\"PropertyValueSpecification\",\"valueRequired\":true,\"valueName\":\"search_term_string\"}}],\"inLanguage\":\"en-US\"}]}<\/script>\n<!-- \/ Yoast SEO plugin. -->","yoast_head_json":{"title":"Spawarki i czyszczarki laserowe - Wsparcie Laserowe","description":"Poznaj niezawodne spawarki laserowe, czyszczarki i wycinarki. Oferujemy markowe maszyny do metalu z pe\u0142nym wsparciem i szkoleniem. Wybierz jako\u015b\u0107 dla firmy!","robots":{"index":"index","follow":"follow","max-snippet":"max-snippet:-1","max-image-preview":"max-image-preview:large","max-video-preview":"max-video-preview:-1"},"canonical":"https:\/\/wsparcielaserowe.pl\/en\/spawarki-czyszczarki-laserowe-wsparcie-laserowe\/","og_locale":"en_US","og_type":"article","og_title":"Spawarki i czyszczarki laserowe - Wsparcie Laserowe","og_description":"Poznaj niezawodne spawarki laserowe, czyszczarki i wycinarki. Oferujemy markowe maszyny do metalu z pe\u0142nym wsparciem i szkoleniem. Wybierz jako\u015b\u0107 dla firmy!","og_url":"https:\/\/wsparcielaserowe.pl\/en\/spawarki-czyszczarki-laserowe-wsparcie-laserowe\/","og_site_name":"Wsparcie Laserowe","article_modified_time":"2026-03-28T17:08:48+00:00","og_image":[{"url":"https:\/\/wsparcielaserowe.pl\/wp-content\/uploads\/2025\/05\/spawarka-laserowa-2000W-chlodzona-ciecza-polski-producent-wsparcie-laserowe2-300x300.jpg","type":"","width":"","height":""}],"twitter_card":"summary_large_image","twitter_misc":{"Est. reading time":"2 minutes"},"schema":{"@context":"https:\/\/schema.org","@graph":[{"@type":"WebPage","@id":"https:\/\/wsparcielaserowe.pl\/spawarki-czyszczarki-laserowe-wsparcie-laserowe\/","url":"https:\/\/wsparcielaserowe.pl\/spawarki-czyszczarki-laserowe-wsparcie-laserowe\/","name":"Spawarki i czyszczarki laserowe - Wsparcie Laserowe","isPartOf":{"@id":"https:\/\/wsparcielaserowe.pl\/#website"},"primaryImageOfPage":{"@id":"https:\/\/wsparcielaserowe.pl\/spawarki-czyszczarki-laserowe-wsparcie-laserowe\/#primaryimage"},"image":{"@id":"https:\/\/wsparcielaserowe.pl\/spawarki-czyszczarki-laserowe-wsparcie-laserowe\/#primaryimage"},"thumbnailUrl":"https:\/\/wsparcielaserowe.pl\/wp-content\/uploads\/2025\/05\/spawarka-laserowa-2000W-chlodzona-ciecza-polski-producent-wsparcie-laserowe2-300x300.jpg","datePublished":"2025-05-01T05:20:02+00:00","dateModified":"2026-03-28T17:08:48+00:00","description":"Poznaj niezawodne spawarki laserowe, czyszczarki i wycinarki. Oferujemy markowe maszyny do metalu z pe\u0142nym wsparciem i szkoleniem. Wybierz jako\u015b\u0107 dla firmy!","breadcrumb":{"@id":"https:\/\/wsparcielaserowe.pl\/spawarki-czyszczarki-laserowe-wsparcie-laserowe\/#breadcrumb"},"inLanguage":"en-US","potentialAction":[{"@type":"ReadAction","target":["https:\/\/wsparcielaserowe.pl\/spawarki-czyszczarki-laserowe-wsparcie-laserowe\/"]}]},{"@type":"ImageObject","inLanguage":"en-US","@id":"https:\/\/wsparcielaserowe.pl\/spawarki-czyszczarki-laserowe-wsparcie-laserowe\/#primaryimage","url":"https:\/\/wsparcielaserowe.pl\/wp-content\/uploads\/2025\/05\/spawarka-laserowa-2000W-chlodzona-ciecza-polski-producent-wsparcie-laserowe2-300x300.jpg","contentUrl":"https:\/\/wsparcielaserowe.pl\/wp-content\/uploads\/2025\/05\/spawarka-laserowa-2000W-chlodzona-ciecza-polski-producent-wsparcie-laserowe2-300x300.jpg"},{"@type":"BreadcrumbList","@id":"https:\/\/wsparcielaserowe.pl\/spawarki-czyszczarki-laserowe-wsparcie-laserowe\/#breadcrumb","itemListElement":[{"@type":"ListItem","position":1,"name":"Strona g\u0142\u00f3wna","item":"https:\/\/wsparcielaserowe.pl\/"},{"@type":"ListItem","position":2,"name":"Maszyny"}]},{"@type":"WebSite","@id":"https:\/\/wsparcielaserowe.pl\/#website","url":"https:\/\/wsparcielaserowe.pl\/","name":"Wsparcie Laserowe","description":"","potentialAction":[{"@type":"SearchAction","target":{"@type":"EntryPoint","urlTemplate":"https:\/\/wsparcielaserowe.pl\/?s={search_term_string}"},"query-input":{"@type":"PropertyValueSpecification","valueRequired":true,"valueName":"search_term_string"}}],"inLanguage":"en-US"}]}},"_links":{"self":[{"href":"https:\/\/wsparcielaserowe.pl\/en\/wp-json\/wp\/v2\/pages\/16458","targetHints":{"allow":["GET"]}}],"collection":[{"href":"https:\/\/wsparcielaserowe.pl\/en\/wp-json\/wp\/v2\/pages"}],"about":[{"href":"https:\/\/wsparcielaserowe.pl\/en\/wp-json\/wp\/v2\/types\/page"}],"author":[{"embeddable":true,"href":"https:\/\/wsparcielaserowe.pl\/en\/wp-json\/wp\/v2\/users\/3"}],"replies":[{"embeddable":true,"href":"https:\/\/wsparcielaserowe.pl\/en\/wp-json\/wp\/v2\/comments?post=16458"}],"version-history":[{"count":0,"href":"https:\/\/wsparcielaserowe.pl\/en\/wp-json\/wp\/v2\/pages\/16458\/revisions"}],"wp:attachment":[{"href":"https:\/\/wsparcielaserowe.pl\/en\/wp-json\/wp\/v2\/media?parent=16458"}],"curies":[{"name":"wp","href":"https:\/\/api.w.org\/{rel}","templated":true}]}}