{"id":16279,"date":"2025-04-07T00:30:30","date_gmt":"2025-04-06T22:30:30","guid":{"rendered":"https:\/\/wsparcielaserowe.pl\/?page_id=16279"},"modified":"2025-04-07T06:36:22","modified_gmt":"2025-04-07T04:36:22","slug":"sprawdz-czy-laser-sprawdzi-sie-w-twojej-dzialalnosci","status":"publish","type":"page","link":"https:\/\/wsparcielaserowe.pl\/en\/sprawdz-czy-laser-sprawdzi-sie-w-twojej-dzialalnosci\/","title":{"rendered":"SPRAWD\u0179 CZY LASER SPRAWDZI SI\u0118 W TWOJEJ DZIA\u0141ALNO\u015aCI"},"content":{"rendered":"\t\t<div data-elementor-type=\"wp-page\" data-elementor-id=\"16279\" class=\"elementor elementor-16279\" data-elementor-post-type=\"page\">\n\t\t\t\t\t\t<section class=\"wd-negative-gap elementor-section elementor-top-section elementor-element elementor-element-f400ad7 wd-section-stretch elementor-section-boxed elementor-section-height-default elementor-section-height-default\" data-id=\"f400ad7\" data-element_type=\"section\" data-e-type=\"section\" data-settings=\"{&quot;background_background&quot;:&quot;classic&quot;}\">\n\t\t\t\t\t\t<div class=\"elementor-container elementor-column-gap-default\">\n\t\t\t\t\t<div class=\"elementor-column elementor-col-100 elementor-top-column elementor-element elementor-element-27c4f6fe\" data-id=\"27c4f6fe\" data-element_type=\"column\" data-e-type=\"column\">\n\t\t\t<div class=\"elementor-widget-wrap elementor-element-populated\">\n\t\t\t\t\t\t<div class=\"elementor-element elementor-element-66231a60 wd-width-100 elementor-widget elementor-widget-wd_title\" data-id=\"66231a60\" data-element_type=\"widget\" data-e-type=\"widget\" data-widget_type=\"wd_title.default\">\n\t\t\t\t<div class=\"elementor-widget-container\">\n\t\t\t\t\t\t\t<div class=\"title-wrapper wd-set-mb reset-last-child wd-title-color-primary wd-title-style-simple wd-title-size-default text-center\">\n\n\t\t\t\n\t\t\t<div class=\"liner-continer\">\n\t\t\t\t<h4 class=\"woodmart-title-container title wd-fontsize-l\">Czy laser to co\u015b dla Ciebie? Sprawd\u017a w minut\u0119.<\/h4> \n\t\t\t\t\t\t\t<\/div>\n\n\t\t\t\t\t\t\t<div class=\"title-after_title reset-last-child wd-fontsize-xs\">\n\t\t\t\t\t<p>Nie musisz zna\u0107 si\u0119 na laserach, \u017ceby wiedzie\u0107, czy warto si\u0119 nimi zainteresowa\u0107. Odpowiedz na kilka prostych pyta\u0144, a podpowiemy Ci, czy laser sprawdzi si\u0119 w Twojej dzia\u0142alno\u015bci i jak mo\u017ce Ci pom\u00f3c. Zero zobowi\u0105za\u0144, zero technicznego be\u0142kotu.<\/p>\t\t\t\t<\/div>\n\t\t\t\t\t<\/div>\n\t\t\t\t\t\t<\/div>\n\t\t\t\t<\/div>\n\t\t\t\t\t<\/div>\n\t\t<\/div>\n\t\t\t\t\t<\/div>\n\t\t<\/section>\n\t\t<div class=\"wd-negative-gap elementor-element elementor-element-e49f4b5 e-flex e-con-boxed e-con e-parent\" data-id=\"e49f4b5\" data-element_type=\"container\" data-e-type=\"container\">\n\t\t\t\t\t<div class=\"e-con-inner\">\n\t\t\t\t<div class=\"elementor-element elementor-element-3b9f824 elementor-widget elementor-widget-shortcode\" data-id=\"3b9f824\" data-element_type=\"widget\" data-e-type=\"widget\" data-widget_type=\"shortcode.default\">\n\t\t\t\t<div class=\"elementor-widget-container\">\n\t\t\t\t\t\t\t<div class=\"elementor-shortcode\">[stm-calc id=\"16273\"]<\/div>\n\t\t\t\t\t\t<\/div>\n\t\t\t\t<\/div>\n\t\t\t\t\t<\/div>\n\t\t\t\t<\/div>\n\t\t<div class=\"wd-negative-gap elementor-element elementor-element-b76bec9 e-flex e-con-boxed e-con e-parent\" data-id=\"b76bec9\" data-element_type=\"container\" data-e-type=\"container\">\n\t\t\t\t\t<div class=\"e-con-inner\">\n\t\t\t\t\t<\/div>\n\t\t\t\t<\/div>\n\t\t\t\t<\/div>\n\t\t","protected":false},"excerpt":{"rendered":"<p>Czy laser to co\u015b dla Ciebie? Sprawd\u017a w minut\u0119. Nie musisz zna\u0107 si\u0119 na laserach, \u017ceby wiedzie\u0107, czy warto si\u0119<\/p>","protected":false},"author":3,"featured_media":0,"parent":0,"menu_order":0,"comment_status":"closed","ping_status":"closed","template":"elementor_header_footer","meta":{"footnotes":""},"class_list":["post-16279","page","type-page","status-publish","hentry"],"yoast_head":"<!-- This site is optimized with the Yoast SEO plugin v27.4 - https:\/\/yoast.com\/product\/yoast-seo-wordpress\/ -->\n<title>SPRAWD\u0179 CZY LASER SPRAWDZI SI\u0118 W TWOJEJ DZIA\u0141ALNO\u015aCI - Wsparcie Laserowe<\/title>\n<meta name=\"robots\" content=\"index, follow, max-snippet:-1, max-image-preview:large, max-video-preview:-1\" \/>\n<link rel=\"canonical\" href=\"https:\/\/wsparcielaserowe.pl\/en\/sprawdz-czy-laser-sprawdzi-sie-w-twojej-dzialalnosci\/\" \/>\n<meta property=\"og:locale\" content=\"en_US\" \/>\n<meta property=\"og:type\" content=\"article\" \/>\n<meta property=\"og:title\" content=\"SPRAWD\u0179 CZY LASER SPRAWDZI SI\u0118 W TWOJEJ DZIA\u0141ALNO\u015aCI - Wsparcie Laserowe\" \/>\n<meta property=\"og:description\" content=\"Czy laser to co\u015b dla Ciebie? Sprawd\u017a w minut\u0119. Nie musisz zna\u0107 si\u0119 na laserach, \u017ceby wiedzie\u0107, czy warto si\u0119\" \/>\n<meta property=\"og:url\" content=\"https:\/\/wsparcielaserowe.pl\/en\/sprawdz-czy-laser-sprawdzi-sie-w-twojej-dzialalnosci\/\" \/>\n<meta property=\"og:site_name\" content=\"Wsparcie Laserowe\" \/>\n<meta property=\"article:modified_time\" content=\"2025-04-07T04:36:22+00:00\" \/>\n<meta name=\"twitter:card\" content=\"summary_large_image\" \/>\n<script type=\"application\/ld+json\" class=\"yoast-schema-graph\">{\"@context\":\"https:\\\/\\\/schema.org\",\"@graph\":[{\"@type\":\"WebPage\",\"@id\":\"https:\\\/\\\/wsparcielaserowe.pl\\\/sprawdz-czy-laser-sprawdzi-sie-w-twojej-dzialalnosci\\\/\",\"url\":\"https:\\\/\\\/wsparcielaserowe.pl\\\/sprawdz-czy-laser-sprawdzi-sie-w-twojej-dzialalnosci\\\/\",\"name\":\"SPRAWD\u0179 CZY LASER SPRAWDZI SI\u0118 W TWOJEJ DZIA\u0141ALNO\u015aCI - Wsparcie Laserowe\",\"isPartOf\":{\"@id\":\"https:\\\/\\\/wsparcielaserowe.pl\\\/#website\"},\"datePublished\":\"2025-04-06T22:30:30+00:00\",\"dateModified\":\"2025-04-07T04:36:22+00:00\",\"breadcrumb\":{\"@id\":\"https:\\\/\\\/wsparcielaserowe.pl\\\/sprawdz-czy-laser-sprawdzi-sie-w-twojej-dzialalnosci\\\/#breadcrumb\"},\"inLanguage\":\"en-US\",\"potentialAction\":[{\"@type\":\"ReadAction\",\"target\":[\"https:\\\/\\\/wsparcielaserowe.pl\\\/sprawdz-czy-laser-sprawdzi-sie-w-twojej-dzialalnosci\\\/\"]}]},{\"@type\":\"BreadcrumbList\",\"@id\":\"https:\\\/\\\/wsparcielaserowe.pl\\\/sprawdz-czy-laser-sprawdzi-sie-w-twojej-dzialalnosci\\\/#breadcrumb\",\"itemListElement\":[{\"@type\":\"ListItem\",\"position\":1,\"name\":\"Strona g\u0142\u00f3wna\",\"item\":\"https:\\\/\\\/wsparcielaserowe.pl\\\/\"},{\"@type\":\"ListItem\",\"position\":2,\"name\":\"SPRAWD\u0179 CZY LASER SPRAWDZI SI\u0118 W TWOJEJ DZIA\u0141ALNO\u015aCI\"}]},{\"@type\":\"WebSite\",\"@id\":\"https:\\\/\\\/wsparcielaserowe.pl\\\/#website\",\"url\":\"https:\\\/\\\/wsparcielaserowe.pl\\\/\",\"name\":\"Wsparcie Laserowe\",\"description\":\"\",\"potentialAction\":[{\"@type\":\"SearchAction\",\"target\":{\"@type\":\"EntryPoint\",\"urlTemplate\":\"https:\\\/\\\/wsparcielaserowe.pl\\\/?s={search_term_string}\"},\"query-input\":{\"@type\":\"PropertyValueSpecification\",\"valueRequired\":true,\"valueName\":\"search_term_string\"}}],\"inLanguage\":\"en-US\"}]}<\/script>\n<!-- \/ Yoast SEO plugin. -->","yoast_head_json":{"title":"SPRAWD\u0179 CZY LASER SPRAWDZI SI\u0118 W TWOJEJ DZIA\u0141ALNO\u015aCI - Wsparcie Laserowe","robots":{"index":"index","follow":"follow","max-snippet":"max-snippet:-1","max-image-preview":"max-image-preview:large","max-video-preview":"max-video-preview:-1"},"canonical":"https:\/\/wsparcielaserowe.pl\/en\/sprawdz-czy-laser-sprawdzi-sie-w-twojej-dzialalnosci\/","og_locale":"en_US","og_type":"article","og_title":"SPRAWD\u0179 CZY LASER SPRAWDZI SI\u0118 W TWOJEJ DZIA\u0141ALNO\u015aCI - Wsparcie Laserowe","og_description":"Czy laser to co\u015b dla Ciebie? Sprawd\u017a w minut\u0119. Nie musisz zna\u0107 si\u0119 na laserach, \u017ceby wiedzie\u0107, czy warto si\u0119","og_url":"https:\/\/wsparcielaserowe.pl\/en\/sprawdz-czy-laser-sprawdzi-sie-w-twojej-dzialalnosci\/","og_site_name":"Wsparcie Laserowe","article_modified_time":"2025-04-07T04:36:22+00:00","twitter_card":"summary_large_image","schema":{"@context":"https:\/\/schema.org","@graph":[{"@type":"WebPage","@id":"https:\/\/wsparcielaserowe.pl\/sprawdz-czy-laser-sprawdzi-sie-w-twojej-dzialalnosci\/","url":"https:\/\/wsparcielaserowe.pl\/sprawdz-czy-laser-sprawdzi-sie-w-twojej-dzialalnosci\/","name":"SPRAWD\u0179 CZY LASER SPRAWDZI SI\u0118 W TWOJEJ DZIA\u0141ALNO\u015aCI - Wsparcie Laserowe","isPartOf":{"@id":"https:\/\/wsparcielaserowe.pl\/#website"},"datePublished":"2025-04-06T22:30:30+00:00","dateModified":"2025-04-07T04:36:22+00:00","breadcrumb":{"@id":"https:\/\/wsparcielaserowe.pl\/sprawdz-czy-laser-sprawdzi-sie-w-twojej-dzialalnosci\/#breadcrumb"},"inLanguage":"en-US","potentialAction":[{"@type":"ReadAction","target":["https:\/\/wsparcielaserowe.pl\/sprawdz-czy-laser-sprawdzi-sie-w-twojej-dzialalnosci\/"]}]},{"@type":"BreadcrumbList","@id":"https:\/\/wsparcielaserowe.pl\/sprawdz-czy-laser-sprawdzi-sie-w-twojej-dzialalnosci\/#breadcrumb","itemListElement":[{"@type":"ListItem","position":1,"name":"Strona g\u0142\u00f3wna","item":"https:\/\/wsparcielaserowe.pl\/"},{"@type":"ListItem","position":2,"name":"SPRAWD\u0179 CZY LASER SPRAWDZI SI\u0118 W TWOJEJ DZIA\u0141ALNO\u015aCI"}]},{"@type":"WebSite","@id":"https:\/\/wsparcielaserowe.pl\/#website","url":"https:\/\/wsparcielaserowe.pl\/","name":"Wsparcie Laserowe","description":"","potentialAction":[{"@type":"SearchAction","target":{"@type":"EntryPoint","urlTemplate":"https:\/\/wsparcielaserowe.pl\/?s={search_term_string}"},"query-input":{"@type":"PropertyValueSpecification","valueRequired":true,"valueName":"search_term_string"}}],"inLanguage":"en-US"}]}},"_links":{"self":[{"href":"https:\/\/wsparcielaserowe.pl\/en\/wp-json\/wp\/v2\/pages\/16279","targetHints":{"allow":["GET"]}}],"collection":[{"href":"https:\/\/wsparcielaserowe.pl\/en\/wp-json\/wp\/v2\/pages"}],"about":[{"href":"https:\/\/wsparcielaserowe.pl\/en\/wp-json\/wp\/v2\/types\/page"}],"author":[{"embeddable":true,"href":"https:\/\/wsparcielaserowe.pl\/en\/wp-json\/wp\/v2\/users\/3"}],"replies":[{"embeddable":true,"href":"https:\/\/wsparcielaserowe.pl\/en\/wp-json\/wp\/v2\/comments?post=16279"}],"version-history":[{"count":0,"href":"https:\/\/wsparcielaserowe.pl\/en\/wp-json\/wp\/v2\/pages\/16279\/revisions"}],"wp:attachment":[{"href":"https:\/\/wsparcielaserowe.pl\/en\/wp-json\/wp\/v2\/media?parent=16279"}],"curies":[{"name":"wp","href":"https:\/\/api.w.org\/{rel}","templated":true}]}}